{"id":14124,"date":"2025-10-28T13:25:10","date_gmt":"2025-10-28T06:25:10","guid":{"rendered":"https:\/\/web-ban-le.mbws.vn\/do-choi\/?post_type=product&#038;p=14124"},"modified":"2025-11-05T08:29:27","modified_gmt":"2025-11-05T01:29:27","slug":"lego-minifigures-71048-do-choi-lap-rap-nhan-vat-lego-so-27-giao-hang-ngau-nhien","status":"publish","type":"product","link":"https:\/\/web-ban-le.mbws.vn\/do-choi\/san-pham\/lego-minifigures-71048-do-choi-lap-rap-nhan-vat-lego-so-27-giao-hang-ngau-nhien\/","title":{"rendered":"LEGO MINIFIGURES 71048 \u0110\u1ed3 Ch\u01a1i L\u1eafp R\u00e1p Nh\u00e2n V\u1eadt Lego S\u1ed1 27  &#8211; Giao H\u00e0ng Ng\u1eabu Nhi\u00ean"},"content":{"rendered":"<div class=\"e8lZp3\">\n<p class=\"QN2lPu\">LEGO MINIFIGURES 71048 \u0110\u1ed3 Ch\u01a1i L\u1eafp R\u00e1p Nh\u00e2n V\u1eadt Lego S\u1ed1 27 &#8211; Giao H\u00e0ng Ng\u1eabu Nhi\u00ean<\/p>\n<p class=\"QN2lPu\">\u25cf\tH\u00e3y s\u1eb5n s\u00e0ng cho nh\u1eefng cu\u1ed9c phi\u00eau l\u01b0u \u0111\u1ea7y th\u00fa v\u1ecb v\u1edbi c\u00e1c h\u1ed9p b\u00ed m\u1eadt Lego\u00ae Minifigures Series 27. C\u00f3 12 nh\u00e2n v\u1eadt tuy\u1ec7t v\u1eddi \u0111\u1ec3 b\u1ea1n m\u1edf ra v\u00e0 s\u01b0u t\u1eadp, bao g\u1ed3m H\u1ea3i T\u1eb7c Quartermaster, C\u1eadu B\u00e9 Thi\u00ean V\u0103n H\u1ecdc v\u00e0 Nh\u00e0 S\u01b0u T\u1eadp Th\u00fa Nh\u1ed3i B\u00f4ng, v\u00e0 h\u1ea7u h\u1ebft trong s\u1ed1 ch\u00fang \u0111\u1ec1u c\u00f3 \u00edt nh\u1ea5t 1 ph\u1ee5 ki\u1ec7n ch\u00ednh h\u00e3ng. M\u1edf r\u1ed9ng b\u1ed9 s\u01b0u t\u1eadp minifigure c\u1ee7a b\u1ea1n ho\u1eb7c s\u1eed d\u1ee5ng ch\u00fang \u0111\u1ec3 t\u00e1i hi\u1ec7n c\u00e1c t\u00ecnh hu\u1ed1ng h\u00e0nh \u0111\u1ed9ng v\u1edbi c\u00e1c b\u1ed9 \u0111\u1ed3 ch\u01a1i hi\u1ec7n c\u00f3. B\u1ea1n s\u1ebd t\u00ecm th\u1ea5y nh\u00e2n v\u1eadt n\u00e0o trong h\u1ed9p b\u00ed m\u1eadt c\u1ee7a m\u00ecnh?<\/p>\n<p class=\"QN2lPu\">\u25cf\t1 nh\u00e2n v\u1eadt s\u01b0u t\u1ea7m trong m\u1ed7i h\u1ed9p b\u00ed m\u1eadt \u0111\u1ec3 tr\u1ebb em t\u1eadn h\u01b0\u1edfng ni\u1ec1m vui nh\u1eadp vai<\/p>\n<p class=\"QN2lPu\">\u25cf\tTr\u1ebb em c\u00f3 th\u1ec3 m\u1edf r\u1ed9ng b\u1ed9 s\u01b0u t\u1eadp c\u1ee7a m\u00ecnh v\u1edbi 1 trong 12 minifigure Lego\u00ae<\/p>\n<p class=\"QN2lPu\">\u25cf\tH\u1ea7u h\u1ebft c\u00e1c nh\u00e2n v\u1eadt s\u01b0u t\u1ea7m \u0111\u1ec1u \u0111i k\u00e8m \u00edt nh\u1ea5t 1 ph\u1ee5 ki\u1ec7n ch\u00ednh h\u00e3ng<\/p>\n<p class=\"QN2lPu\">\u25cf\t\u0110\u1ed3 ch\u01a1i nh\u1eadp vai gi\u00fap tr\u1ebb em s\u00e1ng t\u1ea1o t\u1eeb 5 tu\u1ed5i tr\u1edf l\u00ean c\u00f3 th\u1ec3 ch\u01a1i m\u1ed9t m\u00ecnh ho\u1eb7c c\u00f9ng b\u1ea1n b\u00e8<\/p>\n<p class=\"QN2lPu\">\u25cf\tH\u1ed9p b\u00ed m\u1eadt minifigure Lego\u00ae l\u00e0 m\u1ed9t \u00fd t\u01b0\u1edfng qu\u00e0 t\u1eb7ng tuy\u1ec7t v\u1eddi cho tr\u1ebb em v\u00e0 nh\u1eefng ng\u01b0\u1eddi s\u01b0u t\u1ea7m<\/p>\n<p class=\"QN2lPu\">\u25cf\tNh\u00e2n v\u1eadt Lego\u00ae \u0111\u1ec3 s\u01b0u t\u1ea7m, ch\u01a1i v\u00e0 tr\u01b0ng b\u00e0y<\/p>\n<p class=\"QN2lPu\">\u25cf\tTh\u00f4ng tin s\u1ea3n ph\u1ea9m:<\/p>\n<p class=\"QN2lPu\">&#8211;\tXu\u1ea5t x\u1ee9: Trung Qu\u1ed1c<\/p>\n<p class=\"QN2lPu\">&#8211;\tK\u00edch th\u01b0\u1edbc h\u1ed9p h\u00e0ng: 10.6&#215;9.4&#215;2.8 cm<\/p>\n<p class=\"QN2lPu\">\n<div class=\"QN2lPu\">\n<div style=\"position: relative; width: 100%; padding-bottom: 100%;\"><picture class=\"UkIsx8\"><source srcset=\"https:\/\/down-vn.img.susercontent.com\/file\/vn-11134208-7ra0g-m6fayvz712zr16@resize_w875_nl.webp 1x, https:\/\/down-vn.img.susercontent.com\/file\/vn-11134208-7ra0g-m6fayvz712zr16@resize_w1750_nl.webp 2x\" type=\"image\/webp\" class=\"UkIsx8\"><img decoding=\"async\" width=\"875\" loading=\"lazy\" class=\"uXN1L5 lazyload GqYslU\" srcset=\"https:\/\/down-vn.img.susercontent.com\/file\/vn-11134208-7ra0g-m6fayvz712zr16@resize_w875_nl 1x, https:\/\/down-vn.img.susercontent.com\/file\/vn-11134208-7ra0g-m6fayvz712zr16@resize_w1750_nl 2x\" src=\"https:\/\/down-vn.img.susercontent.com\/file\/vn-11134208-7ra0g-m6fayvz712zr16\" height=\"875\"><\/picture><\/div>\n<\/div>\n<div class=\"QN2lPu\">\n<div style=\"position: relative; width: 100%; padding-bottom: 100%;\"><picture class=\"UkIsx8\"><source srcset=\"https:\/\/down-vn.img.susercontent.com\/file\/vn-11134208-7ra0g-m6fayvz72hk70e@resize_w875_nl.webp 1x, https:\/\/down-vn.img.susercontent.com\/file\/vn-11134208-7ra0g-m6fayvz72hk70e@resize_w1750_nl.webp 2x\" type=\"image\/webp\" class=\"UkIsx8\"><img decoding=\"async\" width=\"875\" loading=\"lazy\" class=\"uXN1L5 lazyload GqYslU\" srcset=\"https:\/\/down-vn.img.susercontent.com\/file\/vn-11134208-7ra0g-m6fayvz72hk70e@resize_w875_nl 1x, https:\/\/down-vn.img.susercontent.com\/file\/vn-11134208-7ra0g-m6fayvz72hk70e@resize_w1750_nl 2x\" src=\"https:\/\/down-vn.img.susercontent.com\/file\/vn-11134208-7ra0g-m6fayvz72hk70e\" height=\"875\"><\/picture><\/div>\n<\/div>\n<div class=\"QN2lPu\">\n<div style=\"position: relative; width: 100%; padding-bottom: 100%;\"><picture class=\"UkIsx8\"><source srcset=\"https:\/\/down-vn.img.susercontent.com\/file\/vn-11134208-7ra0g-m6fayvz73w4n2d@resize_w875_nl.webp 1x, https:\/\/down-vn.img.susercontent.com\/file\/vn-11134208-7ra0g-m6fayvz73w4n2d@resize_w1750_nl.webp 2x\" type=\"image\/webp\" class=\"UkIsx8\"><img decoding=\"async\" width=\"875\" loading=\"lazy\" class=\"uXN1L5 lazyload GqYslU\" srcset=\"https:\/\/down-vn.img.susercontent.com\/file\/vn-11134208-7ra0g-m6fayvz73w4n2d@resize_w875_nl 1x, https:\/\/down-vn.img.susercontent.com\/file\/vn-11134208-7ra0g-m6fayvz73w4n2d@resize_w1750_nl 2x\" src=\"https:\/\/down-vn.img.susercontent.com\/file\/vn-11134208-7ra0g-m6fayvz73w4n2d\" height=\"875\"><\/picture><\/div>\n<\/div>\n<div class=\"QN2lPu\">\n<div style=\"position: relative; width: 100%; padding-bottom: 100%;\"><picture class=\"UkIsx8\"><source srcset=\"https:\/\/down-vn.img.susercontent.com\/file\/vn-11134208-7ra0g-m6fayvz75ap300@resize_w875_nl.webp 1x, https:\/\/down-vn.img.susercontent.com\/file\/vn-11134208-7ra0g-m6fayvz75ap300@resize_w1750_nl.webp 2x\" type=\"image\/webp\" class=\"UkIsx8\"><img decoding=\"async\" width=\"875\" loading=\"lazy\" class=\"uXN1L5 lazyload GqYslU\" srcset=\"https:\/\/down-vn.img.susercontent.com\/file\/vn-11134208-7ra0g-m6fayvz75ap300@resize_w875_nl 1x, https:\/\/down-vn.img.susercontent.com\/file\/vn-11134208-7ra0g-m6fayvz75ap300@resize_w1750_nl 2x\" src=\"https:\/\/down-vn.img.susercontent.com\/file\/vn-11134208-7ra0g-m6fayvz75ap300\" height=\"875\"><\/picture><\/div>\n<\/div>\n<div class=\"QN2lPu\">\n<div style=\"position: relative; width: 100%; padding-bottom: 100%;\"><picture class=\"UkIsx8\"><source srcset=\"https:\/\/down-vn.img.susercontent.com\/file\/vn-11134208-7ra0g-m6fayvz76p9j94@resize_w875_nl.webp 1x, https:\/\/down-vn.img.susercontent.com\/file\/vn-11134208-7ra0g-m6fayvz76p9j94@resize_w1750_nl.webp 2x\" type=\"image\/webp\" class=\"UkIsx8\"><img decoding=\"async\" width=\"875\" loading=\"lazy\" class=\"uXN1L5 lazyload GqYslU\" srcset=\"https:\/\/down-vn.img.susercontent.com\/file\/vn-11134208-7ra0g-m6fayvz76p9j94@resize_w875_nl 1x, https:\/\/down-vn.img.susercontent.com\/file\/vn-11134208-7ra0g-m6fayvz76p9j94@resize_w1750_nl 2x\" src=\"https:\/\/down-vn.img.susercontent.com\/file\/vn-11134208-7ra0g-m6fayvz76p9j94\" height=\"875\"><\/picture><\/div>\n<\/div>\n<div class=\"QN2lPu\">\n<div style=\"position: relative; width: 100%; padding-bottom: 100%;\"><picture class=\"UkIsx8\"><source srcset=\"https:\/\/down-vn.img.susercontent.com\/file\/vn-11134208-7ra0g-m6fcaetx63dtd9@resize_w875_nl.webp 1x, https:\/\/down-vn.img.susercontent.com\/file\/vn-11134208-7ra0g-m6fcaetx63dtd9@resize_w1750_nl.webp 2x\" type=\"image\/webp\" class=\"UkIsx8\"><img decoding=\"async\" width=\"875\" loading=\"lazy\" class=\"uXN1L5 lazyload GqYslU\" srcset=\"https:\/\/down-vn.img.susercontent.com\/file\/vn-11134208-7ra0g-m6fcaetx63dtd9@resize_w875_nl 1x, https:\/\/down-vn.img.susercontent.com\/file\/vn-11134208-7ra0g-m6fcaetx63dtd9@resize_w1750_nl 2x\" src=\"https:\/\/down-vn.img.susercontent.com\/file\/vn-11134208-7ra0g-m6fcaetx63dtd9\" height=\"875\"><\/picture><\/div>\n<\/div>\n<div class=\"QN2lPu\">\n<div style=\"position: relative; width: 100%; padding-bottom: 100%;\"><picture class=\"UkIsx8\"><source srcset=\"https:\/\/down-vn.img.susercontent.com\/file\/vn-11134208-7ra0g-m6fcaevl3n1j05@resize_w875_nl.webp 1x, https:\/\/down-vn.img.susercontent.com\/file\/vn-11134208-7ra0g-m6fcaevl3n1j05@resize_w1750_nl.webp 2x\" type=\"image\/webp\" class=\"UkIsx8\"><img decoding=\"async\" width=\"875\" loading=\"lazy\" class=\"uXN1L5 lazyload GqYslU\" srcset=\"https:\/\/down-vn.img.susercontent.com\/file\/vn-11134208-7ra0g-m6fcaevl3n1j05@resize_w875_nl 1x, https:\/\/down-vn.img.susercontent.com\/file\/vn-11134208-7ra0g-m6fcaevl3n1j05@resize_w1750_nl 2x\" src=\"https:\/\/down-vn.img.susercontent.com\/file\/vn-11134208-7ra0g-m6fcaevl3n1j05\" height=\"875\"><\/picture><\/div>\n<\/div>\n<div class=\"QN2lPu\">\n<div style=\"position: relative; width: 100%; padding-bottom: 100%;\"><picture class=\"UkIsx8\"><source srcset=\"https:\/\/down-vn.img.susercontent.com\/file\/vn-11134208-7ra0g-m6fcaetx7hy955@resize_w875_nl.webp 1x, https:\/\/down-vn.img.susercontent.com\/file\/vn-11134208-7ra0g-m6fcaetx7hy955@resize_w1750_nl.webp 2x\" type=\"image\/webp\" class=\"UkIsx8\"><img decoding=\"async\" width=\"875\" loading=\"lazy\" class=\"uXN1L5 lazyload QSLoEa GqYslU\" srcset=\"https:\/\/down-vn.img.susercontent.com\/file\/vn-11134208-7ra0g-m6fcaetx7hy955@resize_w875_nl 1x, https:\/\/down-vn.img.susercontent.com\/file\/vn-11134208-7ra0g-m6fcaetx7hy955@resize_w1750_nl 2x\" src=\"https:\/\/down-vn.img.susercontent.com\/file\/vn-11134208-7ra0g-m6fcaetx7hy955\" height=\"875\"><\/picture><\/div>\n<\/div>\n<div class=\"QN2lPu\">\n<div style=\"position: relative; width: 100%; padding-bottom: 100%;\"><picture class=\"UkIsx8\"><source srcset=\"https:\/\/down-vn.img.susercontent.com\/file\/vn-11134208-7ra0g-m6fcaetx8wipc0@resize_w875_nl.webp 1x, https:\/\/down-vn.img.susercontent.com\/file\/vn-11134208-7ra0g-m6fcaetx8wipc0@resize_w1750_nl.webp 2x\" type=\"image\/webp\" class=\"UkIsx8\"><img decoding=\"async\" width=\"875\" loading=\"lazy\" class=\"uXN1L5 lazyload QSLoEa GqYslU\" srcset=\"https:\/\/down-vn.img.susercontent.com\/file\/vn-11134208-7ra0g-m6fcaetx8wipc0@resize_w875_nl 1x, https:\/\/down-vn.img.susercontent.com\/file\/vn-11134208-7ra0g-m6fcaetx8wipc0@resize_w1750_nl 2x\" src=\"https:\/\/down-vn.img.susercontent.com\/file\/vn-11134208-7ra0g-m6fcaetx8wipc0\" height=\"875\"><\/picture><\/div>\n<\/div>\n<div class=\"QN2lPu\">\n<div style=\"position: relative; width: 100%; padding-bottom: 100%;\"><picture class=\"UkIsx8\"><source srcset=\"https:\/\/down-vn.img.susercontent.com\/file\/vn-11134208-7ra0g-m6fcaetxab35a2@resize_w875_nl.webp 1x, https:\/\/down-vn.img.susercontent.com\/file\/vn-11134208-7ra0g-m6fcaetxab35a2@resize_w1750_nl.webp 2x\" type=\"image\/webp\" class=\"UkIsx8\"><img decoding=\"async\" width=\"875\" loading=\"lazy\" class=\"uXN1L5 lazyload QSLoEa GqYslU\" srcset=\"https:\/\/down-vn.img.susercontent.com\/file\/vn-11134208-7ra0g-m6fcaetxab35a2@resize_w875_nl 1x, https:\/\/down-vn.img.susercontent.com\/file\/vn-11134208-7ra0g-m6fcaetxab35a2@resize_w1750_nl 2x\" src=\"https:\/\/down-vn.img.susercontent.com\/file\/vn-11134208-7ra0g-m6fcaetxab35a2\" height=\"875\"><\/picture><\/div>\n<\/div>\n<div class=\"QN2lPu\">\n<div style=\"position: relative; width: 100%; padding-bottom: 100%;\"><picture class=\"UkIsx8\"><source srcset=\"https:\/\/down-vn.img.susercontent.com\/file\/vn-11134208-7ra0g-m6fcaetxbpnle8@resize_w875_nl.webp 1x, https:\/\/down-vn.img.susercontent.com\/file\/vn-11134208-7ra0g-m6fcaetxbpnle8@resize_w1750_nl.webp 2x\" type=\"image\/webp\" class=\"UkIsx8\"><img decoding=\"async\" width=\"875\" loading=\"lazy\" class=\"uXN1L5 lazyload QSLoEa GqYslU\" srcset=\"https:\/\/down-vn.img.susercontent.com\/file\/vn-11134208-7ra0g-m6fcaetxbpnle8@resize_w875_nl 1x, https:\/\/down-vn.img.susercontent.com\/file\/vn-11134208-7ra0g-m6fcaetxbpnle8@resize_w1750_nl 2x\" src=\"https:\/\/down-vn.img.susercontent.com\/file\/vn-11134208-7ra0g-m6fcaetxbpnle8\" height=\"875\"><\/picture><\/div>\n<\/div>\n<\/div>\n","protected":false},"excerpt":{"rendered":"<p>LEGO MINIFIGURES 71048 \u0110\u1ed3 Ch\u01a1i L\u1eafp R\u00e1p Nh\u00e2n V\u1eadt Lego S\u1ed1 27 &#8211; Giao H\u00e0ng Ng\u1eabu Nhi\u00ean \u25cf H\u00e3y s\u1eb5n s\u00e0ng cho nh\u1eefng cu\u1ed9c phi\u00eau l\u01b0u \u0111\u1ea7y th\u00fa v\u1ecb v\u1edbi c\u00e1c h\u1ed9p b\u00ed m\u1eadt Lego\u00ae Minifigures Series 27. C\u00f3 12 nh\u00e2n v\u1eadt tuy\u1ec7t v\u1eddi \u0111\u1ec3 b\u1ea1n m\u1edf ra v\u00e0 s\u01b0u t\u1eadp, bao g\u1ed3m H\u1ea3i T\u1eb7c&#8230;<\/p>\n","protected":false},"featured_media":14372,"comment_status":"open","ping_status":"closed","template":"","meta":[],"product_brand":[],"product_cat":[1346],"product_tag":[],"class_list":{"0":"post-14124","1":"product","2":"type-product","3":"status-publish","4":"has-post-thumbnail","6":"product_cat-do-choi-lap-rap","8":"first","9":"instock","10":"featured","11":"shipping-taxable","12":"purchasable","13":"product-type-simple"},"_links":{"self":[{"href":"https:\/\/web-ban-le.mbws.vn\/do-choi\/wp-json\/wp\/v2\/product\/14124","targetHints":{"allow":["GET"]}}],"collection":[{"href":"https:\/\/web-ban-le.mbws.vn\/do-choi\/wp-json\/wp\/v2\/product"}],"about":[{"href":"https:\/\/web-ban-le.mbws.vn\/do-choi\/wp-json\/wp\/v2\/types\/product"}],"replies":[{"embeddable":true,"href":"https:\/\/web-ban-le.mbws.vn\/do-choi\/wp-json\/wp\/v2\/comments?post=14124"}],"wp:featuredmedia":[{"embeddable":true,"href":"https:\/\/web-ban-le.mbws.vn\/do-choi\/wp-json\/wp\/v2\/media\/14372"}],"wp:attachment":[{"href":"https:\/\/web-ban-le.mbws.vn\/do-choi\/wp-json\/wp\/v2\/media?parent=14124"}],"wp:term":[{"taxonomy":"product_brand","embeddable":true,"href":"https:\/\/web-ban-le.mbws.vn\/do-choi\/wp-json\/wp\/v2\/product_brand?post=14124"},{"taxonomy":"product_cat","embeddable":true,"href":"https:\/\/web-ban-le.mbws.vn\/do-choi\/wp-json\/wp\/v2\/product_cat?post=14124"},{"taxonomy":"product_tag","embeddable":true,"href":"https:\/\/web-ban-le.mbws.vn\/do-choi\/wp-json\/wp\/v2\/product_tag?post=14124"}],"curies":[{"name":"wp","href":"https:\/\/api.w.org\/{rel}","templated":true}]}}