{"id":14125,"date":"2025-10-28T13:25:10","date_gmt":"2025-10-28T06:25:10","guid":{"rendered":"https:\/\/web-ban-le.mbws.vn\/do-choi\/?post_type=product&#038;p=14125"},"modified":"2025-11-05T08:29:27","modified_gmt":"2025-11-05T01:29:27","slug":"lego-city-60443-do-choi-lap-rap-tram-bao-duong-xe-f1-325-chi-tiet","status":"publish","type":"product","link":"https:\/\/web-ban-le.mbws.vn\/do-choi\/san-pham\/lego-city-60443-do-choi-lap-rap-tram-bao-duong-xe-f1-325-chi-tiet\/","title":{"rendered":"LEGO CITY 60443 \u0110\u1ed3 Ch\u01a1i L\u1eafp R\u00e1p Tr\u1ea1m B\u1ea3o D\u01b0\u1ee1ng Xe F1 (325 Chi Ti\u1ebft)"},"content":{"rendered":"<div class=\"e8lZp3\">\n<p class=\"QN2lPu\">LEGO CITY 60443 \u0110\u1ed3 Ch\u01a1i L\u1eafp R\u00e1p Tr\u1ea1m B\u1ea3o D\u01b0\u1ee1ng Xe F1 (325 Chi Ti\u1ebft)<\/p>\n<p class=\"QN2lPu\">Chu\u1ea9n b\u1ecb cho h\u00e0nh \u0111\u1ed9ng t\u1ed1c \u0111\u1ed9 cao t\u1ea1i \u0111i\u1ec3m d\u1eebng pit F1\u00ae Ferrari!<\/p>\n<p class=\"QN2lPu\">T\u1eadp h\u1ee3p \u0111\u1ed9i pit v\u00e0 g\u1ecdi tay \u0111ua Ferrari \u0111\u1ec3 chu\u1ea9n b\u1ecb cho cu\u1ed9c \u0111ua \u00e1nh s\u00e1ng! Ki\u1ec3m tra \u0111\u1ed9ng c\u01a1, thay l\u1ed1p tr\u01a1n m\u1edbi v\u00e0 s\u1eed d\u1ee5ng s\u00fang b\u00e1nh xe \u0111\u1ec3 thay l\u1ed1p nhanh ch\u00f3ng. Sau \u0111\u00f3, lao ra kh\u1ecfi pit v\u00e0 quay tr\u1edf l\u1ea1i \u0111\u01b0\u1eddng \u0111ua \u0111\u1ec3 ph\u00e1 k\u1ef7 l\u1ee5c v\u00f2ng \u0111ua! B\u1ed9 \u0111\u1ed3 ch\u01a1i Lego\u00ae City F1\u00ae Pit Stop &amp; Pit Crew v\u1edbi chi\u1ebfc Ferrari n\u00e0y mang \u0111\u1ebfn cho c\u00e1c b\u00e9 nh\u1eefng cu\u1ed9c phi\u00eau l\u01b0u \u0111\u1ea7y t\u1ed1c \u0111\u1ed9.<\/p>\n<p class=\"QN2lPu\">\n<p class=\"QN2lPu\">\u0110i\u1ec3m N\u1ed5i B\u1eadt:<\/p>\n<p class=\"QN2lPu\">&#8211; Xe \u0110ua Ferrari &amp; \u0110\u1ed9i Pit: B\u1ed9 \u0111\u1ed3 ch\u01a1i g\u1ed3m xe Ferrari, tay \u0111ua v\u00e0 4 nh\u00e2n v\u1eadt nh\u1ecf \u0111\u1ed9i pit, s\u1eb5n s\u00e0ng cho h\u00e0nh \u0111\u1ed9ng t\u1ea1i \u0111i\u1ec3m d\u1eebng pit.<\/p>\n<p class=\"QN2lPu\">&#8211; T\u00ednh N\u0103ng Th\u1ef1c T\u1ebf: C\u00e1c b\u00e9 c\u00f3 th\u1ec3 nh\u1ea5n m\u1ed9t c\u1ea7n g\u1ea1t tr\u00ean h\u1ed9p pit m\u00f4 h\u00ecnh F1\u00ae \u0111\u1ec3 di chuy\u1ec3n \u0111\u1ed9i pit v\u00e0o v\u1ecb tr\u00ed thay l\u1ed1p nhanh ch\u00f3ng.<\/p>\n<p class=\"QN2lPu\">&#8211; Ph\u1ee5 Ki\u1ec7n \u0110\u1ea7y \u0110\u1ee7: B\u1ed9 c\u00f3 \u0111\u1ea7y \u0111\u1ee7 d\u1ee5ng c\u1ee5, l\u1ed1p tr\u01a1n m\u1edbi v\u00e0 s\u00fang b\u00e1nh xe \u0111\u1ec3 thay l\u1ed1p.<\/p>\n<p class=\"QN2lPu\">&#8211; M\u00f3n Qu\u00e0 Tuy\u1ec7t V\u1eddi: \u0110\u00e2y l\u00e0 m\u00f3n qu\u00e0 l\u00fd t\u01b0\u1edfng cho c\u00e1c b\u00e9 t\u1eeb 6 tu\u1ed5i tr\u1edf l\u00ean, th\u00edch ch\u01a1i v\u1edbi xe c\u1ed9 v\u00e0 c\u00e1c m\u00f4 h\u00ecnh \u0111ua xe.<\/p>\n<p class=\"QN2lPu\">&#8211; H\u01b0\u1edbng D\u1eabn 3D: B\u1ed9 \u0111\u1ed3 ch\u01a1i c\u00f3 h\u01b0\u1edbng d\u1eabn x\u00e2y d\u1ef1ng 3D trong \u1ee9ng d\u1ee5ng Lego\u00ae Builder, gi\u00fap vi\u1ec7c l\u1eafp r\u00e1p th\u00eam d\u1ec5 d\u00e0ng.<\/p>\n<p class=\"QN2lPu\">&#8211; Kh\u00e1m Ph\u00e1 Th\u00eam: Kh\u00e1m ph\u00e1 c\u00e1c b\u1ed9 Lego\u00ae F1\u00ae kh\u00e1c (b\u00e1n ri\u00eang) \u0111\u1ec3 m\u1edf r\u1ed9ng cu\u1ed9c phi\u00eau l\u01b0u \u0111ua xe.<\/p>\n<p class=\"QN2lPu\">&#8211; Th\u00f4ng Tin B\u1ed9 S\u1ea3n Ph\u1ea9m: Bao g\u1ed3m 322 m\u1ea3nh, m\u00f4 h\u00ecnh h\u1ed9p pit c\u00f3 chi\u1ec1u r\u1ed9ng h\u01a1n 14 cm (5,5 in.).<\/p>\n<p class=\"QN2lPu\">\n<p class=\"QN2lPu\">Th\u00f4ng tin s\u1ea3n ph\u1ea9m: <\/p>\n<p class=\"QN2lPu\">&#8211; Xu\u1ea5t x\u1ee9: Trung Qu\u1ed1c <\/p>\n<p class=\"QN2lPu\">&#8211; K\u00edch th\u01b0\u1edbc h\u1ed9p h\u00e0ng: 35.4&#215;19.1&#215;5.9 cm<\/p>\n<p class=\"QN2lPu\">\n<div class=\"QN2lPu\">\n<div style=\"position: relative; width: 100%; padding-bottom: 100%;\"><picture class=\"UkIsx8\"><source srcset=\"https:\/\/down-vn.img.susercontent.com\/file\/vn-11134208-7ras8-m4e47yfhqgkw60@resize_w875_nl.webp 1x, https:\/\/down-vn.img.susercontent.com\/file\/vn-11134208-7ras8-m4e47yfhqgkw60@resize_w1750_nl.webp 2x\" type=\"image\/webp\" class=\"UkIsx8\"><img decoding=\"async\" width=\"875\" loading=\"lazy\" class=\"uXN1L5 lazyload GqYslU\" srcset=\"https:\/\/down-vn.img.susercontent.com\/file\/vn-11134208-7ras8-m4e47yfhqgkw60@resize_w875_nl 1x, https:\/\/down-vn.img.susercontent.com\/file\/vn-11134208-7ras8-m4e47yfhqgkw60@resize_w1750_nl 2x\" src=\"https:\/\/down-vn.img.susercontent.com\/file\/vn-11134208-7ras8-m4e47yfhqgkw60\" height=\"875\"><\/picture><\/div>\n<\/div>\n<div class=\"QN2lPu\">\n<div style=\"position: relative; width: 100%; padding-bottom: 100%;\"><picture class=\"UkIsx8\"><source srcset=\"https:\/\/down-vn.img.susercontent.com\/file\/vn-11134208-7ras8-m4e47yfhrv5cc2@resize_w875_nl.webp 1x, https:\/\/down-vn.img.susercontent.com\/file\/vn-11134208-7ras8-m4e47yfhrv5cc2@resize_w1750_nl.webp 2x\" type=\"image\/webp\" class=\"UkIsx8\"><img decoding=\"async\" width=\"875\" loading=\"lazy\" class=\"uXN1L5 lazyload GqYslU\" srcset=\"https:\/\/down-vn.img.susercontent.com\/file\/vn-11134208-7ras8-m4e47yfhrv5cc2@resize_w875_nl 1x, https:\/\/down-vn.img.susercontent.com\/file\/vn-11134208-7ras8-m4e47yfhrv5cc2@resize_w1750_nl 2x\" src=\"https:\/\/down-vn.img.susercontent.com\/file\/vn-11134208-7ras8-m4e47yfhrv5cc2\" height=\"875\"><\/picture><\/div>\n<\/div>\n<div class=\"QN2lPu\">\n<div style=\"position: relative; width: 100%; padding-bottom: 100%;\"><picture class=\"UkIsx8\"><source srcset=\"https:\/\/down-vn.img.susercontent.com\/file\/vn-11134208-7ras8-m4e47yfht9pseb@resize_w875_nl.webp 1x, https:\/\/down-vn.img.susercontent.com\/file\/vn-11134208-7ras8-m4e47yfht9pseb@resize_w1750_nl.webp 2x\" type=\"image\/webp\" class=\"UkIsx8\"><img decoding=\"async\" width=\"875\" loading=\"lazy\" class=\"uXN1L5 lazyload GqYslU\" srcset=\"https:\/\/down-vn.img.susercontent.com\/file\/vn-11134208-7ras8-m4e47yfht9pseb@resize_w875_nl 1x, https:\/\/down-vn.img.susercontent.com\/file\/vn-11134208-7ras8-m4e47yfht9pseb@resize_w1750_nl 2x\" src=\"https:\/\/down-vn.img.susercontent.com\/file\/vn-11134208-7ras8-m4e47yfht9pseb\" height=\"875\"><\/picture><\/div>\n<\/div>\n<div class=\"QN2lPu\">\n<div style=\"position: relative; width: 100%; padding-bottom: 100%;\"><picture class=\"UkIsx8\"><source srcset=\"https:\/\/down-vn.img.susercontent.com\/file\/vn-11134208-7ras8-m4e47yfhuoa8e0@resize_w875_nl.webp 1x, https:\/\/down-vn.img.susercontent.com\/file\/vn-11134208-7ras8-m4e47yfhuoa8e0@resize_w1750_nl.webp 2x\" type=\"image\/webp\" class=\"UkIsx8\"><img decoding=\"async\" width=\"875\" loading=\"lazy\" class=\"uXN1L5 lazyload GqYslU\" srcset=\"https:\/\/down-vn.img.susercontent.com\/file\/vn-11134208-7ras8-m4e47yfhuoa8e0@resize_w875_nl 1x, https:\/\/down-vn.img.susercontent.com\/file\/vn-11134208-7ras8-m4e47yfhuoa8e0@resize_w1750_nl 2x\" src=\"https:\/\/down-vn.img.susercontent.com\/file\/vn-11134208-7ras8-m4e47yfhuoa8e0\" height=\"875\"><\/picture><\/div>\n<\/div>\n<div class=\"QN2lPu\">\n<div style=\"position: relative; width: 100%; padding-bottom: 100%;\"><picture class=\"UkIsx8\"><source srcset=\"https:\/\/down-vn.img.susercontent.com\/file\/vn-11134208-7ras8-m4e47yfhw2uofe@resize_w875_nl.webp 1x, https:\/\/down-vn.img.susercontent.com\/file\/vn-11134208-7ras8-m4e47yfhw2uofe@resize_w1750_nl.webp 2x\" type=\"image\/webp\" class=\"UkIsx8\"><img decoding=\"async\" width=\"875\" loading=\"lazy\" class=\"uXN1L5 lazyload GqYslU\" srcset=\"https:\/\/down-vn.img.susercontent.com\/file\/vn-11134208-7ras8-m4e47yfhw2uofe@resize_w875_nl 1x, https:\/\/down-vn.img.susercontent.com\/file\/vn-11134208-7ras8-m4e47yfhw2uofe@resize_w1750_nl 2x\" src=\"https:\/\/down-vn.img.susercontent.com\/file\/vn-11134208-7ras8-m4e47yfhw2uofe\" height=\"875\"><\/picture><\/div>\n<\/div>\n<div class=\"QN2lPu\">\n<div style=\"position: relative; width: 100%; padding-bottom: 100%;\"><picture class=\"UkIsx8\"><source srcset=\"https:\/\/down-vn.img.susercontent.com\/file\/vn-11134208-7ras8-m4e47yfhm8efdc@resize_w875_nl.webp 1x, https:\/\/down-vn.img.susercontent.com\/file\/vn-11134208-7ras8-m4e47yfhm8efdc@resize_w1750_nl.webp 2x\" type=\"image\/webp\" class=\"UkIsx8\"><img decoding=\"async\" width=\"875\" loading=\"lazy\" class=\"uXN1L5 lazyload GqYslU\" srcset=\"https:\/\/down-vn.img.susercontent.com\/file\/vn-11134208-7ras8-m4e47yfhm8efdc@resize_w875_nl 1x, https:\/\/down-vn.img.susercontent.com\/file\/vn-11134208-7ras8-m4e47yfhm8efdc@resize_w1750_nl 2x\" src=\"https:\/\/down-vn.img.susercontent.com\/file\/vn-11134208-7ras8-m4e47yfhm8efdc\" height=\"875\"><\/picture><\/div>\n<\/div>\n<p class=\"QN2lPu\">\n<div class=\"QN2lPu\">\n<div style=\"position: relative; width: 100%; padding-bottom: 100%;\"><picture class=\"UkIsx8\"><source srcset=\"https:\/\/down-vn.img.susercontent.com\/file\/vn-11134208-7ras8-m4e47yfhnmyv0c@resize_w875_nl.webp 1x, https:\/\/down-vn.img.susercontent.com\/file\/vn-11134208-7ras8-m4e47yfhnmyv0c@resize_w1750_nl.webp 2x\" type=\"image\/webp\" class=\"UkIsx8\"><img decoding=\"async\" width=\"875\" loading=\"lazy\" class=\"uXN1L5 lazyload GqYslU\" srcset=\"https:\/\/down-vn.img.susercontent.com\/file\/vn-11134208-7ras8-m4e47yfhnmyv0c@resize_w875_nl 1x, https:\/\/down-vn.img.susercontent.com\/file\/vn-11134208-7ras8-m4e47yfhnmyv0c@resize_w1750_nl 2x\" src=\"https:\/\/down-vn.img.susercontent.com\/file\/vn-11134208-7ras8-m4e47yfhnmyv0c\" height=\"875\"><\/picture><\/div>\n<\/div>\n<div class=\"QN2lPu\">\n<div style=\"position: relative; width: 100%; padding-bottom: 100%;\"><picture class=\"UkIsx8\"><source srcset=\"https:\/\/down-vn.img.susercontent.com\/file\/vn-11134208-7ras8-m4e47yfhp1jbd7@resize_w875_nl.webp 1x, https:\/\/down-vn.img.susercontent.com\/file\/vn-11134208-7ras8-m4e47yfhp1jbd7@resize_w1750_nl.webp 2x\" type=\"image\/webp\" class=\"UkIsx8\"><img decoding=\"async\" width=\"875\" loading=\"lazy\" class=\"uXN1L5 lazyload QSLoEa GqYslU\" srcset=\"https:\/\/down-vn.img.susercontent.com\/file\/vn-11134208-7ras8-m4e47yfhp1jbd7@resize_w875_nl 1x, https:\/\/down-vn.img.susercontent.com\/file\/vn-11134208-7ras8-m4e47yfhp1jbd7@resize_w1750_nl 2x\" src=\"https:\/\/down-vn.img.susercontent.com\/file\/vn-11134208-7ras8-m4e47yfhp1jbd7\" height=\"875\"><\/picture><\/div>\n<\/div>\n<div class=\"QN2lPu\">\n<div style=\"position: relative; width: 100%; padding-bottom: 100%;\"><picture class=\"UkIsx8\"><source srcset=\"https:\/\/down-vn.img.susercontent.com\/file\/vn-11134208-7ras8-m4e47yfhqg3r4e@resize_w875_nl.webp 1x, https:\/\/down-vn.img.susercontent.com\/file\/vn-11134208-7ras8-m4e47yfhqg3r4e@resize_w1750_nl.webp 2x\" type=\"image\/webp\" class=\"UkIsx8\"><img decoding=\"async\" width=\"875\" loading=\"lazy\" class=\"uXN1L5 lazyload QSLoEa GqYslU\" srcset=\"https:\/\/down-vn.img.susercontent.com\/file\/vn-11134208-7ras8-m4e47yfhqg3r4e@resize_w875_nl 1x, https:\/\/down-vn.img.susercontent.com\/file\/vn-11134208-7ras8-m4e47yfhqg3r4e@resize_w1750_nl 2x\" src=\"https:\/\/down-vn.img.susercontent.com\/file\/vn-11134208-7ras8-m4e47yfhqg3r4e\" height=\"875\"><\/picture><\/div>\n<\/div>\n<div class=\"QN2lPu\">\n<div style=\"position: relative; width: 100%; padding-bottom: 100%;\"><picture class=\"UkIsx8\"><source srcset=\"https:\/\/down-vn.img.susercontent.com\/file\/vn-11134208-7ras8-m4e47yfhruo7c4@resize_w875_nl.webp 1x, https:\/\/down-vn.img.susercontent.com\/file\/vn-11134208-7ras8-m4e47yfhruo7c4@resize_w1750_nl.webp 2x\" type=\"image\/webp\" class=\"UkIsx8\"><img decoding=\"async\" width=\"875\" loading=\"lazy\" class=\"uXN1L5 lazyload QSLoEa GqYslU\" srcset=\"https:\/\/down-vn.img.susercontent.com\/file\/vn-11134208-7ras8-m4e47yfhruo7c4@resize_w875_nl 1x, https:\/\/down-vn.img.susercontent.com\/file\/vn-11134208-7ras8-m4e47yfhruo7c4@resize_w1750_nl 2x\" src=\"https:\/\/down-vn.img.susercontent.com\/file\/vn-11134208-7ras8-m4e47yfhruo7c4\" height=\"875\"><\/picture><\/div>\n<\/div>\n<div class=\"QN2lPu\">\n<div style=\"position: relative; width: 100%; padding-bottom: 100%;\"><picture class=\"UkIsx8\"><source srcset=\"https:\/\/down-vn.img.susercontent.com\/file\/vn-11134208-7ras8-m4e47yfht98n73@resize_w875_nl.webp 1x, https:\/\/down-vn.img.susercontent.com\/file\/vn-11134208-7ras8-m4e47yfht98n73@resize_w1750_nl.webp 2x\" type=\"image\/webp\" class=\"UkIsx8\"><img decoding=\"async\" width=\"875\" loading=\"lazy\" class=\"uXN1L5 lazyload QSLoEa GqYslU\" srcset=\"https:\/\/down-vn.img.susercontent.com\/file\/vn-11134208-7ras8-m4e47yfht98n73@resize_w875_nl 1x, https:\/\/down-vn.img.susercontent.com\/file\/vn-11134208-7ras8-m4e47yfht98n73@resize_w1750_nl 2x\" src=\"https:\/\/down-vn.img.susercontent.com\/file\/vn-11134208-7ras8-m4e47yfht98n73\" height=\"875\"><\/picture><\/div>\n<\/div>\n<\/div>\n","protected":false},"excerpt":{"rendered":"<p>LEGO CITY 60443 \u0110\u1ed3 Ch\u01a1i L\u1eafp R\u00e1p Tr\u1ea1m B\u1ea3o D\u01b0\u1ee1ng Xe F1 (325 Chi Ti\u1ebft) Chu\u1ea9n b\u1ecb cho h\u00e0nh \u0111\u1ed9ng t\u1ed1c \u0111\u1ed9 cao t\u1ea1i \u0111i\u1ec3m d\u1eebng pit F1\u00ae Ferrari! T\u1eadp h\u1ee3p \u0111\u1ed9i pit v\u00e0 g\u1ecdi tay \u0111ua Ferrari \u0111\u1ec3 chu\u1ea9n b\u1ecb cho cu\u1ed9c \u0111ua \u00e1nh s\u00e1ng! Ki\u1ec3m tra \u0111\u1ed9ng c\u01a1, thay l\u1ed1p tr\u01a1n m\u1edbi v\u00e0&#8230;<\/p>\n","protected":false},"featured_media":14381,"comment_status":"open","ping_status":"closed","template":"","meta":[],"product_brand":[],"product_cat":[1346],"product_tag":[],"class_list":{"0":"post-14125","1":"product","2":"type-product","3":"status-publish","4":"has-post-thumbnail","6":"product_cat-do-choi-lap-rap","8":"first","9":"instock","10":"sale","11":"featured","12":"shipping-taxable","13":"purchasable","14":"product-type-simple"},"_links":{"self":[{"href":"https:\/\/web-ban-le.mbws.vn\/do-choi\/wp-json\/wp\/v2\/product\/14125","targetHints":{"allow":["GET"]}}],"collection":[{"href":"https:\/\/web-ban-le.mbws.vn\/do-choi\/wp-json\/wp\/v2\/product"}],"about":[{"href":"https:\/\/web-ban-le.mbws.vn\/do-choi\/wp-json\/wp\/v2\/types\/product"}],"replies":[{"embeddable":true,"href":"https:\/\/web-ban-le.mbws.vn\/do-choi\/wp-json\/wp\/v2\/comments?post=14125"}],"wp:featuredmedia":[{"embeddable":true,"href":"https:\/\/web-ban-le.mbws.vn\/do-choi\/wp-json\/wp\/v2\/media\/14381"}],"wp:attachment":[{"href":"https:\/\/web-ban-le.mbws.vn\/do-choi\/wp-json\/wp\/v2\/media?parent=14125"}],"wp:term":[{"taxonomy":"product_brand","embeddable":true,"href":"https:\/\/web-ban-le.mbws.vn\/do-choi\/wp-json\/wp\/v2\/product_brand?post=14125"},{"taxonomy":"product_cat","embeddable":true,"href":"https:\/\/web-ban-le.mbws.vn\/do-choi\/wp-json\/wp\/v2\/product_cat?post=14125"},{"taxonomy":"product_tag","embeddable":true,"href":"https:\/\/web-ban-le.mbws.vn\/do-choi\/wp-json\/wp\/v2\/product_tag?post=14125"}],"curies":[{"name":"wp","href":"https:\/\/api.w.org\/{rel}","templated":true}]}}