{"id":14153,"date":"2025-10-28T13:25:32","date_gmt":"2025-10-28T06:25:32","guid":{"rendered":"https:\/\/web-ban-le.mbws.vn\/do-choi\/?post_type=product&#038;p=14153"},"modified":"2025-11-05T08:29:27","modified_gmt":"2025-11-05T01:29:27","slug":"lego-disney-princess-43249-do-choi-lap-rap-mo-hinh-nhan-vat-stitch-730-chi-tiet","status":"publish","type":"product","link":"https:\/\/web-ban-le.mbws.vn\/do-choi\/san-pham\/lego-disney-princess-43249-do-choi-lap-rap-mo-hinh-nhan-vat-stitch-730-chi-tiet\/","title":{"rendered":"LEGO DISNEY PRINCESS 43249 \u0110\u1ed3 ch\u01a1i l\u1eafp r\u00e1p M\u00f4 h\u00ecnh nh\u00e2n v\u1eadt Stitch (730 chi ti\u1ebft)"},"content":{"rendered":"<div class=\"e8lZp3\">\n<p class=\"QN2lPu\">LEGO&nbsp;DISNEY&nbsp;PRINCESS&nbsp;43249&nbsp;\u0110\u1ed3&nbsp;ch\u01a1i&nbsp;l\u1eafp&nbsp;r\u00e1p&nbsp;M\u00f4&nbsp;h\u00ecnh&nbsp;nh\u00e2n&nbsp;v\u1eadt&nbsp;Stitch&nbsp;(730&nbsp;chi&nbsp;ti\u1ebft)<\/p>\n<div class=\"QN2lPu\">\n<div style=\"position: relative; width: 100%; padding-bottom: 100%;\"><picture class=\"UkIsx8\"><source srcset=\"https:\/\/down-vn.img.susercontent.com\/file\/vn-11134202-7r98o-lu5tfo5iil0x4b@resize_w875_nl.webp 1x, https:\/\/down-vn.img.susercontent.com\/file\/vn-11134202-7r98o-lu5tfo5iil0x4b@resize_w1750_nl.webp 2x\" type=\"image\/webp\" class=\"UkIsx8\"><img decoding=\"async\" width=\"875\" loading=\"lazy\" class=\"uXN1L5 lazyload GqYslU\" srcset=\"https:\/\/down-vn.img.susercontent.com\/file\/vn-11134202-7r98o-lu5tfo5iil0x4b@resize_w875_nl 1x, https:\/\/down-vn.img.susercontent.com\/file\/vn-11134202-7r98o-lu5tfo5iil0x4b@resize_w1750_nl 2x\" src=\"https:\/\/down-vn.img.susercontent.com\/file\/vn-11134202-7r98o-lu5tfo5iil0x4b\" height=\"875\"><\/picture><\/div>\n<\/div>\n<div class=\"QN2lPu\">\n<div style=\"position: relative; width: 100%; padding-bottom: 100%;\"><picture class=\"UkIsx8\"><source srcset=\"https:\/\/down-vn.img.susercontent.com\/file\/vn-11134202-7r98o-lu5tfonjs6xi54@resize_w875_nl.webp 1x, https:\/\/down-vn.img.susercontent.com\/file\/vn-11134202-7r98o-lu5tfonjs6xi54@resize_w1750_nl.webp 2x\" type=\"image\/webp\" class=\"UkIsx8\"><img decoding=\"async\" width=\"875\" loading=\"lazy\" class=\"uXN1L5 lazyload GqYslU\" srcset=\"https:\/\/down-vn.img.susercontent.com\/file\/vn-11134202-7r98o-lu5tfonjs6xi54@resize_w875_nl 1x, https:\/\/down-vn.img.susercontent.com\/file\/vn-11134202-7r98o-lu5tfonjs6xi54@resize_w1750_nl 2x\" src=\"https:\/\/down-vn.img.susercontent.com\/file\/vn-11134202-7r98o-lu5tfonjs6xi54\" height=\"875\"><\/picture><\/div>\n<\/div>\n<div class=\"QN2lPu\">\n<div style=\"position: relative; width: 100%; padding-bottom: 100%;\"><picture class=\"UkIsx8\"><source srcset=\"https:\/\/down-vn.img.susercontent.com\/file\/vn-11134202-7r98o-lu5tfoydccttf2@resize_w875_nl.webp 1x, https:\/\/down-vn.img.susercontent.com\/file\/vn-11134202-7r98o-lu5tfoydccttf2@resize_w1750_nl.webp 2x\" type=\"image\/webp\" class=\"UkIsx8\"><img decoding=\"async\" width=\"875\" loading=\"lazy\" class=\"uXN1L5 lazyload GqYslU\" srcset=\"https:\/\/down-vn.img.susercontent.com\/file\/vn-11134202-7r98o-lu5tfoydccttf2@resize_w875_nl 1x, https:\/\/down-vn.img.susercontent.com\/file\/vn-11134202-7r98o-lu5tfoydccttf2@resize_w1750_nl 2x\" src=\"https:\/\/down-vn.img.susercontent.com\/file\/vn-11134202-7r98o-lu5tfoydccttf2\" height=\"875\"><\/picture><\/div>\n<\/div>\n<div class=\"QN2lPu\">\n<div style=\"position: relative; width: 100%; padding-bottom: 100%;\"><picture class=\"UkIsx8\"><source srcset=\"https:\/\/down-vn.img.susercontent.com\/file\/vn-11134202-7r98o-lu5tfpa0vba0c6@resize_w875_nl.webp 1x, https:\/\/down-vn.img.susercontent.com\/file\/vn-11134202-7r98o-lu5tfpa0vba0c6@resize_w1750_nl.webp 2x\" type=\"image\/webp\" class=\"UkIsx8\"><img decoding=\"async\" width=\"875\" loading=\"lazy\" class=\"uXN1L5 lazyload GqYslU\" srcset=\"https:\/\/down-vn.img.susercontent.com\/file\/vn-11134202-7r98o-lu5tfpa0vba0c6@resize_w875_nl 1x, https:\/\/down-vn.img.susercontent.com\/file\/vn-11134202-7r98o-lu5tfpa0vba0c6@resize_w1750_nl 2x\" src=\"https:\/\/down-vn.img.susercontent.com\/file\/vn-11134202-7r98o-lu5tfpa0vba0c6\" height=\"875\"><\/picture><\/div>\n<\/div>\n<div class=\"QN2lPu\">\n<div style=\"position: relative; width: 100%; padding-bottom: 100%;\"><picture class=\"UkIsx8\"><source srcset=\"https:\/\/down-vn.img.susercontent.com\/file\/vn-11134202-7r98o-lu5tfpkaga6jbb@resize_w875_nl.webp 1x, https:\/\/down-vn.img.susercontent.com\/file\/vn-11134202-7r98o-lu5tfpkaga6jbb@resize_w1750_nl.webp 2x\" type=\"image\/webp\" class=\"UkIsx8\"><img decoding=\"async\" width=\"875\" loading=\"lazy\" class=\"uXN1L5 lazyload GqYslU\" srcset=\"https:\/\/down-vn.img.susercontent.com\/file\/vn-11134202-7r98o-lu5tfpkaga6jbb@resize_w875_nl 1x, https:\/\/down-vn.img.susercontent.com\/file\/vn-11134202-7r98o-lu5tfpkaga6jbb@resize_w1750_nl 2x\" src=\"https:\/\/down-vn.img.susercontent.com\/file\/vn-11134202-7r98o-lu5tfpkaga6jbb\" height=\"875\"><\/picture><\/div>\n<\/div>\n<div class=\"QN2lPu\">\n<div style=\"position: relative; width: 100%; padding-bottom: 100%;\"><picture class=\"UkIsx8\"><source srcset=\"https:\/\/down-vn.img.susercontent.com\/file\/vn-11134202-7r98o-lu5tfpvxz7y9ec@resize_w875_nl.webp 1x, https:\/\/down-vn.img.susercontent.com\/file\/vn-11134202-7r98o-lu5tfpvxz7y9ec@resize_w1750_nl.webp 2x\" type=\"image\/webp\" class=\"UkIsx8\"><img decoding=\"async\" width=\"875\" loading=\"lazy\" class=\"uXN1L5 lazyload GqYslU\" srcset=\"https:\/\/down-vn.img.susercontent.com\/file\/vn-11134202-7r98o-lu5tfpvxz7y9ec@resize_w875_nl 1x, https:\/\/down-vn.img.susercontent.com\/file\/vn-11134202-7r98o-lu5tfpvxz7y9ec@resize_w1750_nl 2x\" src=\"https:\/\/down-vn.img.susercontent.com\/file\/vn-11134202-7r98o-lu5tfpvxz7y9ec\" height=\"875\"><\/picture><\/div>\n<\/div>\n<div class=\"QN2lPu\">\n<div style=\"position: relative; width: 100%; padding-bottom: 100%;\"><picture class=\"UkIsx8\"><source srcset=\"https:\/\/down-vn.img.susercontent.com\/file\/vn-11134202-7r98o-lu5tfq7vhrep1c@resize_w875_nl.webp 1x, https:\/\/down-vn.img.susercontent.com\/file\/vn-11134202-7r98o-lu5tfq7vhrep1c@resize_w1750_nl.webp 2x\" type=\"image\/webp\" class=\"UkIsx8\"><img decoding=\"async\" width=\"875\" loading=\"lazy\" class=\"uXN1L5 lazyload QSLoEa GqYslU\" srcset=\"https:\/\/down-vn.img.susercontent.com\/file\/vn-11134202-7r98o-lu5tfq7vhrep1c@resize_w875_nl 1x, https:\/\/down-vn.img.susercontent.com\/file\/vn-11134202-7r98o-lu5tfq7vhrep1c@resize_w1750_nl 2x\" src=\"https:\/\/down-vn.img.susercontent.com\/file\/vn-11134202-7r98o-lu5tfq7vhrep1c\" height=\"875\"><\/picture><\/div>\n<\/div>\n<div class=\"QN2lPu\">\n<div style=\"position: relative; width: 100%; padding-bottom: 100%;\"><picture class=\"UkIsx8\"><source srcset=\"https:\/\/down-vn.img.susercontent.com\/file\/vn-11134202-7r98o-lu5tfqk2zwrpf7@resize_w875_nl.webp 1x, https:\/\/down-vn.img.susercontent.com\/file\/vn-11134202-7r98o-lu5tfqk2zwrpf7@resize_w1750_nl.webp 2x\" type=\"image\/webp\" class=\"UkIsx8\"><img decoding=\"async\" width=\"875\" loading=\"lazy\" class=\"uXN1L5 lazyload QSLoEa GqYslU\" srcset=\"https:\/\/down-vn.img.susercontent.com\/file\/vn-11134202-7r98o-lu5tfqk2zwrpf7@resize_w875_nl 1x, https:\/\/down-vn.img.susercontent.com\/file\/vn-11134202-7r98o-lu5tfqk2zwrpf7@resize_w1750_nl 2x\" src=\"https:\/\/down-vn.img.susercontent.com\/file\/vn-11134202-7r98o-lu5tfqk2zwrpf7\" height=\"875\"><\/picture><\/div>\n<\/div>\n<p class=\"QN2lPu\">Kh\u00e1m&nbsp;ph\u00e1&nbsp;th\u1ebf&nbsp;gi\u1edbi&nbsp;Disney&nbsp;v\u1edbi&nbsp;ng\u01b0\u1eddi&nbsp;ngo\u00e0i&nbsp;h\u00e0nh&nbsp;tinh&nbsp;th\u00fa&nbsp;v\u1ecb&nbsp;nh\u1ea5t&nbsp;t\u1eeb&nbsp;tr\u01b0\u1edbc&nbsp;\u0111\u1ebfn&nbsp;nay:&nbsp;Stitch!&nbsp;Stitch&nbsp;\u0111\u00e1ng&nbsp;y\u00eau&nbsp;trong&nbsp;chi\u1ebfc&nbsp;\u00e1o&nbsp;s\u01a1&nbsp;mi&nbsp;Hawaii&nbsp;ng\u1ed9&nbsp;ngh\u0129nh&nbsp;c\u1ee7a&nbsp;m\u00ecnh,&nbsp;sau&nbsp;\u0111\u00f3&nbsp;h\u00e3y&nbsp;\u0111\u01b0a&nbsp;c\u1eadu&nbsp;\u1ea5y&nbsp;\u0111i&nbsp;\u0103n&nbsp;kem.&nbsp;B\u1ea1n&nbsp;c\u00f3&nbsp;th\u1ec3&nbsp;\u0111\u1eb7t&nbsp;Stitch&nbsp;\u0111\u1ee9ng&nbsp;d\u1eady,&nbsp;v\u1edbi&nbsp;tai&nbsp;h\u01b0\u1edbng&nbsp;l\u00ean&nbsp;ho\u1eb7c&nbsp;xu\u1ed1ng,&nbsp;\u0111\u1ea7u&nbsp;h\u01b0\u1edbng&nbsp;v\u1ec1&nbsp;ph\u00eda&nbsp;tr\u01b0\u1edbc&nbsp;ho\u1eb7c&nbsp;sang&nbsp;m\u1ed9t&nbsp;b\u00ean.&nbsp;Aloha!<\/p>\n<p class=\"QN2lPu\">\u2022&nbsp;B\u1ed9&nbsp;l\u1eafp&nbsp;r\u00e1p&nbsp;Stitch&nbsp;c\u1ee7a&nbsp;Disney&nbsp;\u2013&nbsp;B\u1ed9&nbsp;m\u00f4&nbsp;h\u00ecnh&nbsp;s\u00e1ng&nbsp;t\u1ea1o&nbsp;n\u00e0y&nbsp;bao&nbsp;g\u1ed3m&nbsp;nh\u00e2n&nbsp;v\u1eadt&nbsp;Stitch&nbsp;c\u00f3&nbsp;th\u1ec3&nbsp;tr\u01b0ng&nbsp;b\u00e0y,&nbsp;m\u1ed9t&nbsp;c\u00e2y&nbsp;kem&nbsp;\u1ed1c&nbsp;qu\u1ebf&nbsp;v\u00e0&nbsp;m\u1ed9t&nbsp;b\u00f4ng&nbsp;hoa&nbsp;c\u00f3&nbsp;th\u1ec3&nbsp;d\u00f9ng&nbsp;\u0111\u1ec3&nbsp;trang&nbsp;tr\u00ed&nbsp;cho&nbsp;nh\u00e2n&nbsp;v\u1eadt<\/p>\n<p class=\"QN2lPu\">\u2022&nbsp;C\u00e1c&nbsp;b\u1ed9&nbsp;ph\u1eadn&nbsp;c\u00f3&nbsp;th\u1ec3&nbsp;chuy\u1ec3n&nbsp;\u0111\u1ed9ng&nbsp;\u2013&nbsp;M\u00f4&nbsp;h\u00ecnh&nbsp;Stitch&nbsp;c\u00f3&nbsp;tai&nbsp;c\u00f3&nbsp;th\u1ec3&nbsp;di&nbsp;chuy\u1ec3n&nbsp;l\u00ean&nbsp;ho\u1eb7c&nbsp;xu\u1ed1ng&nbsp;v\u00e0&nbsp;\u0111\u1ea7u&nbsp;c\u0169ng&nbsp;c\u00f3&nbsp;th\u1ec3&nbsp;xoay&nbsp;\u0111\u01b0\u1ee3c,&nbsp;c\u00f9ng&nbsp;v\u1edbi&nbsp;m\u1ed9t&nbsp;b\u00e0n&nbsp;tay&nbsp;c\u00f3&nbsp;th\u1ec3&nbsp;gi\u1eef&nbsp;c\u00e2y&nbsp;kem&nbsp;\u1ed1c&nbsp;qu\u1ebf.<\/p>\n<p class=\"QN2lPu\">\u2022&nbsp;Trang&nbsp;tr\u00ed&nbsp;m\u1ed9t&nbsp;c\u00e1ch&nbsp;s\u00e1ng&nbsp;t\u1ea1o\u2013&nbsp;Trang&nbsp;tr\u00ed&nbsp;cho&nbsp;Stitch&nbsp;m\u1ed9t&nbsp;c\u00e2y&nbsp;kem&nbsp;\u1ed1c&nbsp;qu\u1ebf&nbsp;v\u00e0&nbsp;b\u00f4ng&nbsp;hoa,&nbsp;di&nbsp;chuy\u1ec3n&nbsp;\u0111\u1ea7u&nbsp;v\u00e0&nbsp;tai&nbsp;c\u1ee7a&nbsp;c\u1eadu&nbsp;\u1ea5y&nbsp;v\u00e0o&nbsp;c\u00e1c&nbsp;v\u1ecb&nbsp;tr\u00ed&nbsp;kh\u00e1c&nbsp;nhau&nbsp;\u0111\u1ec3&nbsp;th\u1ec3&nbsp;hi\u1ec7n&nbsp;nh\u1eefng&nbsp;bi\u1ec3u&nbsp;c\u1ea3m&nbsp;m\u1edbi.<\/p>\n<p class=\"QN2lPu\">\u2022&nbsp;Qu\u00e0&nbsp;sinh&nbsp;nh\u1eadt&nbsp;\u0111\u00e1ng&nbsp;y\u00eau&nbsp;cho&nbsp;b\u00e9&nbsp;\u2013&nbsp;Mang&nbsp;\u0111\u1ebfn&nbsp;cho&nbsp;nh\u1eefng&nbsp;b\u00e9&nbsp;y\u00eau&nbsp;h\u00e2m&nbsp;m\u1ed9&nbsp;Disney&nbsp;v\u00e0&nbsp;\u0111\u1eb7c&nbsp;bi\u1ec7t&nbsp;l\u00e0&nbsp;nh\u00e2n&nbsp;v\u1eadt&nbsp;Stitch&nbsp;m\u1ed9t&nbsp;m\u00f3n&nbsp;qu\u00e0&nbsp;kh\u00f4ng&nbsp;th\u1ec3&nbsp;tuy\u1ec7t&nbsp;v\u1eddi&nbsp;h\u01a1n&nbsp;trong&nbsp;d\u1ecbp&nbsp;sinh&nbsp;nh\u1eadt&nbsp;ho\u1eb7c&nbsp;c\u00e1c&nbsp;d\u1ecbp&nbsp;\u0111\u1eb7c&nbsp;bi\u1ec7t&nbsp;kh\u00e1c.<\/p>\n<p class=\"QN2lPu\">\u2022&nbsp;H\u01b0\u1edbng&nbsp;d\u1eabn&nbsp;l\u1eafp&nbsp;r\u00e1p&nbsp;qua&nbsp;\u1ee9ng&nbsp;d\u1ee5ng&nbsp;\u2013&nbsp;\u1ee8ng&nbsp;d\u1ee5ng&nbsp;LEGO\u00ae&nbsp;Builder&nbsp;s\u1ebd&nbsp;h\u01b0\u1edbng&nbsp;d\u1eabn&nbsp;b\u00e9&nbsp;tham&nbsp;gia&nbsp;cu\u1ed9c&nbsp;phi\u00eau&nbsp;l\u01b0u&nbsp;x\u00e2y&nbsp;d\u1ef1ng&nbsp;d\u1ec5&nbsp;d\u00e0ng&nbsp;h\u01a1n&nbsp;v\u1edbi&nbsp;c\u00e1c&nbsp;c\u00f4ng&nbsp;c\u1ee5&nbsp;cho&nbsp;ph\u00e9p&nbsp;b\u00e9&nbsp;c\u00f3&nbsp;th\u1ec3&nbsp;ph\u00f3ng&nbsp;to&nbsp;v\u00e0&nbsp;xoay&nbsp;m\u00f4&nbsp;h\u00ecnh&nbsp;\u1edf&nbsp;ch\u1ebf&nbsp;\u0111\u1ed9&nbsp;3D,&nbsp;l\u01b0u&nbsp;qu\u00e1&nbsp;tr\u00ecnh&nbsp;v\u00e0&nbsp;theo&nbsp;d\u00f5i&nbsp;ti\u1ebfn&nbsp;tr\u00ecnh&nbsp;c\u1ee7a&nbsp;b\u00e9.<\/p>\n<p class=\"QN2lPu\">\u2022&nbsp;K\u00edch&nbsp;th\u01b0\u1edbc&nbsp;\u2013&nbsp;B\u1ed9&nbsp;l\u1eafp&nbsp;r\u00e1p&nbsp;g\u1ed3m&nbsp;730&nbsp;m\u1ea3nh,&nbsp;sau&nbsp;khi&nbsp;ho\u00e0n&nbsp;thi\u1ec7n&nbsp;cao&nbsp;tr\u00ean&nbsp;8&nbsp;in.&nbsp;(20&nbsp;cm)<\/p>\n<\/div>\n","protected":false},"excerpt":{"rendered":"<p>LEGO&nbsp;DISNEY&nbsp;PRINCESS&nbsp;43249&nbsp;\u0110\u1ed3&nbsp;ch\u01a1i&nbsp;l\u1eafp&nbsp;r\u00e1p&nbsp;M\u00f4&nbsp;h\u00ecnh&nbsp;nh\u00e2n&nbsp;v\u1eadt&nbsp;Stitch&nbsp;(730&nbsp;chi&nbsp;ti\u1ebft) Kh\u00e1m&nbsp;ph\u00e1&nbsp;th\u1ebf&nbsp;gi\u1edbi&nbsp;Disney&nbsp;v\u1edbi&nbsp;ng\u01b0\u1eddi&nbsp;ngo\u00e0i&nbsp;h\u00e0nh&nbsp;tinh&nbsp;th\u00fa&nbsp;v\u1ecb&nbsp;nh\u1ea5t&nbsp;t\u1eeb&nbsp;tr\u01b0\u1edbc&nbsp;\u0111\u1ebfn&nbsp;nay:&nbsp;Stitch!&nbsp;Stitch&nbsp;\u0111\u00e1ng&nbsp;y\u00eau&nbsp;trong&nbsp;chi\u1ebfc&nbsp;\u00e1o&nbsp;s\u01a1&nbsp;mi&nbsp;Hawaii&nbsp;ng\u1ed9&nbsp;ngh\u0129nh&nbsp;c\u1ee7a&nbsp;m\u00ecnh,&nbsp;sau&nbsp;\u0111\u00f3&nbsp;h\u00e3y&nbsp;\u0111\u01b0a&nbsp;c\u1eadu&nbsp;\u1ea5y&nbsp;\u0111i&nbsp;\u0103n&nbsp;kem.&nbsp;B\u1ea1n&nbsp;c\u00f3&nbsp;th\u1ec3&nbsp;\u0111\u1eb7t&nbsp;Stitch&nbsp;\u0111\u1ee9ng&nbsp;d\u1eady,&nbsp;v\u1edbi&nbsp;tai&nbsp;h\u01b0\u1edbng&nbsp;l\u00ean&nbsp;ho\u1eb7c&nbsp;xu\u1ed1ng,&nbsp;\u0111\u1ea7u&nbsp;h\u01b0\u1edbng&nbsp;v\u1ec1&nbsp;ph\u00eda&nbsp;tr\u01b0\u1edbc&nbsp;ho\u1eb7c&nbsp;sang&nbsp;m\u1ed9t&nbsp;b\u00ean.&nbsp;Aloha! \u2022&nbsp;B\u1ed9&nbsp;l\u1eafp&nbsp;r\u00e1p&nbsp;Stitch&nbsp;c\u1ee7a&nbsp;Disney&nbsp;\u2013&nbsp;B\u1ed9&nbsp;m\u00f4&nbsp;h\u00ecnh&nbsp;s\u00e1ng&nbsp;t\u1ea1o&nbsp;n\u00e0y&nbsp;bao&nbsp;g\u1ed3m&nbsp;nh\u00e2n&nbsp;v\u1eadt&nbsp;Stitch&nbsp;c\u00f3&nbsp;th\u1ec3&nbsp;tr\u01b0ng&nbsp;b\u00e0y,&nbsp;m\u1ed9t&nbsp;c\u00e2y&nbsp;kem&nbsp;\u1ed1c&nbsp;qu\u1ebf&nbsp;v\u00e0&nbsp;m\u1ed9t&nbsp;b\u00f4ng&nbsp;hoa&nbsp;c\u00f3&nbsp;th\u1ec3&nbsp;d\u00f9ng&nbsp;\u0111\u1ec3&nbsp;trang&nbsp;tr\u00ed&nbsp;cho&nbsp;nh\u00e2n&nbsp;v\u1eadt \u2022&nbsp;C\u00e1c&nbsp;b\u1ed9&nbsp;ph\u1eadn&nbsp;c\u00f3&nbsp;th\u1ec3&nbsp;chuy\u1ec3n&nbsp;\u0111\u1ed9ng&nbsp;\u2013&nbsp;M\u00f4&nbsp;h\u00ecnh&nbsp;Stitch&nbsp;c\u00f3&nbsp;tai&nbsp;c\u00f3&nbsp;th\u1ec3&nbsp;di&nbsp;chuy\u1ec3n&nbsp;l\u00ean&nbsp;ho\u1eb7c&nbsp;xu\u1ed1ng&nbsp;v\u00e0&nbsp;\u0111\u1ea7u&nbsp;c\u0169ng&nbsp;c\u00f3&nbsp;th\u1ec3&nbsp;xoay&nbsp;\u0111\u01b0\u1ee3c,&nbsp;c\u00f9ng&nbsp;v\u1edbi&nbsp;m\u1ed9t&nbsp;b\u00e0n&nbsp;tay&nbsp;c\u00f3&nbsp;th\u1ec3&nbsp;gi\u1eef&nbsp;c\u00e2y&nbsp;kem&nbsp;\u1ed1c&nbsp;qu\u1ebf. \u2022&nbsp;Trang&nbsp;tr\u00ed&nbsp;m\u1ed9t&nbsp;c\u00e1ch&nbsp;s\u00e1ng&nbsp;t\u1ea1o\u2013&nbsp;Trang&nbsp;tr\u00ed&nbsp;cho&nbsp;Stitch&nbsp;m\u1ed9t&nbsp;c\u00e2y&nbsp;kem&nbsp;\u1ed1c&nbsp;qu\u1ebf&nbsp;v\u00e0&nbsp;b\u00f4ng&nbsp;hoa,&nbsp;di&nbsp;chuy\u1ec3n&nbsp;\u0111\u1ea7u&nbsp;v\u00e0&nbsp;tai&nbsp;c\u1ee7a&nbsp;c\u1eadu&nbsp;\u1ea5y&nbsp;v\u00e0o&nbsp;c\u00e1c&nbsp;v\u1ecb&nbsp;tr\u00ed&nbsp;kh\u00e1c&nbsp;nhau&nbsp;\u0111\u1ec3&nbsp;th\u1ec3&nbsp;hi\u1ec7n&nbsp;nh\u1eefng&nbsp;bi\u1ec3u&nbsp;c\u1ea3m&nbsp;m\u1edbi. \u2022&nbsp;Qu\u00e0&nbsp;sinh&nbsp;nh\u1eadt&nbsp;\u0111\u00e1ng&nbsp;y\u00eau&nbsp;cho&nbsp;b\u00e9&nbsp;\u2013&nbsp;Mang&nbsp;\u0111\u1ebfn&nbsp;cho&nbsp;nh\u1eefng&nbsp;b\u00e9&nbsp;y\u00eau&nbsp;h\u00e2m&nbsp;m\u1ed9&nbsp;Disney&nbsp;v\u00e0&nbsp;\u0111\u1eb7c&nbsp;bi\u1ec7t&nbsp;l\u00e0&nbsp;nh\u00e2n&nbsp;v\u1eadt&nbsp;Stitch&nbsp;m\u1ed9t&nbsp;m\u00f3n&nbsp;qu\u00e0&nbsp;kh\u00f4ng&nbsp;th\u1ec3&nbsp;tuy\u1ec7t&nbsp;v\u1eddi&nbsp;h\u01a1n&nbsp;trong&nbsp;d\u1ecbp&nbsp;sinh&nbsp;nh\u1eadt&nbsp;ho\u1eb7c&nbsp;c\u00e1c&nbsp;d\u1ecbp&nbsp;\u0111\u1eb7c&nbsp;bi\u1ec7t&nbsp;kh\u00e1c. \u2022&nbsp;H\u01b0\u1edbng&nbsp;d\u1eabn&nbsp;l\u1eafp&nbsp;r\u00e1p&nbsp;qua&nbsp;\u1ee9ng&nbsp;d\u1ee5ng&nbsp;\u2013&nbsp;\u1ee8ng&nbsp;d\u1ee5ng&nbsp;LEGO\u00ae&nbsp;Builder&nbsp;s\u1ebd&nbsp;h\u01b0\u1edbng&nbsp;d\u1eabn&nbsp;b\u00e9&nbsp;tham&nbsp;gia&nbsp;cu\u1ed9c&nbsp;phi\u00eau&nbsp;l\u01b0u&nbsp;x\u00e2y&nbsp;d\u1ef1ng&nbsp;d\u1ec5&nbsp;d\u00e0ng&nbsp;h\u01a1n&nbsp;v\u1edbi&nbsp;c\u00e1c&nbsp;c\u00f4ng&nbsp;c\u1ee5&nbsp;cho&nbsp;ph\u00e9p&nbsp;b\u00e9&nbsp;c\u00f3&nbsp;th\u1ec3&nbsp;ph\u00f3ng&nbsp;to&nbsp;v\u00e0&nbsp;xoay&nbsp;m\u00f4&nbsp;h\u00ecnh&nbsp;\u1edf&nbsp;ch\u1ebf&nbsp;\u0111\u1ed9&nbsp;3D,&nbsp;l\u01b0u&nbsp;qu\u00e1&nbsp;tr\u00ecnh&nbsp;v\u00e0&nbsp;theo&nbsp;d\u00f5i&nbsp;ti\u1ebfn&nbsp;tr\u00ecnh&nbsp;c\u1ee7a&nbsp;b\u00e9. \u2022&nbsp;K\u00edch&nbsp;th\u01b0\u1edbc&nbsp;\u2013&nbsp;B\u1ed9&nbsp;l\u1eafp&nbsp;r\u00e1p&nbsp;g\u1ed3m&nbsp;730&nbsp;m\u1ea3nh,&nbsp;sau&nbsp;khi&nbsp;ho\u00e0n&nbsp;thi\u1ec7n&nbsp;cao&nbsp;tr\u00ean&nbsp;8&nbsp;in.&nbsp;(20&nbsp;cm)<\/p>\n","protected":false},"featured_media":14399,"comment_status":"open","ping_status":"closed","template":"","meta":[],"product_brand":[],"product_cat":[1346],"product_tag":[],"class_list":{"0":"post-14153","1":"product","2":"type-product","3":"status-publish","4":"has-post-thumbnail","6":"product_cat-do-choi-lap-rap","8":"first","9":"instock","10":"featured","11":"shipping-taxable","12":"purchasable","13":"product-type-simple"},"_links":{"self":[{"href":"https:\/\/web-ban-le.mbws.vn\/do-choi\/wp-json\/wp\/v2\/product\/14153","targetHints":{"allow":["GET"]}}],"collection":[{"href":"https:\/\/web-ban-le.mbws.vn\/do-choi\/wp-json\/wp\/v2\/product"}],"about":[{"href":"https:\/\/web-ban-le.mbws.vn\/do-choi\/wp-json\/wp\/v2\/types\/product"}],"replies":[{"embeddable":true,"href":"https:\/\/web-ban-le.mbws.vn\/do-choi\/wp-json\/wp\/v2\/comments?post=14153"}],"wp:featuredmedia":[{"embeddable":true,"href":"https:\/\/web-ban-le.mbws.vn\/do-choi\/wp-json\/wp\/v2\/media\/14399"}],"wp:attachment":[{"href":"https:\/\/web-ban-le.mbws.vn\/do-choi\/wp-json\/wp\/v2\/media?parent=14153"}],"wp:term":[{"taxonomy":"product_brand","embeddable":true,"href":"https:\/\/web-ban-le.mbws.vn\/do-choi\/wp-json\/wp\/v2\/product_brand?post=14153"},{"taxonomy":"product_cat","embeddable":true,"href":"https:\/\/web-ban-le.mbws.vn\/do-choi\/wp-json\/wp\/v2\/product_cat?post=14153"},{"taxonomy":"product_tag","embeddable":true,"href":"https:\/\/web-ban-le.mbws.vn\/do-choi\/wp-json\/wp\/v2\/product_tag?post=14153"}],"curies":[{"name":"wp","href":"https:\/\/api.w.org\/{rel}","templated":true}]}}