{"id":14154,"date":"2025-10-28T13:25:32","date_gmt":"2025-10-28T06:25:32","guid":{"rendered":"https:\/\/web-ban-le.mbws.vn\/do-choi\/?post_type=product&#038;p=14154"},"modified":"2025-11-05T08:29:27","modified_gmt":"2025-11-05T01:29:27","slug":"lego-city-60404-do-choi-lap-rap-xe-tai-burger-luu-dong-194-chi-tiet","status":"publish","type":"product","link":"https:\/\/web-ban-le.mbws.vn\/do-choi\/san-pham\/lego-city-60404-do-choi-lap-rap-xe-tai-burger-luu-dong-194-chi-tiet\/","title":{"rendered":"LEGO CITY 60404 \u0110\u1ed3 ch\u01a1i l\u1eafp r\u00e1p Xe t\u1ea3i Burger l\u01b0u \u0111\u1ed9ng (194 chi ti\u1ebft)"},"content":{"rendered":"<div class=\"e8lZp3\">\n<p class=\"QN2lPu\">LEGO CITY 60404 \u0110\u1ed3 ch\u01a1i l\u1eafp r\u00e1p Xe t\u1ea3i Burger l\u01b0u \u0111\u1ed9ng (194 chi ti\u1ebft)<\/p>\n<div class=\"QN2lPu\">\n<div style=\"position: relative; width: 100%; padding-bottom: 100%;\"><picture class=\"UkIsx8\"><source srcset=\"https:\/\/down-vn.img.susercontent.com\/file\/vn-11134202-7r98o-lu5tiiwo5bzp28@resize_w875_nl.webp 1x, https:\/\/down-vn.img.susercontent.com\/file\/vn-11134202-7r98o-lu5tiiwo5bzp28@resize_w1750_nl.webp 2x\" type=\"image\/webp\" class=\"UkIsx8\"><img decoding=\"async\" width=\"875\" loading=\"lazy\" class=\"uXN1L5 lazyload GqYslU\" srcset=\"https:\/\/down-vn.img.susercontent.com\/file\/vn-11134202-7r98o-lu5tiiwo5bzp28@resize_w875_nl 1x, https:\/\/down-vn.img.susercontent.com\/file\/vn-11134202-7r98o-lu5tiiwo5bzp28@resize_w1750_nl 2x\" src=\"https:\/\/down-vn.img.susercontent.com\/file\/vn-11134202-7r98o-lu5tiiwo5bzp28\" height=\"875\"><\/picture><\/div>\n<\/div>\n<div class=\"QN2lPu\">\n<div style=\"position: relative; width: 100%; padding-bottom: 100%;\"><picture class=\"UkIsx8\"><source srcset=\"https:\/\/down-vn.img.susercontent.com\/file\/vn-11134202-7r98o-lu5tij13ytdcdf@resize_w875_nl.webp 1x, https:\/\/down-vn.img.susercontent.com\/file\/vn-11134202-7r98o-lu5tij13ytdcdf@resize_w1750_nl.webp 2x\" type=\"image\/webp\" class=\"UkIsx8\"><img decoding=\"async\" width=\"875\" loading=\"lazy\" class=\"uXN1L5 lazyload GqYslU\" srcset=\"https:\/\/down-vn.img.susercontent.com\/file\/vn-11134202-7r98o-lu5tij13ytdcdf@resize_w875_nl 1x, https:\/\/down-vn.img.susercontent.com\/file\/vn-11134202-7r98o-lu5tij13ytdcdf@resize_w1750_nl 2x\" src=\"https:\/\/down-vn.img.susercontent.com\/file\/vn-11134202-7r98o-lu5tij13ytdcdf\" height=\"875\"><\/picture><\/div>\n<\/div>\n<div class=\"QN2lPu\">\n<div style=\"position: relative; width: 100%; padding-bottom: 100%;\"><picture class=\"UkIsx8\"><source srcset=\"https:\/\/down-vn.img.susercontent.com\/file\/vn-11134202-7r98o-lu5tij7hphjtfd@resize_w875_nl.webp 1x, https:\/\/down-vn.img.susercontent.com\/file\/vn-11134202-7r98o-lu5tij7hphjtfd@resize_w1750_nl.webp 2x\" type=\"image\/webp\" class=\"UkIsx8\"><img decoding=\"async\" width=\"875\" loading=\"lazy\" class=\"uXN1L5 lazyload GqYslU\" srcset=\"https:\/\/down-vn.img.susercontent.com\/file\/vn-11134202-7r98o-lu5tij7hphjtfd@resize_w875_nl 1x, https:\/\/down-vn.img.susercontent.com\/file\/vn-11134202-7r98o-lu5tij7hphjtfd@resize_w1750_nl 2x\" src=\"https:\/\/down-vn.img.susercontent.com\/file\/vn-11134202-7r98o-lu5tij7hphjtfd\" height=\"875\"><\/picture><\/div>\n<\/div>\n<div class=\"QN2lPu\">\n<div style=\"position: relative; width: 100%; padding-bottom: 100%;\"><picture class=\"UkIsx8\"><source srcset=\"https:\/\/down-vn.img.susercontent.com\/file\/vn-11134202-7r98o-lu5tijbnjdwwc0@resize_w875_nl.webp 1x, https:\/\/down-vn.img.susercontent.com\/file\/vn-11134202-7r98o-lu5tijbnjdwwc0@resize_w1750_nl.webp 2x\" type=\"image\/webp\" class=\"UkIsx8\"><img decoding=\"async\" width=\"875\" loading=\"lazy\" class=\"uXN1L5 lazyload GqYslU\" srcset=\"https:\/\/down-vn.img.susercontent.com\/file\/vn-11134202-7r98o-lu5tijbnjdwwc0@resize_w875_nl 1x, https:\/\/down-vn.img.susercontent.com\/file\/vn-11134202-7r98o-lu5tijbnjdwwc0@resize_w1750_nl 2x\" src=\"https:\/\/down-vn.img.susercontent.com\/file\/vn-11134202-7r98o-lu5tijbnjdwwc0\" height=\"875\"><\/picture><\/div>\n<\/div>\n<div class=\"QN2lPu\">\n<div style=\"position: relative; width: 100%; padding-bottom: 100%;\"><picture class=\"UkIsx8\"><source srcset=\"https:\/\/down-vn.img.susercontent.com\/file\/vn-11134202-7r98o-lu5tijgdchq57e@resize_w875_nl.webp 1x, https:\/\/down-vn.img.susercontent.com\/file\/vn-11134202-7r98o-lu5tijgdchq57e@resize_w1750_nl.webp 2x\" type=\"image\/webp\" class=\"UkIsx8\"><img decoding=\"async\" width=\"875\" loading=\"lazy\" class=\"uXN1L5 lazyload GqYslU\" srcset=\"https:\/\/down-vn.img.susercontent.com\/file\/vn-11134202-7r98o-lu5tijgdchq57e@resize_w875_nl 1x, https:\/\/down-vn.img.susercontent.com\/file\/vn-11134202-7r98o-lu5tijgdchq57e@resize_w1750_nl 2x\" src=\"https:\/\/down-vn.img.susercontent.com\/file\/vn-11134202-7r98o-lu5tijgdchq57e\" height=\"875\"><\/picture><\/div>\n<\/div>\n<div class=\"QN2lPu\">\n<div style=\"position: relative; width: 100%; padding-bottom: 100%;\"><picture class=\"UkIsx8\"><source srcset=\"https:\/\/down-vn.img.susercontent.com\/file\/vn-11134202-7r98o-lu5tijkj6edc90@resize_w875_nl.webp 1x, https:\/\/down-vn.img.susercontent.com\/file\/vn-11134202-7r98o-lu5tijkj6edc90@resize_w1750_nl.webp 2x\" type=\"image\/webp\" class=\"UkIsx8\"><img decoding=\"async\" width=\"875\" loading=\"lazy\" class=\"uXN1L5 lazyload QSLoEa GqYslU\" srcset=\"https:\/\/down-vn.img.susercontent.com\/file\/vn-11134202-7r98o-lu5tijkj6edc90@resize_w875_nl 1x, https:\/\/down-vn.img.susercontent.com\/file\/vn-11134202-7r98o-lu5tijkj6edc90@resize_w1750_nl 2x\" src=\"https:\/\/down-vn.img.susercontent.com\/file\/vn-11134202-7r98o-lu5tijkj6edc90\" height=\"875\"><\/picture><\/div>\n<\/div>\n<div class=\"QN2lPu\">\n<div style=\"position: relative; width: 100%; padding-bottom: 100%;\"><picture class=\"UkIsx8\"><source srcset=\"https:\/\/down-vn.img.susercontent.com\/file\/vn-11134202-7r98o-lu5tijp8zie174@resize_w875_nl.webp 1x, https:\/\/down-vn.img.susercontent.com\/file\/vn-11134202-7r98o-lu5tijp8zie174@resize_w1750_nl.webp 2x\" type=\"image\/webp\" class=\"UkIsx8\"><img decoding=\"async\" width=\"875\" loading=\"lazy\" class=\"uXN1L5 lazyload QSLoEa GqYslU\" srcset=\"https:\/\/down-vn.img.susercontent.com\/file\/vn-11134202-7r98o-lu5tijp8zie174@resize_w875_nl 1x, https:\/\/down-vn.img.susercontent.com\/file\/vn-11134202-7r98o-lu5tijp8zie174@resize_w1750_nl 2x\" src=\"https:\/\/down-vn.img.susercontent.com\/file\/vn-11134202-7r98o-lu5tijp8zie174\" height=\"875\"><\/picture><\/div>\n<\/div>\n<p class=\"QN2lPu\">\n<p class=\"QN2lPu\">C\u1ea7m theo b\u00e0nh burger v\u00e0 \u0111\u1ebfn v\u1edbi Th\u00e0nh ph\u1ed1 LEGO\u00ae. C\u00f9ng b\u01b0\u1edbc v\u00e0o khu v\u1ef1c chu\u1ea9n b\u1ecb v\u00e0 ph\u1ee5c v\u1ee5 \u0111\u1ed3 \u0103n nhanh hot nh\u1ea5t th\u00e0nh ph\u1ed1 cho nh\u1eefng kh\u00e1ch h\u00e0ng s\u00e0nh \u0111i\u1ec7u nh\u1ea5t trong th\u1ecb tr\u1ea5n. Khi b\u1ea1n \u0111\u00e3 ho\u00e0n t\u1ea5t, h\u00e3y ng\u1ed3i sau tay l\u00e1i v\u00e0 l\u00e1i chi\u1ebfc xe di \u0111\u1ed9ng tuy\u1ec7t v\u1eddi n\u00e0y \u0111\u1ebfn \u0111\u1ecba \u0111i\u1ec3m ti\u1ebfp theo!<\/p>\n<p class=\"QN2lPu\">\n<p class=\"QN2lPu\">\u2022 \u0110\u1ed3 ch\u01a1i l\u1eafp r\u00e1p Xe t\u1ea3i Burger l\u01b0u \u0111\u1ed9ng \u2013 C\u00f9ng b\u00e9 tr\u1ea3i nghi\u1ec7m ph\u1ee5c v\u1ee5 \u0111\u1ed3 \u0103n nhanh cho ng\u01b0\u1eddi d\u00e2n trong th\u00e0nh ph\u1ed1 v\u1edbi b\u1ed9 tr\u00f2 ch\u01a1i LEGO\u00ae c\u1ef1c k\u1ef3 h\u1ea5p d\u1eabn n\u00e0y<\/p>\n<p class=\"QN2lPu\">\u2022 Trong b\u1ed9 \u0111\u1ed3 ch\u01a1i n\u00e0y c\u00f3 g\u00ec n\u00e0o? \u2013M\u1ed9t chi\u1ebfc xe t\u1ea3i b\u00e1n burger di \u0111\u1ed9ng, m\u1ed9t minifigure ng\u01b0\u1eddi b\u00e1n h\u00e0ng v\u00e0 m\u1ed9t minifigure kh\u00e1ch h\u00e0ng v\u1edbi m\u00e1y tr\u1ee3 th\u00ednh, c\u00f9ng v\u1edbi c\u00e1c ph\u1ee5 ki\u1ec7n gia v\u1ecb LEGO\u00ae<\/p>\n<p class=\"QN2lPu\">\u2022 B\u1ed9 \u0111\u1ed3 ch\u01a1i tr\u00ed t\u01b0\u1edfng t\u01b0\u1ee3ng \u2013 Tr\u1ebb em c\u00f3 th\u1ec3 g\u1ea5p c\u1eeda ph\u1ee5c v\u1ee5 \u0111\u1ec3 n\u00e2ng bi\u1ec3n hi\u1ec7u b\u00e1nh m\u00ec k\u1eb9p th\u1ecbt n\u01b0\u1edbng l\u00ean tr\u00ean ng\u1ecdn l\u1eeda v\u00e0 th\u00e1o m\u00e1i che \u0111\u1ec3 ph\u1ee5c v\u1ee5 kh\u00e1ch h\u00e0ng t\u1eeb khu v\u1ef1c chu\u1ea9n b\u1ecb c\u1ee7a xe b\u00e1n \u0111\u1ed3 \u0103n<\/p>\n<p class=\"QN2lPu\">\u2022 M\u00f3n qu\u00e0 tuy\u1ec7t v\u1eddi cho b\u00e9 y\u00eau \u2013 Chi\u1ebfc xe b\u00e1n burger di \u0111\u1ed9ng \u0111\u1ed3 ch\u01a1i n\u00e0y ch\u1eafc ch\u1eafn s\u1ebd l\u00e0 m\u1ed9t m\u00f3n qu\u00e0 th\u00fa v\u1ecb d\u00e0nh cho nh\u1eefng b\u00e9 y\u00eau th\u00edch vi\u1ec7c ch\u1ebf bi\u1ebfn \u0111\u1ed3 \u0103n, v\u00e0 c\u00f3 s\u1edf th\u00edch v\u1edbi \u00f4 t\u00f4 v\u00e0 c\u00e1c ph\u01b0\u01a1ng ti\u1ec7n kh\u00e1c.<\/p>\n<p class=\"QN2lPu\">\u2022 Bi\u1ebfn m\u1ecdi th\u1ee9 tr\u1edf n\u00ean th\u00fa v\u1ecb \u2013 B\u1ed9 tr\u00f2 ch\u01a1i x\u00e2y d\u1ef1ng LEGO\u00ae City gi\u00fap tr\u1ebb ph\u00e1t tri\u1ec3n s\u1ef1 t\u1ef1 tin v\u00e0 c\u00e1c k\u1ef9 n\u0103ng s\u1ed1ng quan tr\u1ecdng th\u00f4ng qua tr\u00f2 ch\u01a1i v\u00e0 th\u1ec3 hi\u1ec7n s\u1ef1 s\u00e1ng t\u1ea1o kh\u00f4ng gi\u1edbi h\u1ea1n<\/p>\n<p class=\"QN2lPu\">\u2022 K\u00edch th\u01b0\u1edbc \u2013 B\u1ed9 l\u1eafp r\u00e1p n\u00e0y g\u1ed3m194 m\u1ea3nh, sau khi ho\u00e0n th\u00e0nh c\u00f3 chi\u1ec1u cao tr\u00ean 4 inch (10 cm), d\u00e0i 5 inch (12 cm) v\u00e0 r\u1ed9ng 2,5 inch (7 cm)<\/p>\n<\/div>\n","protected":false},"excerpt":{"rendered":"<p>LEGO CITY 60404 \u0110\u1ed3 ch\u01a1i l\u1eafp r\u00e1p Xe t\u1ea3i Burger l\u01b0u \u0111\u1ed9ng (194 chi ti\u1ebft) C\u1ea7m theo b\u00e0nh burger v\u00e0 \u0111\u1ebfn v\u1edbi Th\u00e0nh ph\u1ed1 LEGO\u00ae. C\u00f9ng b\u01b0\u1edbc v\u00e0o khu v\u1ef1c chu\u1ea9n b\u1ecb v\u00e0 ph\u1ee5c v\u1ee5 \u0111\u1ed3 \u0103n nhanh hot nh\u1ea5t th\u00e0nh ph\u1ed1 cho nh\u1eefng kh\u00e1ch h\u00e0ng s\u00e0nh \u0111i\u1ec7u nh\u1ea5t trong th\u1ecb tr\u1ea5n. Khi b\u1ea1n \u0111\u00e3&#8230;<\/p>\n","protected":false},"featured_media":14406,"comment_status":"open","ping_status":"closed","template":"","meta":[],"product_brand":[],"product_cat":[1346],"product_tag":[],"class_list":{"0":"post-14154","1":"product","2":"type-product","3":"status-publish","4":"has-post-thumbnail","6":"product_cat-do-choi-lap-rap","8":"first","9":"instock","10":"sale","11":"featured","12":"shipping-taxable","13":"purchasable","14":"product-type-simple"},"_links":{"self":[{"href":"https:\/\/web-ban-le.mbws.vn\/do-choi\/wp-json\/wp\/v2\/product\/14154","targetHints":{"allow":["GET"]}}],"collection":[{"href":"https:\/\/web-ban-le.mbws.vn\/do-choi\/wp-json\/wp\/v2\/product"}],"about":[{"href":"https:\/\/web-ban-le.mbws.vn\/do-choi\/wp-json\/wp\/v2\/types\/product"}],"replies":[{"embeddable":true,"href":"https:\/\/web-ban-le.mbws.vn\/do-choi\/wp-json\/wp\/v2\/comments?post=14154"}],"wp:featuredmedia":[{"embeddable":true,"href":"https:\/\/web-ban-le.mbws.vn\/do-choi\/wp-json\/wp\/v2\/media\/14406"}],"wp:attachment":[{"href":"https:\/\/web-ban-le.mbws.vn\/do-choi\/wp-json\/wp\/v2\/media?parent=14154"}],"wp:term":[{"taxonomy":"product_brand","embeddable":true,"href":"https:\/\/web-ban-le.mbws.vn\/do-choi\/wp-json\/wp\/v2\/product_brand?post=14154"},{"taxonomy":"product_cat","embeddable":true,"href":"https:\/\/web-ban-le.mbws.vn\/do-choi\/wp-json\/wp\/v2\/product_cat?post=14154"},{"taxonomy":"product_tag","embeddable":true,"href":"https:\/\/web-ban-le.mbws.vn\/do-choi\/wp-json\/wp\/v2\/product_tag?post=14154"}],"curies":[{"name":"wp","href":"https:\/\/api.w.org\/{rel}","templated":true}]}}