{"id":14155,"date":"2025-10-28T13:25:32","date_gmt":"2025-10-28T06:25:32","guid":{"rendered":"https:\/\/web-ban-le.mbws.vn\/do-choi\/?post_type=product&#038;p=14155"},"modified":"2025-11-05T08:29:27","modified_gmt":"2025-11-05T01:29:27","slug":"lego-speed-champions-77251-do-choi-lap-rap-xe-dua-mclaren-f1-mcl38-263-chi-tiet","status":"publish","type":"product","link":"https:\/\/web-ban-le.mbws.vn\/do-choi\/san-pham\/lego-speed-champions-77251-do-choi-lap-rap-xe-dua-mclaren-f1-mcl38-263-chi-tiet\/","title":{"rendered":"LEGO SPEED CHAMPIONS 77251 \u0110\u1ed3 Ch\u01a1i L\u1eafp R\u00e1p Xe \u0110ua McLaren F1-Mcl38 (263 chi ti\u1ebft)"},"content":{"rendered":"<div class=\"e8lZp3\">\n<p class=\"QN2lPu\">\u0110\u1ed3 Ch\u01a1i L\u1eafp R\u00e1p Xe \u0110ua McLaren F1-Mcl38 LEGO SPEED CHAMPIONS 77251 (263 chi ti\u1ebft)<\/p>\n<p class=\"QN2lPu\">\u25cf\tTr\u1ea3i nghi\u1ec7m c\u1ea3m gi\u00e1c ph\u1ea5n kh\u00edch c\u1ee7a cu\u1ed9c \u0111ua xe C\u00f4ng th\u1ee9c 1\u00ae v\u1edbi chi\u1ebfc xe \u0111ua Williams Racing Fw46 F1\u00ae \u0111\u01b0\u1ee3c l\u1eafp r\u00e1p t\u1eeb c\u00e1c vi\u00ean g\u1ea1ch Lego\u00ae. Thu th\u1eadp, l\u1eafp r\u00e1p, tr\u01b0ng b\u00e0y v\u00e0 tho\u1ea3 s\u1ee9c \u0111ua v\u1edbi chi\u1ebfc m\u00f4 h\u00ecnh Lego\u00ae Speed Champions n\u00e0y, v\u1edbi nh\u1eefng chi ti\u1ebft thi\u1ebft k\u1ebf ch\u00e2n th\u1ef1c t\u1eeb chi\u1ebfc xe \u0111ua \u0111\u00e3 tham gia m\u00f9a gi\u1ea3i C\u00f4ng th\u1ee9c 1 n\u0103m 2024. B\u1ed9 \u0111\u1ed3 ch\u01a1i c\u00f2n \u0111i k\u00e8m m\u1ed9t nh\u00e2n v\u1eadt minifigure c\u1ee7a tay \u0111ua Williams Racing \u0111\u1ec3 \u0111\u1eb7t v\u00e0o bu\u1ed3ng l\u00e1i v\u00e0 t\u00e1i hi\u1ec7n nh\u1eefng pha h\u00e0nh \u0111\u1ed9ng \u0111\u1ea7y k\u1ecbch t\u00ednh c\u1ee7a F1.<\/p>\n<p class=\"QN2lPu\">\u25cf\tXe \u0111\u1ed3 ch\u01a1i Lego\u00ae Speed Champions Williams Racing Fw46 F1\u00ae \u0111\u01b0\u1ee3c l\u1eafp r\u00e1p b\u1eb1ng g\u1ea1ch<\/p>\n<p class=\"QN2lPu\">\u25cf\tBao g\u1ed3m m\u1ed9t nh\u00e2n v\u1eadt minifigure Williams Racing \u0111\u1ec3 \u0111\u1eb7t v\u00e0o trong bu\u1ed3ng l\u00e1i cho tr\u00f2 ch\u01a1i nh\u1eadp vai<\/p>\n<p class=\"QN2lPu\">\u25cf\tC\u00e1c chi ti\u1ebft thi\u1ebft k\u1ebf ch\u00e2n th\u1ef1c c\u1ee7a Williams Racing bao g\u1ed3m c\u00e1c nh\u00e3n hi\u1ec7u t\u00e0i tr\u1ee3 v\u00e0 l\u1ed1p sau r\u1ed9ng h\u01a1n<\/p>\n<p class=\"QN2lPu\">\u25cf\tKh\u00e1m ph\u00e1 c\u00e1c m\u00f4 h\u00ecnh kh\u00e1c trong b\u1ed9 Lego\u00ae F1\u00ae, b\u00e1n ri\u00eang<\/p>\n<p class=\"QN2lPu\">\u25cf\tM\u00f4 h\u00ecnh xe Lego\u00ae \u0111\u1ec3 tr\u01b0ng b\u00e0y tr\u00ean k\u1ec7 ho\u1eb7c b\u00e0n \u0111\u1ea7u gi\u01b0\u1eddng sau khi ch\u01a1i<\/p>\n<p class=\"QN2lPu\">\u25cf\tM\u00f3n qu\u00e0 F1\u00ae l\u00fd t\u01b0\u1edfng cho tr\u1ebb em t\u1eeb 10 tu\u1ed5i tr\u1edf l\u00ean v\u00e0 nh\u1eefng ng\u01b0\u1eddi y\u00eau th\u00edch m\u00f4 h\u00ecnh xe h\u01a1i<\/p>\n<p class=\"QN2lPu\">\u25cf\tC\u00e1c b\u1ed9 Lego\u00ae Speed Champions cho ph\u00e9p tr\u1ebb em v\u00e0 ng\u01b0\u1eddi y\u00eau xe h\u01a1i l\u1eafp r\u00e1p nh\u1eefng m\u00f4 h\u00ecnh ch\u00e2n th\u1ef1c<\/p>\n<p class=\"QN2lPu\">\u25cf\tM\u00f4 h\u00ecnh xe Lego\u00ae c\u00f3 263 m\u1ea3nh gh\u00e9p, d\u00e0i h\u01a1n 20 cm (8 inch).<\/p>\n<p class=\"QN2lPu\">\u25cf\tTh\u00f4ng tin s\u1ea3n ph\u1ea9m:<\/p>\n<p class=\"QN2lPu\">&#8211;\tXu\u1ea5t x\u1ee9: Trung Qu\u1ed1c<\/p>\n<p class=\"QN2lPu\">&#8211;\tK\u00edch th\u01b0\u1edbc h\u1ed9p h\u00e0ng: 26.2&#215;14.1&#215;4.8 cm<\/p>\n<p class=\"QN2lPu\">\n<div class=\"QN2lPu\">\n<div style=\"position: relative; width: 100%; padding-bottom: 100%;\"><picture class=\"UkIsx8\"><source srcset=\"https:\/\/down-vn.img.susercontent.com\/file\/vn-11134208-7ra0g-m6hydxnwxilj79@resize_w875_nl.webp 1x, https:\/\/down-vn.img.susercontent.com\/file\/vn-11134208-7ra0g-m6hydxnwxilj79@resize_w1750_nl.webp 2x\" type=\"image\/webp\" class=\"UkIsx8\"><img decoding=\"async\" width=\"875\" loading=\"lazy\" class=\"uXN1L5 lazyload GqYslU\" srcset=\"https:\/\/down-vn.img.susercontent.com\/file\/vn-11134208-7ra0g-m6hydxnwxilj79@resize_w875_nl 1x, https:\/\/down-vn.img.susercontent.com\/file\/vn-11134208-7ra0g-m6hydxnwxilj79@resize_w1750_nl 2x\" src=\"https:\/\/down-vn.img.susercontent.com\/file\/vn-11134208-7ra0g-m6hydxnwxilj79\" height=\"875\"><\/picture><\/div>\n<\/div>\n<div class=\"QN2lPu\">\n<div style=\"position: relative; width: 100%; padding-bottom: 100%;\"><picture class=\"UkIsx8\"><source srcset=\"https:\/\/down-vn.img.susercontent.com\/file\/vn-11134208-7ra0g-m6hye2q7hd41ad@resize_w875_nl.webp 1x, https:\/\/down-vn.img.susercontent.com\/file\/vn-11134208-7ra0g-m6hye2q7hd41ad@resize_w1750_nl.webp 2x\" type=\"image\/webp\" class=\"UkIsx8\"><img decoding=\"async\" width=\"875\" loading=\"lazy\" class=\"uXN1L5 lazyload GqYslU\" srcset=\"https:\/\/down-vn.img.susercontent.com\/file\/vn-11134208-7ra0g-m6hye2q7hd41ad@resize_w875_nl 1x, https:\/\/down-vn.img.susercontent.com\/file\/vn-11134208-7ra0g-m6hye2q7hd41ad@resize_w1750_nl 2x\" src=\"https:\/\/down-vn.img.susercontent.com\/file\/vn-11134208-7ra0g-m6hye2q7hd41ad\" height=\"875\"><\/picture><\/div>\n<\/div>\n<div class=\"QN2lPu\">\n<div style=\"position: relative; width: 100%; padding-bottom: 100%;\"><picture class=\"UkIsx8\"><source srcset=\"https:\/\/down-vn.img.susercontent.com\/file\/vn-11134208-7ra0g-m6hye7c4tch3d6@resize_w875_nl.webp 1x, https:\/\/down-vn.img.susercontent.com\/file\/vn-11134208-7ra0g-m6hye7c4tch3d6@resize_w1750_nl.webp 2x\" type=\"image\/webp\" class=\"UkIsx8\"><img decoding=\"async\" width=\"875\" loading=\"lazy\" class=\"uXN1L5 lazyload GqYslU\" srcset=\"https:\/\/down-vn.img.susercontent.com\/file\/vn-11134208-7ra0g-m6hye7c4tch3d6@resize_w875_nl 1x, https:\/\/down-vn.img.susercontent.com\/file\/vn-11134208-7ra0g-m6hye7c4tch3d6@resize_w1750_nl 2x\" src=\"https:\/\/down-vn.img.susercontent.com\/file\/vn-11134208-7ra0g-m6hye7c4tch3d6\" height=\"875\"><\/picture><\/div>\n<\/div>\n<div class=\"QN2lPu\">\n<div style=\"position: relative; width: 100%; padding-bottom: 100%;\"><picture class=\"UkIsx8\"><source srcset=\"https:\/\/down-vn.img.susercontent.com\/file\/vn-11134208-7ra0g-m6hye7emmwf50f@resize_w875_nl.webp 1x, https:\/\/down-vn.img.susercontent.com\/file\/vn-11134208-7ra0g-m6hye7emmwf50f@resize_w1750_nl.webp 2x\" type=\"image\/webp\" class=\"UkIsx8\"><img decoding=\"async\" width=\"875\" loading=\"lazy\" class=\"uXN1L5 lazyload GqYslU\" srcset=\"https:\/\/down-vn.img.susercontent.com\/file\/vn-11134208-7ra0g-m6hye7emmwf50f@resize_w875_nl 1x, https:\/\/down-vn.img.susercontent.com\/file\/vn-11134208-7ra0g-m6hye7emmwf50f@resize_w1750_nl 2x\" src=\"https:\/\/down-vn.img.susercontent.com\/file\/vn-11134208-7ra0g-m6hye7emmwf50f\" height=\"875\"><\/picture><\/div>\n<\/div>\n<div class=\"QN2lPu\">\n<div style=\"position: relative; width: 100%; padding-bottom: 100%;\"><picture class=\"UkIsx8\"><source srcset=\"https:\/\/down-vn.img.susercontent.com\/file\/vn-11134208-7ra0g-m6hyeeiq84o1c3@resize_w875_nl.webp 1x, https:\/\/down-vn.img.susercontent.com\/file\/vn-11134208-7ra0g-m6hyeeiq84o1c3@resize_w1750_nl.webp 2x\" type=\"image\/webp\" class=\"UkIsx8\"><img decoding=\"async\" width=\"875\" loading=\"lazy\" class=\"uXN1L5 lazyload GqYslU\" srcset=\"https:\/\/down-vn.img.susercontent.com\/file\/vn-11134208-7ra0g-m6hyeeiq84o1c3@resize_w875_nl 1x, https:\/\/down-vn.img.susercontent.com\/file\/vn-11134208-7ra0g-m6hyeeiq84o1c3@resize_w1750_nl 2x\" src=\"https:\/\/down-vn.img.susercontent.com\/file\/vn-11134208-7ra0g-m6hyeeiq84o1c3\" height=\"875\"><\/picture><\/div>\n<\/div>\n<div class=\"QN2lPu\">\n<div style=\"position: relative; width: 100%; padding-bottom: 100%;\"><picture class=\"UkIsx8\"><source srcset=\"https:\/\/down-vn.img.susercontent.com\/file\/vn-11134208-7ra0g-m6hyeeiq8413bd@resize_w875_nl.webp 1x, https:\/\/down-vn.img.susercontent.com\/file\/vn-11134208-7ra0g-m6hyeeiq8413bd@resize_w1750_nl.webp 2x\" type=\"image\/webp\" class=\"UkIsx8\"><img decoding=\"async\" width=\"875\" loading=\"lazy\" class=\"uXN1L5 lazyload QSLoEa GqYslU\" srcset=\"https:\/\/down-vn.img.susercontent.com\/file\/vn-11134208-7ra0g-m6hyeeiq8413bd@resize_w875_nl 1x, https:\/\/down-vn.img.susercontent.com\/file\/vn-11134208-7ra0g-m6hyeeiq8413bd@resize_w1750_nl 2x\" src=\"https:\/\/down-vn.img.susercontent.com\/file\/vn-11134208-7ra0g-m6hyeeiq8413bd\" height=\"875\"><\/picture><\/div>\n<\/div>\n<div class=\"QN2lPu\">\n<div style=\"position: relative; width: 100%; padding-bottom: 100%;\"><picture class=\"UkIsx8\"><source srcset=\"https:\/\/down-vn.img.susercontent.com\/file\/vn-11134208-7ra0g-m6hyeit0b0khcd@resize_w875_nl.webp 1x, https:\/\/down-vn.img.susercontent.com\/file\/vn-11134208-7ra0g-m6hyeit0b0khcd@resize_w1750_nl.webp 2x\" type=\"image\/webp\" class=\"UkIsx8\"><img decoding=\"async\" width=\"875\" loading=\"lazy\" class=\"uXN1L5 lazyload QSLoEa GqYslU\" srcset=\"https:\/\/down-vn.img.susercontent.com\/file\/vn-11134208-7ra0g-m6hyeit0b0khcd@resize_w875_nl 1x, https:\/\/down-vn.img.susercontent.com\/file\/vn-11134208-7ra0g-m6hyeit0b0khcd@resize_w1750_nl 2x\" src=\"https:\/\/down-vn.img.susercontent.com\/file\/vn-11134208-7ra0g-m6hyeit0b0khcd\" height=\"875\"><\/picture><\/div>\n<\/div>\n<p class=\"QN2lPu\">\n<\/div>\n","protected":false},"excerpt":{"rendered":"<p>\u0110\u1ed3 Ch\u01a1i L\u1eafp R\u00e1p Xe \u0110ua McLaren F1-Mcl38 LEGO SPEED CHAMPIONS 77251 (263 chi ti\u1ebft) \u25cf Tr\u1ea3i nghi\u1ec7m c\u1ea3m gi\u00e1c ph\u1ea5n kh\u00edch c\u1ee7a cu\u1ed9c \u0111ua xe C\u00f4ng th\u1ee9c 1\u00ae v\u1edbi chi\u1ebfc xe \u0111ua Williams Racing Fw46 F1\u00ae \u0111\u01b0\u1ee3c l\u1eafp r\u00e1p t\u1eeb c\u00e1c vi\u00ean g\u1ea1ch Lego\u00ae. Thu th\u1eadp, l\u1eafp r\u00e1p, tr\u01b0ng b\u00e0y v\u00e0 tho\u1ea3 s\u1ee9c \u0111ua&#8230;<\/p>\n","protected":false},"featured_media":14414,"comment_status":"open","ping_status":"closed","template":"","meta":[],"product_brand":[],"product_cat":[1346],"product_tag":[],"class_list":{"0":"post-14155","1":"product","2":"type-product","3":"status-publish","4":"has-post-thumbnail","6":"product_cat-do-choi-lap-rap","8":"first","9":"instock","10":"featured","11":"shipping-taxable","12":"purchasable","13":"product-type-simple"},"_links":{"self":[{"href":"https:\/\/web-ban-le.mbws.vn\/do-choi\/wp-json\/wp\/v2\/product\/14155","targetHints":{"allow":["GET"]}}],"collection":[{"href":"https:\/\/web-ban-le.mbws.vn\/do-choi\/wp-json\/wp\/v2\/product"}],"about":[{"href":"https:\/\/web-ban-le.mbws.vn\/do-choi\/wp-json\/wp\/v2\/types\/product"}],"replies":[{"embeddable":true,"href":"https:\/\/web-ban-le.mbws.vn\/do-choi\/wp-json\/wp\/v2\/comments?post=14155"}],"wp:featuredmedia":[{"embeddable":true,"href":"https:\/\/web-ban-le.mbws.vn\/do-choi\/wp-json\/wp\/v2\/media\/14414"}],"wp:attachment":[{"href":"https:\/\/web-ban-le.mbws.vn\/do-choi\/wp-json\/wp\/v2\/media?parent=14155"}],"wp:term":[{"taxonomy":"product_brand","embeddable":true,"href":"https:\/\/web-ban-le.mbws.vn\/do-choi\/wp-json\/wp\/v2\/product_brand?post=14155"},{"taxonomy":"product_cat","embeddable":true,"href":"https:\/\/web-ban-le.mbws.vn\/do-choi\/wp-json\/wp\/v2\/product_cat?post=14155"},{"taxonomy":"product_tag","embeddable":true,"href":"https:\/\/web-ban-le.mbws.vn\/do-choi\/wp-json\/wp\/v2\/product_tag?post=14155"}],"curies":[{"name":"wp","href":"https:\/\/api.w.org\/{rel}","templated":true}]}}