{"id":14180,"date":"2025-10-28T13:25:53","date_gmt":"2025-10-28T06:25:53","guid":{"rendered":"https:\/\/web-ban-le.mbws.vn\/do-choi\/?post_type=product&#038;p=14180"},"modified":"2025-11-05T08:29:27","modified_gmt":"2025-11-05T01:29:27","slug":"lego-city-60373-tau-thuy-cuu-hoa-144-chi-tiet","status":"publish","type":"product","link":"https:\/\/web-ban-le.mbws.vn\/do-choi\/san-pham\/lego-city-60373-tau-thuy-cuu-hoa-144-chi-tiet\/","title":{"rendered":"LEGO CITY 60373 T\u00e0u Th\u1ee7y C\u1ee9u H\u1ecfa (144 Chi Ti\u1ebft)"},"content":{"rendered":"<div class=\"e8lZp3\">\n<p class=\"QN2lPu\">LEGO City 60373 T\u00e0u Th\u1ee7y C\u1ee9u H\u1ecfa (144 Chi Ti\u1ebft)<\/p>\n<p class=\"QN2lPu\">\n<p class=\"QN2lPu\">Nh\u1eefng cu\u1ed9c phi\u00eau l\u01b0u ch\u1eefa ch\u00e1y th\u00fa v\u1ecb \u0111ang ch\u1edd \u0111\u1ee3i b\u00e9 v\u1edbi b\u1ed9 \u0111\u1ed3 ch\u01a1i LEGO\u00ae City T\u00e0u Thu\u1ef7 C\u1ee9u Ho\u1ea3 (60373), bao g\u1ed3m m\u1ed9t chi\u1ebfc t\u00e0u c\u1ee9u h\u1ecfa \u0111\u1ed3 ch\u01a1i th\u00fa v\u1ecb v\u00e0 t\u00e0u cao t\u1ed1c. B\u00e9 c\u00f3 th\u1ec3 phun n\u01b0\u1edbc t\u1eeb b\u00ecnh ch\u1eefa ch\u00e1y c\u1ee7a t\u00e0u v\u00e0 t\u00fai ph\u1ea3n l\u1ef1c c\u1ee7a l\u00ednh c\u1ee9u h\u1ecfa \u0111\u1ec3 d\u1eadp t\u1eaft ng\u1ecdn l\u1eeda. Ch\u1ec9 c\u1ea7n th\u00eam 3 nh\u00e2n v\u1eadt nh\u1ecf \u0111i k\u00e8m v\u00e0 b\u1eaft \u0111\u1ea7u cu\u1ed9c vui.<\/p>\n<p class=\"QN2lPu\">L\u1eafp r\u00e1p k\u1ef9 thu\u1eadt s\u1ed1 th\u00fa v\u1ecb d\u00e0nh cho tr\u1ebb t\u1eeb 5 tu\u1ed5i tr\u1edf l\u00ean<\/p>\n<p class=\"QN2lPu\">B\u1ed9 l\u1eafp gh\u00e9p LEGO n\u00e0y bao g\u1ed3m h\u01b0\u1edbng d\u1eabn l\u1eafp r\u00e1p t\u1eebng b\u01b0\u1edbc \u0111\u01b0\u1ee3c in v\u00e0 \u1ee9ng d\u1ee5ng LEGO Builder &#8211; \u1ee9ng d\u1ee5ng k\u1ef9 thu\u1eadt s\u1ed1 v\u1edbi c\u00e1c c\u00f4ng c\u1ee5 thu ph\u00f3ng v\u00e0 xoay tr\u1ef1c quan cho ph\u00e9p tr\u1ebb h\u00ecnh dung m\u00f4 h\u00ecnh \u0111\u00e3 ho\u00e0n th\u00e0nh t\u1eeb m\u1ecdi g\u00f3c \u0111\u1ed9 khi ch\u00fang l\u1eafp r\u00e1p.<\/p>\n<p class=\"QN2lPu\">L\u1ea5y tr\u1ebb em l\u00e0m trung t\u00e2m c\u1ee7a h\u00e0nh \u0111\u1ed9ng<\/p>\n<p class=\"QN2lPu\">C\u00e1c b\u1ed9 \u0111\u1ed3 ch\u01a1i LEGO City mang \u0111\u1ebfn tr\u1ea3i nghi\u1ec7m l\u1eafp r\u00e1p v\u00e0 nh\u1eadp vai v\u1edbi c\u00e1c m\u1ea3nh gh\u00e9p gi\u00e0u t\u00ednh n\u0103ng, ph\u01b0\u01a1ng ti\u1ec7n th\u1ef1c t\u1ebf v\u00e0 c\u00e1c nh\u00e2n v\u1eadt vui nh\u1ed9n truy\u1ec1n c\u1ea3m h\u1ee9ng cho l\u1ed1i ch\u01a1i m\u1edf, gi\u00e0u tr\u00ed t\u01b0\u1edfng t\u01b0\u1ee3ng.<\/p>\n<p class=\"QN2lPu\">\u2022 T\u00e0u c\u1ee9u h\u1ecfa \u0111\u1ed3 ch\u01a1i \u2013 H\u00e0ng gi\u1edd gi\u1ea3i tr\u00ed ch\u1eefa ch\u00e1y \u0111\u1ea7y h\u00e0nh \u0111\u1ed9ng \u0111ang ch\u1edd \u0111\u1ee3i b\u00e9 v\u1edbi b\u1ed9 \u0111\u1ed3 ch\u01a1i LEGO\u00ae City T\u00e0u Thu\u1ef7 C\u1ee9u Ho\u1ea3 (60373)<\/p>\n<p class=\"QN2lPu\">\u2022 Trong h\u1ed9p c\u00f3 nh\u1eefng g\u00ec? \u2013 M\u1ecdi th\u1ee9 b\u00e9 c\u1ea7n \u0111\u1ec3 \u0111\u00f3ng m\u1ed9t chi\u1ebfc t\u00e0u c\u1ee9u h\u1ecfa \u0111\u1ed3 ch\u01a1i v\u00e0 t\u00e0u cao t\u1ed1c, c\u00f9ng v\u1edbi 4 nh\u00e2n v\u1eadt nh\u1ecf v\u1edbi c\u00e1c ph\u1ee5 ki\u1ec7n th\u00fa v\u1ecb, bao g\u1ed3m m\u1ed9t b\u1ed9 ph\u1ea3n l\u1ef1c ch\u1eefa ch\u00e1y<\/p>\n<p class=\"QN2lPu\">\u2022 T\u00ednh n\u0103ng v\u00e0 ch\u1ee9c n\u0103ng \u2013 B\u00e9 c\u00f3 th\u1ec3 phun n\u01b0\u1edbc t\u1eeb b\u00ecnh ch\u1eefa ch\u00e1y c\u1ee7a t\u00e0u c\u1ee9u h\u1ecfa v\u00e0 t\u00fai ph\u1ea3n l\u1ef1c c\u1ee7a l\u00ednh c\u1ee9u h\u1ecfa<\/p>\n<p class=\"QN2lPu\">\u2022 M\u1ed9t m\u00f3n qu\u00e0 cho b\u1ea5t k\u1ef3 d\u1ecbp n\u00e0o \u2013 T\u1eb7ng b\u1ed9 l\u1eafp r\u00e1p n\u00e0y nh\u01b0 m\u1ed9t m\u00f3n qu\u00e0 sinh nh\u1eadt, ng\u00e0y l\u1ec5 ho\u1eb7c b\u1ea5t k\u1ef3 ng\u00e0y n\u00e0o cho tr\u1ebb em t\u1eeb 5 tu\u1ed5i tr\u1edf l\u00ean y\u00eau th\u00edch \u0111\u1ed3 ch\u01a1i h\u00e0nh \u0111\u1ed9ng th\u00fa v\u1ecb<\/p>\n<p class=\"QN2lPu\">\u2022 K\u00edch th\u01b0\u1edbc \u2013 T\u00e0u c\u1ee9u h\u1ecfa c\u00f3 chi\u1ec1u cao tr\u00ean 3 inch (8 cm), d\u00e0i 9 inch (23 cm) v\u00e0 r\u1ed9ng 2,5 inch (7 cm)<\/p>\n<p class=\"QN2lPu\">\u2022 Kh\u00f4ng c\u1ea7n d\u00f9ng pin \u2013 T\u00e0u Thu\u1ef7 C\u1ee9u Ho\u1ea3 ho\u1ea1t \u0111\u1ed9ng nh\u1edd v\u00e0o tr\u00ed t\u01b0\u1edfng t\u01b0\u1ee3ng c\u1ee7a tr\u1ebb<\/p>\n<p class=\"QN2lPu\">\u2022 Bao g\u1ed3m h\u01b0\u1edbng d\u1eabn l\u1eafp r\u00e1p k\u1ef9 thu\u1eadt s\u1ed1 t\u01b0\u01a1ng t\u00e1c \u2013 Tr\u1ebb em c\u00f3 th\u1ec3 ph\u00f3ng to, xoay v\u00e0 xem c\u00e1c m\u00f4 h\u00ecnh trong b\u1ed9 n\u00e0y t\u1eeb m\u1ecdi g\u00f3c \u0111\u1ed9 khi ch\u00fang l\u1eafp r\u00e1p b\u1eb1ng \u1ee9ng d\u1ee5ng LEGO\u00ae Builder d\u00e0nh cho \u0111i\u1ec7n tho\u1ea1i th\u00f4ng minh v\u00e0 m\u00e1y t\u00ednh b\u1ea3ng<\/p>\n<p class=\"QN2lPu\">\u2022 Ph\u00e1t tri\u1ec3n k\u1ef9 n\u0103ng s\u00e1ng t\u1ea1o c\u1ee7a tr\u1ebb \u2013 Tr\u1ebb ph\u00e1t tri\u1ec3n s\u1ef1 t\u1ef1 tin v\u00e0 c\u00e1c k\u1ef9 n\u0103ng s\u1ed1ng quan tr\u1ecdng th\u00f4ng qua b\u1ed9 \u0111\u1ed3 ch\u01a1i LEGO\u00ae \u0111\u1ed9c l\u1eadp v\u00e0 theo nh\u00f3m<\/p>\n<p class=\"QN2lPu\">\u2022 T\u1eadp trung v\u00e0o ch\u1ea5t l\u01b0\u1ee3ng t\u1eeb n\u0103m 1958 \u2013 T\u1ea5t c\u1ea3 c\u00e1c th\u00e0nh ph\u1ea7n LEGO\u00ae \u0111\u1ec1u \u0111\u00e1p \u1ee9ng c\u00e1c ti\u00eau chu\u1ea9n nghi\u00eam ng\u1eb7t c\u1ee7a ng\u00e0nh \u0111\u1ec3 \u0111\u1ea3m b\u1ea3o ch\u00fang nh\u1ea5t qu\u00e1n, t\u01b0\u01a1ng th\u00edch v\u00e0 th\u00fa v\u1ecb khi l\u1eafp r\u00e1p<\/p>\n<p class=\"QN2lPu\">\u2022 \u0110\u00e3 ki\u1ec3m tra v\u1ec1 \u0111\u1ed9 an to\u00e0n \u2013 C\u00e1c m\u1ea3nh gh\u00e9p c\u1ee7a LEGO\u00ae \u0111\u01b0\u1ee3c th\u1ea3 r\u01a1i, nung n\u00f3ng, nghi\u1ec1n n\u00e1t, xo\u1eafn v\u00e0 ph\u00e2n t\u00edch \u0111\u1ec3 \u0111\u1ea3m b\u1ea3o ch\u00fang \u0111\u00e1p \u1ee9ng c\u00e1c ti\u00eau chu\u1ea9n to\u00e0n c\u1ea7u nghi\u00eam ng\u1eb7t v\u1ec1 an to\u00e0n<\/p>\n<div class=\"QN2lPu\">\n<div style=\"position: relative; width: 100%; padding-bottom: 86.1326%;\"><picture class=\"UkIsx8\"><source srcset=\"https:\/\/down-vn.img.susercontent.com\/file\/vn-11134202-7ras8-m2w222ncfldyca@resize_w875_nl.webp 1x, https:\/\/down-vn.img.susercontent.com\/file\/vn-11134202-7ras8-m2w222ncfldyca@resize_w1750_nl.webp 2x\" type=\"image\/webp\" class=\"UkIsx8\"><img decoding=\"async\" width=\"875\" loading=\"lazy\" class=\"uXN1L5 lazyload GqYslU\" srcset=\"https:\/\/down-vn.img.susercontent.com\/file\/vn-11134202-7ras8-m2w222ncfldyca@resize_w875_nl 1x, https:\/\/down-vn.img.susercontent.com\/file\/vn-11134202-7ras8-m2w222ncfldyca@resize_w1750_nl 2x\" src=\"https:\/\/down-vn.img.susercontent.com\/file\/vn-11134202-7ras8-m2w222ncfldyca\" height=\"754\"><\/picture><\/div>\n<\/div>\n<\/div>\n","protected":false},"excerpt":{"rendered":"<p>LEGO City 60373 T\u00e0u Th\u1ee7y C\u1ee9u H\u1ecfa (144 Chi Ti\u1ebft) Nh\u1eefng cu\u1ed9c phi\u00eau l\u01b0u ch\u1eefa ch\u00e1y th\u00fa v\u1ecb \u0111ang ch\u1edd \u0111\u1ee3i b\u00e9 v\u1edbi b\u1ed9 \u0111\u1ed3 ch\u01a1i LEGO\u00ae City T\u00e0u Thu\u1ef7 C\u1ee9u Ho\u1ea3 (60373), bao g\u1ed3m m\u1ed9t chi\u1ebfc t\u00e0u c\u1ee9u h\u1ecfa \u0111\u1ed3 ch\u01a1i th\u00fa v\u1ecb v\u00e0 t\u00e0u cao t\u1ed1c. B\u00e9 c\u00f3 th\u1ec3 phun n\u01b0\u1edbc t\u1eeb b\u00ecnh&#8230;<\/p>\n","protected":false},"featured_media":14421,"comment_status":"open","ping_status":"closed","template":"","meta":[],"product_brand":[],"product_cat":[1346],"product_tag":[],"class_list":{"0":"post-14180","1":"product","2":"type-product","3":"status-publish","4":"has-post-thumbnail","6":"product_cat-do-choi-lap-rap","8":"first","9":"instock","10":"featured","11":"shipping-taxable","12":"purchasable","13":"product-type-simple"},"_links":{"self":[{"href":"https:\/\/web-ban-le.mbws.vn\/do-choi\/wp-json\/wp\/v2\/product\/14180","targetHints":{"allow":["GET"]}}],"collection":[{"href":"https:\/\/web-ban-le.mbws.vn\/do-choi\/wp-json\/wp\/v2\/product"}],"about":[{"href":"https:\/\/web-ban-le.mbws.vn\/do-choi\/wp-json\/wp\/v2\/types\/product"}],"replies":[{"embeddable":true,"href":"https:\/\/web-ban-le.mbws.vn\/do-choi\/wp-json\/wp\/v2\/comments?post=14180"}],"wp:featuredmedia":[{"embeddable":true,"href":"https:\/\/web-ban-le.mbws.vn\/do-choi\/wp-json\/wp\/v2\/media\/14421"}],"wp:attachment":[{"href":"https:\/\/web-ban-le.mbws.vn\/do-choi\/wp-json\/wp\/v2\/media?parent=14180"}],"wp:term":[{"taxonomy":"product_brand","embeddable":true,"href":"https:\/\/web-ban-le.mbws.vn\/do-choi\/wp-json\/wp\/v2\/product_brand?post=14180"},{"taxonomy":"product_cat","embeddable":true,"href":"https:\/\/web-ban-le.mbws.vn\/do-choi\/wp-json\/wp\/v2\/product_cat?post=14180"},{"taxonomy":"product_tag","embeddable":true,"href":"https:\/\/web-ban-le.mbws.vn\/do-choi\/wp-json\/wp\/v2\/product_tag?post=14180"}],"curies":[{"name":"wp","href":"https:\/\/api.w.org\/{rel}","templated":true}]}}