{"id":14181,"date":"2025-10-28T13:25:53","date_gmt":"2025-10-28T06:25:53","guid":{"rendered":"https:\/\/web-ban-le.mbws.vn\/do-choi\/?post_type=product&#038;p=14181"},"modified":"2025-11-05T08:29:26","modified_gmt":"2025-11-05T01:29:26","slug":"lego-botanicals-10343-do-choi-lap-rap-hoa-lan-nho-274-chi-tiet","status":"publish","type":"product","link":"https:\/\/web-ban-le.mbws.vn\/do-choi\/san-pham\/lego-botanicals-10343-do-choi-lap-rap-hoa-lan-nho-274-chi-tiet\/","title":{"rendered":"LEGO BOTANICALS 10343 \u0110\u1ed3 Ch\u01a1i L\u1eafp R\u00e1p Hoa Lan Nh\u1ecf (274 Chi Ti\u1ebft)"},"content":{"rendered":"<div class=\"e8lZp3\">\n<p class=\"QN2lPu\">LEGO BOTANICALS 10343 \u0110\u1ed3 Ch\u01a1i L\u1eafp R\u00e1p Hoa Lan Nh\u1ecf (274 Chi Ti\u1ebft)<\/p>\n<p class=\"QN2lPu\">Th\u1ec3 hi\u1ec7n t\u00ecnh y\u00eau c\u1ee7a b\u1ea1n v\u1edbi hoa v\u1edbi b\u1ed9 x\u00e2y d\u1ef1ng Lego\u00ae Botanicals Mini Orchid.<\/p>\n<p class=\"QN2lPu\">B\u1ed9 Lego\u00ae Mini Orchid l\u00e0 m\u00f3n qu\u00e0 tuy\u1ec7t v\u1eddi cho nh\u1eefng ai y\u00eau th\u00edch thi\u00ean nhi\u00ean v\u00e0 th\u00edch th\u01b0 gi\u00e3n qua vi\u1ec7c x\u00e2y d\u1ef1ng.<\/p>\n<p class=\"QN2lPu\">N\u00f3 bao g\u1ed3m m\u1ed9t b\u00f4ng hoa lan xinh \u0111\u1eb9p v\u1edbi c\u00e1c chi ti\u1ebft ch\u00e2n th\u1ef1c nh\u01b0 ch\u1eadu c\u00e2y, 5 b\u00f4ng hoa m\u00e0u \u0111\u00e0o, n\u1ee5 hoa v\u00e0 l\u00e1. Sau khi ho\u00e0n th\u00e0nh, b\u00f4ng hoa Lego\u00ae n\u00e0y s\u1ebd l\u00e0 m\u00f3n \u0111\u1ed3 trang tr\u00ed tuy\u1ec7t v\u1eddi, mang l\u1ea1i c\u1ea3m h\u1ee9ng thi\u00ean nhi\u00ean cho kh\u00f4ng gian s\u1ed1ng ho\u1eb7c v\u0103n ph\u00f2ng c\u1ee7a b\u1ea1n.<\/p>\n<p class=\"QN2lPu\">\u0110i\u1ec3m N\u1ed5i B\u1eadt:<\/p>\n<p class=\"QN2lPu\">X\u00e2y D\u1ef1ng Hoa Lan Mini: B\u1ed9 Lego\u00ae Mini Orchid ho\u00e0n h\u1ea3o cho vi\u1ec7c x\u00e2y d\u1ef1ng m\u1ed9t m\u00e0n h\u00ecnh hoa th\u1ef1c t\u1ebf, bao g\u1ed3m ch\u1eadu c\u00e2y, 5 b\u00f4ng hoa m\u00e0u \u0111\u00e0o, n\u1ee5 hoa v\u00e0 l\u00e1 xanh.<\/p>\n<p class=\"QN2lPu\">\u00dd Ngh\u0129a Ngh\u1ec7 Thu\u1eadt: Hoa lan c\u00f3 \u00fd ngh\u0129a \u0111\u1eb7c bi\u1ec7t trong ngh\u1ec7 thu\u1eadt truy\u1ec1n th\u1ed1ng, l\u00e0m n\u1ed5i b\u1eadt v\u1ebb \u0111\u1eb9p t\u1ef1 nhi\u00ean.<\/p>\n<p class=\"QN2lPu\">Trang Tr\u00ed Th\u1ef1c T\u1ebf: Khi ho\u00e0n th\u00e0nh, b\u1ed9 hoa n\u00e0y s\u1ebd tr\u1edf th\u00e0nh m\u1ed9t ph\u1ea7n c\u1ee7a \u0111\u1ed3 trang tr\u00ed trong nh\u00e0 ho\u1eb7c v\u0103n ph\u00f2ng theo ch\u1ee7 \u0111\u1ec1 thi\u00ean nhi\u00ean.<\/p>\n<p class=\"QN2lPu\">M\u00f3n Qu\u00e0 T\u1eeb Thi\u00ean Nhi\u00ean: \u0110\u00e2y l\u00e0 m\u00f3n qu\u00e0 tuy\u1ec7t v\u1eddi cho nh\u1eefng ng\u01b0\u1eddi y\u00eau thi\u00ean nhi\u00ean, ph\u1ee5 n\u1eef, \u0111\u00e0n \u00f4ng ho\u1eb7c b\u1ea5t k\u1ef3 ai y\u00eau th\u00edch c\u00e1c m\u00f3n \u0111\u1ed3 trang tr\u00ed c\u00f3 ngu\u1ed3n c\u1ea3m h\u1ee9ng t\u1eeb thi\u00ean nhi\u00ean.<\/p>\n<p class=\"QN2lPu\">H\u01b0\u1edbng D\u1eabn X\u00e2y D\u1ef1ng: B\u1ed9 bao g\u1ed3m c\u00e1c h\u01b0\u1edbng d\u1eabn x\u00e2y d\u1ef1ng in v\u00e0 k\u1ef9 thu\u1eadt s\u1ed1 \u0111\u1ec3 gi\u00fap b\u1ea1n d\u1ec5 d\u00e0ng th\u1ef1c hi\u1ec7n.<\/p>\n<p class=\"QN2lPu\">Kh\u00e1m Ph\u00e1 Th\u00eam: Kh\u00e1m ph\u00e1 c\u00e1c b\u1ed9 Lego\u00ae Botanicals kh\u00e1c trong b\u1ed9 s\u01b0u t\u1eadp (b\u00e1n ri\u00eang).<\/p>\n<p class=\"QN2lPu\">Th\u00f4ng Tin B\u1ed9 S\u1ea3n Ph\u1ea9m:<\/p>\n<p class=\"QN2lPu\">Bao g\u1ed3m 274 m\u1ea3nh v\u00e0 c\u00f3 chi\u1ec1u cao h\u01a1n 25 cm (10 in.).<\/p>\n<p class=\"QN2lPu\">Th\u00f4ng tin s\u1ea3n ph\u1ea9m: <\/p>\n<p class=\"QN2lPu\">&#8211; Xu\u1ea5t x\u1ee9: Trung Qu\u1ed1c <\/p>\n<p class=\"QN2lPu\">&#8211; K\u00edch th\u01b0\u1edbc h\u1ed9p h\u00e0ng: 26.2&#215;19.1&#215;6.1 cm<\/p>\n<p class=\"QN2lPu\">\n<div class=\"QN2lPu\">\n<div style=\"position: relative; width: 100%; padding-bottom: 100%;\"><picture class=\"UkIsx8\"><source srcset=\"https:\/\/down-vn.img.susercontent.com\/file\/vn-11134208-7ras8-m4egpwfpohgwcf@resize_w875_nl.webp 1x, https:\/\/down-vn.img.susercontent.com\/file\/vn-11134208-7ras8-m4egpwfpohgwcf@resize_w1750_nl.webp 2x\" type=\"image\/webp\" class=\"UkIsx8\"><img decoding=\"async\" width=\"875\" loading=\"lazy\" class=\"uXN1L5 lazyload GqYslU\" srcset=\"https:\/\/down-vn.img.susercontent.com\/file\/vn-11134208-7ras8-m4egpwfpohgwcf@resize_w875_nl 1x, https:\/\/down-vn.img.susercontent.com\/file\/vn-11134208-7ras8-m4egpwfpohgwcf@resize_w1750_nl 2x\" src=\"https:\/\/down-vn.img.susercontent.com\/file\/vn-11134208-7ras8-m4egpwfpohgwcf\" height=\"875\"><\/picture><\/div>\n<\/div>\n<div class=\"QN2lPu\">\n<div style=\"position: relative; width: 100%; padding-bottom: 100%;\"><picture class=\"UkIsx8\"><source srcset=\"https:\/\/down-vn.img.susercontent.com\/file\/vn-11134208-7ras8-m4egpwfppw1c3d@resize_w875_nl.webp 1x, https:\/\/down-vn.img.susercontent.com\/file\/vn-11134208-7ras8-m4egpwfppw1c3d@resize_w1750_nl.webp 2x\" type=\"image\/webp\" class=\"UkIsx8\"><img decoding=\"async\" width=\"875\" loading=\"lazy\" class=\"uXN1L5 lazyload GqYslU\" srcset=\"https:\/\/down-vn.img.susercontent.com\/file\/vn-11134208-7ras8-m4egpwfppw1c3d@resize_w875_nl 1x, https:\/\/down-vn.img.susercontent.com\/file\/vn-11134208-7ras8-m4egpwfppw1c3d@resize_w1750_nl 2x\" src=\"https:\/\/down-vn.img.susercontent.com\/file\/vn-11134208-7ras8-m4egpwfppw1c3d\" height=\"875\"><\/picture><\/div>\n<\/div>\n<div class=\"QN2lPu\">\n<div style=\"position: relative; width: 100%; padding-bottom: 100%;\"><picture class=\"UkIsx8\"><source srcset=\"https:\/\/down-vn.img.susercontent.com\/file\/vn-11134208-7ras8-m4egpwfprals1a@resize_w875_nl.webp 1x, https:\/\/down-vn.img.susercontent.com\/file\/vn-11134208-7ras8-m4egpwfprals1a@resize_w1750_nl.webp 2x\" type=\"image\/webp\" class=\"UkIsx8\"><img decoding=\"async\" width=\"875\" loading=\"lazy\" class=\"uXN1L5 lazyload GqYslU\" srcset=\"https:\/\/down-vn.img.susercontent.com\/file\/vn-11134208-7ras8-m4egpwfprals1a@resize_w875_nl 1x, https:\/\/down-vn.img.susercontent.com\/file\/vn-11134208-7ras8-m4egpwfprals1a@resize_w1750_nl 2x\" src=\"https:\/\/down-vn.img.susercontent.com\/file\/vn-11134208-7ras8-m4egpwfprals1a\" height=\"875\"><\/picture><\/div>\n<\/div>\n<div class=\"QN2lPu\">\n<div style=\"position: relative; width: 100%; padding-bottom: 100%;\"><picture class=\"UkIsx8\"><source srcset=\"https:\/\/down-vn.img.susercontent.com\/file\/vn-11134208-7ras8-m4egpwfpsp68d8@resize_w875_nl.webp 1x, https:\/\/down-vn.img.susercontent.com\/file\/vn-11134208-7ras8-m4egpwfpsp68d8@resize_w1750_nl.webp 2x\" type=\"image\/webp\" class=\"UkIsx8\"><img decoding=\"async\" width=\"875\" loading=\"lazy\" class=\"uXN1L5 lazyload GqYslU\" srcset=\"https:\/\/down-vn.img.susercontent.com\/file\/vn-11134208-7ras8-m4egpwfpsp68d8@resize_w875_nl 1x, https:\/\/down-vn.img.susercontent.com\/file\/vn-11134208-7ras8-m4egpwfpsp68d8@resize_w1750_nl 2x\" src=\"https:\/\/down-vn.img.susercontent.com\/file\/vn-11134208-7ras8-m4egpwfpsp68d8\" height=\"875\"><\/picture><\/div>\n<\/div>\n<div class=\"QN2lPu\">\n<div style=\"position: relative; width: 100%; padding-bottom: 100%;\"><picture class=\"UkIsx8\"><source srcset=\"https:\/\/down-vn.img.susercontent.com\/file\/vn-11134208-7ras8-m4egpwfpu3qo7f@resize_w875_nl.webp 1x, https:\/\/down-vn.img.susercontent.com\/file\/vn-11134208-7ras8-m4egpwfpu3qo7f@resize_w1750_nl.webp 2x\" type=\"image\/webp\" class=\"UkIsx8\"><img decoding=\"async\" width=\"875\" loading=\"lazy\" class=\"uXN1L5 lazyload GqYslU\" srcset=\"https:\/\/down-vn.img.susercontent.com\/file\/vn-11134208-7ras8-m4egpwfpu3qo7f@resize_w875_nl 1x, https:\/\/down-vn.img.susercontent.com\/file\/vn-11134208-7ras8-m4egpwfpu3qo7f@resize_w1750_nl 2x\" src=\"https:\/\/down-vn.img.susercontent.com\/file\/vn-11134208-7ras8-m4egpwfpu3qo7f\" height=\"875\"><\/picture><\/div>\n<\/div>\n<div class=\"QN2lPu\">\n<div style=\"position: relative; width: 100%; padding-bottom: 100%;\"><picture class=\"UkIsx8\"><source srcset=\"https:\/\/down-vn.img.susercontent.com\/file\/vn-11134208-7ras8-m4egpwfpvib499@resize_w875_nl.webp 1x, https:\/\/down-vn.img.susercontent.com\/file\/vn-11134208-7ras8-m4egpwfpvib499@resize_w1750_nl.webp 2x\" type=\"image\/webp\" class=\"UkIsx8\"><img decoding=\"async\" width=\"875\" loading=\"lazy\" class=\"uXN1L5 lazyload GqYslU\" srcset=\"https:\/\/down-vn.img.susercontent.com\/file\/vn-11134208-7ras8-m4egpwfpvib499@resize_w875_nl 1x, https:\/\/down-vn.img.susercontent.com\/file\/vn-11134208-7ras8-m4egpwfpvib499@resize_w1750_nl 2x\" src=\"https:\/\/down-vn.img.susercontent.com\/file\/vn-11134208-7ras8-m4egpwfpvib499\" height=\"875\"><\/picture><\/div>\n<\/div>\n<div class=\"QN2lPu\">\n<div style=\"position: relative; width: 100%; padding-bottom: 100%;\"><picture class=\"UkIsx8\"><source srcset=\"https:\/\/down-vn.img.susercontent.com\/file\/vn-11134208-7ras8-m4egpwfpwwvk2c@resize_w875_nl.webp 1x, https:\/\/down-vn.img.susercontent.com\/file\/vn-11134208-7ras8-m4egpwfpwwvk2c@resize_w1750_nl.webp 2x\" type=\"image\/webp\" class=\"UkIsx8\"><img decoding=\"async\" width=\"875\" loading=\"lazy\" class=\"uXN1L5 lazyload GqYslU\" srcset=\"https:\/\/down-vn.img.susercontent.com\/file\/vn-11134208-7ras8-m4egpwfpwwvk2c@resize_w875_nl 1x, https:\/\/down-vn.img.susercontent.com\/file\/vn-11134208-7ras8-m4egpwfpwwvk2c@resize_w1750_nl 2x\" src=\"https:\/\/down-vn.img.susercontent.com\/file\/vn-11134208-7ras8-m4egpwfpwwvk2c\" height=\"875\"><\/picture><\/div>\n<\/div>\n<div class=\"QN2lPu\">\n<div style=\"position: relative; width: 100%; padding-bottom: 100%;\"><picture class=\"UkIsx8\"><source srcset=\"https:\/\/down-vn.img.susercontent.com\/file\/vn-11134208-7ras8-m4egpwfpybg0e0@resize_w875_nl.webp 1x, https:\/\/down-vn.img.susercontent.com\/file\/vn-11134208-7ras8-m4egpwfpybg0e0@resize_w1750_nl.webp 2x\" type=\"image\/webp\" class=\"UkIsx8\"><img decoding=\"async\" width=\"875\" loading=\"lazy\" class=\"uXN1L5 lazyload QSLoEa GqYslU\" srcset=\"https:\/\/down-vn.img.susercontent.com\/file\/vn-11134208-7ras8-m4egpwfpybg0e0@resize_w875_nl 1x, https:\/\/down-vn.img.susercontent.com\/file\/vn-11134208-7ras8-m4egpwfpybg0e0@resize_w1750_nl 2x\" src=\"https:\/\/down-vn.img.susercontent.com\/file\/vn-11134208-7ras8-m4egpwfpybg0e0\" height=\"875\"><\/picture><\/div>\n<\/div>\n<div class=\"QN2lPu\">\n<div style=\"position: relative; width: 100%; padding-bottom: 100%;\"><picture class=\"UkIsx8\"><source srcset=\"https:\/\/down-vn.img.susercontent.com\/file\/vn-11134208-7ras8-m4egpwfpzq0g4c@resize_w875_nl.webp 1x, https:\/\/down-vn.img.susercontent.com\/file\/vn-11134208-7ras8-m4egpwfpzq0g4c@resize_w1750_nl.webp 2x\" type=\"image\/webp\" class=\"UkIsx8\"><img decoding=\"async\" width=\"875\" loading=\"lazy\" class=\"uXN1L5 lazyload QSLoEa GqYslU\" srcset=\"https:\/\/down-vn.img.susercontent.com\/file\/vn-11134208-7ras8-m4egpwfpzq0g4c@resize_w875_nl 1x, https:\/\/down-vn.img.susercontent.com\/file\/vn-11134208-7ras8-m4egpwfpzq0g4c@resize_w1750_nl 2x\" src=\"https:\/\/down-vn.img.susercontent.com\/file\/vn-11134208-7ras8-m4egpwfpzq0g4c\" height=\"875\"><\/picture><\/div>\n<\/div>\n<div class=\"QN2lPu\">\n<div style=\"position: relative; width: 100%; padding-bottom: 100%;\"><picture class=\"UkIsx8\"><source srcset=\"https:\/\/down-vn.img.susercontent.com\/file\/vn-11134208-7ras8-m4egpwfq14kwbf@resize_w875_nl.webp 1x, https:\/\/down-vn.img.susercontent.com\/file\/vn-11134208-7ras8-m4egpwfq14kwbf@resize_w1750_nl.webp 2x\" type=\"image\/webp\" class=\"UkIsx8\"><img decoding=\"async\" width=\"875\" loading=\"lazy\" class=\"uXN1L5 lazyload QSLoEa GqYslU\" srcset=\"https:\/\/down-vn.img.susercontent.com\/file\/vn-11134208-7ras8-m4egpwfq14kwbf@resize_w875_nl 1x, https:\/\/down-vn.img.susercontent.com\/file\/vn-11134208-7ras8-m4egpwfq14kwbf@resize_w1750_nl 2x\" src=\"https:\/\/down-vn.img.susercontent.com\/file\/vn-11134208-7ras8-m4egpwfq14kwbf\" height=\"875\"><\/picture><\/div>\n<\/div>\n<\/div>\n","protected":false},"excerpt":{"rendered":"<p>LEGO BOTANICALS 10343 \u0110\u1ed3 Ch\u01a1i L\u1eafp R\u00e1p Hoa Lan Nh\u1ecf (274 Chi Ti\u1ebft) Th\u1ec3 hi\u1ec7n t\u00ecnh y\u00eau c\u1ee7a b\u1ea1n v\u1edbi hoa v\u1edbi b\u1ed9 x\u00e2y d\u1ef1ng Lego\u00ae Botanicals Mini Orchid. B\u1ed9 Lego\u00ae Mini Orchid l\u00e0 m\u00f3n qu\u00e0 tuy\u1ec7t v\u1eddi cho nh\u1eefng ai y\u00eau th\u00edch thi\u00ean nhi\u00ean v\u00e0 th\u00edch th\u01b0 gi\u00e3n qua vi\u1ec7c x\u00e2y d\u1ef1ng. N\u00f3 bao&#8230;<\/p>\n","protected":false},"featured_media":14429,"comment_status":"open","ping_status":"closed","template":"","meta":[],"product_brand":[],"product_cat":[1346],"product_tag":[],"class_list":{"0":"post-14181","1":"product","2":"type-product","3":"status-publish","4":"has-post-thumbnail","6":"product_cat-do-choi-lap-rap","8":"first","9":"instock","10":"featured","11":"shipping-taxable","12":"purchasable","13":"product-type-simple"},"_links":{"self":[{"href":"https:\/\/web-ban-le.mbws.vn\/do-choi\/wp-json\/wp\/v2\/product\/14181","targetHints":{"allow":["GET"]}}],"collection":[{"href":"https:\/\/web-ban-le.mbws.vn\/do-choi\/wp-json\/wp\/v2\/product"}],"about":[{"href":"https:\/\/web-ban-le.mbws.vn\/do-choi\/wp-json\/wp\/v2\/types\/product"}],"replies":[{"embeddable":true,"href":"https:\/\/web-ban-le.mbws.vn\/do-choi\/wp-json\/wp\/v2\/comments?post=14181"}],"wp:featuredmedia":[{"embeddable":true,"href":"https:\/\/web-ban-le.mbws.vn\/do-choi\/wp-json\/wp\/v2\/media\/14429"}],"wp:attachment":[{"href":"https:\/\/web-ban-le.mbws.vn\/do-choi\/wp-json\/wp\/v2\/media?parent=14181"}],"wp:term":[{"taxonomy":"product_brand","embeddable":true,"href":"https:\/\/web-ban-le.mbws.vn\/do-choi\/wp-json\/wp\/v2\/product_brand?post=14181"},{"taxonomy":"product_cat","embeddable":true,"href":"https:\/\/web-ban-le.mbws.vn\/do-choi\/wp-json\/wp\/v2\/product_cat?post=14181"},{"taxonomy":"product_tag","embeddable":true,"href":"https:\/\/web-ban-le.mbws.vn\/do-choi\/wp-json\/wp\/v2\/product_tag?post=14181"}],"curies":[{"name":"wp","href":"https:\/\/api.w.org\/{rel}","templated":true}]}}