{"id":14182,"date":"2025-10-28T13:25:53","date_gmt":"2025-10-28T06:25:53","guid":{"rendered":"https:\/\/web-ban-le.mbws.vn\/do-choi\/?post_type=product&#038;p=14182"},"modified":"2025-11-05T08:29:26","modified_gmt":"2025-11-05T01:29:26","slug":"lego-technic-42164-do-choi-lap-rap-xe-dua-vuot-dia-hinh-219-chi-tiet","status":"publish","type":"product","link":"https:\/\/web-ban-le.mbws.vn\/do-choi\/san-pham\/lego-technic-42164-do-choi-lap-rap-xe-dua-vuot-dia-hinh-219-chi-tiet\/","title":{"rendered":"LEGO TECHNIC 42164 \u0110\u1ed3 ch\u01a1i l\u1eafp r\u00e1p Xe \u0111ua v\u01b0\u1ee3t \u0111\u1ecba h\u00ecnh (219 chi ti\u1ebft)"},"content":{"rendered":"<div class=\"e8lZp3\">\n<p class=\"QN2lPu\">LEGO TECHNIC 42164 \u0110\u1ed3 ch\u01a1i l\u1eafp r\u00e1p Xe \u0111ua v\u01b0\u1ee3t \u0111\u1ecba h\u00ecnh (219 chi ti\u1ebft)<\/p>\n<div class=\"QN2lPu\">\n<div style=\"position: relative; width: 100%; padding-bottom: 100%;\"><picture class=\"UkIsx8\"><source srcset=\"https:\/\/down-vn.img.susercontent.com\/file\/vn-11134202-7r98o-luue181gkg5j23@resize_w875_nl.webp 1x, https:\/\/down-vn.img.susercontent.com\/file\/vn-11134202-7r98o-luue181gkg5j23@resize_w1750_nl.webp 2x\" type=\"image\/webp\" class=\"UkIsx8\"><img decoding=\"async\" width=\"875\" loading=\"lazy\" class=\"uXN1L5 lazyload GqYslU\" srcset=\"https:\/\/down-vn.img.susercontent.com\/file\/vn-11134202-7r98o-luue181gkg5j23@resize_w875_nl 1x, https:\/\/down-vn.img.susercontent.com\/file\/vn-11134202-7r98o-luue181gkg5j23@resize_w1750_nl 2x\" src=\"https:\/\/down-vn.img.susercontent.com\/file\/vn-11134202-7r98o-luue181gkg5j23\" height=\"875\"><\/picture><\/div>\n<\/div>\n<div class=\"QN2lPu\">\n<div style=\"position: relative; width: 100%; padding-bottom: 100%;\"><picture class=\"UkIsx8\"><source srcset=\"https:\/\/down-vn.img.susercontent.com\/file\/vn-11134202-7r98o-luue1884aox169@resize_w875_nl.webp 1x, https:\/\/down-vn.img.susercontent.com\/file\/vn-11134202-7r98o-luue1884aox169@resize_w1750_nl.webp 2x\" type=\"image\/webp\" class=\"UkIsx8\"><img decoding=\"async\" width=\"875\" loading=\"lazy\" class=\"uXN1L5 lazyload GqYslU\" srcset=\"https:\/\/down-vn.img.susercontent.com\/file\/vn-11134202-7r98o-luue1884aox169@resize_w875_nl 1x, https:\/\/down-vn.img.susercontent.com\/file\/vn-11134202-7r98o-luue1884aox169@resize_w1750_nl 2x\" src=\"https:\/\/down-vn.img.susercontent.com\/file\/vn-11134202-7r98o-luue1884aox169\" height=\"875\"><\/picture><\/div>\n<\/div>\n<div class=\"QN2lPu\">\n<div style=\"position: relative; width: 100%; padding-bottom: 100%;\"><picture class=\"UkIsx8\"><source srcset=\"https:\/\/down-vn.img.susercontent.com\/file\/vn-11134202-7r98o-luue18nxnk6ra3@resize_w875_nl.webp 1x, https:\/\/down-vn.img.susercontent.com\/file\/vn-11134202-7r98o-luue18nxnk6ra3@resize_w1750_nl.webp 2x\" type=\"image\/webp\" class=\"UkIsx8\"><img decoding=\"async\" width=\"875\" loading=\"lazy\" class=\"uXN1L5 lazyload GqYslU\" srcset=\"https:\/\/down-vn.img.susercontent.com\/file\/vn-11134202-7r98o-luue18nxnk6ra3@resize_w875_nl 1x, https:\/\/down-vn.img.susercontent.com\/file\/vn-11134202-7r98o-luue18nxnk6ra3@resize_w1750_nl 2x\" src=\"https:\/\/down-vn.img.susercontent.com\/file\/vn-11134202-7r98o-luue18nxnk6ra3\" height=\"875\"><\/picture><\/div>\n<\/div>\n<div class=\"QN2lPu\">\n<div style=\"position: relative; width: 100%; padding-bottom: 100%;\"><picture class=\"UkIsx8\"><source srcset=\"https:\/\/down-vn.img.susercontent.com\/file\/vn-11134202-7r98o-luue18t7fu2d35@resize_w875_nl.webp 1x, https:\/\/down-vn.img.susercontent.com\/file\/vn-11134202-7r98o-luue18t7fu2d35@resize_w1750_nl.webp 2x\" type=\"image\/webp\" class=\"UkIsx8\"><img decoding=\"async\" width=\"875\" loading=\"lazy\" class=\"uXN1L5 lazyload GqYslU\" srcset=\"https:\/\/down-vn.img.susercontent.com\/file\/vn-11134202-7r98o-luue18t7fu2d35@resize_w875_nl 1x, https:\/\/down-vn.img.susercontent.com\/file\/vn-11134202-7r98o-luue18t7fu2d35@resize_w1750_nl 2x\" src=\"https:\/\/down-vn.img.susercontent.com\/file\/vn-11134202-7r98o-luue18t7fu2d35\" height=\"875\"><\/picture><\/div>\n<\/div>\n<div class=\"QN2lPu\">\n<div style=\"position: relative; width: 100%; padding-bottom: 100%;\"><picture class=\"UkIsx8\"><source srcset=\"https:\/\/down-vn.img.susercontent.com\/file\/vn-11134202-7r98o-luue192d2fvwde@resize_w875_nl.webp 1x, https:\/\/down-vn.img.susercontent.com\/file\/vn-11134202-7r98o-luue192d2fvwde@resize_w1750_nl.webp 2x\" type=\"image\/webp\" class=\"UkIsx8\"><img decoding=\"async\" width=\"875\" loading=\"lazy\" class=\"uXN1L5 lazyload GqYslU\" srcset=\"https:\/\/down-vn.img.susercontent.com\/file\/vn-11134202-7r98o-luue192d2fvwde@resize_w875_nl 1x, https:\/\/down-vn.img.susercontent.com\/file\/vn-11134202-7r98o-luue192d2fvwde@resize_w1750_nl 2x\" src=\"https:\/\/down-vn.img.susercontent.com\/file\/vn-11134202-7r98o-luue192d2fvwde\" height=\"875\"><\/picture><\/div>\n<\/div>\n<div class=\"QN2lPu\">\n<div style=\"position: relative; width: 100%; padding-bottom: 100%;\"><picture class=\"UkIsx8\"><source srcset=\"https:\/\/down-vn.img.susercontent.com\/file\/vn-11134202-7r98o-luue197mupx693@resize_w875_nl.webp 1x, https:\/\/down-vn.img.susercontent.com\/file\/vn-11134202-7r98o-luue197mupx693@resize_w1750_nl.webp 2x\" type=\"image\/webp\" class=\"UkIsx8\"><img decoding=\"async\" width=\"875\" loading=\"lazy\" class=\"uXN1L5 lazyload QSLoEa GqYslU\" srcset=\"https:\/\/down-vn.img.susercontent.com\/file\/vn-11134202-7r98o-luue197mupx693@resize_w875_nl 1x, https:\/\/down-vn.img.susercontent.com\/file\/vn-11134202-7r98o-luue197mupx693@resize_w1750_nl 2x\" src=\"https:\/\/down-vn.img.susercontent.com\/file\/vn-11134202-7r98o-luue197mupx693\" height=\"875\"><\/picture><\/div>\n<\/div>\n<div class=\"QN2lPu\">\n<div style=\"position: relative; width: 100%; padding-bottom: 100%;\"><picture class=\"UkIsx8\"><source srcset=\"https:\/\/down-vn.img.susercontent.com\/file\/vn-11134202-7r98o-luue19ekkkou1f@resize_w875_nl.webp 1x, https:\/\/down-vn.img.susercontent.com\/file\/vn-11134202-7r98o-luue19ekkkou1f@resize_w1750_nl.webp 2x\" type=\"image\/webp\" class=\"UkIsx8\"><img decoding=\"async\" width=\"875\" loading=\"lazy\" class=\"uXN1L5 lazyload QSLoEa GqYslU\" srcset=\"https:\/\/down-vn.img.susercontent.com\/file\/vn-11134202-7r98o-luue19ekkkou1f@resize_w875_nl 1x, https:\/\/down-vn.img.susercontent.com\/file\/vn-11134202-7r98o-luue19ekkkou1f@resize_w1750_nl 2x\" src=\"https:\/\/down-vn.img.susercontent.com\/file\/vn-11134202-7r98o-luue19ekkkou1f\" height=\"875\"><\/picture><\/div>\n<\/div>\n<p class=\"QN2lPu\">\n<p class=\"QN2lPu\">C\u00f9ng ch\u1ebf t\u1ea1o chi\u1ebfc xe \u0111ua v\u01b0\u1ee3t \u0111\u1ecba h\u00ecnh LEGO\u00ae Technic\u2122 \u0111\u1ea7y uy l\u1ef1c. V\u00e0 mang chi\u1ebfc xe v\u00e0o \u0111\u01b0\u1eddng \u0111ua \u0111\u1ec3 \u0111\u00e1nh b\u1ea1i m\u1ecdi \u0111\u1ed1i th\u1ee7. B\u1ea1n c\u00f3 th\u1ec3 ki\u1ec3m tra h\u1ec7 th\u1ed1ng treo v\u00e0 \u0111\u1ed9ng c\u01a1 4 xi-lanh c\u1ef1c kh\u1ecfe. Sau \u0111\u00f3 h\u00e3y th\u1eed l\u00e1i ch\u1ebf \u0111\u1ed9 nghi\u00eang th\u00fa v\u1ecb, cho ph\u00e9p xe nghi\u00eang t\u1eeb b\u00ean n\u00e0y sang b\u00ean kia. Qu\u00e1 l\u00e0 tuy\u1ec7t v\u1eddi!<\/p>\n<p class=\"QN2lPu\">\n<p class=\"QN2lPu\">\u2022 B\u1ed9 tr\u00f2 ch\u01a1i tr\u1ea3i nghi\u1ec7m ch\u1ebf t\u1ea1o \u2013 Mang \u0111\u1ebfn th\u1eadt nhi\u1ec1u ni\u1ec1m vui cho nh\u1eefng ng\u01b0\u1eddi h\u00e2m m\u1ed9 xe \u0111ua khi x\u00e2y d\u1ef1ng b\u1ed9 tr\u00f2 ch\u01a1i Xe \u0111ua v\u01b0\u1ee3t \u0111\u1ecba h\u00ecnh LEGO\u00ae Technic\u2122<\/p>\n<p class=\"QN2lPu\">\u2022 \u0110\u1ed9ng c\u01a1 4 xi-lanh m\u1ea1nh m\u1ebd \u2013 B\u1ed9 l\u1eafp r\u00e1p n\u00e0y c\u00f3 c\u00e1c chi ti\u1ebft ch\u00e2n th\u1ef1c l\u1ea5y c\u1ea3m h\u1ee9ng t\u1eeb nh\u1eefng chi\u1ebfc xe \u0111ua th\u1ef1c s\u1ef1, bao g\u1ed3m c\u1ea3 \u0111\u1ed9ng c\u01a1 4 xi-lanh c\u00f3 th\u1ec3 chuy\u1ec3n \u0111\u1ed9ng<\/p>\n<p class=\"QN2lPu\">\u2022 H\u1ec7 th\u1ed1ng l\u00e1i v\u00e0 h\u1ec7 th\u1ed1ng treo \u2013 B\u1ea1n c\u00f3 th\u1ec3 th\u1eed nghi\u1ec7m chi\u1ebfc xe c\u1ee7a m\u00ecnh b\u1eb1ng c\u00e1ch th\u1eed h\u1ec7 th\u1ed1ng treo sau v\u00e0 h\u1ec7 th\u1ed1ng l\u00e1i linh ho\u1ea1t. Ch\u1ebf \u0111\u1ed9 n\u00e0y gi\u00fap xe nghi\u00eang t\u1eeb b\u00ean n\u00e0y sang b\u00ean kia<\/p>\n<p class=\"QN2lPu\">\u2022 M\u00f3n qu\u00e0 ho\u00e0n h\u1ea3o \u2013 B\u1ed9 tr\u00f2 ch\u01a1i n\u00e0y ch\u1eafc ch\u1eafn s\u1ebd l\u00e0 m\u00f3n qu\u00e0 tuy\u1ec7t v\u1eddi cho nh\u1eefng b\u00e9 c\u00f3 ni\u1ec1m y\u00eau th\u00edch v\u1edbi c\u00e1c lo\u1ea1i ph\u01b0\u01a1ng ti\u1ec7n, xe c\u1ed9\u2026 Th\u00edch h\u1ee3p l\u00e0m qu\u00e0 t\u1eb7ng trong c\u00e1c d\u1ecbp sinh nh\u1eadt ho\u1eb7c l\u1ec5 T\u1ebft.<\/p>\n<p class=\"QN2lPu\">\u2022 LEGO\u00ae Technic\u2122 \u2013 B\u1ed9 l\u1eafp r\u00e1p LEGO\u00ae Technic\u2122 c\u00f3 c\u00e1c c\u01a1 ch\u1ebf v\u00e0 chuy\u1ec3n \u0111\u1ed9ng ch\u00e2n th\u1ef1c gi\u00fap mang \u0111\u1ebfn tr\u1ea3i nghi\u1ec7m l\u1eafp r\u00e1p ho\u00e0n h\u1ea3o cho nh\u1eefng ng\u01b0\u1eddi y\u00eau th\u00edch LEGO<\/p>\n<p class=\"QN2lPu\">\u2022 K\u00edch th\u01b0\u1edbc \u2013 b\u1ed9 l\u1eafp r\u00e1p g\u1ed3m 219 m\u1ea3nh LEGO , sau khi l\u1eafp ho\u00e0n th\u00e0nh s\u1ebd c\u00f3 chi\u1ebfc \u00f4 t\u00f4 cao tr\u00ean 3,5 inch (9 cm), d\u00e0i 6,5 inch (17 cm) v\u00e0 r\u1ed9ng 4 inch (11 cm)<\/p>\n<\/div>\n","protected":false},"excerpt":{"rendered":"<p>LEGO TECHNIC 42164 \u0110\u1ed3 ch\u01a1i l\u1eafp r\u00e1p Xe \u0111ua v\u01b0\u1ee3t \u0111\u1ecba h\u00ecnh (219 chi ti\u1ebft) C\u00f9ng ch\u1ebf t\u1ea1o chi\u1ebfc xe \u0111ua v\u01b0\u1ee3t \u0111\u1ecba h\u00ecnh LEGO\u00ae Technic\u2122 \u0111\u1ea7y uy l\u1ef1c. V\u00e0 mang chi\u1ebfc xe v\u00e0o \u0111\u01b0\u1eddng \u0111ua \u0111\u1ec3 \u0111\u00e1nh b\u1ea1i m\u1ecdi \u0111\u1ed1i th\u1ee7. B\u1ea1n c\u00f3 th\u1ec3 ki\u1ec3m tra h\u1ec7 th\u1ed1ng treo v\u00e0 \u0111\u1ed9ng c\u01a1 4 xi-lanh&#8230;<\/p>\n","protected":false},"featured_media":14437,"comment_status":"open","ping_status":"closed","template":"","meta":[],"product_brand":[],"product_cat":[1346],"product_tag":[],"class_list":{"0":"post-14182","1":"product","2":"type-product","3":"status-publish","4":"has-post-thumbnail","6":"product_cat-do-choi-lap-rap","8":"first","9":"instock","10":"sale","11":"featured","12":"shipping-taxable","13":"purchasable","14":"product-type-simple"},"_links":{"self":[{"href":"https:\/\/web-ban-le.mbws.vn\/do-choi\/wp-json\/wp\/v2\/product\/14182","targetHints":{"allow":["GET"]}}],"collection":[{"href":"https:\/\/web-ban-le.mbws.vn\/do-choi\/wp-json\/wp\/v2\/product"}],"about":[{"href":"https:\/\/web-ban-le.mbws.vn\/do-choi\/wp-json\/wp\/v2\/types\/product"}],"replies":[{"embeddable":true,"href":"https:\/\/web-ban-le.mbws.vn\/do-choi\/wp-json\/wp\/v2\/comments?post=14182"}],"wp:featuredmedia":[{"embeddable":true,"href":"https:\/\/web-ban-le.mbws.vn\/do-choi\/wp-json\/wp\/v2\/media\/14437"}],"wp:attachment":[{"href":"https:\/\/web-ban-le.mbws.vn\/do-choi\/wp-json\/wp\/v2\/media?parent=14182"}],"wp:term":[{"taxonomy":"product_brand","embeddable":true,"href":"https:\/\/web-ban-le.mbws.vn\/do-choi\/wp-json\/wp\/v2\/product_brand?post=14182"},{"taxonomy":"product_cat","embeddable":true,"href":"https:\/\/web-ban-le.mbws.vn\/do-choi\/wp-json\/wp\/v2\/product_cat?post=14182"},{"taxonomy":"product_tag","embeddable":true,"href":"https:\/\/web-ban-le.mbws.vn\/do-choi\/wp-json\/wp\/v2\/product_tag?post=14182"}],"curies":[{"name":"wp","href":"https:\/\/api.w.org\/{rel}","templated":true}]}}