{"id":14216,"date":"2025-10-28T13:26:17","date_gmt":"2025-10-28T06:26:17","guid":{"rendered":"https:\/\/web-ban-le.mbws.vn\/do-choi\/?post_type=product&#038;p=14216"},"modified":"2025-11-05T08:29:26","modified_gmt":"2025-11-05T01:29:26","slug":"lego-botanicals-10328-do-choi-lap-rap-bo-hoa-hong-lego-icons-822-chi-tiet","status":"publish","type":"product","link":"https:\/\/web-ban-le.mbws.vn\/do-choi\/san-pham\/lego-botanicals-10328-do-choi-lap-rap-bo-hoa-hong-lego-icons-822-chi-tiet\/","title":{"rendered":"LEGO BOTANICALS 10328 \u0110\u1ed3 ch\u01a1i l\u1eafp r\u00e1p B\u00f3 hoa h\u1ed3ng LEGO\u00ae Icons (822 chi ti\u1ebft)"},"content":{"rendered":"<div class=\"e8lZp3\">\n<p class=\"QN2lPu\">LEGO ICONS ADULTS 10328 \u0110\u1ed3 ch\u01a1i l\u1eafp r\u00e1p B\u00f3 hoa h\u1ed3ng LEGO\u00ae (822 chi ti\u1ebft)<\/p>\n<div class=\"QN2lPu\">\n<div style=\"position: relative; width: 100%; padding-bottom: 100%;\"><picture class=\"UkIsx8\"><source srcset=\"https:\/\/down-vn.img.susercontent.com\/file\/vn-11134202-7ras8-m2vta863shdyf8@resize_w875_nl.webp 1x, https:\/\/down-vn.img.susercontent.com\/file\/vn-11134202-7ras8-m2vta863shdyf8@resize_w1750_nl.webp 2x\" type=\"image\/webp\" class=\"UkIsx8\"><img decoding=\"async\" width=\"875\" loading=\"lazy\" class=\"uXN1L5 lazyload GqYslU\" srcset=\"https:\/\/down-vn.img.susercontent.com\/file\/vn-11134202-7ras8-m2vta863shdyf8@resize_w875_nl 1x, https:\/\/down-vn.img.susercontent.com\/file\/vn-11134202-7ras8-m2vta863shdyf8@resize_w1750_nl 2x\" src=\"https:\/\/down-vn.img.susercontent.com\/file\/vn-11134202-7ras8-m2vta863shdyf8\" height=\"875\"><\/picture><\/div>\n<\/div>\n<div class=\"QN2lPu\">\n<div style=\"position: relative; width: 100%; padding-bottom: 100%;\"><picture class=\"UkIsx8\"><source srcset=\"https:\/\/down-vn.img.susercontent.com\/file\/vn-11134202-7ras8-m2vta8atk6bq09@resize_w875_nl.webp 1x, https:\/\/down-vn.img.susercontent.com\/file\/vn-11134202-7ras8-m2vta8atk6bq09@resize_w1750_nl.webp 2x\" type=\"image\/webp\" class=\"UkIsx8\"><img decoding=\"async\" width=\"875\" loading=\"lazy\" class=\"uXN1L5 lazyload GqYslU\" srcset=\"https:\/\/down-vn.img.susercontent.com\/file\/vn-11134202-7ras8-m2vta8atk6bq09@resize_w875_nl 1x, https:\/\/down-vn.img.susercontent.com\/file\/vn-11134202-7ras8-m2vta8atk6bq09@resize_w1750_nl 2x\" src=\"https:\/\/down-vn.img.susercontent.com\/file\/vn-11134202-7ras8-m2vta8atk6bq09\" height=\"875\"><\/picture><\/div>\n<\/div>\n<div class=\"QN2lPu\">\n<div style=\"position: relative; width: 100%; padding-bottom: 100%;\"><picture class=\"UkIsx8\"><source srcset=\"https:\/\/down-vn.img.susercontent.com\/file\/vn-11134202-7ras8-m2vta8fjd9ty99@resize_w875_nl.webp 1x, https:\/\/down-vn.img.susercontent.com\/file\/vn-11134202-7ras8-m2vta8fjd9ty99@resize_w1750_nl.webp 2x\" type=\"image\/webp\" class=\"UkIsx8\"><img decoding=\"async\" width=\"875\" loading=\"lazy\" class=\"uXN1L5 lazyload GqYslU\" srcset=\"https:\/\/down-vn.img.susercontent.com\/file\/vn-11134202-7ras8-m2vta8fjd9ty99@resize_w875_nl 1x, https:\/\/down-vn.img.susercontent.com\/file\/vn-11134202-7ras8-m2vta8fjd9ty99@resize_w1750_nl 2x\" src=\"https:\/\/down-vn.img.susercontent.com\/file\/vn-11134202-7ras8-m2vta8fjd9ty99\" height=\"875\"><\/picture><\/div>\n<\/div>\n<div class=\"QN2lPu\">\n<div style=\"position: relative; width: 100%; padding-bottom: 100%;\"><picture class=\"UkIsx8\"><source srcset=\"https:\/\/down-vn.img.susercontent.com\/file\/vn-11134202-7ras8-m2vta8kj5ypy2c@resize_w875_nl.webp 1x, https:\/\/down-vn.img.susercontent.com\/file\/vn-11134202-7ras8-m2vta8kj5ypy2c@resize_w1750_nl.webp 2x\" type=\"image\/webp\" class=\"UkIsx8\"><img decoding=\"async\" width=\"875\" loading=\"lazy\" class=\"uXN1L5 lazyload GqYslU\" srcset=\"https:\/\/down-vn.img.susercontent.com\/file\/vn-11134202-7ras8-m2vta8kj5ypy2c@resize_w875_nl 1x, https:\/\/down-vn.img.susercontent.com\/file\/vn-11134202-7ras8-m2vta8kj5ypy2c@resize_w1750_nl 2x\" src=\"https:\/\/down-vn.img.susercontent.com\/file\/vn-11134202-7ras8-m2vta8kj5ypy2c\" height=\"875\"><\/picture><\/div>\n<\/div>\n<div class=\"QN2lPu\">\n<div style=\"position: relative; width: 100%; padding-bottom: 100%;\"><picture class=\"UkIsx8\"><source srcset=\"https:\/\/down-vn.img.susercontent.com\/file\/vn-11134202-7ras8-m2vta8piyncq38@resize_w875_nl.webp 1x, https:\/\/down-vn.img.susercontent.com\/file\/vn-11134202-7ras8-m2vta8piyncq38@resize_w1750_nl.webp 2x\" type=\"image\/webp\" class=\"UkIsx8\"><img decoding=\"async\" width=\"875\" loading=\"lazy\" class=\"uXN1L5 lazyload GqYslU\" srcset=\"https:\/\/down-vn.img.susercontent.com\/file\/vn-11134202-7ras8-m2vta8piyncq38@resize_w875_nl 1x, https:\/\/down-vn.img.susercontent.com\/file\/vn-11134202-7ras8-m2vta8piyncq38@resize_w1750_nl 2x\" src=\"https:\/\/down-vn.img.susercontent.com\/file\/vn-11134202-7ras8-m2vta8piyncq38\" height=\"875\"><\/picture><\/div>\n<\/div>\n<div class=\"QN2lPu\">\n<div style=\"position: relative; width: 100%; padding-bottom: 100%;\"><picture class=\"UkIsx8\"><source srcset=\"https:\/\/down-vn.img.susercontent.com\/file\/vn-11134202-7ras8-m2vta8u8rr46a5@resize_w875_nl.webp 1x, https:\/\/down-vn.img.susercontent.com\/file\/vn-11134202-7ras8-m2vta8u8rr46a5@resize_w1750_nl.webp 2x\" type=\"image\/webp\" class=\"UkIsx8\"><img decoding=\"async\" width=\"875\" loading=\"lazy\" class=\"uXN1L5 lazyload QSLoEa GqYslU\" srcset=\"https:\/\/down-vn.img.susercontent.com\/file\/vn-11134202-7ras8-m2vta8u8rr46a5@resize_w875_nl 1x, https:\/\/down-vn.img.susercontent.com\/file\/vn-11134202-7ras8-m2vta8u8rr46a5@resize_w1750_nl 2x\" src=\"https:\/\/down-vn.img.susercontent.com\/file\/vn-11134202-7ras8-m2vta8u8rr46a5\" height=\"875\"><\/picture><\/div>\n<\/div>\n<div class=\"QN2lPu\">\n<div style=\"position: relative; width: 100%; padding-bottom: 100%;\"><picture class=\"UkIsx8\"><source srcset=\"https:\/\/down-vn.img.susercontent.com\/file\/vn-11134202-7ras8-m2vta952bx1i54@resize_w875_nl.webp 1x, https:\/\/down-vn.img.susercontent.com\/file\/vn-11134202-7ras8-m2vta952bx1i54@resize_w1750_nl.webp 2x\" type=\"image\/webp\" class=\"UkIsx8\"><img decoding=\"async\" width=\"875\" loading=\"lazy\" class=\"uXN1L5 lazyload QSLoEa GqYslU\" srcset=\"https:\/\/down-vn.img.susercontent.com\/file\/vn-11134202-7ras8-m2vta952bx1i54@resize_w875_nl 1x, https:\/\/down-vn.img.susercontent.com\/file\/vn-11134202-7ras8-m2vta952bx1i54@resize_w1750_nl 2x\" src=\"https:\/\/down-vn.img.susercontent.com\/file\/vn-11134202-7ras8-m2vta952bx1i54\" height=\"875\"><\/picture><\/div>\n<\/div>\n<p class=\"QN2lPu\">\n<p class=\"QN2lPu\">G\u1eedi t\u1eb7ng m\u00f3n qu\u00e0 \u00fd ngh\u0129a \u0111\u1ebfn nh\u1eefng ng\u01b0\u1eddi th\u00e2n y\u00eau v\u1edbi \u0110\u1ed3 ch\u01a1i l\u1eafp r\u00e1p B\u00f3 hoa h\u1ed3ng LEGO\u00ae. M\u1ed9t m\u00f3n qu\u00e0 ho\u00e0n h\u1ea3o cho Ng\u00e0y l\u1ec5 t\u00ecnh nh\u00e2n ho\u1eb7c b\u1ea5t k\u1ef3 d\u1ecbp \u0111\u1eb7c bi\u1ec7t n\u00e0o, b\u00f3 hoa r\u1ef1c r\u1ee1 n\u00e0y g\u1ed3m 12 b\u00f4ng hoa h\u1ed3ng \u0111\u1ecf v\u00e0 4 nh\u00e1nh hoa ch\u1ea5m bi. T\u1eadn h\u01b0\u1edfng kho\u1ea3nh kh\u1eafc s\u00e1ng t\u1ea1o khi b\u1ea1n l\u1eafp r\u00e1p t\u1eebng b\u00f4ng hoa tr\u01b0\u1edbc khi \u0111\u1eb7t ch\u00fang v\u00e0o chi\u1ebfc b\u00ecnh y\u00eau th\u00edch c\u1ee7a m\u00ecnh, v\u00e0 t\u1ea1o ra m\u1ed9t v\u1ebb \u0111\u1eb9p v\u01b0\u1ee3t th\u1eddi gian cho ng\u00f4i nh\u00e0 hay ch\u00ednh c\u0103n ph\u00f2ng c\u1ee7a b\u1ea1n<\/p>\n<p class=\"QN2lPu\">\n<p class=\"QN2lPu\">\u2022 C\u00f3 g\u00ec trong h\u1ed9p? \u2013 B\u1ed9 l\u1eafp r\u00e1p s\u00e1ng t\u1ea1o n\u00e0y bao g\u1ed3m m\u1ecdi th\u1ee9 b\u1ea1n c\u1ea7n \u0111\u1ec3 t\u1ea1o ra m\u1ed9t b\u00f3 hoa h\u1ed3ng \u0111\u1ecf th\u1eafm v\u1edbi 12 b\u00f4ng h\u1ed3ng nh\u1ecf xinh, c\u00f9ng v\u1edbi 4 nh\u00e1nh hoa ch\u1ea5m bi nh\u1ecf m\u00e0u tr\u1eafng<\/p>\n<p class=\"QN2lPu\">\n<p class=\"QN2lPu\">\u2022 Tr\u01b0ng b\u00e0y v\u00e0 trang tr\u00ed \u2013 Th\u00eam \u0111i\u1ec3m nh\u1ea5n m\u00e0u s\u1eafc cho ng\u00f4i nh\u00e0 ho\u1eb7c v\u0103n ph\u00f2ng c\u1ee7a b\u1ea1n v\u1edbi b\u00f3 hoa h\u1ed3ng kh\u00f4ng bao gi\u1edd t\u00e0n n\u00e0y.<\/p>\n<p class=\"QN2lPu\">\n<p class=\"QN2lPu\">\u2022 \u00dd t\u01b0\u1edfng qu\u00e0 t\u1eb7ng \u0111\u1ed9c \u0111\u00e1o Ng\u00e0y l\u1ec5 t\u00ecnh nh\u00e2n \u2013 K\u1ef7 ni\u1ec7m sinh nh\u1eadt ho\u1eb7c b\u1ea5t k\u1ef3 d\u1ecbp \u0111\u1eb7c bi\u1ec7t n\u00e0o b\u1eb1ng m\u00f3n qu\u00e0 \u0111\u01b0\u1ee3c thi\u1ebft k\u1ebf d\u00e0nh cho nh\u1eefng ng\u01b0\u1eddi y\u00eau th\u00edch LEGO\u00ae, \u0111\u1ed3 trang tr\u00ed nh\u00e0 c\u1eeda v\u00e0 hoa.<\/p>\n<\/div>\n","protected":false},"excerpt":{"rendered":"<p>LEGO ICONS ADULTS 10328 \u0110\u1ed3 ch\u01a1i l\u1eafp r\u00e1p B\u00f3 hoa h\u1ed3ng LEGO\u00ae (822 chi ti\u1ebft) G\u1eedi t\u1eb7ng m\u00f3n qu\u00e0 \u00fd ngh\u0129a \u0111\u1ebfn nh\u1eefng ng\u01b0\u1eddi th\u00e2n y\u00eau v\u1edbi \u0110\u1ed3 ch\u01a1i l\u1eafp r\u00e1p B\u00f3 hoa h\u1ed3ng LEGO\u00ae. M\u1ed9t m\u00f3n qu\u00e0 ho\u00e0n h\u1ea3o cho Ng\u00e0y l\u1ec5 t\u00ecnh nh\u00e2n ho\u1eb7c b\u1ea5t k\u1ef3 d\u1ecbp \u0111\u1eb7c bi\u1ec7t n\u00e0o, b\u00f3 hoa r\u1ef1c&#8230;<\/p>\n","protected":false},"featured_media":14445,"comment_status":"open","ping_status":"closed","template":"","meta":[],"product_brand":[],"product_cat":[1346],"product_tag":[],"class_list":{"0":"post-14216","1":"product","2":"type-product","3":"status-publish","4":"has-post-thumbnail","6":"product_cat-do-choi-lap-rap","8":"first","9":"instock","10":"sale","11":"featured","12":"shipping-taxable","13":"purchasable","14":"product-type-simple"},"_links":{"self":[{"href":"https:\/\/web-ban-le.mbws.vn\/do-choi\/wp-json\/wp\/v2\/product\/14216","targetHints":{"allow":["GET"]}}],"collection":[{"href":"https:\/\/web-ban-le.mbws.vn\/do-choi\/wp-json\/wp\/v2\/product"}],"about":[{"href":"https:\/\/web-ban-le.mbws.vn\/do-choi\/wp-json\/wp\/v2\/types\/product"}],"replies":[{"embeddable":true,"href":"https:\/\/web-ban-le.mbws.vn\/do-choi\/wp-json\/wp\/v2\/comments?post=14216"}],"wp:featuredmedia":[{"embeddable":true,"href":"https:\/\/web-ban-le.mbws.vn\/do-choi\/wp-json\/wp\/v2\/media\/14445"}],"wp:attachment":[{"href":"https:\/\/web-ban-le.mbws.vn\/do-choi\/wp-json\/wp\/v2\/media?parent=14216"}],"wp:term":[{"taxonomy":"product_brand","embeddable":true,"href":"https:\/\/web-ban-le.mbws.vn\/do-choi\/wp-json\/wp\/v2\/product_brand?post=14216"},{"taxonomy":"product_cat","embeddable":true,"href":"https:\/\/web-ban-le.mbws.vn\/do-choi\/wp-json\/wp\/v2\/product_cat?post=14216"},{"taxonomy":"product_tag","embeddable":true,"href":"https:\/\/web-ban-le.mbws.vn\/do-choi\/wp-json\/wp\/v2\/product_tag?post=14216"}],"curies":[{"name":"wp","href":"https:\/\/api.w.org\/{rel}","templated":true}]}}