{"id":14217,"date":"2025-10-28T13:26:18","date_gmt":"2025-10-28T06:26:18","guid":{"rendered":"https:\/\/web-ban-le.mbws.vn\/do-choi\/?post_type=product&#038;p=14217"},"modified":"2025-11-05T08:29:26","modified_gmt":"2025-11-05T01:29:26","slug":"lego-botanicals-10369-do-choi-lap-rap-chau-hoa-dao-327-chi-tiet","status":"publish","type":"product","link":"https:\/\/web-ban-le.mbws.vn\/do-choi\/san-pham\/lego-botanicals-10369-do-choi-lap-rap-chau-hoa-dao-327-chi-tiet\/","title":{"rendered":"LEGO BOTANICALS 10369 \u0110\u1ed3 Ch\u01a1i L\u1eafp R\u00e1p Ch\u1eadu Hoa \u0110\u00e0o (327 Chi Ti\u1ebft)"},"content":{"rendered":"<div class=\"e8lZp3\">\n<p class=\"QN2lPu\">LEGO ADULTS 10369 \u0110\u1ed3 Ch\u01a1i L\u1eafp R\u00e1p Ch\u1eadu Hoa \u0110\u00e0o (327 Chi Ti\u1ebft)<\/p>\n<p class=\"QN2lPu\">T\u1eadn h\u01b0\u1edfng nh\u1eefng kho\u1ea3nh kh\u1eafc b\u00ecnh y\u00ean, gi\u1ea3i tr\u00ed v\u1edbi b\u1ed9 l\u1eafp r\u00e1p trang tr\u00ed hoa LEGO\u00ae  Ch\u1eadu Hoa \u0110\u00e0o (10369) d\u00e0nh cho ng\u01b0\u1eddi l\u1edbn. Hoa \u0111\u00e0o l\u00e0 m\u1ed9t bi\u1ec3u t\u01b0\u1ee3ng ph\u1ed5 bi\u1ebfn trong ngh\u1ec7 thu\u1eadt truy\u1ec1n th\u1ed1ng, th\u01b0\u1eddng \u0111\u01b0\u1ee3c th\u1ec3 hi\u1ec7n trong c\u00e1c b\u1ee9c tranh nh\u01b0 m\u1ed9t ph\u1ea7n c\u1ee7a t\u1ee9 qu\u00fd danh hoa, nh\u1eefng lo\u00e0i th\u1ef1c v\u1eadt xinh \u0111\u1eb9p \u0111\u1ea1i di\u1ec7n cho b\u1ed1n m\u00f9a.T\u1eadn h\u01b0\u1edfng kho\u1ea3ng th\u1eddi gian l\u1eafp r\u00e1p s\u00e1ng t\u1ea1o \u0111\u1ea7y th\u00fa v\u1ecb ho\u1eb7c d\u00e0nh t\u1eb7ng ng\u01b0\u1eddi th\u00e2n y\u00eau v\u1edbi b\u1ed9 m\u00f4 h\u00ecnh hoa tr\u01b0ng b\u00e0y kh\u00f4ng bao gi\u1edd t\u00e0n &#8211; m\u1ed9t \u00fd t\u01b0\u1edfng qu\u00e0 t\u1eb7ng ho\u00e0n h\u1ea3o cho b\u1ea5t k\u1ef3 d\u1ecbp n\u00e0o. <\/p>\n<p class=\"QN2lPu\">M\u00f4 h\u00ecnh l\u1eafp r\u00e1p chi ti\u1ebft n\u00e0y mang l\u1ea1i s\u1ef1 sang tr\u1ecdng v\u1edbi th\u00e2n g\u1ed7 n\u00e2u v\u00e0 nh\u1eefng b\u00f4ng hoa s\u1eafc \u0111\u1ecf s\u1ed1ng \u0111\u1ed9ng. \u0110\u01b0\u1ee3c \u0111\u1eb7t trong m\u1ed9t l\u1ecd hoa m\u00e0u xanh pastel v\u1edbi m\u1ed9t d\u1ea3i b\u0103ng v\u00e0ng v\u00e0 b\u1ec7  g\u1ed7, mang \u0111\u1ebfn tr\u1ea3i nghi\u1ec7m l\u1eafp r\u00e1p d\u1ec5 d\u00e0ng v\u00e0 t\u1ea1o ra m\u1ed9t m\u00f4 h\u00ecnh tr\u01b0ng b\u00e0y hoa \u0111\u1eb9p, d\u1ec5 ch\u0103m s\u00f3c v\u00e0 trang tr\u00ed c\u00e1c g\u00f3c trong nh\u00e0 v\u00e0 v\u0103n ph\u00f2ng.  <\/p>\n<p class=\"QN2lPu\">Th\u00f4ng tin s\u1ea3n ph\u1ea9m: <\/p>\n<p class=\"QN2lPu\">&#8211; Xu\u1ea5t x\u1ee9: Trung Qu\u1ed1c <\/p>\n<p class=\"QN2lPu\">&#8211; K\u00edch th\u01b0\u1edbc h\u1ed9p h\u00e0ng: 19.1&#215;26.2&#215;6.1 cm<\/p>\n<div class=\"QN2lPu\">\n<div style=\"position: relative; width: 100%; padding-bottom: 100%;\"><picture class=\"UkIsx8\"><source srcset=\"https:\/\/down-vn.img.susercontent.com\/file\/vn-11134202-7ras8-m2vt9wuibjcqf4@resize_w875_nl.webp 1x, https:\/\/down-vn.img.susercontent.com\/file\/vn-11134202-7ras8-m2vt9wuibjcqf4@resize_w1750_nl.webp 2x\" type=\"image\/webp\" class=\"UkIsx8\"><img decoding=\"async\" width=\"875\" loading=\"lazy\" class=\"uXN1L5 lazyload GqYslU\" srcset=\"https:\/\/down-vn.img.susercontent.com\/file\/vn-11134202-7ras8-m2vt9wuibjcqf4@resize_w875_nl 1x, https:\/\/down-vn.img.susercontent.com\/file\/vn-11134202-7ras8-m2vt9wuibjcqf4@resize_w1750_nl 2x\" src=\"https:\/\/down-vn.img.susercontent.com\/file\/vn-11134202-7ras8-m2vt9wuibjcqf4\" height=\"875\"><\/picture><\/div>\n<\/div>\n<p class=\"QN2lPu\">\n<div class=\"QN2lPu\">\n<div style=\"position: relative; width: 100%; padding-bottom: 100%;\"><picture class=\"UkIsx8\"><source srcset=\"https:\/\/down-vn.img.susercontent.com\/file\/vn-11134202-7ras8-m2vt9x2k2kue03@resize_w875_nl.webp 1x, https:\/\/down-vn.img.susercontent.com\/file\/vn-11134202-7ras8-m2vt9x2k2kue03@resize_w1750_nl.webp 2x\" type=\"image\/webp\" class=\"UkIsx8\"><img decoding=\"async\" width=\"875\" loading=\"lazy\" class=\"uXN1L5 lazyload GqYslU\" srcset=\"https:\/\/down-vn.img.susercontent.com\/file\/vn-11134202-7ras8-m2vt9x2k2kue03@resize_w875_nl 1x, https:\/\/down-vn.img.susercontent.com\/file\/vn-11134202-7ras8-m2vt9x2k2kue03@resize_w1750_nl 2x\" src=\"https:\/\/down-vn.img.susercontent.com\/file\/vn-11134202-7ras8-m2vt9x2k2kue03\" height=\"875\"><\/picture><\/div>\n<\/div>\n<div class=\"QN2lPu\">\n<div style=\"position: relative; width: 100%; padding-bottom: 100%;\"><picture class=\"UkIsx8\"><source srcset=\"https:\/\/down-vn.img.susercontent.com\/file\/vn-11134202-7ras8-m2vt9xdxkiyu20@resize_w875_nl.webp 1x, https:\/\/down-vn.img.susercontent.com\/file\/vn-11134202-7ras8-m2vt9xdxkiyu20@resize_w1750_nl.webp 2x\" type=\"image\/webp\" class=\"UkIsx8\"><img decoding=\"async\" width=\"875\" loading=\"lazy\" class=\"uXN1L5 lazyload GqYslU\" srcset=\"https:\/\/down-vn.img.susercontent.com\/file\/vn-11134202-7ras8-m2vt9xdxkiyu20@resize_w875_nl 1x, https:\/\/down-vn.img.susercontent.com\/file\/vn-11134202-7ras8-m2vt9xdxkiyu20@resize_w1750_nl 2x\" src=\"https:\/\/down-vn.img.susercontent.com\/file\/vn-11134202-7ras8-m2vt9xdxkiyu20\" height=\"875\"><\/picture><\/div>\n<\/div>\n<div class=\"QN2lPu\">\n<div style=\"position: relative; width: 100%; padding-bottom: 100%;\"><picture class=\"UkIsx8\"><source srcset=\"https:\/\/down-vn.img.susercontent.com\/file\/vn-11134202-7ras8-m2vt9xqf0ume39@resize_w875_nl.webp 1x, https:\/\/down-vn.img.susercontent.com\/file\/vn-11134202-7ras8-m2vt9xqf0ume39@resize_w1750_nl.webp 2x\" type=\"image\/webp\" class=\"UkIsx8\"><img decoding=\"async\" width=\"875\" loading=\"lazy\" class=\"uXN1L5 lazyload GqYslU\" srcset=\"https:\/\/down-vn.img.susercontent.com\/file\/vn-11134202-7ras8-m2vt9xqf0ume39@resize_w875_nl 1x, https:\/\/down-vn.img.susercontent.com\/file\/vn-11134202-7ras8-m2vt9xqf0ume39@resize_w1750_nl 2x\" src=\"https:\/\/down-vn.img.susercontent.com\/file\/vn-11134202-7ras8-m2vt9xqf0ume39\" height=\"875\"><\/picture><\/div>\n<\/div>\n<div class=\"QN2lPu\">\n<div style=\"position: relative; width: 100%; padding-bottom: 100%;\"><picture class=\"UkIsx8\"><source srcset=\"https:\/\/down-vn.img.susercontent.com\/file\/vn-11134202-7ras8-m2vt9y1sk7225f@resize_w875_nl.webp 1x, https:\/\/down-vn.img.susercontent.com\/file\/vn-11134202-7ras8-m2vt9y1sk7225f@resize_w1750_nl.webp 2x\" type=\"image\/webp\" class=\"UkIsx8\"><img decoding=\"async\" width=\"875\" loading=\"lazy\" class=\"uXN1L5 lazyload GqYslU\" srcset=\"https:\/\/down-vn.img.susercontent.com\/file\/vn-11134202-7ras8-m2vt9y1sk7225f@resize_w875_nl 1x, https:\/\/down-vn.img.susercontent.com\/file\/vn-11134202-7ras8-m2vt9y1sk7225f@resize_w1750_nl 2x\" src=\"https:\/\/down-vn.img.susercontent.com\/file\/vn-11134202-7ras8-m2vt9y1sk7225f\" height=\"875\"><\/picture><\/div>\n<\/div>\n<div class=\"QN2lPu\">\n<div style=\"position: relative; width: 100%; padding-bottom: 100%;\"><picture class=\"UkIsx8\"><source srcset=\"https:\/\/down-vn.img.susercontent.com\/file\/vn-11134202-7ras8-m2vt9ycm4cze97@resize_w875_nl.webp 1x, https:\/\/down-vn.img.susercontent.com\/file\/vn-11134202-7ras8-m2vt9ycm4cze97@resize_w1750_nl.webp 2x\" type=\"image\/webp\" class=\"UkIsx8\"><img decoding=\"async\" width=\"875\" loading=\"lazy\" class=\"uXN1L5 lazyload GqYslU\" srcset=\"https:\/\/down-vn.img.susercontent.com\/file\/vn-11134202-7ras8-m2vt9ycm4cze97@resize_w875_nl 1x, https:\/\/down-vn.img.susercontent.com\/file\/vn-11134202-7ras8-m2vt9ycm4cze97@resize_w1750_nl 2x\" src=\"https:\/\/down-vn.img.susercontent.com\/file\/vn-11134202-7ras8-m2vt9ycm4cze97\" height=\"875\"><\/picture><\/div>\n<\/div>\n<div class=\"QN2lPu\">\n<div style=\"position: relative; width: 100%; padding-bottom: 100%;\"><picture class=\"UkIsx8\"><source srcset=\"https:\/\/down-vn.img.susercontent.com\/file\/vn-11134202-7ras8-m2vt9yvhcr9i27@resize_w875_nl.webp 1x, https:\/\/down-vn.img.susercontent.com\/file\/vn-11134202-7ras8-m2vt9yvhcr9i27@resize_w1750_nl.webp 2x\" type=\"image\/webp\" class=\"UkIsx8\"><img decoding=\"async\" width=\"875\" loading=\"lazy\" class=\"uXN1L5 lazyload QSLoEa GqYslU\" srcset=\"https:\/\/down-vn.img.susercontent.com\/file\/vn-11134202-7ras8-m2vt9yvhcr9i27@resize_w875_nl 1x, https:\/\/down-vn.img.susercontent.com\/file\/vn-11134202-7ras8-m2vt9yvhcr9i27@resize_w1750_nl 2x\" src=\"https:\/\/down-vn.img.susercontent.com\/file\/vn-11134202-7ras8-m2vt9yvhcr9i27\" height=\"875\"><\/picture><\/div>\n<\/div>\n<div class=\"QN2lPu\">\n<div style=\"position: relative; width: 100%; padding-bottom: 100%;\"><picture class=\"UkIsx8\"><source srcset=\"https:\/\/down-vn.img.susercontent.com\/file\/vn-11134202-7ras8-m2vt9z9csgeeee@resize_w875_nl.webp 1x, https:\/\/down-vn.img.susercontent.com\/file\/vn-11134202-7ras8-m2vt9z9csgeeee@resize_w1750_nl.webp 2x\" type=\"image\/webp\" class=\"UkIsx8\"><img decoding=\"async\" width=\"875\" loading=\"lazy\" class=\"uXN1L5 lazyload QSLoEa GqYslU\" srcset=\"https:\/\/down-vn.img.susercontent.com\/file\/vn-11134202-7ras8-m2vt9z9csgeeee@resize_w875_nl 1x, https:\/\/down-vn.img.susercontent.com\/file\/vn-11134202-7ras8-m2vt9z9csgeeee@resize_w1750_nl 2x\" src=\"https:\/\/down-vn.img.susercontent.com\/file\/vn-11134202-7ras8-m2vt9z9csgeeee\" height=\"875\"><\/picture><\/div>\n<\/div>\n<div class=\"QN2lPu\">\n<div style=\"position: relative; width: 100%; padding-bottom: 100%;\"><picture class=\"UkIsx8\"><source srcset=\"https:\/\/down-vn.img.susercontent.com\/file\/vn-11134202-7ras8-m2vt9zqk39veb4@resize_w875_nl.webp 1x, https:\/\/down-vn.img.susercontent.com\/file\/vn-11134202-7ras8-m2vt9zqk39veb4@resize_w1750_nl.webp 2x\" type=\"image\/webp\" class=\"UkIsx8\"><img decoding=\"async\" width=\"875\" loading=\"lazy\" class=\"uXN1L5 lazyload QSLoEa GqYslU\" srcset=\"https:\/\/down-vn.img.susercontent.com\/file\/vn-11134202-7ras8-m2vt9zqk39veb4@resize_w875_nl 1x, https:\/\/down-vn.img.susercontent.com\/file\/vn-11134202-7ras8-m2vt9zqk39veb4@resize_w1750_nl 2x\" src=\"https:\/\/down-vn.img.susercontent.com\/file\/vn-11134202-7ras8-m2vt9zqk39veb4\" height=\"875\"><\/picture><\/div>\n<\/div>\n<\/div>\n","protected":false},"excerpt":{"rendered":"<p>LEGO ADULTS 10369 \u0110\u1ed3 Ch\u01a1i L\u1eafp R\u00e1p Ch\u1eadu Hoa \u0110\u00e0o (327 Chi Ti\u1ebft) T\u1eadn h\u01b0\u1edfng nh\u1eefng kho\u1ea3nh kh\u1eafc b\u00ecnh y\u00ean, gi\u1ea3i tr\u00ed v\u1edbi b\u1ed9 l\u1eafp r\u00e1p trang tr\u00ed hoa LEGO\u00ae Ch\u1eadu Hoa \u0110\u00e0o (10369) d\u00e0nh cho ng\u01b0\u1eddi l\u1edbn. Hoa \u0111\u00e0o l\u00e0 m\u1ed9t bi\u1ec3u t\u01b0\u1ee3ng ph\u1ed5 bi\u1ebfn trong ngh\u1ec7 thu\u1eadt truy\u1ec1n th\u1ed1ng, th\u01b0\u1eddng \u0111\u01b0\u1ee3c th\u1ec3 hi\u1ec7n&#8230;<\/p>\n","protected":false},"featured_media":14453,"comment_status":"open","ping_status":"closed","template":"","meta":[],"product_brand":[],"product_cat":[1346],"product_tag":[],"class_list":{"0":"post-14217","1":"product","2":"type-product","3":"status-publish","4":"has-post-thumbnail","6":"product_cat-do-choi-lap-rap","8":"first","9":"instock","10":"featured","11":"shipping-taxable","12":"purchasable","13":"product-type-simple"},"_links":{"self":[{"href":"https:\/\/web-ban-le.mbws.vn\/do-choi\/wp-json\/wp\/v2\/product\/14217","targetHints":{"allow":["GET"]}}],"collection":[{"href":"https:\/\/web-ban-le.mbws.vn\/do-choi\/wp-json\/wp\/v2\/product"}],"about":[{"href":"https:\/\/web-ban-le.mbws.vn\/do-choi\/wp-json\/wp\/v2\/types\/product"}],"replies":[{"embeddable":true,"href":"https:\/\/web-ban-le.mbws.vn\/do-choi\/wp-json\/wp\/v2\/comments?post=14217"}],"wp:featuredmedia":[{"embeddable":true,"href":"https:\/\/web-ban-le.mbws.vn\/do-choi\/wp-json\/wp\/v2\/media\/14453"}],"wp:attachment":[{"href":"https:\/\/web-ban-le.mbws.vn\/do-choi\/wp-json\/wp\/v2\/media?parent=14217"}],"wp:term":[{"taxonomy":"product_brand","embeddable":true,"href":"https:\/\/web-ban-le.mbws.vn\/do-choi\/wp-json\/wp\/v2\/product_brand?post=14217"},{"taxonomy":"product_cat","embeddable":true,"href":"https:\/\/web-ban-le.mbws.vn\/do-choi\/wp-json\/wp\/v2\/product_cat?post=14217"},{"taxonomy":"product_tag","embeddable":true,"href":"https:\/\/web-ban-le.mbws.vn\/do-choi\/wp-json\/wp\/v2\/product_tag?post=14217"}],"curies":[{"name":"wp","href":"https:\/\/api.w.org\/{rel}","templated":true}]}}