{"id":14218,"date":"2025-10-28T13:26:18","date_gmt":"2025-10-28T06:26:18","guid":{"rendered":"https:\/\/web-ban-le.mbws.vn\/do-choi\/?post_type=product&#038;p=14218"},"modified":"2025-11-05T08:29:26","modified_gmt":"2025-11-05T01:29:26","slug":"lego-city-60447-do-choi-xe-leo-nui-dia-hinh-4x4-221-chi-tiet","status":"publish","type":"product","link":"https:\/\/web-ban-le.mbws.vn\/do-choi\/san-pham\/lego-city-60447-do-choi-xe-leo-nui-dia-hinh-4x4-221-chi-tiet\/","title":{"rendered":"LEGO CITY 60447 \u0110\u1ed3 Ch\u01a1i Xe Leo N\u00fai \u0110\u1ecba H\u00ecnh 4X4 (221 chi ti\u1ebft)"},"content":{"rendered":"<div class=\"e8lZp3\">\n<p class=\"QN2lPu\">LEGO CITY 60447 \u0110\u1ed3 Ch\u01a1i Xe Leo N\u00fai \u0110\u1ecba H\u00ecnh 4X4 (221 chi ti\u1ebft)<\/p>\n<p class=\"QN2lPu\">Th\u00e1ch th\u1ee9c m\u1ecdi \u0111\u1ecba h\u00ecnh v\u1edbi Xe T\u1ea3i N\u00fai 4&#215;4 Lego\u00ae City!<\/p>\n<p class=\"QN2lPu\">H\u00e3y c\u00f9ng b\u00e9 y\u00eau kh\u00e1m ph\u00e1 nh\u1eefng cu\u1ed9c phi\u00eau l\u01b0u ngo\u00e0i tr\u1eddi ho\u00e0nh tr\u00e1ng v\u1edbi chi\u1ebfc xe t\u1ea3i \u0111\u1ecba h\u00ecnh 4&#215;4 m\u1ea1nh m\u1ebd n\u00e0y. T\u1eeb leo l\u00ean c\u00e1c s\u01b0\u1eddn d\u1ed1c kh\u00f3 kh\u0103n \u0111\u1ebfn c\u1ee9u h\u1ed9 nh\u1eefng chi\u1ebfc xe kh\u00e1c, b\u1ed9 \u0111\u1ed3 ch\u01a1i mang \u0111\u1ebfn v\u00f4 s\u1ed1 ho\u1ea1t \u0111\u1ed9ng th\u00fa v\u1ecb \u0111\u1ec3 b\u00e9 nh\u1eadp vai nh\u01b0 m\u1ed9t nh\u00e0 th\u00e1m hi\u1ec3m th\u1ef1c th\u1ee5!<\/p>\n<p class=\"QN2lPu\">\u0110i\u1ec3m n\u1ed5i b\u1eadt:<\/p>\n<p class=\"QN2lPu\">&#8211; Tr\u00f2 ch\u01a1i nh\u1eadp vai phi\u00eau l\u01b0u: B\u00e9 s\u1ebd v\u00e0o vai nh\u00e0 th\u00e1m hi\u1ec3m \u0111i\u1ec1u khi\u1ec3n chi\u1ebfc xe 4&#215;4 v\u01b0\u1ee3t qua c\u00e1c th\u1eed th\u00e1ch \u0111\u1ecba h\u00ecnh kh\u1eafc nghi\u1ec7t.<\/p>\n<p class=\"QN2lPu\">&#8211; T\u00ednh n\u0103ng th\u1ef1c t\u1ebf: Xe t\u1ea3i trang b\u1ecb c\u1ea7n c\u1ea9u ho\u1ea1t \u0111\u1ed9ng, n\u1eafp ca-p\u00f4 m\u1edf \u0111\u01b0\u1ee3c \u0111\u1ec3 s\u1eeda \u0111\u1ed9ng c\u01a1, c\u00f9ng c\u00e1c c\u00f4ng c\u1ee5 v\u00e0 thi\u1ebft b\u1ecb tr\u00ean n\u00f3c xe.<\/p>\n<p class=\"QN2lPu\">&#8211; Ph\u1ee5 ki\u1ec7n phong ph\u00fa: Bao g\u1ed3m m\u00e1y \u1ea3nh \u0111\u1ed3 ch\u01a1i, b\u1ea3n \u0111\u1ed3, la b\u00e0n v\u00e0 d\u1ee5ng c\u1ee5 h\u1ed7 tr\u1ee3 b\u00e9 ho\u00e0n th\u00e0nh nhi\u1ec7m v\u1ee5 kh\u00e1m ph\u00e1.<\/p>\n<p class=\"QN2lPu\">&#8211; Nh\u00e2n v\u1eadt nh\u1ecf \u0111i k\u00e8m: Nh\u00e0 th\u00e1m hi\u1ec3m Lego\u00ae gi\u00fap t\u0103ng th\u00eam ph\u1ea7n ch\u00e2n th\u1ef1c v\u00e0 th\u00fa v\u1ecb cho tr\u00f2 ch\u01a1i.<\/p>\n<p class=\"QN2lPu\">&#8211; Ph\u00e1t tri\u1ec3n k\u1ef9 n\u0103ng: Khuy\u1ebfn kh\u00edch b\u00e9 s\u00e1ng t\u1ea1o v\u00e0 t\u01b0 duy logic khi x\u00e2y d\u1ef1ng v\u00e0 ch\u01a1i nh\u1eadp vai.<\/p>\n<p class=\"QN2lPu\">&#8211; M\u00f3n qu\u00e0 ho\u00e0n h\u1ea3o: Th\u00edch h\u1ee3p cho c\u00e1c b\u00e9 t\u1eeb 6 tu\u1ed5i tr\u1edf l\u00ean y\u00eau th\u00edch xe \u0111\u1ecba h\u00ecnh v\u00e0 phi\u00eau l\u01b0u.<\/p>\n<p class=\"QN2lPu\">&#8211; K\u1ebft h\u1ee3p d\u1ec5 d\u00e0ng: C\u00f3 th\u1ec3 k\u1ebft h\u1ee3p v\u1edbi c\u00e1c b\u1ed9 Lego\u00ae City kh\u00e1c (b\u00e1n ri\u00eang) \u0111\u1ec3 m\u1edf r\u1ed9ng th\u1ebf gi\u1edbi s\u00e1ng t\u1ea1o.<\/p>\n<p class=\"QN2lPu\">&#8211; K\u00edch th\u01b0\u1edbc l\u00fd t\u01b0\u1edfng: Xe t\u1ea3i d\u00e0i 13 cm (5,5 inch), v\u1eeba v\u1eb7n v\u1edbi tay b\u00e9, d\u1ec5 d\u00e0ng \u0111i\u1ec1u khi\u1ec3n.<\/p>\n<p class=\"QN2lPu\">Th\u00f4ng tin s\u1ea3n ph\u1ea9m: <\/p>\n<p class=\"QN2lPu\">&#8211; Xu\u1ea5t x\u1ee9: Trung Qu\u1ed1c <\/p>\n<p class=\"QN2lPu\">&#8211; K\u00edch th\u01b0\u1edbc h\u1ed9p h\u00e0ng: 20.5&#215;19.1&#215;6.1 cm<\/p>\n<p class=\"QN2lPu\">\n<div class=\"QN2lPu\">\n<div style=\"position: relative; width: 100%; padding-bottom: 100%;\"><picture class=\"UkIsx8\"><source srcset=\"https:\/\/down-vn.img.susercontent.com\/file\/vn-11134208-7ras8-m4es0taz2jm79c@resize_w875_nl.webp 1x, https:\/\/down-vn.img.susercontent.com\/file\/vn-11134208-7ras8-m4es0taz2jm79c@resize_w1750_nl.webp 2x\" type=\"image\/webp\" class=\"UkIsx8\"><img decoding=\"async\" width=\"875\" loading=\"lazy\" class=\"uXN1L5 lazyload GqYslU\" srcset=\"https:\/\/down-vn.img.susercontent.com\/file\/vn-11134208-7ras8-m4es0taz2jm79c@resize_w875_nl 1x, https:\/\/down-vn.img.susercontent.com\/file\/vn-11134208-7ras8-m4es0taz2jm79c@resize_w1750_nl 2x\" src=\"https:\/\/down-vn.img.susercontent.com\/file\/vn-11134208-7ras8-m4es0taz2jm79c\" height=\"875\"><\/picture><\/div>\n<\/div>\n<div class=\"QN2lPu\">\n<div style=\"position: relative; width: 100%; padding-bottom: 100%;\"><picture class=\"UkIsx8\"><source srcset=\"https:\/\/down-vn.img.susercontent.com\/file\/vn-11134208-7ras8-m4es0taz3y6nd4@resize_w875_nl.webp 1x, https:\/\/down-vn.img.susercontent.com\/file\/vn-11134208-7ras8-m4es0taz3y6nd4@resize_w1750_nl.webp 2x\" type=\"image\/webp\" class=\"UkIsx8\"><img decoding=\"async\" width=\"875\" loading=\"lazy\" class=\"uXN1L5 lazyload GqYslU\" srcset=\"https:\/\/down-vn.img.susercontent.com\/file\/vn-11134208-7ras8-m4es0taz3y6nd4@resize_w875_nl 1x, https:\/\/down-vn.img.susercontent.com\/file\/vn-11134208-7ras8-m4es0taz3y6nd4@resize_w1750_nl 2x\" src=\"https:\/\/down-vn.img.susercontent.com\/file\/vn-11134208-7ras8-m4es0taz3y6nd4\" height=\"875\"><\/picture><\/div>\n<\/div>\n<div class=\"QN2lPu\">\n<div style=\"position: relative; width: 100%; padding-bottom: 100%;\"><picture class=\"UkIsx8\"><source srcset=\"https:\/\/down-vn.img.susercontent.com\/file\/vn-11134208-7ras8-m4es0taz5cr33f@resize_w875_nl.webp 1x, https:\/\/down-vn.img.susercontent.com\/file\/vn-11134208-7ras8-m4es0taz5cr33f@resize_w1750_nl.webp 2x\" type=\"image\/webp\" class=\"UkIsx8\"><img decoding=\"async\" width=\"875\" loading=\"lazy\" class=\"uXN1L5 lazyload GqYslU\" srcset=\"https:\/\/down-vn.img.susercontent.com\/file\/vn-11134208-7ras8-m4es0taz5cr33f@resize_w875_nl 1x, https:\/\/down-vn.img.susercontent.com\/file\/vn-11134208-7ras8-m4es0taz5cr33f@resize_w1750_nl 2x\" src=\"https:\/\/down-vn.img.susercontent.com\/file\/vn-11134208-7ras8-m4es0taz5cr33f\" height=\"875\"><\/picture><\/div>\n<\/div>\n<div class=\"QN2lPu\">\n<div style=\"position: relative; width: 100%; padding-bottom: 100%;\"><picture class=\"UkIsx8\"><source srcset=\"https:\/\/down-vn.img.susercontent.com\/file\/vn-11134208-7ras8-m4es0taz6rbj32@resize_w875_nl.webp 1x, https:\/\/down-vn.img.susercontent.com\/file\/vn-11134208-7ras8-m4es0taz6rbj32@resize_w1750_nl.webp 2x\" type=\"image\/webp\" class=\"UkIsx8\"><img decoding=\"async\" width=\"875\" loading=\"lazy\" class=\"uXN1L5 lazyload GqYslU\" srcset=\"https:\/\/down-vn.img.susercontent.com\/file\/vn-11134208-7ras8-m4es0taz6rbj32@resize_w875_nl 1x, https:\/\/down-vn.img.susercontent.com\/file\/vn-11134208-7ras8-m4es0taz6rbj32@resize_w1750_nl 2x\" src=\"https:\/\/down-vn.img.susercontent.com\/file\/vn-11134208-7ras8-m4es0taz6rbj32\" height=\"875\"><\/picture><\/div>\n<\/div>\n<div class=\"QN2lPu\">\n<div style=\"position: relative; width: 100%; padding-bottom: 100%;\"><picture class=\"UkIsx8\"><source srcset=\"https:\/\/down-vn.img.susercontent.com\/file\/vn-11134208-7ras8-m4es0taz85vz9f@resize_w875_nl.webp 1x, https:\/\/down-vn.img.susercontent.com\/file\/vn-11134208-7ras8-m4es0taz85vz9f@resize_w1750_nl.webp 2x\" type=\"image\/webp\" class=\"UkIsx8\"><img decoding=\"async\" width=\"875\" loading=\"lazy\" class=\"uXN1L5 lazyload GqYslU\" srcset=\"https:\/\/down-vn.img.susercontent.com\/file\/vn-11134208-7ras8-m4es0taz85vz9f@resize_w875_nl 1x, https:\/\/down-vn.img.susercontent.com\/file\/vn-11134208-7ras8-m4es0taz85vz9f@resize_w1750_nl 2x\" src=\"https:\/\/down-vn.img.susercontent.com\/file\/vn-11134208-7ras8-m4es0taz85vz9f\" height=\"875\"><\/picture><\/div>\n<\/div>\n<div class=\"QN2lPu\">\n<div style=\"position: relative; width: 100%; padding-bottom: 100%;\"><picture class=\"UkIsx8\"><source srcset=\"https:\/\/down-vn.img.susercontent.com\/file\/vn-11134208-7ras8-m4es0taywwwwaa@resize_w875_nl.webp 1x, https:\/\/down-vn.img.susercontent.com\/file\/vn-11134208-7ras8-m4es0taywwwwaa@resize_w1750_nl.webp 2x\" type=\"image\/webp\" class=\"UkIsx8\"><img decoding=\"async\" width=\"875\" loading=\"lazy\" class=\"uXN1L5 lazyload GqYslU\" srcset=\"https:\/\/down-vn.img.susercontent.com\/file\/vn-11134208-7ras8-m4es0taywwwwaa@resize_w875_nl 1x, https:\/\/down-vn.img.susercontent.com\/file\/vn-11134208-7ras8-m4es0taywwwwaa@resize_w1750_nl 2x\" src=\"https:\/\/down-vn.img.susercontent.com\/file\/vn-11134208-7ras8-m4es0taywwwwaa\" height=\"875\"><\/picture><\/div>\n<\/div>\n<div class=\"QN2lPu\">\n<div style=\"position: relative; width: 100%; padding-bottom: 100%;\"><picture class=\"UkIsx8\"><source srcset=\"https:\/\/down-vn.img.susercontent.com\/file\/vn-11134208-7ras8-m4es0tayybhc34@resize_w875_nl.webp 1x, https:\/\/down-vn.img.susercontent.com\/file\/vn-11134208-7ras8-m4es0tayybhc34@resize_w1750_nl.webp 2x\" type=\"image\/webp\" class=\"UkIsx8\"><img decoding=\"async\" width=\"875\" loading=\"lazy\" class=\"uXN1L5 lazyload QSLoEa GqYslU\" srcset=\"https:\/\/down-vn.img.susercontent.com\/file\/vn-11134208-7ras8-m4es0tayybhc34@resize_w875_nl 1x, https:\/\/down-vn.img.susercontent.com\/file\/vn-11134208-7ras8-m4es0tayybhc34@resize_w1750_nl 2x\" src=\"https:\/\/down-vn.img.susercontent.com\/file\/vn-11134208-7ras8-m4es0tayybhc34\" height=\"875\"><\/picture><\/div>\n<\/div>\n<div class=\"QN2lPu\">\n<div style=\"position: relative; width: 100%; padding-bottom: 100%;\"><picture class=\"UkIsx8\"><source srcset=\"https:\/\/down-vn.img.susercontent.com\/file\/vn-11134208-7ras8-m4es0tayzq1s08@resize_w875_nl.webp 1x, https:\/\/down-vn.img.susercontent.com\/file\/vn-11134208-7ras8-m4es0tayzq1s08@resize_w1750_nl.webp 2x\" type=\"image\/webp\" class=\"UkIsx8\"><img decoding=\"async\" width=\"875\" loading=\"lazy\" class=\"uXN1L5 lazyload QSLoEa GqYslU\" srcset=\"https:\/\/down-vn.img.susercontent.com\/file\/vn-11134208-7ras8-m4es0tayzq1s08@resize_w875_nl 1x, https:\/\/down-vn.img.susercontent.com\/file\/vn-11134208-7ras8-m4es0tayzq1s08@resize_w1750_nl 2x\" src=\"https:\/\/down-vn.img.susercontent.com\/file\/vn-11134208-7ras8-m4es0tayzq1s08\" height=\"875\"><\/picture><\/div>\n<\/div>\n<div class=\"QN2lPu\">\n<div style=\"position: relative; width: 100%; padding-bottom: 100%;\"><picture class=\"UkIsx8\"><source srcset=\"https:\/\/down-vn.img.susercontent.com\/file\/vn-11134208-7ras8-m4es0taz14m8d9@resize_w875_nl.webp 1x, https:\/\/down-vn.img.susercontent.com\/file\/vn-11134208-7ras8-m4es0taz14m8d9@resize_w1750_nl.webp 2x\" type=\"image\/webp\" class=\"UkIsx8\"><img decoding=\"async\" width=\"875\" loading=\"lazy\" class=\"uXN1L5 lazyload QSLoEa GqYslU\" srcset=\"https:\/\/down-vn.img.susercontent.com\/file\/vn-11134208-7ras8-m4es0taz14m8d9@resize_w875_nl 1x, https:\/\/down-vn.img.susercontent.com\/file\/vn-11134208-7ras8-m4es0taz14m8d9@resize_w1750_nl 2x\" src=\"https:\/\/down-vn.img.susercontent.com\/file\/vn-11134208-7ras8-m4es0taz14m8d9\" height=\"875\"><\/picture><\/div>\n<\/div>\n<\/div>\n","protected":false},"excerpt":{"rendered":"<p>LEGO CITY 60447 \u0110\u1ed3 Ch\u01a1i Xe Leo N\u00fai \u0110\u1ecba H\u00ecnh 4X4 (221 chi ti\u1ebft) Th\u00e1ch th\u1ee9c m\u1ecdi \u0111\u1ecba h\u00ecnh v\u1edbi Xe T\u1ea3i N\u00fai 4&#215;4 Lego\u00ae City! H\u00e3y c\u00f9ng b\u00e9 y\u00eau kh\u00e1m ph\u00e1 nh\u1eefng cu\u1ed9c phi\u00eau l\u01b0u ngo\u00e0i tr\u1eddi ho\u00e0nh tr\u00e1ng v\u1edbi chi\u1ebfc xe t\u1ea3i \u0111\u1ecba h\u00ecnh 4&#215;4 m\u1ea1nh m\u1ebd n\u00e0y. T\u1eeb leo l\u00ean c\u00e1c s\u01b0\u1eddn&#8230;<\/p>\n","protected":false},"featured_media":14461,"comment_status":"open","ping_status":"closed","template":"","meta":[],"product_brand":[],"product_cat":[1346],"product_tag":[],"class_list":{"0":"post-14218","1":"product","2":"type-product","3":"status-publish","4":"has-post-thumbnail","6":"product_cat-do-choi-lap-rap","8":"first","9":"instock","10":"sale","11":"featured","12":"shipping-taxable","13":"purchasable","14":"product-type-simple"},"_links":{"self":[{"href":"https:\/\/web-ban-le.mbws.vn\/do-choi\/wp-json\/wp\/v2\/product\/14218","targetHints":{"allow":["GET"]}}],"collection":[{"href":"https:\/\/web-ban-le.mbws.vn\/do-choi\/wp-json\/wp\/v2\/product"}],"about":[{"href":"https:\/\/web-ban-le.mbws.vn\/do-choi\/wp-json\/wp\/v2\/types\/product"}],"replies":[{"embeddable":true,"href":"https:\/\/web-ban-le.mbws.vn\/do-choi\/wp-json\/wp\/v2\/comments?post=14218"}],"wp:featuredmedia":[{"embeddable":true,"href":"https:\/\/web-ban-le.mbws.vn\/do-choi\/wp-json\/wp\/v2\/media\/14461"}],"wp:attachment":[{"href":"https:\/\/web-ban-le.mbws.vn\/do-choi\/wp-json\/wp\/v2\/media?parent=14218"}],"wp:term":[{"taxonomy":"product_brand","embeddable":true,"href":"https:\/\/web-ban-le.mbws.vn\/do-choi\/wp-json\/wp\/v2\/product_brand?post=14218"},{"taxonomy":"product_cat","embeddable":true,"href":"https:\/\/web-ban-le.mbws.vn\/do-choi\/wp-json\/wp\/v2\/product_cat?post=14218"},{"taxonomy":"product_tag","embeddable":true,"href":"https:\/\/web-ban-le.mbws.vn\/do-choi\/wp-json\/wp\/v2\/product_tag?post=14218"}],"curies":[{"name":"wp","href":"https:\/\/api.w.org\/{rel}","templated":true}]}}