{"id":14249,"date":"2025-10-28T13:26:40","date_gmt":"2025-10-28T06:26:40","guid":{"rendered":"https:\/\/web-ban-le.mbws.vn\/do-choi\/?post_type=product&#038;p=14249"},"modified":"2025-11-05T08:29:26","modified_gmt":"2025-11-05T01:29:26","slug":"lego-friends-42643-do-choi-lap-rap-quay-keo-bong-gon-di-dong-va-xe-scooter-110-chi-tiet","status":"publish","type":"product","link":"https:\/\/web-ban-le.mbws.vn\/do-choi\/san-pham\/lego-friends-42643-do-choi-lap-rap-quay-keo-bong-gon-di-dong-va-xe-scooter-110-chi-tiet\/","title":{"rendered":"LEGO FRIENDS 42643 \u0110\u1ed3 Ch\u01a1i L\u1eafp R\u00e1p Qu\u1ea7y K\u1eb9o B\u00f4ng G\u00f2n Di \u0110\u1ed9ng V\u00e0 Xe Scooter (110 chi ti\u1ebft)"},"content":{"rendered":"<div class=\"e8lZp3\">\n<p class=\"QN2lPu\">LEGO FRIENDS 42643 \u0110\u1ed3 Ch\u01a1i L\u1eafp R\u00e1p Qu\u1ea7y K\u1eb9o B\u00f4ng G\u00f2n Di \u0110\u1ed9ng V\u00e0 Xe Scooter (110 chi ti\u1ebft)<\/p>\n<p class=\"QN2lPu\">H\u00e3y c\u00f9ng Liann v\u00e0 Jamila th\u01b0\u1edfng th\u1ee9c m\u00f3n \u0103n ngon t\u1ea1i qu\u1ea7y k\u1eb9o b\u00f4ng. S\u1eed d\u1ee5ng xe scooter \u0111\u1ec3 di chuy\u1ec3n qu\u1ea7y \u0111\u1ebfn v\u1ecb tr\u00ed th\u00edch h\u1ee3p. Sau \u0111\u00f3, s\u1eed d\u1ee5ng b\u00e1t v\u00e0 c\u00e1c lo\u1ea1i topping \u0111\u1ec3 t\u1ea1o ra nh\u1eefng m\u00f3n k\u1eb9o b\u00f4ng tuy\u1ec7t v\u1eddi. \u0110\u1eebng qu\u00ean ch\u00e0o h\u1ecfi ch\u00fa mascot d\u1ec5 th\u01b0\u01a1ng nh\u00e9. Th\u1eadt l\u00e0 m\u1ed9t c\u00e1ch tuy\u1ec7t v\u1eddi \u0111\u1ec3 t\u1eadn h\u01b0\u1edfng th\u1eddi gian v\u1edbi b\u1ea1n b\u00e8!<\/p>\n<p class=\"QN2lPu\">B\u1ed9 x\u00e2y d\u1ef1ng \u0111\u00f3ng vai ch\u01a1i v\u1edbi 2 b\u00fap b\u00ea nh\u1ecf, m\u1ed9t xe \u0111\u1ea9y th\u1ee9c \u0103n v\u00e0 m\u1ed9t chi\u1ebfc xe tay ga<\/p>\n<p class=\"QN2lPu\">\u0110\u1ed3 ch\u01a1i s\u00e1ng t\u1ea1o cho vai tr\u00f2 ch\u01a1i b\u00e1n h\u00e0ng v\u00e0 kh\u00e1ch h\u00e0ng<\/p>\n<p class=\"QN2lPu\">Bao g\u1ed3m 2 b\u00fap b\u00ea nh\u1ecf Lego\u00ae Friends v\u00e0 m\u1ed9t mascot k\u1eb9o b\u00f4ng<\/p>\n<p class=\"QN2lPu\">Ph\u1ee5 ki\u1ec7n bao g\u1ed3m topping cho k\u1eb9o b\u00f4ng, m\u00e1y t\u00ednh ti\u1ec1n v\u00e0 ti\u1ec1n gi\u1ea3<\/p>\n<p class=\"QN2lPu\">M\u00f3n qu\u00e0 cho b\u00e9 g\u00e1i, b\u00e9 trai v\u00e0 nh\u1eefng nh\u00e0 x\u00e2y d\u1ef1ng tr\u1ebb t\u1eeb 6 tu\u1ed5i tr\u1edf l\u00ean<\/p>\n<p class=\"QN2lPu\">Kh\u00e1m ph\u00e1 th\u00eam c\u00e1c b\u1ed9 Lego\u00ae (\u0111\u01b0\u1ee3c b\u00e1n ri\u00eang) v\u00e0 ch\u01b0\u01a1ng tr\u00ecnh tr\u1ef1c tuy\u1ebfn Lego Friends<\/p>\n<p class=\"QN2lPu\">B\u1ed9 110 m\u1ea3nh v\u1edbi m\u00f4 h\u00ecnh qu\u1ea7y th\u1ee9c \u0103n cao h\u01a1n 8 cm (3,5 inch)<\/p>\n<p class=\"QN2lPu\">Th\u00f4ng tin s\u1ea3n ph\u1ea9m:<\/p>\n<p class=\"QN2lPu\">&#8211; Xu\u1ea5t x\u1ee9: Trung Qu\u1ed1c <\/p>\n<p class=\"QN2lPu\">&#8211; K\u00edch th\u01b0\u1edbc h\u1ed9p h\u00e0ng: 14.1&#215;12.2&#215;6.1 cm<\/p>\n<p class=\"QN2lPu\">\n<div class=\"QN2lPu\">\n<div style=\"position: relative; width: 100%; padding-bottom: 100%;\"><picture class=\"UkIsx8\"><source srcset=\"https:\/\/down-vn.img.susercontent.com\/file\/vn-11134208-7ras8-m4eidbfbq1yo0b@resize_w875_nl.webp 1x, https:\/\/down-vn.img.susercontent.com\/file\/vn-11134208-7ras8-m4eidbfbq1yo0b@resize_w1750_nl.webp 2x\" type=\"image\/webp\" class=\"UkIsx8\"><img decoding=\"async\" width=\"875\" loading=\"lazy\" class=\"uXN1L5 lazyload GqYslU\" srcset=\"https:\/\/down-vn.img.susercontent.com\/file\/vn-11134208-7ras8-m4eidbfbq1yo0b@resize_w875_nl 1x, https:\/\/down-vn.img.susercontent.com\/file\/vn-11134208-7ras8-m4eidbfbq1yo0b@resize_w1750_nl 2x\" src=\"https:\/\/down-vn.img.susercontent.com\/file\/vn-11134208-7ras8-m4eidbfbq1yo0b\" height=\"875\"><\/picture><\/div>\n<\/div>\n<p class=\"QN2lPu\">\n<div class=\"QN2lPu\">\n<div style=\"position: relative; width: 100%; padding-bottom: 100%;\"><picture class=\"UkIsx8\"><source srcset=\"https:\/\/down-vn.img.susercontent.com\/file\/vn-11134208-7ras8-m4eidbfbrgj4f7@resize_w875_nl.webp 1x, https:\/\/down-vn.img.susercontent.com\/file\/vn-11134208-7ras8-m4eidbfbrgj4f7@resize_w1750_nl.webp 2x\" type=\"image\/webp\" class=\"UkIsx8\"><img decoding=\"async\" width=\"875\" loading=\"lazy\" class=\"uXN1L5 lazyload GqYslU\" srcset=\"https:\/\/down-vn.img.susercontent.com\/file\/vn-11134208-7ras8-m4eidbfbrgj4f7@resize_w875_nl 1x, https:\/\/down-vn.img.susercontent.com\/file\/vn-11134208-7ras8-m4eidbfbrgj4f7@resize_w1750_nl 2x\" src=\"https:\/\/down-vn.img.susercontent.com\/file\/vn-11134208-7ras8-m4eidbfbrgj4f7\" height=\"875\"><\/picture><\/div>\n<\/div>\n<p class=\"QN2lPu\">\n<div class=\"QN2lPu\">\n<div style=\"position: relative; width: 100%; padding-bottom: 100%;\"><picture class=\"UkIsx8\"><source srcset=\"https:\/\/down-vn.img.susercontent.com\/file\/vn-11134208-7ras8-m4eidbfbsv3k05@resize_w875_nl.webp 1x, https:\/\/down-vn.img.susercontent.com\/file\/vn-11134208-7ras8-m4eidbfbsv3k05@resize_w1750_nl.webp 2x\" type=\"image\/webp\" class=\"UkIsx8\"><img decoding=\"async\" width=\"875\" loading=\"lazy\" class=\"uXN1L5 lazyload GqYslU\" srcset=\"https:\/\/down-vn.img.susercontent.com\/file\/vn-11134208-7ras8-m4eidbfbsv3k05@resize_w875_nl 1x, https:\/\/down-vn.img.susercontent.com\/file\/vn-11134208-7ras8-m4eidbfbsv3k05@resize_w1750_nl 2x\" src=\"https:\/\/down-vn.img.susercontent.com\/file\/vn-11134208-7ras8-m4eidbfbsv3k05\" height=\"875\"><\/picture><\/div>\n<\/div>\n<div class=\"QN2lPu\">\n<div style=\"position: relative; width: 100%; padding-bottom: 100%;\"><picture class=\"UkIsx8\"><source srcset=\"https:\/\/down-vn.img.susercontent.com\/file\/vn-11134208-7ras8-m4eidbfbu9o0d1@resize_w875_nl.webp 1x, https:\/\/down-vn.img.susercontent.com\/file\/vn-11134208-7ras8-m4eidbfbu9o0d1@resize_w1750_nl.webp 2x\" type=\"image\/webp\" class=\"UkIsx8\"><img decoding=\"async\" width=\"875\" loading=\"lazy\" class=\"uXN1L5 lazyload GqYslU\" srcset=\"https:\/\/down-vn.img.susercontent.com\/file\/vn-11134208-7ras8-m4eidbfbu9o0d1@resize_w875_nl 1x, https:\/\/down-vn.img.susercontent.com\/file\/vn-11134208-7ras8-m4eidbfbu9o0d1@resize_w1750_nl 2x\" src=\"https:\/\/down-vn.img.susercontent.com\/file\/vn-11134208-7ras8-m4eidbfbu9o0d1\" height=\"875\"><\/picture><\/div>\n<\/div>\n<div class=\"QN2lPu\">\n<div style=\"position: relative; width: 100%; padding-bottom: 100%;\"><picture class=\"UkIsx8\"><source srcset=\"https:\/\/down-vn.img.susercontent.com\/file\/vn-11134208-7ras8-m4eidbfbvo8g82@resize_w875_nl.webp 1x, https:\/\/down-vn.img.susercontent.com\/file\/vn-11134208-7ras8-m4eidbfbvo8g82@resize_w1750_nl.webp 2x\" type=\"image\/webp\" class=\"UkIsx8\"><img decoding=\"async\" width=\"875\" loading=\"lazy\" class=\"uXN1L5 lazyload GqYslU\" srcset=\"https:\/\/down-vn.img.susercontent.com\/file\/vn-11134208-7ras8-m4eidbfbvo8g82@resize_w875_nl 1x, https:\/\/down-vn.img.susercontent.com\/file\/vn-11134208-7ras8-m4eidbfbvo8g82@resize_w1750_nl 2x\" src=\"https:\/\/down-vn.img.susercontent.com\/file\/vn-11134208-7ras8-m4eidbfbvo8g82\" height=\"875\"><\/picture><\/div>\n<\/div>\n<div class=\"QN2lPu\">\n<div style=\"position: relative; width: 100%; padding-bottom: 100%;\"><picture class=\"UkIsx8\"><source srcset=\"https:\/\/down-vn.img.susercontent.com\/file\/vn-11134208-7ras8-m4eidbfbx2swee@resize_w875_nl.webp 1x, https:\/\/down-vn.img.susercontent.com\/file\/vn-11134208-7ras8-m4eidbfbx2swee@resize_w1750_nl.webp 2x\" type=\"image\/webp\" class=\"UkIsx8\"><img decoding=\"async\" width=\"875\" loading=\"lazy\" class=\"uXN1L5 lazyload GqYslU\" srcset=\"https:\/\/down-vn.img.susercontent.com\/file\/vn-11134208-7ras8-m4eidbfbx2swee@resize_w875_nl 1x, https:\/\/down-vn.img.susercontent.com\/file\/vn-11134208-7ras8-m4eidbfbx2swee@resize_w1750_nl 2x\" src=\"https:\/\/down-vn.img.susercontent.com\/file\/vn-11134208-7ras8-m4eidbfbx2swee\" height=\"875\"><\/picture><\/div>\n<\/div>\n<div class=\"QN2lPu\">\n<div style=\"position: relative; width: 100%; padding-bottom: 100%;\"><picture class=\"UkIsx8\"><source srcset=\"https:\/\/down-vn.img.susercontent.com\/file\/vn-11134208-7ras8-m4eiver0e6b445@resize_w875_nl.webp 1x, https:\/\/down-vn.img.susercontent.com\/file\/vn-11134208-7ras8-m4eiver0e6b445@resize_w1750_nl.webp 2x\" type=\"image\/webp\" class=\"UkIsx8\"><img decoding=\"async\" width=\"875\" loading=\"lazy\" class=\"uXN1L5 lazyload GqYslU\" srcset=\"https:\/\/down-vn.img.susercontent.com\/file\/vn-11134208-7ras8-m4eiver0e6b445@resize_w875_nl 1x, https:\/\/down-vn.img.susercontent.com\/file\/vn-11134208-7ras8-m4eiver0e6b445@resize_w1750_nl 2x\" src=\"https:\/\/down-vn.img.susercontent.com\/file\/vn-11134208-7ras8-m4eiver0e6b445\" height=\"875\"><\/picture><\/div>\n<\/div>\n<div class=\"QN2lPu\">\n<div style=\"position: relative; width: 100%; padding-bottom: 100%;\"><picture class=\"UkIsx8\"><source srcset=\"https:\/\/down-vn.img.susercontent.com\/file\/vn-11134208-7ras8-m4eiver0fkvk33@resize_w875_nl.webp 1x, https:\/\/down-vn.img.susercontent.com\/file\/vn-11134208-7ras8-m4eiver0fkvk33@resize_w1750_nl.webp 2x\" type=\"image\/webp\" class=\"UkIsx8\"><img decoding=\"async\" width=\"875\" loading=\"lazy\" class=\"uXN1L5 lazyload QSLoEa GqYslU\" srcset=\"https:\/\/down-vn.img.susercontent.com\/file\/vn-11134208-7ras8-m4eiver0fkvk33@resize_w875_nl 1x, https:\/\/down-vn.img.susercontent.com\/file\/vn-11134208-7ras8-m4eiver0fkvk33@resize_w1750_nl 2x\" src=\"https:\/\/down-vn.img.susercontent.com\/file\/vn-11134208-7ras8-m4eiver0fkvk33\" height=\"875\"><\/picture><\/div>\n<\/div>\n<div class=\"QN2lPu\">\n<div style=\"position: relative; width: 100%; padding-bottom: 100%;\"><picture class=\"UkIsx8\"><source srcset=\"https:\/\/down-vn.img.susercontent.com\/file\/vn-11134208-7ras8-m4eiver0gzg00c@resize_w875_nl.webp 1x, https:\/\/down-vn.img.susercontent.com\/file\/vn-11134208-7ras8-m4eiver0gzg00c@resize_w1750_nl.webp 2x\" type=\"image\/webp\" class=\"UkIsx8\"><img decoding=\"async\" width=\"875\" loading=\"lazy\" class=\"uXN1L5 lazyload QSLoEa GqYslU\" srcset=\"https:\/\/down-vn.img.susercontent.com\/file\/vn-11134208-7ras8-m4eiver0gzg00c@resize_w875_nl 1x, https:\/\/down-vn.img.susercontent.com\/file\/vn-11134208-7ras8-m4eiver0gzg00c@resize_w1750_nl 2x\" src=\"https:\/\/down-vn.img.susercontent.com\/file\/vn-11134208-7ras8-m4eiver0gzg00c\" height=\"875\"><\/picture><\/div>\n<\/div>\n<div class=\"QN2lPu\">\n<div style=\"position: relative; width: 100%; padding-bottom: 100%;\"><picture class=\"UkIsx8\"><source srcset=\"https:\/\/down-vn.img.susercontent.com\/file\/vn-11134208-7ras8-m4eiver0ie0g39@resize_w875_nl.webp 1x, https:\/\/down-vn.img.susercontent.com\/file\/vn-11134208-7ras8-m4eiver0ie0g39@resize_w1750_nl.webp 2x\" type=\"image\/webp\" class=\"UkIsx8\"><img decoding=\"async\" width=\"875\" loading=\"lazy\" class=\"uXN1L5 lazyload QSLoEa GqYslU\" srcset=\"https:\/\/down-vn.img.susercontent.com\/file\/vn-11134208-7ras8-m4eiver0ie0g39@resize_w875_nl 1x, https:\/\/down-vn.img.susercontent.com\/file\/vn-11134208-7ras8-m4eiver0ie0g39@resize_w1750_nl 2x\" src=\"https:\/\/down-vn.img.susercontent.com\/file\/vn-11134208-7ras8-m4eiver0ie0g39\" height=\"875\"><\/picture><\/div>\n<\/div>\n<\/div>\n","protected":false},"excerpt":{"rendered":"<p>LEGO FRIENDS 42643 \u0110\u1ed3 Ch\u01a1i L\u1eafp R\u00e1p Qu\u1ea7y K\u1eb9o B\u00f4ng G\u00f2n Di \u0110\u1ed9ng V\u00e0 Xe Scooter (110 chi ti\u1ebft) H\u00e3y c\u00f9ng Liann v\u00e0 Jamila th\u01b0\u1edfng th\u1ee9c m\u00f3n \u0103n ngon t\u1ea1i qu\u1ea7y k\u1eb9o b\u00f4ng. S\u1eed d\u1ee5ng xe scooter \u0111\u1ec3 di chuy\u1ec3n qu\u1ea7y \u0111\u1ebfn v\u1ecb tr\u00ed th\u00edch h\u1ee3p. Sau \u0111\u00f3, s\u1eed d\u1ee5ng b\u00e1t v\u00e0 c\u00e1c lo\u1ea1i topping&#8230;<\/p>\n","protected":false},"featured_media":14477,"comment_status":"open","ping_status":"closed","template":"","meta":[],"product_brand":[],"product_cat":[1346],"product_tag":[],"class_list":{"0":"post-14249","1":"product","2":"type-product","3":"status-publish","4":"has-post-thumbnail","6":"product_cat-do-choi-lap-rap","8":"first","9":"instock","10":"sale","11":"featured","12":"shipping-taxable","13":"purchasable","14":"product-type-simple"},"_links":{"self":[{"href":"https:\/\/web-ban-le.mbws.vn\/do-choi\/wp-json\/wp\/v2\/product\/14249","targetHints":{"allow":["GET"]}}],"collection":[{"href":"https:\/\/web-ban-le.mbws.vn\/do-choi\/wp-json\/wp\/v2\/product"}],"about":[{"href":"https:\/\/web-ban-le.mbws.vn\/do-choi\/wp-json\/wp\/v2\/types\/product"}],"replies":[{"embeddable":true,"href":"https:\/\/web-ban-le.mbws.vn\/do-choi\/wp-json\/wp\/v2\/comments?post=14249"}],"wp:featuredmedia":[{"embeddable":true,"href":"https:\/\/web-ban-le.mbws.vn\/do-choi\/wp-json\/wp\/v2\/media\/14477"}],"wp:attachment":[{"href":"https:\/\/web-ban-le.mbws.vn\/do-choi\/wp-json\/wp\/v2\/media?parent=14249"}],"wp:term":[{"taxonomy":"product_brand","embeddable":true,"href":"https:\/\/web-ban-le.mbws.vn\/do-choi\/wp-json\/wp\/v2\/product_brand?post=14249"},{"taxonomy":"product_cat","embeddable":true,"href":"https:\/\/web-ban-le.mbws.vn\/do-choi\/wp-json\/wp\/v2\/product_cat?post=14249"},{"taxonomy":"product_tag","embeddable":true,"href":"https:\/\/web-ban-le.mbws.vn\/do-choi\/wp-json\/wp\/v2\/product_tag?post=14249"}],"curies":[{"name":"wp","href":"https:\/\/api.w.org\/{rel}","templated":true}]}}