{"id":14250,"date":"2025-10-28T13:26:40","date_gmt":"2025-10-28T06:26:40","guid":{"rendered":"https:\/\/web-ban-le.mbws.vn\/do-choi\/?post_type=product&#038;p=14250"},"modified":"2025-11-05T08:29:26","modified_gmt":"2025-11-05T01:29:26","slug":"lego-speed-champions-76923-do-choi-lap-rap-sieu-xe-lamborghini-lambo-v12-vision-gt-230-chi-tiet","status":"publish","type":"product","link":"https:\/\/web-ban-le.mbws.vn\/do-choi\/san-pham\/lego-speed-champions-76923-do-choi-lap-rap-sieu-xe-lamborghini-lambo-v12-vision-gt-230-chi-tiet\/","title":{"rendered":"LEGO SPEED CHAMPIONS 76923 \u0110\u1ed3 Ch\u01a1i L\u1eafp R\u00e1p Si\u00eau Xe Lamborghini Lambo V12 Vision Gt (230 chi ti\u1ebft)"},"content":{"rendered":"<div class=\"e8lZp3\">\n<p class=\"QN2lPu\">LEGO SPEED CHAMPIONS 76923 \u0110\u1ed3 Ch\u01a1i L\u1eafp R\u00e1p Si\u00eau Xe Lamborghini Lambo V12 Vision Gt (230 chi ti\u1ebft)<\/p>\n<p class=\"QN2lPu\">Si\u00eau xe LEGO\u00ae Speed Champions Lamborghini Lambo V12 Vision GT (76923) ph\u00f9 h\u1ee3p cho s\u1edf th\u00edch s\u01b0u t\u1eadp, l\u1eafp r\u00e1p v\u00e0 tr\u01b0ng b\u00e0y d\u00e0nh cho tr\u1ebb t\u1eeb 10 tu\u1ed5i v\u00e0 nh\u1eefng ng\u01b0\u1eddi h\u00e2m m\u1ed9 c\u00e1c c\u00e1c d\u00f2ng si\u00eau xe. V\u1edbi thi\u1ebft k\u1ebf nh\u01b0 \u0111\u1ebfn t\u1eeb t\u01b0\u01a1ng lai, chi\u1ebfc si\u00eau xe Lamborghini mang nhi\u1ec1u chi ti\u1ebft thi\u1ebft k\u1ebf \u0111\u1ed9c \u0111\u00e1o t\u1eeb m\u00f4 h\u00ecnh mang t\u00ednh bi\u1ec3u t\u01b0\u1ee3ng \u0111\u1eb7c tr\u01b0ng trong lo\u1ea1t tr\u00f2 ch\u01a1i \u0111i\u1ec7n t\u1eed Gran Turismo. M\u1eabu si\u00eau xe LEGO n\u00e0y \u0111\u01b0\u1ee3c thi\u1ebft k\u1ebf v\u1edbi ph\u1ea7n \u0111\u01b0\u1eddng n\u00e9t th\u00e2n xe ch\u1ea1m kh\u1eafc s\u1eafc s\u1ea3o \u0111\u1eb7c tr\u01b0ng, bu\u1ed3ng l\u00e1i c\u00f3 th\u1ec3 m\u1edf ra b\u1eb1ng c\u00e1ch n\u00e2ng k\u00ednh ch\u1eafn gi\u00f3 v\u00e0 mui xe, ph\u1ea7n c\u00e1nh gi\u00f3 sau t\u00e1ch r\u1eddi, c\u00e1c chi ti\u1ebft h\u00ecnh l\u1ee5c gi\u00e1c tr\u00ean v\u00e0nh b\u00e1nh xe, \u1ed1ng x\u1ea3 k\u00e9p, logo Gran Turismo v\u00e0 \u0111\u00e8n h\u1eadu h\u00ecnh ch\u1eef Y. \u0110i k\u00e8m c\u00f9ng v\u1edbi m\u1ed9t nh\u00e2n v\u1eadt l\u00e1i xe minifigures \u0111\u01b0\u1ee3c trang b\u1ecb m\u0169 b\u1ea3o hi\u1ec3m. B\u1ed9 l\u1eafp r\u00e1p g\u1ed3m 230 m\u1ea3nh LEGO<\/p>\n<p class=\"QN2lPu\">Th\u00f4ng tin s\u1ea3n ph\u1ea9m: <\/p>\n<p class=\"QN2lPu\">&#8211; Xu\u1ea5t x\u1ee9: Trung Qu\u1ed1c<\/p>\n<p class=\"QN2lPu\">&#8211; K\u00edch th\u01b0\u1edbc h\u1ed9p h\u00e0ng: 26.2&#215;14.1&#215;7.2 cm<\/p>\n<div class=\"QN2lPu\">\n<div style=\"position: relative; width: 100%; padding-bottom: 100%;\"><picture class=\"UkIsx8\"><source srcset=\"https:\/\/down-vn.img.susercontent.com\/file\/vn-11134208-7r98o-lvohznwmok1lb6@resize_w875_nl.webp 1x, https:\/\/down-vn.img.susercontent.com\/file\/vn-11134208-7r98o-lvohznwmok1lb6@resize_w1750_nl.webp 2x\" type=\"image\/webp\" class=\"UkIsx8\"><img decoding=\"async\" width=\"875\" loading=\"lazy\" class=\"uXN1L5 lazyload GqYslU\" srcset=\"https:\/\/down-vn.img.susercontent.com\/file\/vn-11134208-7r98o-lvohznwmok1lb6@resize_w875_nl 1x, https:\/\/down-vn.img.susercontent.com\/file\/vn-11134208-7r98o-lvohznwmok1lb6@resize_w1750_nl 2x\" src=\"https:\/\/down-vn.img.susercontent.com\/file\/vn-11134208-7r98o-lvohznwmok1lb6\" height=\"875\"><\/picture><\/div>\n<\/div>\n<div class=\"QN2lPu\">\n<div style=\"position: relative; width: 100%; padding-bottom: 100%;\"><picture class=\"UkIsx8\"><source srcset=\"https:\/\/down-vn.img.susercontent.com\/file\/vn-11134208-7r98o-lvohznwmpym126@resize_w875_nl.webp 1x, https:\/\/down-vn.img.susercontent.com\/file\/vn-11134208-7r98o-lvohznwmpym126@resize_w1750_nl.webp 2x\" type=\"image\/webp\" class=\"UkIsx8\"><img decoding=\"async\" width=\"875\" loading=\"lazy\" class=\"uXN1L5 lazyload GqYslU\" srcset=\"https:\/\/down-vn.img.susercontent.com\/file\/vn-11134208-7r98o-lvohznwmpym126@resize_w875_nl 1x, https:\/\/down-vn.img.susercontent.com\/file\/vn-11134208-7r98o-lvohznwmpym126@resize_w1750_nl 2x\" src=\"https:\/\/down-vn.img.susercontent.com\/file\/vn-11134208-7r98o-lvohznwmpym126\" height=\"875\"><\/picture><\/div>\n<\/div>\n<div class=\"QN2lPu\">\n<div style=\"position: relative; width: 100%; padding-bottom: 100%;\"><picture class=\"UkIsx8\"><source srcset=\"https:\/\/down-vn.img.susercontent.com\/file\/vn-11134208-7r98o-lvohznwmrd6h1e@resize_w875_nl.webp 1x, https:\/\/down-vn.img.susercontent.com\/file\/vn-11134208-7r98o-lvohznwmrd6h1e@resize_w1750_nl.webp 2x\" type=\"image\/webp\" class=\"UkIsx8\"><img decoding=\"async\" width=\"875\" loading=\"lazy\" class=\"uXN1L5 lazyload GqYslU\" srcset=\"https:\/\/down-vn.img.susercontent.com\/file\/vn-11134208-7r98o-lvohznwmrd6h1e@resize_w875_nl 1x, https:\/\/down-vn.img.susercontent.com\/file\/vn-11134208-7r98o-lvohznwmrd6h1e@resize_w1750_nl 2x\" src=\"https:\/\/down-vn.img.susercontent.com\/file\/vn-11134208-7r98o-lvohznwmrd6h1e\" height=\"875\"><\/picture><\/div>\n<\/div>\n<div class=\"QN2lPu\">\n<div style=\"position: relative; width: 100%; padding-bottom: 100%;\"><picture class=\"UkIsx8\"><source srcset=\"https:\/\/down-vn.img.susercontent.com\/file\/vn-11134208-7r98o-lvoi58af4t7e45@resize_w875_nl.webp 1x, https:\/\/down-vn.img.susercontent.com\/file\/vn-11134208-7r98o-lvoi58af4t7e45@resize_w1750_nl.webp 2x\" type=\"image\/webp\" class=\"UkIsx8\"><img decoding=\"async\" width=\"875\" loading=\"lazy\" class=\"uXN1L5 lazyload GqYslU\" srcset=\"https:\/\/down-vn.img.susercontent.com\/file\/vn-11134208-7r98o-lvoi58af4t7e45@resize_w875_nl 1x, https:\/\/down-vn.img.susercontent.com\/file\/vn-11134208-7r98o-lvoi58af4t7e45@resize_w1750_nl 2x\" src=\"https:\/\/down-vn.img.susercontent.com\/file\/vn-11134208-7r98o-lvoi58af4t7e45\" height=\"875\"><\/picture><\/div>\n<\/div>\n<div class=\"QN2lPu\">\n<div style=\"position: relative; width: 100%; padding-bottom: 100%;\"><picture class=\"UkIsx8\"><source srcset=\"https:\/\/down-vn.img.susercontent.com\/file\/vn-11134208-7r98o-lvoi58cn1k9mb4@resize_w875_nl.webp 1x, https:\/\/down-vn.img.susercontent.com\/file\/vn-11134208-7r98o-lvoi58cn1k9mb4@resize_w1750_nl.webp 2x\" type=\"image\/webp\" class=\"UkIsx8\"><img decoding=\"async\" width=\"875\" loading=\"lazy\" class=\"uXN1L5 lazyload GqYslU\" srcset=\"https:\/\/down-vn.img.susercontent.com\/file\/vn-11134208-7r98o-lvoi58cn1k9mb4@resize_w875_nl 1x, https:\/\/down-vn.img.susercontent.com\/file\/vn-11134208-7r98o-lvoi58cn1k9mb4@resize_w1750_nl 2x\" src=\"https:\/\/down-vn.img.susercontent.com\/file\/vn-11134208-7r98o-lvoi58cn1k9mb4\" height=\"875\"><\/picture><\/div>\n<\/div>\n<div class=\"QN2lPu\">\n<div style=\"position: relative; width: 100%; padding-bottom: 100%;\"><picture class=\"UkIsx8\"><source srcset=\"https:\/\/down-vn.img.susercontent.com\/file\/vn-11134208-7r98o-lvoi58af67ru54@resize_w875_nl.webp 1x, https:\/\/down-vn.img.susercontent.com\/file\/vn-11134208-7r98o-lvoi58af67ru54@resize_w1750_nl.webp 2x\" type=\"image\/webp\" class=\"UkIsx8\"><img decoding=\"async\" width=\"875\" loading=\"lazy\" class=\"uXN1L5 lazyload QSLoEa GqYslU\" srcset=\"https:\/\/down-vn.img.susercontent.com\/file\/vn-11134208-7r98o-lvoi58af67ru54@resize_w875_nl 1x, https:\/\/down-vn.img.susercontent.com\/file\/vn-11134208-7r98o-lvoi58af67ru54@resize_w1750_nl 2x\" src=\"https:\/\/down-vn.img.susercontent.com\/file\/vn-11134208-7r98o-lvoi58af67ru54\" height=\"875\"><\/picture><\/div>\n<\/div>\n<\/div>\n","protected":false},"excerpt":{"rendered":"<p>LEGO SPEED CHAMPIONS 76923 \u0110\u1ed3 Ch\u01a1i L\u1eafp R\u00e1p Si\u00eau Xe Lamborghini Lambo V12 Vision Gt (230 chi ti\u1ebft) Si\u00eau xe LEGO\u00ae Speed Champions Lamborghini Lambo V12 Vision GT (76923) ph\u00f9 h\u1ee3p cho s\u1edf th\u00edch s\u01b0u t\u1eadp, l\u1eafp r\u00e1p v\u00e0 tr\u01b0ng b\u00e0y d\u00e0nh cho tr\u1ebb t\u1eeb 10 tu\u1ed5i v\u00e0 nh\u1eefng ng\u01b0\u1eddi h\u00e2m m\u1ed9 c\u00e1c c\u00e1c d\u00f2ng&#8230;<\/p>\n","protected":false},"featured_media":14486,"comment_status":"open","ping_status":"closed","template":"","meta":[],"product_brand":[],"product_cat":[1346],"product_tag":[],"class_list":{"0":"post-14250","1":"product","2":"type-product","3":"status-publish","4":"has-post-thumbnail","6":"product_cat-do-choi-lap-rap","8":"first","9":"instock","10":"featured","11":"shipping-taxable","12":"purchasable","13":"product-type-simple"},"_links":{"self":[{"href":"https:\/\/web-ban-le.mbws.vn\/do-choi\/wp-json\/wp\/v2\/product\/14250","targetHints":{"allow":["GET"]}}],"collection":[{"href":"https:\/\/web-ban-le.mbws.vn\/do-choi\/wp-json\/wp\/v2\/product"}],"about":[{"href":"https:\/\/web-ban-le.mbws.vn\/do-choi\/wp-json\/wp\/v2\/types\/product"}],"replies":[{"embeddable":true,"href":"https:\/\/web-ban-le.mbws.vn\/do-choi\/wp-json\/wp\/v2\/comments?post=14250"}],"wp:featuredmedia":[{"embeddable":true,"href":"https:\/\/web-ban-le.mbws.vn\/do-choi\/wp-json\/wp\/v2\/media\/14486"}],"wp:attachment":[{"href":"https:\/\/web-ban-le.mbws.vn\/do-choi\/wp-json\/wp\/v2\/media?parent=14250"}],"wp:term":[{"taxonomy":"product_brand","embeddable":true,"href":"https:\/\/web-ban-le.mbws.vn\/do-choi\/wp-json\/wp\/v2\/product_brand?post=14250"},{"taxonomy":"product_cat","embeddable":true,"href":"https:\/\/web-ban-le.mbws.vn\/do-choi\/wp-json\/wp\/v2\/product_cat?post=14250"},{"taxonomy":"product_tag","embeddable":true,"href":"https:\/\/web-ban-le.mbws.vn\/do-choi\/wp-json\/wp\/v2\/product_tag?post=14250"}],"curies":[{"name":"wp","href":"https:\/\/api.w.org\/{rel}","templated":true}]}}