{"id":14251,"date":"2025-10-28T13:26:40","date_gmt":"2025-10-28T06:26:40","guid":{"rendered":"https:\/\/web-ban-le.mbws.vn\/do-choi\/?post_type=product&#038;p=14251"},"modified":"2025-11-05T08:29:26","modified_gmt":"2025-11-05T01:29:26","slug":"lego-city-60456-do-choi-lap-rap-tau-canh-sat-truy-bat-toi-pham-264-chi-tiet","status":"publish","type":"product","link":"https:\/\/web-ban-le.mbws.vn\/do-choi\/san-pham\/lego-city-60456-do-choi-lap-rap-tau-canh-sat-truy-bat-toi-pham-264-chi-tiet\/","title":{"rendered":"LEGO CITY 60456 \u0110\u1ed3 Ch\u01a1i L\u1eafp R\u00e1p T\u00e0u C\u1ea3nh S\u00e1t \u2013 Truy B\u1eaft T\u1ed9i Ph\u1ea1m (264 chi ti\u1ebft)"},"content":{"rendered":"<div class=\"e8lZp3\">\n<p class=\"QN2lPu\">LEGO CITY 60456 \u0110\u1ed3 Ch\u01a1i L\u1eafp R\u00e1p T\u00e0u C\u1ea3nh S\u00e1t \u2013 Truy B\u1eaft T\u1ed9i Ph\u1ea1m (264 chi ti\u1ebft)<\/p>\n<p class=\"QN2lPu\">\u25cf\tM\u1ed9t t\u00ean tr\u1ed9m l\u00e1u c\u00e1 \u0111ang ph\u00f3ng h\u1ebft t\u1ed1c l\u1ef1c tr\u00ean chi\u1ebfc can\u00f4 si\u00eau t\u1ed1c, mang theo vi\u00ean h\u1ed3ng ng\u1ecdc b\u1ecb \u0111\u00e1nh c\u1eafp t\u1eeb c\u1ea3ng LEGO\u00ae City! \u0110\u00e3 \u0111\u1ebfn l\u00fac l\u1ef1c l\u01b0\u1ee3ng c\u1ea3nh s\u00e1t l\u00ean \u0111\u01b0\u1eddng \u2013 h\u00e3y lao ngay v\u00e0o h\u00e0nh \u0111\u1ed9ng v\u1edbi chi\u1ebfc t\u00e0u tu\u1ea7n tra c\u1ea3nh s\u00e1t m\u1ea1nh m\u1ebd! V\u1edbi 2 \u0111\u1ed9ng c\u01a1 ngo\u00e0i, bu\u1ed3ng giam mini v\u00e0 kh\u1ea3 n\u0103ng n\u1ed5i tr\u00ean m\u1eb7t n\u01b0\u1edbc, con t\u00e0u \u0111\u00e3 s\u1eb5n s\u00e0ng \u0111\u1ec3 truy \u0111u\u1ed5i v\u00e0 b\u1eaft gi\u1eef t\u1ed9i ph\u1ea1m.<\/p>\n<p class=\"QN2lPu\">\u25cf\tNh\u01b0ng h\u00e3y coi ch\u1eebng \u2013 m\u1ed9t con c\u00e1 m\u1eadp \u0111ang r\u00ecnh r\u1eadp d\u01b0\u1edbi l\u00e0n s\u00f3ng! V\u01b0\u1ee3t qua m\u1ecdi th\u1eed th\u00e1ch, \u0111\u1ed9i c\u1ea3nh s\u00e1t ph\u1ea3i gi\u00e0nh l\u1ea1i vi\u00ean ng\u1ecdc v\u00e0 gi\u1eef an to\u00e0n cho th\u00e0nh ph\u1ed1. Cu\u1ed9c r\u01b0\u1ee3t \u0111u\u1ed5i \u0111\u00e3 b\u1eaft \u0111\u1ea7u t\u1ea1i LEGO\u00ae City!<\/p>\n<p class=\"QN2lPu\">\u25cf\tB\u1ed9 LEGO\u00ae City d\u00e0nh cho nh\u1eefng anh h\u00f9ng nh\u00ed t\u1eeb 6 tu\u1ed5i tr\u1edf l\u00ean<\/p>\n<p class=\"QN2lPu\">\u25cf\tBao g\u1ed3m t\u00e0u c\u1ea3nh s\u00e1t, can\u00f4 c\u1ee7a t\u00ean tr\u1ed9m, 3 minifigure v\u00e0 1 m\u00f4 h\u00ecnh c\u00e1 m\u1eadp<\/p>\n<p class=\"QN2lPu\">\u25cf\tC\u1ea3 t\u00e0u c\u1ea3nh s\u00e1t v\u00e0 can\u00f4 \u0111\u1ec1u c\u00f3 th\u1ec3 n\u1ed5i tr\u00ean m\u1eb7t n\u01b0\u1edbc<\/p>\n<p class=\"QN2lPu\">\u25cf\tPh\u1ee5 ki\u1ec7n g\u1ed3m: h\u1ed3ng ng\u1ecdc, c\u00f2ng tay, \u0111\u00e8n pin, x\u00edch v\u00e0 phao c\u1ee9u sinh<\/p>\n<p class=\"QN2lPu\">\u25cf\tM\u00f3n qu\u00e0 tuy\u1ec7t v\u1eddi cho tr\u1ebb y\u00eau th\u00edch m\u00f4 h\u00ecnh t\u00e0u, h\u00e0nh \u0111\u1ed9ng v\u00e0 phi\u00eau l\u01b0u<\/p>\n<p class=\"QN2lPu\">\u25cf\tC\u00f3 th\u1ec3 k\u1ebft h\u1ee3p v\u1edbi c\u00e1c b\u1ed9 LEGO\u00ae City kh\u00e1c (b\u00e1n ri\u00eang) \u0111\u1ec3 m\u1edf r\u1ed9ng tr\u00f2 ch\u01a1i<\/p>\n<p class=\"QN2lPu\">\u25cf\tLEGO\u00ae City kh\u01a1i g\u1ee3i tr\u00ed t\u01b0\u1edfng t\u01b0\u1ee3ng kh\u00f4ng gi\u1edbi h\u1ea1n cho tr\u1ebb em<\/p>\n<p class=\"QN2lPu\">\u25cf\tTh\u00f4ng tin s\u1ea3n ph\u1ea9m:<\/p>\n<p class=\"QN2lPu\">&#8211;\tG\u1ed3m 264 m\u1ea3nh gh\u00e9p<\/p>\n<p class=\"QN2lPu\">&#8211;\tT\u00e0u tu\u1ea7n tra c\u1ea3nh s\u00e1t d\u00e0i h\u01a1n 31 cm<\/p>\n<p class=\"QN2lPu\">&#8211;\tXu\u1ea5t x\u1ee9: Trung Qu\u1ed1c<\/p>\n<p class=\"QN2lPu\">&#8211;\tK\u00edch th\u01b0\u1edbc h\u1ed9p h\u00e0ng: 35.4&#215;19.1&#215;9.1 cm<\/p>\n<p class=\"QN2lPu\">\n<div class=\"QN2lPu\">\n<div style=\"position: relative; width: 100%; padding-bottom: 100%;\"><picture class=\"UkIsx8\"><source srcset=\"https:\/\/down-vn.img.susercontent.com\/file\/vn-11134208-7ra0g-ma5hvvx93l2p87@resize_w875_nl.webp 1x, https:\/\/down-vn.img.susercontent.com\/file\/vn-11134208-7ra0g-ma5hvvx93l2p87@resize_w1750_nl.webp 2x\" type=\"image\/webp\" class=\"UkIsx8\"><img decoding=\"async\" width=\"875\" loading=\"lazy\" class=\"uXN1L5 lazyload GqYslU\" srcset=\"https:\/\/down-vn.img.susercontent.com\/file\/vn-11134208-7ra0g-ma5hvvx93l2p87@resize_w875_nl 1x, https:\/\/down-vn.img.susercontent.com\/file\/vn-11134208-7ra0g-ma5hvvx93l2p87@resize_w1750_nl 2x\" src=\"https:\/\/down-vn.img.susercontent.com\/file\/vn-11134208-7ra0g-ma5hvvx93l2p87\" height=\"875\"><\/picture><\/div>\n<\/div>\n<div class=\"QN2lPu\">\n<div style=\"position: relative; width: 100%; padding-bottom: 100%;\"><picture class=\"UkIsx8\"><source srcset=\"https:\/\/down-vn.img.susercontent.com\/file\/vn-11134208-7ra0g-ma5hvvx94zn525@resize_w875_nl.webp 1x, https:\/\/down-vn.img.susercontent.com\/file\/vn-11134208-7ra0g-ma5hvvx94zn525@resize_w1750_nl.webp 2x\" type=\"image\/webp\" class=\"UkIsx8\"><img decoding=\"async\" width=\"875\" loading=\"lazy\" class=\"uXN1L5 lazyload GqYslU\" srcset=\"https:\/\/down-vn.img.susercontent.com\/file\/vn-11134208-7ra0g-ma5hvvx94zn525@resize_w875_nl 1x, https:\/\/down-vn.img.susercontent.com\/file\/vn-11134208-7ra0g-ma5hvvx94zn525@resize_w1750_nl 2x\" src=\"https:\/\/down-vn.img.susercontent.com\/file\/vn-11134208-7ra0g-ma5hvvx94zn525\" height=\"875\"><\/picture><\/div>\n<\/div>\n<div class=\"QN2lPu\">\n<div style=\"position: relative; width: 100%; padding-bottom: 100%;\"><picture class=\"UkIsx8\"><source srcset=\"https:\/\/down-vn.img.susercontent.com\/file\/vn-11134208-7ra0g-ma5hvvx96e7le9@resize_w875_nl.webp 1x, https:\/\/down-vn.img.susercontent.com\/file\/vn-11134208-7ra0g-ma5hvvx96e7le9@resize_w1750_nl.webp 2x\" type=\"image\/webp\" class=\"UkIsx8\"><img decoding=\"async\" width=\"875\" loading=\"lazy\" class=\"uXN1L5 lazyload GqYslU\" srcset=\"https:\/\/down-vn.img.susercontent.com\/file\/vn-11134208-7ra0g-ma5hvvx96e7le9@resize_w875_nl 1x, https:\/\/down-vn.img.susercontent.com\/file\/vn-11134208-7ra0g-ma5hvvx96e7le9@resize_w1750_nl 2x\" src=\"https:\/\/down-vn.img.susercontent.com\/file\/vn-11134208-7ra0g-ma5hvvx96e7le9\" height=\"875\"><\/picture><\/div>\n<\/div>\n<div class=\"QN2lPu\">\n<div style=\"position: relative; width: 100%; padding-bottom: 100%;\"><picture class=\"UkIsx8\"><source srcset=\"https:\/\/down-vn.img.susercontent.com\/file\/vn-11134208-7ra0g-ma5ie22hhfp485@resize_w875_nl.webp 1x, https:\/\/down-vn.img.susercontent.com\/file\/vn-11134208-7ra0g-ma5ie22hhfp485@resize_w1750_nl.webp 2x\" type=\"image\/webp\" class=\"UkIsx8\"><img decoding=\"async\" width=\"875\" loading=\"lazy\" class=\"uXN1L5 lazyload GqYslU\" srcset=\"https:\/\/down-vn.img.susercontent.com\/file\/vn-11134208-7ra0g-ma5ie22hhfp485@resize_w875_nl 1x, https:\/\/down-vn.img.susercontent.com\/file\/vn-11134208-7ra0g-ma5ie22hhfp485@resize_w1750_nl 2x\" src=\"https:\/\/down-vn.img.susercontent.com\/file\/vn-11134208-7ra0g-ma5ie22hhfp485\" height=\"875\"><\/picture><\/div>\n<\/div>\n<div class=\"QN2lPu\">\n<div style=\"position: relative; width: 100%; padding-bottom: 100%;\"><picture class=\"UkIsx8\"><source srcset=\"https:\/\/down-vn.img.susercontent.com\/file\/vn-11134208-7ra0g-ma5ie22hg0w304@resize_w875_nl.webp 1x, https:\/\/down-vn.img.susercontent.com\/file\/vn-11134208-7ra0g-ma5ie22hg0w304@resize_w1750_nl.webp 2x\" type=\"image\/webp\" class=\"UkIsx8\"><img decoding=\"async\" width=\"875\" loading=\"lazy\" class=\"uXN1L5 lazyload GqYslU\" srcset=\"https:\/\/down-vn.img.susercontent.com\/file\/vn-11134208-7ra0g-ma5ie22hg0w304@resize_w875_nl 1x, https:\/\/down-vn.img.susercontent.com\/file\/vn-11134208-7ra0g-ma5ie22hg0w304@resize_w1750_nl 2x\" src=\"https:\/\/down-vn.img.susercontent.com\/file\/vn-11134208-7ra0g-ma5ie22hg0w304\" height=\"875\"><\/picture><\/div>\n<\/div>\n<div class=\"QN2lPu\">\n<div style=\"position: relative; width: 100%; padding-bottom: 100%;\"><picture class=\"UkIsx8\"><source srcset=\"https:\/\/down-vn.img.susercontent.com\/file\/vn-11134208-7ra0g-ma5ie24feldka7@resize_w875_nl.webp 1x, https:\/\/down-vn.img.susercontent.com\/file\/vn-11134208-7ra0g-ma5ie24feldka7@resize_w1750_nl.webp 2x\" type=\"image\/webp\" class=\"UkIsx8\"><img decoding=\"async\" width=\"875\" loading=\"lazy\" class=\"uXN1L5 lazyload GqYslU\" srcset=\"https:\/\/down-vn.img.susercontent.com\/file\/vn-11134208-7ra0g-ma5ie24feldka7@resize_w875_nl 1x, https:\/\/down-vn.img.susercontent.com\/file\/vn-11134208-7ra0g-ma5ie24feldka7@resize_w1750_nl 2x\" src=\"https:\/\/down-vn.img.susercontent.com\/file\/vn-11134208-7ra0g-ma5ie24feldka7\" height=\"875\"><\/picture><\/div>\n<\/div>\n<div class=\"QN2lPu\">\n<div style=\"position: relative; width: 100%; padding-bottom: 100%;\"><picture class=\"UkIsx8\"><source srcset=\"https:\/\/down-vn.img.susercontent.com\/file\/vn-11134208-7ra0g-ma5ie22hhfgjc9@resize_w875_nl.webp 1x, https:\/\/down-vn.img.susercontent.com\/file\/vn-11134208-7ra0g-ma5ie22hhfgjc9@resize_w1750_nl.webp 2x\" type=\"image\/webp\" class=\"UkIsx8\"><img decoding=\"async\" width=\"875\" loading=\"lazy\" class=\"uXN1L5 lazyload QSLoEa GqYslU\" srcset=\"https:\/\/down-vn.img.susercontent.com\/file\/vn-11134208-7ra0g-ma5ie22hhfgjc9@resize_w875_nl 1x, https:\/\/down-vn.img.susercontent.com\/file\/vn-11134208-7ra0g-ma5ie22hhfgjc9@resize_w1750_nl 2x\" src=\"https:\/\/down-vn.img.susercontent.com\/file\/vn-11134208-7ra0g-ma5ie22hhfgjc9\" height=\"875\"><\/picture><\/div>\n<\/div>\n<div class=\"QN2lPu\">\n<div style=\"position: relative; width: 100%; padding-bottom: 100%;\"><picture class=\"UkIsx8\"><source srcset=\"https:\/\/down-vn.img.susercontent.com\/file\/vn-11134208-7ra0g-ma5ie22hiu0z22@resize_w875_nl.webp 1x, https:\/\/down-vn.img.susercontent.com\/file\/vn-11134208-7ra0g-ma5ie22hiu0z22@resize_w1750_nl.webp 2x\" type=\"image\/webp\" class=\"UkIsx8\"><img decoding=\"async\" width=\"875\" loading=\"lazy\" class=\"uXN1L5 lazyload QSLoEa GqYslU\" srcset=\"https:\/\/down-vn.img.susercontent.com\/file\/vn-11134208-7ra0g-ma5ie22hiu0z22@resize_w875_nl 1x, https:\/\/down-vn.img.susercontent.com\/file\/vn-11134208-7ra0g-ma5ie22hiu0z22@resize_w1750_nl 2x\" src=\"https:\/\/down-vn.img.susercontent.com\/file\/vn-11134208-7ra0g-ma5ie22hiu0z22\" height=\"875\"><\/picture><\/div>\n<\/div>\n<div class=\"QN2lPu\">\n<div style=\"position: relative; width: 100%; padding-bottom: 100%;\"><picture class=\"UkIsx8\"><source srcset=\"https:\/\/down-vn.img.susercontent.com\/file\/vn-11134208-7ra0g-ma5ie22hk8lf95@resize_w875_nl.webp 1x, https:\/\/down-vn.img.susercontent.com\/file\/vn-11134208-7ra0g-ma5ie22hk8lf95@resize_w1750_nl.webp 2x\" type=\"image\/webp\" class=\"UkIsx8\"><img decoding=\"async\" width=\"875\" loading=\"lazy\" class=\"uXN1L5 lazyload QSLoEa GqYslU\" srcset=\"https:\/\/down-vn.img.susercontent.com\/file\/vn-11134208-7ra0g-ma5ie22hk8lf95@resize_w875_nl 1x, https:\/\/down-vn.img.susercontent.com\/file\/vn-11134208-7ra0g-ma5ie22hk8lf95@resize_w1750_nl 2x\" src=\"https:\/\/down-vn.img.susercontent.com\/file\/vn-11134208-7ra0g-ma5ie22hk8lf95\" height=\"875\"><\/picture><\/div>\n<\/div>\n<\/div>\n","protected":false},"excerpt":{"rendered":"<p>LEGO CITY 60456 \u0110\u1ed3 Ch\u01a1i L\u1eafp R\u00e1p T\u00e0u C\u1ea3nh S\u00e1t \u2013 Truy B\u1eaft T\u1ed9i Ph\u1ea1m (264 chi ti\u1ebft) \u25cf M\u1ed9t t\u00ean tr\u1ed9m l\u00e1u c\u00e1 \u0111ang ph\u00f3ng h\u1ebft t\u1ed1c l\u1ef1c tr\u00ean chi\u1ebfc can\u00f4 si\u00eau t\u1ed1c, mang theo vi\u00ean h\u1ed3ng ng\u1ecdc b\u1ecb \u0111\u00e1nh c\u1eafp t\u1eeb c\u1ea3ng LEGO\u00ae City! \u0110\u00e3 \u0111\u1ebfn l\u00fac l\u1ef1c l\u01b0\u1ee3ng c\u1ea3nh s\u00e1t l\u00ean \u0111\u01b0\u1eddng&#8230;<\/p>\n","protected":false},"featured_media":14493,"comment_status":"open","ping_status":"closed","template":"","meta":[],"product_brand":[],"product_cat":[1346],"product_tag":[],"class_list":{"0":"post-14251","1":"product","2":"type-product","3":"status-publish","4":"has-post-thumbnail","6":"product_cat-do-choi-lap-rap","8":"first","9":"instock","10":"featured","11":"shipping-taxable","12":"purchasable","13":"product-type-simple"},"_links":{"self":[{"href":"https:\/\/web-ban-le.mbws.vn\/do-choi\/wp-json\/wp\/v2\/product\/14251","targetHints":{"allow":["GET"]}}],"collection":[{"href":"https:\/\/web-ban-le.mbws.vn\/do-choi\/wp-json\/wp\/v2\/product"}],"about":[{"href":"https:\/\/web-ban-le.mbws.vn\/do-choi\/wp-json\/wp\/v2\/types\/product"}],"replies":[{"embeddable":true,"href":"https:\/\/web-ban-le.mbws.vn\/do-choi\/wp-json\/wp\/v2\/comments?post=14251"}],"wp:featuredmedia":[{"embeddable":true,"href":"https:\/\/web-ban-le.mbws.vn\/do-choi\/wp-json\/wp\/v2\/media\/14493"}],"wp:attachment":[{"href":"https:\/\/web-ban-le.mbws.vn\/do-choi\/wp-json\/wp\/v2\/media?parent=14251"}],"wp:term":[{"taxonomy":"product_brand","embeddable":true,"href":"https:\/\/web-ban-le.mbws.vn\/do-choi\/wp-json\/wp\/v2\/product_brand?post=14251"},{"taxonomy":"product_cat","embeddable":true,"href":"https:\/\/web-ban-le.mbws.vn\/do-choi\/wp-json\/wp\/v2\/product_cat?post=14251"},{"taxonomy":"product_tag","embeddable":true,"href":"https:\/\/web-ban-le.mbws.vn\/do-choi\/wp-json\/wp\/v2\/product_tag?post=14251"}],"curies":[{"name":"wp","href":"https:\/\/api.w.org\/{rel}","templated":true}]}}