{"id":14282,"date":"2025-10-28T13:27:01","date_gmt":"2025-10-28T06:27:01","guid":{"rendered":"https:\/\/web-ban-le.mbws.vn\/do-choi\/?post_type=product&#038;p=14282"},"modified":"2025-11-05T08:29:26","modified_gmt":"2025-11-05T01:29:26","slug":"lego-creator-31160-do-choi-lap-rap-may-bay-phan-luc-178-chi-tiet","status":"publish","type":"product","link":"https:\/\/web-ban-le.mbws.vn\/do-choi\/san-pham\/lego-creator-31160-do-choi-lap-rap-may-bay-phan-luc-178-chi-tiet\/","title":{"rendered":"LEGO CREATOR 31160 \u0110\u1ed3 Ch\u01a1i L\u1eafp R\u00e1p M\u00e1y Bay Ph\u1ea3n L\u1ef1c\u00a0(178 chi ti\u1ebft)"},"content":{"rendered":"<div class=\"e8lZp3\">\n<p class=\"QN2lPu\">LEGO CREATOR 31160 \u0110\u1ed3 Ch\u01a1i L\u1eafp R\u00e1p M\u00e1y Bay Ph\u1ea3n L\u1ef1c&nbsp;(178 chi ti\u1ebft)<\/p>\n<p class=\"QN2lPu\">C\u00f9ng chinh ph\u1ee5c b\u1ea7u tr\u1eddi v\u1edbi Lego\u00ae Creator 3in1 \u0111a n\u0103ng! B\u00e9 y\u00eau th\u00edch h\u00e0nh \u0111\u1ed9ng tr\u00ean kh\u00f4ng? B\u1ed9 Lego\u00ae Creator 3in1 n\u00e0y ch\u00ednh l\u00e0 l\u1ef1a ch\u1ecdn tuy\u1ec7t v\u1eddi! B\u00e9 c\u00f3 th\u1ec3 l\u1eafp r\u00e1p M\u00e1y bay \u0110ua c\u00e1nh qu\u1ea1t si\u00eau ng\u1ea7u, t\u00e1i t\u1ea1o th\u00e0nh m\u1ed9t chi\u1ebfc m\u00e1y bay ph\u1ea3n l\u1ef1c si\u00eau t\u1ed1c ho\u1eb7c th\u1eed s\u1ee9c v\u1edbi chi\u1ebfc tr\u1ef1c th\u0103ng c\u00e1nh qu\u1ea1t quay m\u1ea1nh m\u1ebd. H\u00e3y \u0111\u1ec3 tr\u00ed t\u01b0\u1edfng t\u01b0\u1ee3ng c\u1ee7a b\u00e9 bay cao v\u00e0 s\u00e1ng t\u1ea1o kh\u00f4ng ng\u1eebng!<\/p>\n<p class=\"QN2lPu\">\n<p class=\"QN2lPu\">\u0110i\u1ec3m n\u1ed5i b\u1eadt:<\/p>\n<p class=\"QN2lPu\">&#8211; X\u00e2y d\u1ef1ng 3 m\u00f4 h\u00ecnh trong 1: B\u00e9 c\u00f3 th\u1ec3 ch\u1ecdn gi\u1eefa M\u00e1y bay \u0110ua, m\u00e1y bay ph\u1ea3n l\u1ef1c ho\u1eb7c tr\u1ef1c th\u0103ng, t\u1ea1o ra c\u00e1c chuy\u1ebfn phi\u00eau l\u01b0u \u0111\u1ed9c \u0111\u00e1o m\u1ed7i l\u1ea7n ch\u01a1i.<\/p>\n<p class=\"QN2lPu\">&#8211; T\u00ednh n\u0103ng chuy\u1ec3n \u0111\u1ed9ng s\u1ed1ng \u0111\u1ed9ng: M\u1ed7i m\u00f4 h\u00ecnh \u0111\u1ec1u c\u00f3 c\u00e1c chi ti\u1ebft chuy\u1ec3n \u0111\u1ed9ng th\u00fa v\u1ecb nh\u01b0 c\u00e1nh qu\u1ea1t xoay, b\u00e1nh xe ho\u1eb7c rotor tr\u1ef1c th\u0103ng.<\/p>\n<p class=\"QN2lPu\">&#8211; Tr\u01b0ng b\u00e0y \u1ea5n t\u01b0\u1ee3ng: B\u00e9 c\u00f3 th\u1ec3 tr\u01b0ng b\u00e0y c\u1ea3 3 m\u00f4 h\u00ecnh tr\u00ean gi\u00e1 \u0111\u1ee1 b\u1eb1ng g\u1ea1ch, l\u00e0m n\u1ed5i b\u1eadt g\u00f3c ch\u01a1i c\u1ee7a m\u00ecnh.<\/p>\n<p class=\"QN2lPu\">&#8211; Qu\u00e0 t\u1eb7ng l\u00fd t\u01b0\u1edfng: Ph\u00f9 h\u1ee3p cho c\u00e1c b\u00e9 t\u1eeb 7 tu\u1ed5i tr\u1edf l\u00ean, \u0111\u1eb7c bi\u1ec7t l\u00e0 nh\u1eefng b\u00e9 y\u00eau th\u00edch xe c\u1ed9 v\u00e0 c\u00e1c chuy\u1ebfn phi\u00eau l\u01b0u tr\u00ean kh\u00f4ng.<\/p>\n<p class=\"QN2lPu\">&#8211; M\u1edf r\u1ed9ng tr\u1ea3i nghi\u1ec7m: K\u1ebft h\u1ee3p v\u1edbi c\u00e1c b\u1ed9 Lego\u00ae Creator 3in1 kh\u00e1c (b\u00e1n ri\u00eang) \u0111\u1ec3 t\u1ea1o th\u00eam nhi\u1ec1u c\u00e2u chuy\u1ec7n h\u1ea5p d\u1eabn.<\/p>\n<p class=\"QN2lPu\">&#8211; Kh\u00e1m ph\u00e1 \u0111a d\u1ea1ng: B\u1ed9 Lego\u00ae Creator 3in1 mang \u0111\u1ebfn c\u00e1c m\u00f4 h\u00ecnh t\u1eeb \u0111\u1ed9ng v\u1eadt, nh\u00e0 c\u1eeda \u0111\u1ebfn xe c\u1ed9, gi\u00fap b\u00e9 th\u1ecfa s\u1ee9c kh\u00e1m ph\u00e1 th\u1ebf gi\u1edbi s\u00e1ng t\u1ea1o.<\/p>\n<p class=\"QN2lPu\">&#8211; K\u00edch th\u01b0\u1edbc ho\u00e0n h\u1ea3o: M\u00e1y bay \u0110ua khi l\u1eafp r\u00e1p xong r\u1ed9ng h\u01a1n 21 cm (8,5 inch), v\u1eeba v\u1eb7n \u0111\u1ec3 ch\u01a1i ho\u1eb7c tr\u01b0ng b\u00e0y. <\/p>\n<p class=\"QN2lPu\">Th\u00f4ng tin s\u1ea3n ph\u1ea9m: <\/p>\n<p class=\"QN2lPu\">&#8211; Xu\u1ea5t x\u1ee9: Trung Qu\u1ed1c <\/p>\n<p class=\"QN2lPu\">&#8211; K\u00edch th\u01b0\u1edbc h\u1ed9p h\u00e0ng: 26.2&#215;14.1&#215;4.8 cm<\/p>\n<p class=\"QN2lPu\">\n<div class=\"QN2lPu\">\n<div style=\"position: relative; width: 100%; padding-bottom: 100%;\"><picture class=\"UkIsx8\"><source srcset=\"https:\/\/down-vn.img.susercontent.com\/file\/vn-11134208-7ras8-m4etqm1x9i1s91@resize_w875_nl.webp 1x, https:\/\/down-vn.img.susercontent.com\/file\/vn-11134208-7ras8-m4etqm1x9i1s91@resize_w1750_nl.webp 2x\" type=\"image\/webp\" class=\"UkIsx8\"><img decoding=\"async\" width=\"875\" loading=\"lazy\" class=\"uXN1L5 lazyload GqYslU\" srcset=\"https:\/\/down-vn.img.susercontent.com\/file\/vn-11134208-7ras8-m4etqm1x9i1s91@resize_w875_nl 1x, https:\/\/down-vn.img.susercontent.com\/file\/vn-11134208-7ras8-m4etqm1x9i1s91@resize_w1750_nl 2x\" src=\"https:\/\/down-vn.img.susercontent.com\/file\/vn-11134208-7ras8-m4etqm1x9i1s91\" height=\"875\"><\/picture><\/div>\n<\/div>\n<div class=\"QN2lPu\">\n<div style=\"position: relative; width: 100%; padding-bottom: 100%;\"><picture class=\"UkIsx8\"><source srcset=\"https:\/\/down-vn.img.susercontent.com\/file\/vn-11134208-7ras8-m4etqm1xawm881@resize_w875_nl.webp 1x, https:\/\/down-vn.img.susercontent.com\/file\/vn-11134208-7ras8-m4etqm1xawm881@resize_w1750_nl.webp 2x\" type=\"image\/webp\" class=\"UkIsx8\"><img decoding=\"async\" width=\"875\" loading=\"lazy\" class=\"uXN1L5 lazyload GqYslU\" srcset=\"https:\/\/down-vn.img.susercontent.com\/file\/vn-11134208-7ras8-m4etqm1xawm881@resize_w875_nl 1x, https:\/\/down-vn.img.susercontent.com\/file\/vn-11134208-7ras8-m4etqm1xawm881@resize_w1750_nl 2x\" src=\"https:\/\/down-vn.img.susercontent.com\/file\/vn-11134208-7ras8-m4etqm1xawm881\" height=\"875\"><\/picture><\/div>\n<\/div>\n<div class=\"QN2lPu\">\n<div style=\"position: relative; width: 100%; padding-bottom: 100%;\"><picture class=\"UkIsx8\"><source srcset=\"https:\/\/down-vn.img.susercontent.com\/file\/vn-11134208-7ras8-m4etqm1xcb6o7c@resize_w875_nl.webp 1x, https:\/\/down-vn.img.susercontent.com\/file\/vn-11134208-7ras8-m4etqm1xcb6o7c@resize_w1750_nl.webp 2x\" type=\"image\/webp\" class=\"UkIsx8\"><img decoding=\"async\" width=\"875\" loading=\"lazy\" class=\"uXN1L5 lazyload GqYslU\" srcset=\"https:\/\/down-vn.img.susercontent.com\/file\/vn-11134208-7ras8-m4etqm1xcb6o7c@resize_w875_nl 1x, https:\/\/down-vn.img.susercontent.com\/file\/vn-11134208-7ras8-m4etqm1xcb6o7c@resize_w1750_nl 2x\" src=\"https:\/\/down-vn.img.susercontent.com\/file\/vn-11134208-7ras8-m4etqm1xcb6o7c\" height=\"875\"><\/picture><\/div>\n<\/div>\n<div class=\"QN2lPu\">\n<div style=\"position: relative; width: 100%; padding-bottom: 100%;\"><picture class=\"UkIsx8\"><source srcset=\"https:\/\/down-vn.img.susercontent.com\/file\/vn-11134208-7ras8-m4etqm1xdpr4eb@resize_w875_nl.webp 1x, https:\/\/down-vn.img.susercontent.com\/file\/vn-11134208-7ras8-m4etqm1xdpr4eb@resize_w1750_nl.webp 2x\" type=\"image\/webp\" class=\"UkIsx8\"><img decoding=\"async\" width=\"875\" loading=\"lazy\" class=\"uXN1L5 lazyload GqYslU\" srcset=\"https:\/\/down-vn.img.susercontent.com\/file\/vn-11134208-7ras8-m4etqm1xdpr4eb@resize_w875_nl 1x, https:\/\/down-vn.img.susercontent.com\/file\/vn-11134208-7ras8-m4etqm1xdpr4eb@resize_w1750_nl 2x\" src=\"https:\/\/down-vn.img.susercontent.com\/file\/vn-11134208-7ras8-m4etqm1xdpr4eb\" height=\"875\"><\/picture><\/div>\n<\/div>\n<div class=\"QN2lPu\">\n<div style=\"position: relative; width: 100%; padding-bottom: 100%;\"><picture class=\"UkIsx8\"><source srcset=\"https:\/\/down-vn.img.susercontent.com\/file\/vn-11134208-7ras8-m4etqm1xf4bkf6@resize_w875_nl.webp 1x, https:\/\/down-vn.img.susercontent.com\/file\/vn-11134208-7ras8-m4etqm1xf4bkf6@resize_w1750_nl.webp 2x\" type=\"image\/webp\" class=\"UkIsx8\"><img decoding=\"async\" width=\"875\" loading=\"lazy\" class=\"uXN1L5 lazyload GqYslU\" srcset=\"https:\/\/down-vn.img.susercontent.com\/file\/vn-11134208-7ras8-m4etqm1xf4bkf6@resize_w875_nl 1x, https:\/\/down-vn.img.susercontent.com\/file\/vn-11134208-7ras8-m4etqm1xf4bkf6@resize_w1750_nl 2x\" src=\"https:\/\/down-vn.img.susercontent.com\/file\/vn-11134208-7ras8-m4etqm1xf4bkf6\" height=\"875\"><\/picture><\/div>\n<\/div>\n<div class=\"QN2lPu\">\n<div style=\"position: relative; width: 100%; padding-bottom: 100%;\"><picture class=\"UkIsx8\"><source srcset=\"https:\/\/down-vn.img.susercontent.com\/file\/vn-11134208-7ras8-m4etqm1xgiw08f@resize_w875_nl.webp 1x, https:\/\/down-vn.img.susercontent.com\/file\/vn-11134208-7ras8-m4etqm1xgiw08f@resize_w1750_nl.webp 2x\" type=\"image\/webp\" class=\"UkIsx8\"><img decoding=\"async\" width=\"875\" loading=\"lazy\" class=\"uXN1L5 lazyload GqYslU\" srcset=\"https:\/\/down-vn.img.susercontent.com\/file\/vn-11134208-7ras8-m4etqm1xgiw08f@resize_w875_nl 1x, https:\/\/down-vn.img.susercontent.com\/file\/vn-11134208-7ras8-m4etqm1xgiw08f@resize_w1750_nl 2x\" src=\"https:\/\/down-vn.img.susercontent.com\/file\/vn-11134208-7ras8-m4etqm1xgiw08f\" height=\"875\"><\/picture><\/div>\n<\/div>\n<div class=\"QN2lPu\">\n<div style=\"position: relative; width: 100%; padding-bottom: 100%;\"><picture class=\"UkIsx8\"><source srcset=\"https:\/\/down-vn.img.susercontent.com\/file\/vn-11134208-7ras8-m4etqm1xhxgg3e@resize_w875_nl.webp 1x, https:\/\/down-vn.img.susercontent.com\/file\/vn-11134208-7ras8-m4etqm1xhxgg3e@resize_w1750_nl.webp 2x\" type=\"image\/webp\" class=\"UkIsx8\"><img decoding=\"async\" width=\"875\" loading=\"lazy\" class=\"uXN1L5 lazyload QSLoEa GqYslU\" srcset=\"https:\/\/down-vn.img.susercontent.com\/file\/vn-11134208-7ras8-m4etqm1xhxgg3e@resize_w875_nl 1x, https:\/\/down-vn.img.susercontent.com\/file\/vn-11134208-7ras8-m4etqm1xhxgg3e@resize_w1750_nl 2x\" src=\"https:\/\/down-vn.img.susercontent.com\/file\/vn-11134208-7ras8-m4etqm1xhxgg3e\" height=\"875\"><\/picture><\/div>\n<\/div>\n<div class=\"QN2lPu\">\n<div style=\"position: relative; width: 100%; padding-bottom: 100%;\"><picture class=\"UkIsx8\"><source srcset=\"https:\/\/down-vn.img.susercontent.com\/file\/vn-11134208-7ras8-m4etqm1xjc0w9b@resize_w875_nl.webp 1x, https:\/\/down-vn.img.susercontent.com\/file\/vn-11134208-7ras8-m4etqm1xjc0w9b@resize_w1750_nl.webp 2x\" type=\"image\/webp\" class=\"UkIsx8\"><img decoding=\"async\" width=\"875\" loading=\"lazy\" class=\"uXN1L5 lazyload QSLoEa GqYslU\" srcset=\"https:\/\/down-vn.img.susercontent.com\/file\/vn-11134208-7ras8-m4etqm1xjc0w9b@resize_w875_nl 1x, https:\/\/down-vn.img.susercontent.com\/file\/vn-11134208-7ras8-m4etqm1xjc0w9b@resize_w1750_nl 2x\" src=\"https:\/\/down-vn.img.susercontent.com\/file\/vn-11134208-7ras8-m4etqm1xjc0w9b\" height=\"875\"><\/picture><\/div>\n<\/div>\n<\/div>\n","protected":false},"excerpt":{"rendered":"<p>LEGO CREATOR 31160 \u0110\u1ed3 Ch\u01a1i L\u1eafp R\u00e1p M\u00e1y Bay Ph\u1ea3n L\u1ef1c&nbsp;(178 chi ti\u1ebft) C\u00f9ng chinh ph\u1ee5c b\u1ea7u tr\u1eddi v\u1edbi Lego\u00ae Creator 3in1 \u0111a n\u0103ng! B\u00e9 y\u00eau th\u00edch h\u00e0nh \u0111\u1ed9ng tr\u00ean kh\u00f4ng? B\u1ed9 Lego\u00ae Creator 3in1 n\u00e0y ch\u00ednh l\u00e0 l\u1ef1a ch\u1ecdn tuy\u1ec7t v\u1eddi! B\u00e9 c\u00f3 th\u1ec3 l\u1eafp r\u00e1p M\u00e1y bay \u0110ua c\u00e1nh qu\u1ea1t si\u00eau ng\u1ea7u, t\u00e1i&#8230;<\/p>\n","protected":false},"featured_media":14509,"comment_status":"open","ping_status":"closed","template":"","meta":[],"product_brand":[],"product_cat":[1346],"product_tag":[],"class_list":{"0":"post-14282","1":"product","2":"type-product","3":"status-publish","4":"has-post-thumbnail","6":"product_cat-do-choi-lap-rap","8":"first","9":"instock","10":"featured","11":"shipping-taxable","12":"purchasable","13":"product-type-simple"},"_links":{"self":[{"href":"https:\/\/web-ban-le.mbws.vn\/do-choi\/wp-json\/wp\/v2\/product\/14282","targetHints":{"allow":["GET"]}}],"collection":[{"href":"https:\/\/web-ban-le.mbws.vn\/do-choi\/wp-json\/wp\/v2\/product"}],"about":[{"href":"https:\/\/web-ban-le.mbws.vn\/do-choi\/wp-json\/wp\/v2\/types\/product"}],"replies":[{"embeddable":true,"href":"https:\/\/web-ban-le.mbws.vn\/do-choi\/wp-json\/wp\/v2\/comments?post=14282"}],"wp:featuredmedia":[{"embeddable":true,"href":"https:\/\/web-ban-le.mbws.vn\/do-choi\/wp-json\/wp\/v2\/media\/14509"}],"wp:attachment":[{"href":"https:\/\/web-ban-le.mbws.vn\/do-choi\/wp-json\/wp\/v2\/media?parent=14282"}],"wp:term":[{"taxonomy":"product_brand","embeddable":true,"href":"https:\/\/web-ban-le.mbws.vn\/do-choi\/wp-json\/wp\/v2\/product_brand?post=14282"},{"taxonomy":"product_cat","embeddable":true,"href":"https:\/\/web-ban-le.mbws.vn\/do-choi\/wp-json\/wp\/v2\/product_cat?post=14282"},{"taxonomy":"product_tag","embeddable":true,"href":"https:\/\/web-ban-le.mbws.vn\/do-choi\/wp-json\/wp\/v2\/product_tag?post=14282"}],"curies":[{"name":"wp","href":"https:\/\/api.w.org\/{rel}","templated":true}]}}