{"id":14283,"date":"2025-10-28T13:27:01","date_gmt":"2025-10-28T06:27:01","guid":{"rendered":"https:\/\/web-ban-le.mbws.vn\/do-choi\/?post_type=product&#038;p=14283"},"modified":"2025-11-05T08:29:26","modified_gmt":"2025-11-05T01:29:26","slug":"lego-creator-31140-ky-lan-sac-mau-145-chi-tiet","status":"publish","type":"product","link":"https:\/\/web-ban-le.mbws.vn\/do-choi\/san-pham\/lego-creator-31140-ky-lan-sac-mau-145-chi-tiet\/","title":{"rendered":"LEGO CREATOR 31140 K\u1ef3 L\u00e2n S\u1eafc M\u00e0u (145 chi ti\u1ebft)"},"content":{"rendered":"<div class=\"e8lZp3\">\n<p class=\"QN2lPu\">LEGO Creator 31140 K\u1ef3 L\u00e2n S\u1eafc M\u00e0u (145 chi ti\u1ebft)<\/p>\n<p class=\"QN2lPu\">\n<p class=\"QN2lPu\">\n<p class=\"QN2lPu\">B\u1ed9 m\u00f4 h\u00ecnh 3in1 K\u1ef3 L\u00e2n S\u1eafc M\u00e0u s\u1ebd l\u00e0 n\u01a1i d\u00e0nh cho c\u00e1c b\u1ea1n nh\u1ecf t\u1eeb 7 tu\u1ed5i tr\u1edf l\u00ean v\u1edbi tr\u00ed t\u01b0\u1edfng t\u01b0\u01a1ng phong ph\u00fa b\u1edfi c\u00e1c b\u1ea1n s\u1ebd \u0111\u01b0\u1ee3c kh\u00e1m ph\u00e1 m\u1ed9t v\u00f9ng \u0111\u1ea5t th\u1ea7n tho\u1ea1i v\u00e0 tham gia v\u00e0o nh\u1eefng pha h\u00e0nh \u0111\u1ed9ng \u0111\u1ea7y m\u00ea ho\u1eb7c. <\/p>\n<p class=\"QN2lPu\">\n<p class=\"QN2lPu\">H\u00e0nh tr\u00ecnh n\u00e0y s\u1ebd c\u00f3 s\u1ef1 g\u00f3p m\u1eb7t c\u1ee7a ch\u00fa k\u1ef3 l\u00e2n v\u1edbi chi\u1ebfc s\u1eebng v\u00e0ng, c\u00e1i \u0111u\u00f4i s\u1eafc m\u00e0u, ch\u00e2n v\u00e0 m\u00f3ng vu\u1ed1t c\u1ee7a ch\u00fa c\u00f3 th\u1ec3 c\u1eed \u0111\u1ed9ng v\u00e0 di chuy\u1ec3n \u0111\u01b0\u1ee3c. Ch\u00fa k\u1ef3 l\u00e2n n\u00e0y s\u1ebd \u0111\u01b0\u1ee3c tr\u01b0ng b\u00e0y \u1edf 2 v\u1ecb tr\u00ed kh\u00e1c nhau: \u0111\u1ee9ng v\u1edbi d\u00e1ng 4 ch\u00e2n ho\u1eb7c ch\u1ec9 \u0111\u1ee9ng b\u1eb1ng 2 ch\u00e2n sau \u0111\u1ec3 t\u1ea1o th\u00e0nh bi\u1ec3u t\u01b0\u1ee3ng kinh \u0111i\u1ec3n v\u00e0 \u0111\u01b0\u1ee3c tr\u01b0ng b\u00e0y \u1edf tr\u00ean gi\u00e1 \u0111\u1ee1 c\u1ea7u v\u00f2ng. <\/p>\n<p class=\"QN2lPu\">\n<p class=\"QN2lPu\">H\u00e3y c\u00f9ng nhau t\u1ea1o ra nh\u1eefng \u0111\u1ed9ng v\u1eadt \u0111\u1ea7y s\u1eafc m\u00e0u b\u1eb1ng c\u00e1ch s\u1eed d\u1ee5ng c\u00e1c vi\u00ean g\u1ea1ch c\u1ee7a LEGO nh\u00e9. C\u00e2u chuy\u1ec7n th\u1ea7n tho\u1ea1i n\u00e0y s\u1ebd ti\u1ebfp di\u1ec5n c\u00f9ng 3 sinh v\u1eadt huy\u1ec1n b\u00ed v\u00e0 c\u00e1c nh\u00e0 x\u00e2y d\u1ef1ng nh\u00ed \u0111\u1ec3 l\u1eafp r\u00e1p b\u1ed9 m\u00f4 h\u00ecnh LEGO Creator 3in1 n\u00e0y. C\u00e1c b\u1ea1n nh\u1ecf c\u00f3 th\u1ec3 t\u1ea1o ra ch\u00fa k\u1ef3 l\u00e2n ma thu\u1eadt, hay bi\u1ebfn ch\u00fang th\u00e0nh ch\u00fa c\u00e1 ng\u1ef1a v\u1edbi gi\u00e1 \u0111\u1ee1 d\u01b0\u1edbi \u0111\u00e1y \u0111\u1ea1i d\u01b0\u01a1ng, ho\u1eb7c c\u00f3 th\u1ec3 l\u1eafp r\u00e1p th\u00e0nh ch\u00fa c\u00f4ng k\u1ef3 di\u1ec7u v\u1edbi c\u00e1i \u0111u\u00f4i \u0111\u1ee7 m\u00e0u s\u1eafc. <\/p>\n<p class=\"QN2lPu\">\n<p class=\"QN2lPu\">\u0110\u1eb7c bi\u1ec7t h\u01a1n n\u1eefa, c\u00e1c b\u1ea1n nh\u1ecf c\u00f3 th\u1ec3 th\u1ecfa s\u1ee9c s\u00e1ng t\u1ea1o b\u1eb1ng vi\u1ec7c s\u1eed d\u1ee5ng c\u00e1c vi\u00ean g\u1ea1ch t\u1eeb b\u1ed9 LEGO Creator 3in1 \u0111\u1ec3 t\u1ea1o ra nh\u1eefng sinh v\u1eadt huy\u1ec1n b\u00ed kh\u00e1c. <\/p>\n<p class=\"QN2lPu\">\n<p class=\"QN2lPu\">T\u1ea3i v\u1ec1 \u1ee9ng d\u1ee5ng LEGO Builder v\u00e0 t\u1eebng b\u01b0\u1edbc \u0111i v\u00e0o m\u1ed9t th\u1ebf gi\u1edbi c\u1ee7a nh\u1eefng t\u00f2a nh\u00e0 \u0111\u1ea7y th\u00fa v\u1ecb &#8211; n\u01a1i m\u00e0 nh\u1eefng \u0111\u1ee9a tr\u1ebb c\u00f3 th\u1ec3 thu ph\u00f3ng v\u00e0 xoay v\u00f2ng nh\u1eefng m\u00f4 h\u00ecnh 3D, l\u01b0u gi\u1eef c\u0169ng nh\u01b0 l\u00e0 theo d\u00f5i qu\u00e1 tr\u00ecnh c\u1ee7a b\u1ed9 l\u1eafp r\u00e1p.<\/p>\n<p class=\"QN2lPu\">\n<p class=\"QN2lPu\">Th\u00f4ng tin chi ti\u1ebft<\/p>\n<p class=\"QN2lPu\">&#8211; Ch\u1ea5t li\u1ec7u nh\u1ef1a an to\u00e0n, kh\u00f4ng g\u00e2y h\u1ea1i cho s\u1ee9c kh\u1ecfe c\u1ee7a b\u00e9 khi s\u1eed d\u1ee5ng<\/p>\n<p class=\"QN2lPu\">&#8211; \u0110\u1ed9 tu\u1ed5i ph\u00f9 h\u1ee3p: 7+<\/p>\n<p class=\"QN2lPu\">&#8211; B\u1ed9 g\u1ed3m: 145 chi ti\u1ebft<\/p>\n<p class=\"QN2lPu\">&#8211; Xu\u1ea5t x\u1ee9:Trung Qu\u1ed1c<\/p>\n<div class=\"QN2lPu\">\n<div style=\"position: relative; width: 100%; padding-bottom: 86.1326%;\"><picture class=\"UkIsx8\"><source srcset=\"https:\/\/down-vn.img.susercontent.com\/file\/vn-11134202-7ras8-m2vtbxpdpa628f@resize_w875_nl.webp 1x, https:\/\/down-vn.img.susercontent.com\/file\/vn-11134202-7ras8-m2vtbxpdpa628f@resize_w1750_nl.webp 2x\" type=\"image\/webp\" class=\"UkIsx8\"><img decoding=\"async\" width=\"875\" loading=\"lazy\" class=\"uXN1L5 lazyload GqYslU\" srcset=\"https:\/\/down-vn.img.susercontent.com\/file\/vn-11134202-7ras8-m2vtbxpdpa628f@resize_w875_nl 1x, https:\/\/down-vn.img.susercontent.com\/file\/vn-11134202-7ras8-m2vtbxpdpa628f@resize_w1750_nl 2x\" src=\"https:\/\/down-vn.img.susercontent.com\/file\/vn-11134202-7ras8-m2vtbxpdpa628f\" height=\"754\"><\/picture><\/div>\n<\/div>\n<\/div>\n","protected":false},"excerpt":{"rendered":"<p>LEGO Creator 31140 K\u1ef3 L\u00e2n S\u1eafc M\u00e0u (145 chi ti\u1ebft) B\u1ed9 m\u00f4 h\u00ecnh 3in1 K\u1ef3 L\u00e2n S\u1eafc M\u00e0u s\u1ebd l\u00e0 n\u01a1i d\u00e0nh cho c\u00e1c b\u1ea1n nh\u1ecf t\u1eeb 7 tu\u1ed5i tr\u1edf l\u00ean v\u1edbi tr\u00ed t\u01b0\u1edfng t\u01b0\u01a1ng phong ph\u00fa b\u1edfi c\u00e1c b\u1ea1n s\u1ebd \u0111\u01b0\u1ee3c kh\u00e1m ph\u00e1 m\u1ed9t v\u00f9ng \u0111\u1ea5t th\u1ea7n tho\u1ea1i v\u00e0 tham gia v\u00e0o nh\u1eefng pha&#8230;<\/p>\n","protected":false},"featured_media":14517,"comment_status":"open","ping_status":"closed","template":"","meta":[],"product_brand":[],"product_cat":[1346],"product_tag":[],"class_list":{"0":"post-14283","1":"product","2":"type-product","3":"status-publish","4":"has-post-thumbnail","6":"product_cat-do-choi-lap-rap","8":"first","9":"instock","10":"featured","11":"shipping-taxable","12":"purchasable","13":"product-type-simple"},"_links":{"self":[{"href":"https:\/\/web-ban-le.mbws.vn\/do-choi\/wp-json\/wp\/v2\/product\/14283","targetHints":{"allow":["GET"]}}],"collection":[{"href":"https:\/\/web-ban-le.mbws.vn\/do-choi\/wp-json\/wp\/v2\/product"}],"about":[{"href":"https:\/\/web-ban-le.mbws.vn\/do-choi\/wp-json\/wp\/v2\/types\/product"}],"replies":[{"embeddable":true,"href":"https:\/\/web-ban-le.mbws.vn\/do-choi\/wp-json\/wp\/v2\/comments?post=14283"}],"wp:featuredmedia":[{"embeddable":true,"href":"https:\/\/web-ban-le.mbws.vn\/do-choi\/wp-json\/wp\/v2\/media\/14517"}],"wp:attachment":[{"href":"https:\/\/web-ban-le.mbws.vn\/do-choi\/wp-json\/wp\/v2\/media?parent=14283"}],"wp:term":[{"taxonomy":"product_brand","embeddable":true,"href":"https:\/\/web-ban-le.mbws.vn\/do-choi\/wp-json\/wp\/v2\/product_brand?post=14283"},{"taxonomy":"product_cat","embeddable":true,"href":"https:\/\/web-ban-le.mbws.vn\/do-choi\/wp-json\/wp\/v2\/product_cat?post=14283"},{"taxonomy":"product_tag","embeddable":true,"href":"https:\/\/web-ban-le.mbws.vn\/do-choi\/wp-json\/wp\/v2\/product_tag?post=14283"}],"curies":[{"name":"wp","href":"https:\/\/api.w.org\/{rel}","templated":true}]}}