{"id":14285,"date":"2025-10-28T13:27:02","date_gmt":"2025-10-28T06:27:02","guid":{"rendered":"https:\/\/web-ban-le.mbws.vn\/do-choi\/?post_type=product&#038;p=14285"},"modified":"2025-11-05T08:29:26","modified_gmt":"2025-11-05T01:29:26","slug":"lego-technic-42161-do-choi-lap-rap-sieu-xe-lamborghini-huracan-tecnica-806-chi-tiet","status":"publish","type":"product","link":"https:\/\/web-ban-le.mbws.vn\/do-choi\/san-pham\/lego-technic-42161-do-choi-lap-rap-sieu-xe-lamborghini-huracan-tecnica-806-chi-tiet\/","title":{"rendered":"LEGO TECHNIC 42161 \u0110\u1ed3 ch\u01a1i l\u1eafp r\u00e1p Si\u00eau Xe Lamborghini Hurac\u00e1n Tecnica (806 chi ti\u1ebft)"},"content":{"rendered":"<div class=\"e8lZp3\">\n<p class=\"QN2lPu\">LEGO Technic 42161 \u0110\u1ed3 ch\u01a1i l\u1eafp r\u00e1p Si\u00eau Xe Lamborghini Hurac\u00e1n Tecnica (806 chi ti\u1ebft)<\/p>\n<div class=\"QN2lPu\">\n<div style=\"position: relative; width: 100%; padding-bottom: 100%;\"><picture class=\"UkIsx8\"><source srcset=\"https:\/\/down-vn.img.susercontent.com\/file\/vn-11134202-7ras8-m2vtbu4mxol6de@resize_w875_nl.webp 1x, https:\/\/down-vn.img.susercontent.com\/file\/vn-11134202-7ras8-m2vtbu4mxol6de@resize_w1750_nl.webp 2x\" type=\"image\/webp\" class=\"UkIsx8\"><img decoding=\"async\" width=\"875\" loading=\"lazy\" class=\"uXN1L5 lazyload GqYslU\" srcset=\"https:\/\/down-vn.img.susercontent.com\/file\/vn-11134202-7ras8-m2vtbu4mxol6de@resize_w875_nl 1x, https:\/\/down-vn.img.susercontent.com\/file\/vn-11134202-7ras8-m2vtbu4mxol6de@resize_w1750_nl 2x\" src=\"https:\/\/down-vn.img.susercontent.com\/file\/vn-11134202-7ras8-m2vtbu4mxol6de\" height=\"875\"><\/picture><\/div>\n<\/div>\n<div class=\"QN2lPu\">\n<div style=\"position: relative; width: 100%; padding-bottom: 100%;\"><picture class=\"UkIsx8\"><source srcset=\"https:\/\/down-vn.img.susercontent.com\/file\/vn-11134202-7ras8-m2vtbu9mrsaufd@resize_w875_nl.webp 1x, https:\/\/down-vn.img.susercontent.com\/file\/vn-11134202-7ras8-m2vtbu9mrsaufd@resize_w1750_nl.webp 2x\" type=\"image\/webp\" class=\"UkIsx8\"><img decoding=\"async\" width=\"875\" loading=\"lazy\" class=\"uXN1L5 lazyload GqYslU\" srcset=\"https:\/\/down-vn.img.susercontent.com\/file\/vn-11134202-7ras8-m2vtbu9mrsaufd@resize_w875_nl 1x, https:\/\/down-vn.img.susercontent.com\/file\/vn-11134202-7ras8-m2vtbu9mrsaufd@resize_w1750_nl 2x\" src=\"https:\/\/down-vn.img.susercontent.com\/file\/vn-11134202-7ras8-m2vtbu9mrsaufd\" height=\"875\"><\/picture><\/div>\n<\/div>\n<div class=\"QN2lPu\">\n<div style=\"position: relative; width: 100%; padding-bottom: 100%;\"><picture class=\"UkIsx8\"><source srcset=\"https:\/\/down-vn.img.susercontent.com\/file\/vn-11134202-7ras8-m2vtbue2jvuu36@resize_w875_nl.webp 1x, https:\/\/down-vn.img.susercontent.com\/file\/vn-11134202-7ras8-m2vtbue2jvuu36@resize_w1750_nl.webp 2x\" type=\"image\/webp\" class=\"UkIsx8\"><img decoding=\"async\" width=\"875\" loading=\"lazy\" class=\"uXN1L5 lazyload GqYslU\" srcset=\"https:\/\/down-vn.img.susercontent.com\/file\/vn-11134202-7ras8-m2vtbue2jvuu36@resize_w875_nl 1x, https:\/\/down-vn.img.susercontent.com\/file\/vn-11134202-7ras8-m2vtbue2jvuu36@resize_w1750_nl 2x\" src=\"https:\/\/down-vn.img.susercontent.com\/file\/vn-11134202-7ras8-m2vtbue2jvuu36\" height=\"875\"><\/picture><\/div>\n<\/div>\n<div class=\"QN2lPu\">\n<div style=\"position: relative; width: 100%; padding-bottom: 100%;\"><picture class=\"UkIsx8\"><source srcset=\"https:\/\/down-vn.img.susercontent.com\/file\/vn-11134202-7ras8-m2vtbuni62m2b7@resize_w875_nl.webp 1x, https:\/\/down-vn.img.susercontent.com\/file\/vn-11134202-7ras8-m2vtbuni62m2b7@resize_w1750_nl.webp 2x\" type=\"image\/webp\" class=\"UkIsx8\"><img decoding=\"async\" width=\"875\" loading=\"lazy\" class=\"uXN1L5 lazyload GqYslU\" srcset=\"https:\/\/down-vn.img.susercontent.com\/file\/vn-11134202-7ras8-m2vtbuni62m2b7@resize_w875_nl 1x, https:\/\/down-vn.img.susercontent.com\/file\/vn-11134202-7ras8-m2vtbuni62m2b7@resize_w1750_nl 2x\" src=\"https:\/\/down-vn.img.susercontent.com\/file\/vn-11134202-7ras8-m2vtbuni62m2b7\" height=\"875\"><\/picture><\/div>\n<\/div>\n<div class=\"QN2lPu\">\n<div style=\"position: relative; width: 100%; padding-bottom: 100%;\"><picture class=\"UkIsx8\"><source srcset=\"https:\/\/down-vn.img.susercontent.com\/file\/vn-11134202-7ras8-m2vtbuzznsu2ba@resize_w875_nl.webp 1x, https:\/\/down-vn.img.susercontent.com\/file\/vn-11134202-7ras8-m2vtbuzznsu2ba@resize_w1750_nl.webp 2x\" type=\"image\/webp\" class=\"UkIsx8\"><img decoding=\"async\" width=\"875\" loading=\"lazy\" class=\"uXN1L5 lazyload GqYslU\" srcset=\"https:\/\/down-vn.img.susercontent.com\/file\/vn-11134202-7ras8-m2vtbuzznsu2ba@resize_w875_nl 1x, https:\/\/down-vn.img.susercontent.com\/file\/vn-11134202-7ras8-m2vtbuzznsu2ba@resize_w1750_nl 2x\" src=\"https:\/\/down-vn.img.susercontent.com\/file\/vn-11134202-7ras8-m2vtbuzznsu2ba\" height=\"875\"><\/picture><\/div>\n<\/div>\n<div class=\"QN2lPu\">\n<div style=\"position: relative; width: 100%; padding-bottom: 100%;\"><picture class=\"UkIsx8\"><source srcset=\"https:\/\/down-vn.img.susercontent.com\/file\/vn-11134202-7ras8-m2vtbv5tfa4m59@resize_w875_nl.webp 1x, https:\/\/down-vn.img.susercontent.com\/file\/vn-11134202-7ras8-m2vtbv5tfa4m59@resize_w1750_nl.webp 2x\" type=\"image\/webp\" class=\"UkIsx8\"><img decoding=\"async\" width=\"875\" loading=\"lazy\" class=\"uXN1L5 lazyload QSLoEa GqYslU\" srcset=\"https:\/\/down-vn.img.susercontent.com\/file\/vn-11134202-7ras8-m2vtbv5tfa4m59@resize_w875_nl 1x, https:\/\/down-vn.img.susercontent.com\/file\/vn-11134202-7ras8-m2vtbv5tfa4m59@resize_w1750_nl 2x\" src=\"https:\/\/down-vn.img.susercontent.com\/file\/vn-11134202-7ras8-m2vtbv5tfa4m59\" height=\"875\"><\/picture><\/div>\n<\/div>\n<div class=\"QN2lPu\">\n<div style=\"position: relative; width: 100%; padding-bottom: 100%;\"><picture class=\"UkIsx8\"><source srcset=\"https:\/\/down-vn.img.susercontent.com\/file\/vn-11134202-7ras8-m2vtbvat7z0mca@resize_w875_nl.webp 1x, https:\/\/down-vn.img.susercontent.com\/file\/vn-11134202-7ras8-m2vtbvat7z0mca@resize_w1750_nl.webp 2x\" type=\"image\/webp\" class=\"UkIsx8\"><img decoding=\"async\" width=\"875\" loading=\"lazy\" class=\"uXN1L5 lazyload QSLoEa GqYslU\" srcset=\"https:\/\/down-vn.img.susercontent.com\/file\/vn-11134202-7ras8-m2vtbvat7z0mca@resize_w875_nl 1x, https:\/\/down-vn.img.susercontent.com\/file\/vn-11134202-7ras8-m2vtbvat7z0mca@resize_w1750_nl 2x\" src=\"https:\/\/down-vn.img.susercontent.com\/file\/vn-11134202-7ras8-m2vtbvat7z0mca\" height=\"875\"><\/picture><\/div>\n<\/div>\n<p class=\"QN2lPu\">\n<p class=\"QN2lPu\">N\u1ebfu l\u00e0 m\u1ed9t ng\u01b0\u1eddi y\u00eau th\u00edch Lamborghini v\u00e0 c\u00f3 m\u01a1 \u01b0\u1edbc s\u1edf h\u1eefu chi\u1ebfc Lamborghini Hurac\u00e1n Tecnica c\u1ee7a ri\u00eang m\u00ecnh. Th\u00ec ch\u1eafc ch\u1eafn m\u00f4 h\u00ecnh LEGO\u00ae Technic\u2122 Si\u00eau xe Lamborghini Hurac\u00e1n Tecnica l\u00e0 d\u00e0nh cho b\u1ea1n. C\u00f9ng tham gia x\u00e2y d\u1ef1ng v\u00e0 t\u1eadn h\u01b0\u1edfng c\u00e1c t\u00ednh n\u0103ng c\u1ee7a chi\u1ebfc xe tuy\u1ec7t \u0111\u1eb9p n\u00e0y m\u1ed9t c\u00e1ch chi ti\u1ebft v\u00e0 ch\u00e2n th\u1ef1c. H\u00e3y th\u1ecfa m\u00e3n \u0111am m\u00ea c\u1ee7a b\u1ea1n khi ch\u1ebf t\u1ea1o \u0111\u1ed9ng c\u01a1 V10 v\u00e0 kh\u00e1m ph\u00e1 h\u1ec7 th\u1ed1ng l\u00e1i c\u1ee7a m\u00f4 h\u00ecnh n\u00e0y. \u0110\u1eb7c bi\u1ec7t, b\u1ea1n s\u1ebd kinh ng\u1ea1c tr\u01b0\u1edbc thi\u1ebft k\u1ebf kh\u00ed \u0111\u1ed9ng h\u1ecdc v\u00e0 kh\u1ea3 n\u0103ng m\u1edf c\u1eeda c\u1ee7a Lamborghini c\u1ef1c ng\u1ea7u.<\/p>\n<p class=\"QN2lPu\">\n<p class=\"QN2lPu\">\u2022 B\u1ed9 m\u00f4 h\u00ecnh n\u00e0y d\u00e0nh cho nh\u1eefng ng\u01b0\u1eddi y\u00eau th\u00edch si\u00eau xe th\u1ec3 thao Lamborghini, t\u1eeb 9 tu\u1ed5i tr\u1edf l\u00ean. V\u1edbi \u0111\u1ed3 ch\u01a1i l\u1eafp r\u00e1p LEGO\u00ae Technic\u2122 Si\u00eau xe Lamborghini Hurac\u00e1n Tecnica (42161), b\u1ea1n s\u1ebd tr\u1ea3i qua m\u1ed9t th\u1eed th\u00e1ch \u0111\u00e1ng nh\u1edb v\u00e0 \u0111\u01b0\u1ee3c tr\u1ea3i nghi\u1ec7m s\u1ef1 h\u1ee9ng kh\u1edfi trong vi\u1ec7c t\u00e1i t\u1ea1o m\u1ecdi chi ti\u1ebft c\u1ee7a chi\u1ebfc si\u00eau xe n\u00e0y.<\/p>\n<p class=\"QN2lPu\">\u2022 Chi\u00eam ng\u01b0\u1ee1ng c\u00e1c chi ti\u1ebft c\u1ef1c ch\u00e2n th\u1ef1c \u2013 Tr\u1ebb em v\u00e0 c\u00f3 th\u1ec3 ch\u1ebf t\u1ea1o v\u00e0 kh\u00e1m ph\u00e1 \u0111\u1ed9ng c\u01a1 V10 chuy\u1ec3n \u0111\u1ed9ng, h\u1ec7 th\u1ed1ng l\u00e1i v\u00e0 m\u1edf c\u1eeda c\u1ee7a m\u1eabu xe Lamborghini Hurac\u00e1n Tecnica n\u00e0y<\/p>\n<p class=\"QN2lPu\">\u2022 L\u1ea5y c\u1ea3m h\u1ee9ng t\u1eeb b\u1ea3n g\u1ed1c \u2013 Chi\u1ebfc xe m\u00f4 h\u00ecnh Lamborghini n\u00e0y n\u1ed5i b\u1eadt v\u1edbi t\u00f4ng m\u00e0u xanh c\u1ed5 \u0111i\u1ec3n. S\u1eed d\u1ee5ng \u1ee9ng d\u1ee5ng LEGO Builder \u0111\u1ec3 ph\u00f3ng to v\u00e0 xoay c\u00e1c m\u00f4 h\u00ecnh trong 3D, l\u01b0u v\u00e0 theo d\u00f5i ti\u1ebfn tr\u00ecnh<\/p>\n<\/div>\n","protected":false},"excerpt":{"rendered":"<p>LEGO Technic 42161 \u0110\u1ed3 ch\u01a1i l\u1eafp r\u00e1p Si\u00eau Xe Lamborghini Hurac\u00e1n Tecnica (806 chi ti\u1ebft) N\u1ebfu l\u00e0 m\u1ed9t ng\u01b0\u1eddi y\u00eau th\u00edch Lamborghini v\u00e0 c\u00f3 m\u01a1 \u01b0\u1edbc s\u1edf h\u1eefu chi\u1ebfc Lamborghini Hurac\u00e1n Tecnica c\u1ee7a ri\u00eang m\u00ecnh. Th\u00ec ch\u1eafc ch\u1eafn m\u00f4 h\u00ecnh LEGO\u00ae Technic\u2122 Si\u00eau xe Lamborghini Hurac\u00e1n Tecnica l\u00e0 d\u00e0nh cho b\u1ea1n. C\u00f9ng tham gia x\u00e2y&#8230;<\/p>\n","protected":false},"featured_media":14529,"comment_status":"open","ping_status":"closed","template":"","meta":[],"product_brand":[],"product_cat":[1346],"product_tag":[],"class_list":{"0":"post-14285","1":"product","2":"type-product","3":"status-publish","4":"has-post-thumbnail","6":"product_cat-do-choi-lap-rap","8":"first","9":"instock","10":"featured","11":"shipping-taxable","12":"purchasable","13":"product-type-simple"},"_links":{"self":[{"href":"https:\/\/web-ban-le.mbws.vn\/do-choi\/wp-json\/wp\/v2\/product\/14285","targetHints":{"allow":["GET"]}}],"collection":[{"href":"https:\/\/web-ban-le.mbws.vn\/do-choi\/wp-json\/wp\/v2\/product"}],"about":[{"href":"https:\/\/web-ban-le.mbws.vn\/do-choi\/wp-json\/wp\/v2\/types\/product"}],"replies":[{"embeddable":true,"href":"https:\/\/web-ban-le.mbws.vn\/do-choi\/wp-json\/wp\/v2\/comments?post=14285"}],"wp:featuredmedia":[{"embeddable":true,"href":"https:\/\/web-ban-le.mbws.vn\/do-choi\/wp-json\/wp\/v2\/media\/14529"}],"wp:attachment":[{"href":"https:\/\/web-ban-le.mbws.vn\/do-choi\/wp-json\/wp\/v2\/media?parent=14285"}],"wp:term":[{"taxonomy":"product_brand","embeddable":true,"href":"https:\/\/web-ban-le.mbws.vn\/do-choi\/wp-json\/wp\/v2\/product_brand?post=14285"},{"taxonomy":"product_cat","embeddable":true,"href":"https:\/\/web-ban-le.mbws.vn\/do-choi\/wp-json\/wp\/v2\/product_cat?post=14285"},{"taxonomy":"product_tag","embeddable":true,"href":"https:\/\/web-ban-le.mbws.vn\/do-choi\/wp-json\/wp\/v2\/product_tag?post=14285"}],"curies":[{"name":"wp","href":"https:\/\/api.w.org\/{rel}","templated":true}]}}