{"id":14320,"date":"2025-10-28T13:27:33","date_gmt":"2025-10-28T06:27:33","guid":{"rendered":"https:\/\/web-ban-le.mbws.vn\/do-choi\/?post_type=product&#038;p=14320"},"modified":"2025-11-05T08:29:26","modified_gmt":"2025-11-05T01:29:26","slug":"lego-speed-champions-77240-do-choi-lap-rap-sieu-xe-the-thao-bugatti-centodieci-291-chi-tiet","status":"publish","type":"product","link":"https:\/\/web-ban-le.mbws.vn\/do-choi\/san-pham\/lego-speed-champions-77240-do-choi-lap-rap-sieu-xe-the-thao-bugatti-centodieci-291-chi-tiet\/","title":{"rendered":"LEGO SPEED CHAMPIONS 77240 \u0110\u1ed3 Ch\u01a1i L\u1eafp R\u00e1p Si\u00eau Xe Th\u1ec3 Thao Bugatti Centodieci (291 Chi Ti\u1ebft)"},"content":{"rendered":"<div class=\"e8lZp3\">\n<p class=\"QN2lPu\">LEGO SPEED CHAMPIONS 77240 \u0110\u1ed3 Ch\u01a1i L\u1eafp R\u00e1p Si\u00eau Xe Th\u1ec3 Thao Bugatti Centodieci (291 Chi Ti\u1ebft)<\/p>\n<p class=\"QN2lPu\">\u25cf\tChinh ph\u1ee5c \u0111\u1ec9nh cao c\u1ee7a thi\u1ebft k\u1ebf v\u00e0 t\u1ed1c \u0111\u1ed9 v\u1edbi Bugatti Centodieci \u2013 si\u00eau ph\u1ea9m hypercar \u0111\u1eb3ng c\u1ea5p th\u1ebf gi\u1edbi, nay \u0111\u01b0\u1ee3c t\u00e1i hi\u1ec7n s\u1ed1ng \u0111\u1ed9ng trong phi\u00ean b\u1ea3n LEGO\u00ae Speed Champions.<\/p>\n<p class=\"QN2lPu\">\u25cf\tL\u1ea5y c\u1ea3m h\u1ee9ng t\u1eeb d\u00f2ng EB 110 huy\u1ec1n tho\u1ea1i, m\u1eabu m\u00f4 h\u00ecnh n\u00e0y mang theo t\u1eebng \u0111\u01b0\u1eddng n\u00e9t thi\u1ebft k\u1ebf mang t\u00ednh bi\u1ec3u t\u01b0\u1ee3ng c\u1ee7a Bugatti \u2013 t\u1eeb khe h\u00fat gi\u00f3 kh\u00ed \u0111\u1ed9ng h\u1ecdc \u0111\u1ebfn b\u1ed9 m\u00e2m xe \u0111\u1ed9c \u0111\u00e1o.<\/p>\n<p class=\"QN2lPu\">\u25cf\tC\u00f9ng v\u1edbi minifigure t\u00e0i x\u1ebf Bugatti, b\u1ea1n c\u00f3 th\u1ec3 th\u1ecfa s\u1ee9c t\u00e1i hi\u1ec7n nh\u1eefng pha b\u1ee9t ph\u00e1 ngo\u1ea1n m\u1ee5c tr\u00ean \u0111\u01b0\u1eddng \u0111ua ho\u1eb7c tr\u01b0ng b\u00e0y nh\u01b0 m\u1ed9t t\u00e1c ph\u1ea9m ngh\u1ec7 thu\u1eadt.<\/p>\n<p class=\"QN2lPu\">\u25cf\tM\u00f4 h\u00ecnh LEGO\u00ae Speed Champions Bugatti Centodieci \u2013 si\u00eau xe hypercar t\u1ed1i th\u01b0\u1ee3ng<\/p>\n<p class=\"QN2lPu\">\u25cf\tBao g\u1ed3m nh\u00e2n v\u1eadt minifigure t\u00e0i x\u1ebf Bugatti, s\u1eb5n s\u00e0ng v\u00e0o bu\u1ed3ng l\u00e1i cho c\u00e1c m\u00e0n nh\u1eadp vai gay c\u1ea5n<\/p>\n<p class=\"QN2lPu\">\u25cf\tT\u00e1i hi\u1ec7n ch\u00ednh x\u00e1c thi\u1ebft k\u1ebf th\u1eadt v\u1edbi c\u00e1c khe h\u00fat gi\u00f3 v\u00e0 m\u00e2m xe \u0111\u1eb7c tr\u01b0ng c\u1ee7a Bugatti<\/p>\n<p class=\"QN2lPu\">\u25cf\tSau khi ch\u01a1i, c\u00f3 th\u1ec3 tr\u01b0ng b\u00e0y \u0111\u1eb9p m\u1eaft tr\u00ean b\u00e0n l\u00e0m vi\u1ec7c, k\u1ec7 s\u00e1ch ho\u1eb7c t\u1ee7 tr\u01b0ng b\u00e0y<\/p>\n<p class=\"QN2lPu\">\u25cf\tQu\u00e0 t\u1eb7ng l\u00fd t\u01b0\u1edfng d\u00e0nh cho tr\u1ebb t\u1eeb 9 tu\u1ed5i tr\u1edf l\u00ean v\u00e0 ng\u01b0\u1eddi \u0111am m\u00ea m\u00f4 h\u00ecnh xe cao c\u1ea5p K\u1ebft h\u1ee3p c\u00f9ng c\u00e1c m\u1eabu xe kh\u00e1c thu\u1ed9c d\u00f2ng LEGO\u00ae Speed Champions (b\u00e1n ri\u00eang) \u0111\u1ec3 m\u1edf r\u1ed9ng b\u1ed9 s\u01b0u t\u1eadp. C\u00e1c set LEGO\u00ae Speed Champions gi\u00fap tr\u1ebb em v\u00e0 ng\u01b0\u1eddi l\u1edbn l\u1eafp r\u00e1p nh\u1eefng m\u1eabu xe si\u00eau th\u1ef1c<\/p>\n<p class=\"QN2lPu\">\u25cf\tBao g\u1ed3m 291 chi ti\u1ebft, xe c\u00f3 chi\u1ec1u d\u00e0i kho\u1ea3ng 15 cm (6 inch) sau khi ho\u00e0n thi\u1ec7n<\/p>\n<p class=\"QN2lPu\">\u25cf\tTh\u00f4ng tin s\u1ea3n ph\u1ea9m:<\/p>\n<p class=\"QN2lPu\">&#8211;\tXu\u1ea5t x\u1ee9: Trung Qu\u1ed1c<\/p>\n<p class=\"QN2lPu\">&#8211;\tK\u00edch th\u01b0\u1edbc h\u1ed9p h\u00e0ng: 26.2&#215;14.1&#215;7.2 cm<\/p>\n<p class=\"QN2lPu\">\n<div class=\"QN2lPu\">\n<div style=\"position: relative; width: 100%; padding-bottom: 100%;\"><picture class=\"UkIsx8\"><source srcset=\"https:\/\/down-vn.img.susercontent.com\/file\/vn-11134208-7ras8-mchpc1fhug7w36@resize_w875_nl.webp 1x, https:\/\/down-vn.img.susercontent.com\/file\/vn-11134208-7ras8-mchpc1fhug7w36@resize_w1750_nl.webp 2x\" type=\"image\/webp\" class=\"UkIsx8\"><img decoding=\"async\" width=\"875\" loading=\"lazy\" class=\"uXN1L5 lazyload GqYslU\" srcset=\"https:\/\/down-vn.img.susercontent.com\/file\/vn-11134208-7ras8-mchpc1fhug7w36@resize_w875_nl 1x, https:\/\/down-vn.img.susercontent.com\/file\/vn-11134208-7ras8-mchpc1fhug7w36@resize_w1750_nl 2x\" src=\"https:\/\/down-vn.img.susercontent.com\/file\/vn-11134208-7ras8-mchpc1fhug7w36\" height=\"875\"><\/picture><\/div>\n<\/div>\n<div class=\"QN2lPu\">\n<div style=\"position: relative; width: 100%; padding-bottom: 100%;\"><picture class=\"UkIsx8\"><source srcset=\"https:\/\/down-vn.img.susercontent.com\/file\/vn-11134208-7ras8-mchpc1fhvusc92@resize_w875_nl.webp 1x, https:\/\/down-vn.img.susercontent.com\/file\/vn-11134208-7ras8-mchpc1fhvusc92@resize_w1750_nl.webp 2x\" type=\"image\/webp\" class=\"UkIsx8\"><img decoding=\"async\" width=\"875\" loading=\"lazy\" class=\"uXN1L5 lazyload GqYslU\" srcset=\"https:\/\/down-vn.img.susercontent.com\/file\/vn-11134208-7ras8-mchpc1fhvusc92@resize_w875_nl 1x, https:\/\/down-vn.img.susercontent.com\/file\/vn-11134208-7ras8-mchpc1fhvusc92@resize_w1750_nl 2x\" src=\"https:\/\/down-vn.img.susercontent.com\/file\/vn-11134208-7ras8-mchpc1fhvusc92\" height=\"875\"><\/picture><\/div>\n<\/div>\n<div class=\"QN2lPu\">\n<div style=\"position: relative; width: 100%; padding-bottom: 100%;\"><picture class=\"UkIsx8\"><source srcset=\"https:\/\/down-vn.img.susercontent.com\/file\/vn-11134208-7ras8-mchpc1fhx9cs2b@resize_w875_nl.webp 1x, https:\/\/down-vn.img.susercontent.com\/file\/vn-11134208-7ras8-mchpc1fhx9cs2b@resize_w1750_nl.webp 2x\" type=\"image\/webp\" class=\"UkIsx8\"><img decoding=\"async\" width=\"875\" loading=\"lazy\" class=\"uXN1L5 lazyload GqYslU\" srcset=\"https:\/\/down-vn.img.susercontent.com\/file\/vn-11134208-7ras8-mchpc1fhx9cs2b@resize_w875_nl 1x, https:\/\/down-vn.img.susercontent.com\/file\/vn-11134208-7ras8-mchpc1fhx9cs2b@resize_w1750_nl 2x\" src=\"https:\/\/down-vn.img.susercontent.com\/file\/vn-11134208-7ras8-mchpc1fhx9cs2b\" height=\"875\"><\/picture><\/div>\n<\/div>\n<div class=\"QN2lPu\">\n<div style=\"position: relative; width: 100%; padding-bottom: 100%;\"><picture class=\"UkIsx8\"><source srcset=\"https:\/\/down-vn.img.susercontent.com\/file\/vn-11134208-7ras8-mchpc1fhynx841@resize_w875_nl.webp 1x, https:\/\/down-vn.img.susercontent.com\/file\/vn-11134208-7ras8-mchpc1fhynx841@resize_w1750_nl.webp 2x\" type=\"image\/webp\" class=\"UkIsx8\"><img decoding=\"async\" width=\"875\" loading=\"lazy\" class=\"uXN1L5 lazyload GqYslU\" srcset=\"https:\/\/down-vn.img.susercontent.com\/file\/vn-11134208-7ras8-mchpc1fhynx841@resize_w875_nl 1x, https:\/\/down-vn.img.susercontent.com\/file\/vn-11134208-7ras8-mchpc1fhynx841@resize_w1750_nl 2x\" src=\"https:\/\/down-vn.img.susercontent.com\/file\/vn-11134208-7ras8-mchpc1fhynx841\" height=\"875\"><\/picture><\/div>\n<\/div>\n<div class=\"QN2lPu\">\n<div style=\"position: relative; width: 100%; padding-bottom: 100%;\"><picture class=\"UkIsx8\"><source srcset=\"https:\/\/down-vn.img.susercontent.com\/file\/vn-11134208-7ras8-mchpc1fi02ho9c@resize_w875_nl.webp 1x, https:\/\/down-vn.img.susercontent.com\/file\/vn-11134208-7ras8-mchpc1fi02ho9c@resize_w1750_nl.webp 2x\" type=\"image\/webp\" class=\"UkIsx8\"><img decoding=\"async\" width=\"875\" loading=\"lazy\" class=\"uXN1L5 lazyload GqYslU\" srcset=\"https:\/\/down-vn.img.susercontent.com\/file\/vn-11134208-7ras8-mchpc1fi02ho9c@resize_w875_nl 1x, https:\/\/down-vn.img.susercontent.com\/file\/vn-11134208-7ras8-mchpc1fi02ho9c@resize_w1750_nl 2x\" src=\"https:\/\/down-vn.img.susercontent.com\/file\/vn-11134208-7ras8-mchpc1fi02ho9c\" height=\"875\"><\/picture><\/div>\n<\/div>\n<div class=\"QN2lPu\">\n<div style=\"position: relative; width: 100%; padding-bottom: 100%;\"><picture class=\"UkIsx8\"><source srcset=\"https:\/\/down-vn.img.susercontent.com\/file\/vn-11134208-7ras8-mchpc1fi1h24bf@resize_w875_nl.webp 1x, https:\/\/down-vn.img.susercontent.com\/file\/vn-11134208-7ras8-mchpc1fi1h24bf@resize_w1750_nl.webp 2x\" type=\"image\/webp\" class=\"UkIsx8\"><img decoding=\"async\" width=\"875\" loading=\"lazy\" class=\"uXN1L5 lazyload GqYslU\" srcset=\"https:\/\/down-vn.img.susercontent.com\/file\/vn-11134208-7ras8-mchpc1fi1h24bf@resize_w875_nl 1x, https:\/\/down-vn.img.susercontent.com\/file\/vn-11134208-7ras8-mchpc1fi1h24bf@resize_w1750_nl 2x\" src=\"https:\/\/down-vn.img.susercontent.com\/file\/vn-11134208-7ras8-mchpc1fi1h24bf\" height=\"875\"><\/picture><\/div>\n<\/div>\n<div class=\"QN2lPu\">\n<div style=\"position: relative; width: 100%; padding-bottom: 100%;\"><picture class=\"UkIsx8\"><source srcset=\"https:\/\/down-vn.img.susercontent.com\/file\/vn-11134208-7ras8-mchpc1fi2vmk1f@resize_w875_nl.webp 1x, https:\/\/down-vn.img.susercontent.com\/file\/vn-11134208-7ras8-mchpc1fi2vmk1f@resize_w1750_nl.webp 2x\" type=\"image\/webp\" class=\"UkIsx8\"><img decoding=\"async\" width=\"875\" loading=\"lazy\" class=\"uXN1L5 lazyload QSLoEa GqYslU\" srcset=\"https:\/\/down-vn.img.susercontent.com\/file\/vn-11134208-7ras8-mchpc1fi2vmk1f@resize_w875_nl 1x, https:\/\/down-vn.img.susercontent.com\/file\/vn-11134208-7ras8-mchpc1fi2vmk1f@resize_w1750_nl 2x\" src=\"https:\/\/down-vn.img.susercontent.com\/file\/vn-11134208-7ras8-mchpc1fi2vmk1f\" height=\"875\"><\/picture><\/div>\n<\/div>\n<div class=\"QN2lPu\">\n<div style=\"position: relative; width: 100%; padding-bottom: 100%;\"><picture class=\"UkIsx8\"><source srcset=\"https:\/\/down-vn.img.susercontent.com\/file\/vn-11134208-7ras8-mchpc1fi4a70ca@resize_w875_nl.webp 1x, https:\/\/down-vn.img.susercontent.com\/file\/vn-11134208-7ras8-mchpc1fi4a70ca@resize_w1750_nl.webp 2x\" type=\"image\/webp\" class=\"UkIsx8\"><img decoding=\"async\" width=\"875\" loading=\"lazy\" class=\"uXN1L5 lazyload QSLoEa GqYslU\" srcset=\"https:\/\/down-vn.img.susercontent.com\/file\/vn-11134208-7ras8-mchpc1fi4a70ca@resize_w875_nl 1x, https:\/\/down-vn.img.susercontent.com\/file\/vn-11134208-7ras8-mchpc1fi4a70ca@resize_w1750_nl 2x\" src=\"https:\/\/down-vn.img.susercontent.com\/file\/vn-11134208-7ras8-mchpc1fi4a70ca\" height=\"875\"><\/picture><\/div>\n<\/div>\n<p class=\"QN2lPu\">\n<\/div>\n","protected":false},"excerpt":{"rendered":"<p>LEGO SPEED CHAMPIONS 77240 \u0110\u1ed3 Ch\u01a1i L\u1eafp R\u00e1p Si\u00eau Xe Th\u1ec3 Thao Bugatti Centodieci (291 Chi Ti\u1ebft) \u25cf Chinh ph\u1ee5c \u0111\u1ec9nh cao c\u1ee7a thi\u1ebft k\u1ebf v\u00e0 t\u1ed1c \u0111\u1ed9 v\u1edbi Bugatti Centodieci \u2013 si\u00eau ph\u1ea9m hypercar \u0111\u1eb3ng c\u1ea5p th\u1ebf gi\u1edbi, nay \u0111\u01b0\u1ee3c t\u00e1i hi\u1ec7n s\u1ed1ng \u0111\u1ed9ng trong phi\u00ean b\u1ea3n LEGO\u00ae Speed Champions. \u25cf L\u1ea5y c\u1ea3m h\u1ee9ng&#8230;<\/p>\n","protected":false},"featured_media":14543,"comment_status":"open","ping_status":"closed","template":"","meta":[],"product_brand":[],"product_cat":[1346],"product_tag":[],"class_list":{"0":"post-14320","1":"product","2":"type-product","3":"status-publish","4":"has-post-thumbnail","6":"product_cat-do-choi-lap-rap","8":"first","9":"instock","10":"featured","11":"shipping-taxable","12":"purchasable","13":"product-type-simple"},"_links":{"self":[{"href":"https:\/\/web-ban-le.mbws.vn\/do-choi\/wp-json\/wp\/v2\/product\/14320","targetHints":{"allow":["GET"]}}],"collection":[{"href":"https:\/\/web-ban-le.mbws.vn\/do-choi\/wp-json\/wp\/v2\/product"}],"about":[{"href":"https:\/\/web-ban-le.mbws.vn\/do-choi\/wp-json\/wp\/v2\/types\/product"}],"replies":[{"embeddable":true,"href":"https:\/\/web-ban-le.mbws.vn\/do-choi\/wp-json\/wp\/v2\/comments?post=14320"}],"wp:featuredmedia":[{"embeddable":true,"href":"https:\/\/web-ban-le.mbws.vn\/do-choi\/wp-json\/wp\/v2\/media\/14543"}],"wp:attachment":[{"href":"https:\/\/web-ban-le.mbws.vn\/do-choi\/wp-json\/wp\/v2\/media?parent=14320"}],"wp:term":[{"taxonomy":"product_brand","embeddable":true,"href":"https:\/\/web-ban-le.mbws.vn\/do-choi\/wp-json\/wp\/v2\/product_brand?post=14320"},{"taxonomy":"product_cat","embeddable":true,"href":"https:\/\/web-ban-le.mbws.vn\/do-choi\/wp-json\/wp\/v2\/product_cat?post=14320"},{"taxonomy":"product_tag","embeddable":true,"href":"https:\/\/web-ban-le.mbws.vn\/do-choi\/wp-json\/wp\/v2\/product_tag?post=14320"}],"curies":[{"name":"wp","href":"https:\/\/api.w.org\/{rel}","templated":true}]}}