{"id":14359,"date":"2025-10-28T13:27:58","date_gmt":"2025-10-28T06:27:58","guid":{"rendered":"https:\/\/web-ban-le.mbws.vn\/do-choi\/?post_type=product&#038;p=14359"},"modified":"2025-11-05T08:29:26","modified_gmt":"2025-11-05T01:29:26","slug":"lego-licensed-ke119h-moc-khoa-co-den-lego-minifigures-hot-dog-man","status":"publish","type":"product","link":"https:\/\/web-ban-le.mbws.vn\/do-choi\/san-pham\/lego-licensed-ke119h-moc-khoa-co-den-lego-minifigures-hot-dog-man\/","title":{"rendered":"LEGO LICENSED KE119H M\u00f3c Kh\u00f3a C\u00f3 \u0110\u00e8n LEGO\u00ae Minifigures\u2122 &#8211; Hot Dog Man"},"content":{"rendered":"<div class=\"e8lZp3\">\n<p class=\"QN2lPu\">LEGO LICENSED KE119H M\u00f3c Kh\u00f3a C\u00f3 \u0110\u00e8n LEGO\u00ae Minifigures\u2122 &#8211; Hot Dog Man <\/p>\n<p class=\"QN2lPu\">Gi\u1edd \u0111\u00e2y b\u1ea1n c\u00f3 th\u1ec3 mang theo anh ch\u00e0ng Hot Dog Guy b\u00ean m\u00ecnh m\u1ecdi l\u00fac m\u1ecdi n\u01a1i v\u1edbi m\u00f3c kh\u00f3a c\u1ef1c ng\u1ea7u n\u00e0y, \u0111\u01b0\u1ee3c thi\u1ebft k\u1ebf v\u1edbi nh\u00e2n v\u1eadt minifigure LEGO\u00ae Hot Dog Guy g\u1eafn tr\u00ean v\u00f2ng v\u00e0 d\u00e2y x\u00edch kim lo\u1ea1i ch\u1eafc ch\u1eafn. \u0110\u00e2y l\u00e0 m\u00f3n qu\u00e0 tuy\u1ec7t v\u1eddi d\u00e0nh cho nh\u1eefng ai y\u00eau th\u00edch Hot Dog Guy v\u00e0 c\u00e1c b\u1ed9 x\u1ebfp h\u00ecnh LEGO\u00ae.<\/p>\n<p class=\"QN2lPu\">\n<p class=\"QN2lPu\">\u0110\u1eb7c \u0111i\u1ec3m n\u1ed5i b\u1eadt:<\/p>\n<p class=\"QN2lPu\">\u25cf\tM\u00f3c kh\u00f3a nh\u00e2n v\u1eadt LEGO\u00ae Hot Dog Guy g\u1eafn tr\u00ean v\u00f2ng v\u00e0 d\u00e2y kim lo\u1ea1i b\u1ec1n ch\u1eafc.<\/p>\n<p class=\"QN2lPu\">\u25cf\tD\u1ec5 d\u00e0ng g\u1eafn l\u00ean ch\u00eca kh\u00f3a ho\u1eb7c ba l\u00f4.<\/p>\n<p class=\"QN2lPu\">\u25cf\tNh\u00e2n v\u1eadt kh\u00f4ng th\u1ec3 th\u00e1o r\u1eddi kh\u1ecfi d\u00e2y kim lo\u1ea1i.<\/p>\n<p class=\"QN2lPu\">\u25cf\tPh\u00f9 h\u1ee3p cho ng\u01b0\u1eddi 6 tu\u1ed5i tr\u1edf l\u00ean.<\/p>\n<p class=\"QN2lPu\">\u25cf\tM\u00f3n qu\u00e0 d\u1ec5 th\u01b0\u01a1ng d\u00e0nh cho fan c\u1ee7a Hot Dog Guy v\u00e0 LEGO\u00ae.<\/p>\n<p class=\"QN2lPu\">\u25cf\tS\u1ea3n ph\u1ea9m s\u1eed d\u1ee5ng  pin CR2025 (\u0111i k\u00e8m).<\/p>\n<p class=\"QN2lPu\">\n<p class=\"QN2lPu\">Th\u00f4ng tin s\u1ea3n ph\u1ea9m: <\/p>\n<p class=\"QN2lPu\">&#8211; Xu\u1ea5t x\u1ee9: Trung Qu\u1ed1c <\/p>\n<p class=\"QN2lPu\">&#8211; K\u00edch th\u01b0\u1edbc h\u1ed9p h\u00e0ng: 5x15x5 cm<\/p>\n<p class=\"QN2lPu\">\n<div class=\"QN2lPu\">\n<div style=\"position: relative; width: 100%; padding-bottom: 100%;\"><picture class=\"UkIsx8\"><source srcset=\"https:\/\/down-vn.img.susercontent.com\/file\/vn-11134208-820l4-mftip6xjlgy0a5@resize_w875_nl.webp 1x, https:\/\/down-vn.img.susercontent.com\/file\/vn-11134208-820l4-mftip6xjlgy0a5@resize_w1750_nl.webp 2x\" type=\"image\/webp\" class=\"UkIsx8\"><img decoding=\"async\" width=\"875\" loading=\"lazy\" class=\"uXN1L5 lazyload GqYslU\" srcset=\"https:\/\/down-vn.img.susercontent.com\/file\/vn-11134208-820l4-mftip6xjlgy0a5@resize_w875_nl 1x, https:\/\/down-vn.img.susercontent.com\/file\/vn-11134208-820l4-mftip6xjlgy0a5@resize_w1750_nl 2x\" src=\"https:\/\/down-vn.img.susercontent.com\/file\/vn-11134208-820l4-mftip6xjlgy0a5\" height=\"875\"><\/picture><\/div>\n<\/div>\n<\/div>\n","protected":false},"excerpt":{"rendered":"<p>LEGO LICENSED KE119H M\u00f3c Kh\u00f3a C\u00f3 \u0110\u00e8n LEGO\u00ae Minifigures\u2122 &#8211; Hot Dog Man Gi\u1edd \u0111\u00e2y b\u1ea1n c\u00f3 th\u1ec3 mang theo anh ch\u00e0ng Hot Dog Guy b\u00ean m\u00ecnh m\u1ecdi l\u00fac m\u1ecdi n\u01a1i v\u1edbi m\u00f3c kh\u00f3a c\u1ef1c ng\u1ea7u n\u00e0y, \u0111\u01b0\u1ee3c thi\u1ebft k\u1ebf v\u1edbi nh\u00e2n v\u1eadt minifigure LEGO\u00ae Hot Dog Guy g\u1eafn tr\u00ean v\u00f2ng v\u00e0 d\u00e2y x\u00edch kim&#8230;<\/p>\n","protected":false},"featured_media":14565,"comment_status":"open","ping_status":"closed","template":"","meta":[],"product_brand":[],"product_cat":[1349],"product_tag":[],"class_list":{"0":"post-14359","1":"product","2":"type-product","3":"status-publish","4":"has-post-thumbnail","6":"product_cat-moc-khoa","8":"first","9":"instock","10":"featured","11":"shipping-taxable","12":"purchasable","13":"product-type-simple"},"_links":{"self":[{"href":"https:\/\/web-ban-le.mbws.vn\/do-choi\/wp-json\/wp\/v2\/product\/14359","targetHints":{"allow":["GET"]}}],"collection":[{"href":"https:\/\/web-ban-le.mbws.vn\/do-choi\/wp-json\/wp\/v2\/product"}],"about":[{"href":"https:\/\/web-ban-le.mbws.vn\/do-choi\/wp-json\/wp\/v2\/types\/product"}],"replies":[{"embeddable":true,"href":"https:\/\/web-ban-le.mbws.vn\/do-choi\/wp-json\/wp\/v2\/comments?post=14359"}],"wp:featuredmedia":[{"embeddable":true,"href":"https:\/\/web-ban-le.mbws.vn\/do-choi\/wp-json\/wp\/v2\/media\/14565"}],"wp:attachment":[{"href":"https:\/\/web-ban-le.mbws.vn\/do-choi\/wp-json\/wp\/v2\/media?parent=14359"}],"wp:term":[{"taxonomy":"product_brand","embeddable":true,"href":"https:\/\/web-ban-le.mbws.vn\/do-choi\/wp-json\/wp\/v2\/product_brand?post=14359"},{"taxonomy":"product_cat","embeddable":true,"href":"https:\/\/web-ban-le.mbws.vn\/do-choi\/wp-json\/wp\/v2\/product_cat?post=14359"},{"taxonomy":"product_tag","embeddable":true,"href":"https:\/\/web-ban-le.mbws.vn\/do-choi\/wp-json\/wp\/v2\/product_tag?post=14359"}],"curies":[{"name":"wp","href":"https:\/\/api.w.org\/{rel}","templated":true}]}}