{"id":14360,"date":"2025-10-28T13:27:58","date_gmt":"2025-10-28T06:27:58","guid":{"rendered":"https:\/\/web-ban-le.mbws.vn\/do-choi\/?post_type=product&#038;p=14360"},"modified":"2025-11-05T08:29:25","modified_gmt":"2025-11-05T01:29:25","slug":"lego-licensed-ke118h-moc-khoa-co-den-lego-minifigures-banana-guy","status":"publish","type":"product","link":"https:\/\/web-ban-le.mbws.vn\/do-choi\/san-pham\/lego-licensed-ke118h-moc-khoa-co-den-lego-minifigures-banana-guy\/","title":{"rendered":"LEGO LICENSED KE118H M\u00f3c Kh\u00f3a C\u00f3 \u0110\u00e8n LEGO\u00ae Minifigures\u2122 &#8211; Banana Guy"},"content":{"rendered":"<div class=\"e8lZp3\">\n<p class=\"QN2lPu\">LEGO LICENSED KE118H M\u00f3c Kh\u00f3a C\u00f3 \u0110\u00e8n LEGO\u00ae Minifigures\u2122 &#8211; Banana Guy<\/p>\n<p class=\"QN2lPu\">H\u00e3y khi\u1ebfn m\u1ed7i ng\u00e0y c\u1ee7a b\u1ea1n tr\u1edf n\u00ean vui t\u01b0\u01a1i v\u00e0 t\u1ecfa s\u00e1ng h\u01a1n v\u1ec1 \u0111\u00eam v\u1edbi M\u00f3c kh\u00f3a c\u00f3 \u0111\u00e8n LEGO\u00ae  Minifigures\u2122 \u2013 Banana Guy! M\u00f4 h\u00ecnh minifigure l\u1edbn c\u1ee7a nh\u00e2n v\u1eadt \u201cchu\u1ed1i\u201d h\u00e0i h\u01b0\u1edbc \u0111\u01b0\u1ee3c g\u1eafn \u0111\u00e8n LED \u1edf m\u1ed7i l\u00f2ng b\u00e0n ch\u00e2n \u2013 ch\u1ec9 c\u1ea7n nh\u1ea5n n\u00fat tr\u00ean th\u00e2n \u0111\u1ec3 b\u1eadt \u0111\u00e8n v\u00e0 \u0111i\u1ec1u ch\u1ec9nh h\u01b0\u1edbng s\u00e1ng b\u1eb1ng c\u00e1ch di chuy\u1ec3n \u0111\u00f4i ch\u00e2n. M\u00f3c kh\u00f3a n\u00e0y tr\u00f4ng th\u1eadt ng\u1ed9 ngh\u0129nh khi g\u1eafn tr\u00ean t\u00fai, ba l\u00f4 ho\u1eb7c v\u00f2ng ch\u00eca kh\u00f3a, \u0111\u1ed3ng th\u1eddi l\u00e0 m\u00f3n qu\u00e0 sinh nh\u1eadt ho\u1eb7c qu\u00e0 t\u1eb7ng d\u1ecbp l\u1ec5 \u0111\u00e1ng y\u00eau cho tr\u1ebb em v\u00e0 m\u1ecdi t\u00edn \u0111\u1ed3 LEGO vui t\u00ednh.<\/p>\n<p class=\"QN2lPu\">\u0110\u1eb7c \u0111i\u1ec3m n\u1ed5i b\u1eadt:<\/p>\n<p class=\"QN2lPu\">\u25cf\tM\u00f3c kh\u00f3a nh\u00e2n v\u1eadt LEGO\u00ae Banana Guy c\u1ee1 l\u1edbn v\u1edbi tay v\u00e0 ch\u00e2n c\u00f3 th\u1ec3 c\u1eed \u0111\u1ed9ng, \u0111\u00e8n LED s\u00e1ng \u1edf m\u1ed7i b\u00e0n ch\u00e2n v\u00e0 n\u00fat b\u1eadt\/t\u1eaft \u0111\u00e8n tr\u00ean th\u00e2n.<\/p>\n<p class=\"QN2lPu\">\u25cf\tTi\u1ebft ki\u1ec7m pin v\u1edbi ch\u1ebf \u0111\u1ed9 t\u1ef1 ng\u1eaft \u0111\u00e8n th\u00f4ng minh.<\/p>\n<p class=\"QN2lPu\">\u25cf\tNh\u00e2n v\u1eadt kh\u00f4ng th\u1ec3 th\u00e1o r\u1eddi kh\u1ecfi m\u00f3c kh\u00f3a.<\/p>\n<p class=\"QN2lPu\">\u25cf\tS\u1ea3n ph\u1ea9m s\u1eed d\u1ee5ng  pin CR2025 (\u0111i k\u00e8m).<\/p>\n<p class=\"QN2lPu\">\u25cf\tNh\u00e2n v\u1eadt Banana Guy cao kho\u1ea3ng 9 cm.<\/p>\n<p class=\"QN2lPu\">Th\u00f4ng tin s\u1ea3n ph\u1ea9m: <\/p>\n<p class=\"QN2lPu\">&#8211; Xu\u1ea5t x\u1ee9: Trung Qu\u1ed1c <\/p>\n<p class=\"QN2lPu\">&#8211; K\u00edch th\u01b0\u1edbc h\u1ed9p h\u00e0ng: 5x15x5 cm<\/p>\n<p class=\"QN2lPu\">\n<div class=\"QN2lPu\">\n<div style=\"position: relative; width: 100%; padding-bottom: 100%;\"><picture class=\"UkIsx8\"><source srcset=\"https:\/\/down-vn.img.susercontent.com\/file\/vn-11134208-820l4-mftip6xj8tu04b@resize_w875_nl.webp 1x, https:\/\/down-vn.img.susercontent.com\/file\/vn-11134208-820l4-mftip6xj8tu04b@resize_w1750_nl.webp 2x\" type=\"image\/webp\" class=\"UkIsx8\"><img decoding=\"async\" width=\"875\" loading=\"lazy\" class=\"uXN1L5 lazyload GqYslU\" srcset=\"https:\/\/down-vn.img.susercontent.com\/file\/vn-11134208-820l4-mftip6xj8tu04b@resize_w875_nl 1x, https:\/\/down-vn.img.susercontent.com\/file\/vn-11134208-820l4-mftip6xj8tu04b@resize_w1750_nl 2x\" src=\"https:\/\/down-vn.img.susercontent.com\/file\/vn-11134208-820l4-mftip6xj8tu04b\" height=\"875\"><\/picture><\/div>\n<\/div>\n<div class=\"QN2lPu\">\n<div style=\"position: relative; width: 100%; padding-bottom: 100%;\"><picture class=\"UkIsx8\"><source srcset=\"https:\/\/down-vn.img.susercontent.com\/file\/vn-11134208-820l4-mftip6xja8egcf@resize_w875_nl.webp 1x, https:\/\/down-vn.img.susercontent.com\/file\/vn-11134208-820l4-mftip6xja8egcf@resize_w1750_nl.webp 2x\" type=\"image\/webp\" class=\"UkIsx8\"><img decoding=\"async\" width=\"875\" loading=\"lazy\" class=\"uXN1L5 lazyload GqYslU\" srcset=\"https:\/\/down-vn.img.susercontent.com\/file\/vn-11134208-820l4-mftip6xja8egcf@resize_w875_nl 1x, https:\/\/down-vn.img.susercontent.com\/file\/vn-11134208-820l4-mftip6xja8egcf@resize_w1750_nl 2x\" src=\"https:\/\/down-vn.img.susercontent.com\/file\/vn-11134208-820l4-mftip6xja8egcf\" height=\"875\"><\/picture><\/div>\n<\/div>\n<div class=\"QN2lPu\">\n<div style=\"position: relative; width: 100%; padding-bottom: 100%;\"><picture class=\"UkIsx8\"><source srcset=\"https:\/\/down-vn.img.susercontent.com\/file\/vn-11134208-820l4-mftip6xjbmyw46@resize_w875_nl.webp 1x, https:\/\/down-vn.img.susercontent.com\/file\/vn-11134208-820l4-mftip6xjbmyw46@resize_w1750_nl.webp 2x\" type=\"image\/webp\" class=\"UkIsx8\"><img decoding=\"async\" width=\"875\" loading=\"lazy\" class=\"uXN1L5 lazyload GqYslU\" srcset=\"https:\/\/down-vn.img.susercontent.com\/file\/vn-11134208-820l4-mftip6xjbmyw46@resize_w875_nl 1x, https:\/\/down-vn.img.susercontent.com\/file\/vn-11134208-820l4-mftip6xjbmyw46@resize_w1750_nl 2x\" src=\"https:\/\/down-vn.img.susercontent.com\/file\/vn-11134208-820l4-mftip6xjbmyw46\" height=\"875\"><\/picture><\/div>\n<\/div>\n<div class=\"QN2lPu\">\n<div style=\"position: relative; width: 100%; padding-bottom: 100%;\"><picture class=\"UkIsx8\"><source srcset=\"https:\/\/down-vn.img.susercontent.com\/file\/vn-11134208-820l4-mftip6xjd1jcba@resize_w875_nl.webp 1x, https:\/\/down-vn.img.susercontent.com\/file\/vn-11134208-820l4-mftip6xjd1jcba@resize_w1750_nl.webp 2x\" type=\"image\/webp\" class=\"UkIsx8\"><img decoding=\"async\" width=\"875\" loading=\"lazy\" class=\"uXN1L5 lazyload GqYslU\" srcset=\"https:\/\/down-vn.img.susercontent.com\/file\/vn-11134208-820l4-mftip6xjd1jcba@resize_w875_nl 1x, https:\/\/down-vn.img.susercontent.com\/file\/vn-11134208-820l4-mftip6xjd1jcba@resize_w1750_nl 2x\" src=\"https:\/\/down-vn.img.susercontent.com\/file\/vn-11134208-820l4-mftip6xjd1jcba\" height=\"875\"><\/picture><\/div>\n<\/div>\n<div class=\"QN2lPu\">\n<div style=\"position: relative; width: 100%; padding-bottom: 100%;\"><picture class=\"UkIsx8\"><source srcset=\"https:\/\/down-vn.img.susercontent.com\/file\/vn-11134208-820l4-mftip6xjeg3s64@resize_w875_nl.webp 1x, https:\/\/down-vn.img.susercontent.com\/file\/vn-11134208-820l4-mftip6xjeg3s64@resize_w1750_nl.webp 2x\" type=\"image\/webp\" class=\"UkIsx8\"><img decoding=\"async\" width=\"875\" loading=\"lazy\" class=\"uXN1L5 lazyload GqYslU\" srcset=\"https:\/\/down-vn.img.susercontent.com\/file\/vn-11134208-820l4-mftip6xjeg3s64@resize_w875_nl 1x, https:\/\/down-vn.img.susercontent.com\/file\/vn-11134208-820l4-mftip6xjeg3s64@resize_w1750_nl 2x\" src=\"https:\/\/down-vn.img.susercontent.com\/file\/vn-11134208-820l4-mftip6xjeg3s64\" height=\"875\"><\/picture><\/div>\n<\/div>\n<div class=\"QN2lPu\">\n<div style=\"position: relative; width: 100%; padding-bottom: 100%;\"><picture class=\"UkIsx8\"><source srcset=\"https:\/\/down-vn.img.susercontent.com\/file\/vn-11134208-820l4-mftip6xjfuo819@resize_w875_nl.webp 1x, https:\/\/down-vn.img.susercontent.com\/file\/vn-11134208-820l4-mftip6xjfuo819@resize_w1750_nl.webp 2x\" type=\"image\/webp\" class=\"UkIsx8\"><img decoding=\"async\" width=\"875\" loading=\"lazy\" class=\"uXN1L5 lazyload GqYslU\" srcset=\"https:\/\/down-vn.img.susercontent.com\/file\/vn-11134208-820l4-mftip6xjfuo819@resize_w875_nl 1x, https:\/\/down-vn.img.susercontent.com\/file\/vn-11134208-820l4-mftip6xjfuo819@resize_w1750_nl 2x\" src=\"https:\/\/down-vn.img.susercontent.com\/file\/vn-11134208-820l4-mftip6xjfuo819\" height=\"875\"><\/picture><\/div>\n<\/div>\n<div class=\"QN2lPu\">\n<div style=\"position: relative; width: 100%; padding-bottom: 100%;\"><picture class=\"UkIsx8\"><source srcset=\"https:\/\/down-vn.img.susercontent.com\/file\/vn-11134208-820l4-mftip6xjh98ob6@resize_w875_nl.webp 1x, https:\/\/down-vn.img.susercontent.com\/file\/vn-11134208-820l4-mftip6xjh98ob6@resize_w1750_nl.webp 2x\" type=\"image\/webp\" class=\"UkIsx8\"><img decoding=\"async\" width=\"875\" loading=\"lazy\" class=\"uXN1L5 lazyload QSLoEa GqYslU\" srcset=\"https:\/\/down-vn.img.susercontent.com\/file\/vn-11134208-820l4-mftip6xjh98ob6@resize_w875_nl 1x, https:\/\/down-vn.img.susercontent.com\/file\/vn-11134208-820l4-mftip6xjh98ob6@resize_w1750_nl 2x\" src=\"https:\/\/down-vn.img.susercontent.com\/file\/vn-11134208-820l4-mftip6xjh98ob6\" height=\"875\"><\/picture><\/div>\n<\/div>\n<div class=\"QN2lPu\">\n<div style=\"position: relative; width: 100%; padding-bottom: 100%;\"><picture class=\"UkIsx8\"><source srcset=\"https:\/\/down-vn.img.susercontent.com\/file\/vn-11134208-820l4-mftip6xjint475@resize_w875_nl.webp 1x, https:\/\/down-vn.img.susercontent.com\/file\/vn-11134208-820l4-mftip6xjint475@resize_w1750_nl.webp 2x\" type=\"image\/webp\" class=\"UkIsx8\"><img decoding=\"async\" width=\"875\" loading=\"lazy\" class=\"uXN1L5 lazyload QSLoEa GqYslU\" srcset=\"https:\/\/down-vn.img.susercontent.com\/file\/vn-11134208-820l4-mftip6xjint475@resize_w875_nl 1x, https:\/\/down-vn.img.susercontent.com\/file\/vn-11134208-820l4-mftip6xjint475@resize_w1750_nl 2x\" src=\"https:\/\/down-vn.img.susercontent.com\/file\/vn-11134208-820l4-mftip6xjint475\" height=\"875\"><\/picture><\/div>\n<\/div>\n<div class=\"QN2lPu\">\n<div style=\"position: relative; width: 100%; padding-bottom: 100%;\"><picture class=\"UkIsx8\"><source srcset=\"https:\/\/down-vn.img.susercontent.com\/file\/vn-11134208-820l4-mftip6xjk2dkfa@resize_w875_nl.webp 1x, https:\/\/down-vn.img.susercontent.com\/file\/vn-11134208-820l4-mftip6xjk2dkfa@resize_w1750_nl.webp 2x\" type=\"image\/webp\" class=\"UkIsx8\"><img decoding=\"async\" width=\"875\" loading=\"lazy\" class=\"uXN1L5 lazyload QSLoEa GqYslU\" srcset=\"https:\/\/down-vn.img.susercontent.com\/file\/vn-11134208-820l4-mftip6xjk2dkfa@resize_w875_nl 1x, https:\/\/down-vn.img.susercontent.com\/file\/vn-11134208-820l4-mftip6xjk2dkfa@resize_w1750_nl 2x\" src=\"https:\/\/down-vn.img.susercontent.com\/file\/vn-11134208-820l4-mftip6xjk2dkfa\" height=\"875\"><\/picture><\/div>\n<\/div>\n<\/div>\n","protected":false},"excerpt":{"rendered":"<p>LEGO LICENSED KE118H M\u00f3c Kh\u00f3a C\u00f3 \u0110\u00e8n LEGO\u00ae Minifigures\u2122 &#8211; Banana Guy H\u00e3y khi\u1ebfn m\u1ed7i ng\u00e0y c\u1ee7a b\u1ea1n tr\u1edf n\u00ean vui t\u01b0\u01a1i v\u00e0 t\u1ecfa s\u00e1ng h\u01a1n v\u1ec1 \u0111\u00eam v\u1edbi M\u00f3c kh\u00f3a c\u00f3 \u0111\u00e8n LEGO\u00ae Minifigures\u2122 \u2013 Banana Guy! M\u00f4 h\u00ecnh minifigure l\u1edbn c\u1ee7a nh\u00e2n v\u1eadt \u201cchu\u1ed1i\u201d h\u00e0i h\u01b0\u1edbc \u0111\u01b0\u1ee3c g\u1eafn \u0111\u00e8n LED \u1edf m\u1ed7i l\u00f2ng&#8230;<\/p>\n","protected":false},"featured_media":14572,"comment_status":"open","ping_status":"closed","template":"","meta":[],"product_brand":[],"product_cat":[1349],"product_tag":[],"class_list":{"0":"post-14360","1":"product","2":"type-product","3":"status-publish","4":"has-post-thumbnail","6":"product_cat-moc-khoa","8":"first","9":"instock","10":"featured","11":"shipping-taxable","12":"purchasable","13":"product-type-simple"},"_links":{"self":[{"href":"https:\/\/web-ban-le.mbws.vn\/do-choi\/wp-json\/wp\/v2\/product\/14360","targetHints":{"allow":["GET"]}}],"collection":[{"href":"https:\/\/web-ban-le.mbws.vn\/do-choi\/wp-json\/wp\/v2\/product"}],"about":[{"href":"https:\/\/web-ban-le.mbws.vn\/do-choi\/wp-json\/wp\/v2\/types\/product"}],"replies":[{"embeddable":true,"href":"https:\/\/web-ban-le.mbws.vn\/do-choi\/wp-json\/wp\/v2\/comments?post=14360"}],"wp:featuredmedia":[{"embeddable":true,"href":"https:\/\/web-ban-le.mbws.vn\/do-choi\/wp-json\/wp\/v2\/media\/14572"}],"wp:attachment":[{"href":"https:\/\/web-ban-le.mbws.vn\/do-choi\/wp-json\/wp\/v2\/media?parent=14360"}],"wp:term":[{"taxonomy":"product_brand","embeddable":true,"href":"https:\/\/web-ban-le.mbws.vn\/do-choi\/wp-json\/wp\/v2\/product_brand?post=14360"},{"taxonomy":"product_cat","embeddable":true,"href":"https:\/\/web-ban-le.mbws.vn\/do-choi\/wp-json\/wp\/v2\/product_cat?post=14360"},{"taxonomy":"product_tag","embeddable":true,"href":"https:\/\/web-ban-le.mbws.vn\/do-choi\/wp-json\/wp\/v2\/product_tag?post=14360"}],"curies":[{"name":"wp","href":"https:\/\/api.w.org\/{rel}","templated":true}]}}