{"id":13711,"date":"2025-10-23T11:55:21","date_gmt":"2025-10-23T04:55:21","guid":{"rendered":"https:\/\/web-ban-le.mbws.vn\/dong-ho\/?post_type=product&#038;p=13711"},"modified":"2025-10-30T23:24:34","modified_gmt":"2025-10-30T16:24:34","slug":"dong-ho-nam-day-kim-loai-casio-a158wa-1df-chinh-hang","status":"publish","type":"product","link":"https:\/\/web-ban-le.mbws.vn\/dong-ho\/san-pham\/dong-ho-nam-day-kim-loai-casio-a158wa-1df-chinh-hang\/","title":{"rendered":"\u0110\u1ed3ng h\u1ed3 nam d\u00e2y kim lo\u1ea1i CASIO A158WA-1DF ch\u00ednh h\u00e3ng"},"content":{"rendered":"<div class=\"e8lZp3\">\n<p class=\"QN2lPu\">C\u00e1c t\u00ednh n\u0103ng:<\/p>\n<p class=\"QN2lPu\">\n<p class=\"QN2lPu\">V\u1eadt li\u1ec7u v\u1ecf \/ g\u1edd: Nh\u1ef1a \/ M\u1ea1 cr\u00f4m<\/p>\n<p class=\"QN2lPu\">Ch\u1ed1t c\u00f3 th\u1ec3 \u0111i\u1ec1u ch\u1ec9nh<\/p>\n<p class=\"QN2lPu\">D\u00e2y \u0111eo b\u1eb1ng th\u00e9p kh\u00f4ng g\u1ec9<\/p>\n<p class=\"QN2lPu\">M\u1eb7t k\u00ednh nh\u1ef1a<\/p>\n<p class=\"QN2lPu\">Ch\u1ed1ng n\u01b0\u1edbc 3ATM<\/p>\n<p class=\"QN2lPu\">\u0110\u00e8n LED<\/p>\n<p class=\"QN2lPu\">\u0110\u1ed3ng h\u1ed3 b\u1ea5m gi\u1edd 1\/100 gi\u00e2y<\/p>\n<p class=\"QN2lPu\">Kh\u1ea3 n\u0103ng \u0111o: 59\u201959,99\u201d<\/p>\n<p class=\"QN2lPu\">Ch\u1ebf \u0111\u1ed9 \u0111o: Th\u1eddi gian th\u1ef1c, ng\u1eaft gi\u1edd, th\u1eddi gian v\u1ec1 \u0111\u00edch th\u1ee9 nh\u1ea5t-th\u1ee9 hai<\/p>\n<p class=\"QN2lPu\">B\u00e1o gi\u1edd h\u00e0ng ng\u00e0y<\/p>\n<p class=\"QN2lPu\">T\u00edn hi\u1ec7u th\u1eddi gian h\u00e0ng gi\u1edd<\/p>\n<p class=\"QN2lPu\">L\u1ecbch t\u1ef1 \u0111\u1ed9ng (28 ng\u00e0y cho Th\u00e1ng 2)<\/p>\n<p class=\"QN2lPu\">\u0110\u1ecbnh d\u1ea1ng gi\u1edd 12\/24<\/p>\n<p class=\"QN2lPu\">Th\u1eddi gian hi\u1ec7n h\u00e0nh th\u00f4ng th\u01b0\u1eddng: Gi\u1edd, ph\u00fat, gi\u00e2y, chi\u1ec1u, ng\u00e0y, th\u1ee9<\/p>\n<p class=\"QN2lPu\">\u0110\u1ed9 ch\u00ednh x\u00e1c: \u00b130 gi\u00e2y m\u1ed9t th\u00e1ng<\/p>\n<p class=\"QN2lPu\">Tu\u1ed5i th\u1ecd pin x\u1ea5p x\u1ec9: 7 n\u0103m v\u1edbi pin CR2016<\/p>\n<p class=\"QN2lPu\">K\u00edch th\u01b0\u1edbc v\u1ecf \/ T\u1ed5ng tr\u1ecdng l\u01b0\u1ee3ng<\/p>\n<p class=\"QN2lPu\">K\u00edch th\u01b0\u1edbc v\u1ecf : 36,8\u00d733,2\u00d78,2mm<\/p>\n<p class=\"QN2lPu\">T\u1ed5ng tr\u1ecdng l\u01b0\u1ee3ng : 46g<\/p>\n<p class=\"QN2lPu\">\n<p class=\"QN2lPu\">*CH\u00cdNH S\u00c1CH B\u1ea2O H\u00c0NH:<\/p>\n<p class=\"QN2lPu\">&#8211; B\u1ea3o h\u00e0nh 01 n\u0103m t\u1ea5t c\u1ea3 c\u00e1c l\u1ed7i v\u1ec1 m\u00e1y ch\u00ednh h\u00e3ng Casio to\u00e0n qu\u1ed1c<\/p>\n<p class=\"QN2lPu\">&#8211; B\u1ea3o h\u00e0nh pin tr\u1ecdn \u0111\u1eddi t\u1ea1i shop YouWatch <\/p>\n<p class=\"QN2lPu\">\n<p class=\"QN2lPu\">#casio #casiohuyenthoai #casioanhkhue #casioankhanh #ak #donghonam #donghonu #unisex #ae1200whd #casiochinhhang #casiogiare #g-shock #edifice #babyg #mtp #ltp #mq #lq<\/p>\n<\/div>\n","protected":false},"excerpt":{"rendered":"<p>C\u00e1c t\u00ednh n\u0103ng: V\u1eadt li\u1ec7u v\u1ecf \/ g\u1edd: Nh\u1ef1a \/ M\u1ea1 cr\u00f4m Ch\u1ed1t c\u00f3 th\u1ec3 \u0111i\u1ec1u ch\u1ec9nh D\u00e2y \u0111eo b\u1eb1ng th\u00e9p kh\u00f4ng g\u1ec9 M\u1eb7t k\u00ednh nh\u1ef1a Ch\u1ed1ng n\u01b0\u1edbc 3ATM \u0110\u00e8n LED \u0110\u1ed3ng h\u1ed3 b\u1ea5m gi\u1edd 1\/100 gi\u00e2y Kh\u1ea3 n\u0103ng \u0111o: 59\u201959,99\u201d Ch\u1ebf \u0111\u1ed9 \u0111o: Th\u1eddi gian th\u1ef1c, ng\u1eaft gi\u1edd, th\u1eddi gian v\u1ec1 \u0111\u00edch th\u1ee9 nh\u1ea5t-th\u1ee9&#8230;<\/p>\n","protected":false},"featured_media":13751,"comment_status":"open","ping_status":"closed","template":"","meta":[],"product_brand":[1215],"product_cat":[1211,15],"product_tag":[],"class_list":{"0":"post-13711","1":"product","2":"type-product","3":"status-publish","4":"has-post-thumbnail","6":"product_brand-longines","7":"product_cat-dong-ho-nam","8":"product_cat-san-pham-noi-bat","10":"first","11":"instock","12":"sale","13":"shipping-taxable","14":"purchasable","15":"product-type-simple"},"_links":{"self":[{"href":"https:\/\/web-ban-le.mbws.vn\/dong-ho\/wp-json\/wp\/v2\/product\/13711","targetHints":{"allow":["GET"]}}],"collection":[{"href":"https:\/\/web-ban-le.mbws.vn\/dong-ho\/wp-json\/wp\/v2\/product"}],"about":[{"href":"https:\/\/web-ban-le.mbws.vn\/dong-ho\/wp-json\/wp\/v2\/types\/product"}],"replies":[{"embeddable":true,"href":"https:\/\/web-ban-le.mbws.vn\/dong-ho\/wp-json\/wp\/v2\/comments?post=13711"}],"wp:featuredmedia":[{"embeddable":true,"href":"https:\/\/web-ban-le.mbws.vn\/dong-ho\/wp-json\/wp\/v2\/media\/13751"}],"wp:attachment":[{"href":"https:\/\/web-ban-le.mbws.vn\/dong-ho\/wp-json\/wp\/v2\/media?parent=13711"}],"wp:term":[{"taxonomy":"product_brand","embeddable":true,"href":"https:\/\/web-ban-le.mbws.vn\/dong-ho\/wp-json\/wp\/v2\/product_brand?post=13711"},{"taxonomy":"product_cat","embeddable":true,"href":"https:\/\/web-ban-le.mbws.vn\/dong-ho\/wp-json\/wp\/v2\/product_cat?post=13711"},{"taxonomy":"product_tag","embeddable":true,"href":"https:\/\/web-ban-le.mbws.vn\/dong-ho\/wp-json\/wp\/v2\/product_tag?post=13711"}],"curies":[{"name":"wp","href":"https:\/\/api.w.org\/{rel}","templated":true}]}}