{"id":13714,"date":"2025-10-23T11:55:21","date_gmt":"2025-10-23T04:55:21","guid":{"rendered":"https:\/\/web-ban-le.mbws.vn\/dong-ho\/?post_type=product&#038;p=13714"},"modified":"2025-11-03T23:24:31","modified_gmt":"2025-11-03T16:24:31","slug":"dong-ho-casio-nam-day-nhua-tre-trung-mw-240-1ev-chinh-hang","status":"publish","type":"product","link":"https:\/\/web-ban-le.mbws.vn\/dong-ho\/san-pham\/dong-ho-casio-nam-day-nhua-tre-trung-mw-240-1ev-chinh-hang\/","title":{"rendered":"\u0110\u1ed3ng H\u1ed3 Casio Nam D\u00e2y Nh\u1ef1a Tr\u1ebb trung MW-240-1EV Ch\u00ednh H\u00e3ng"},"content":{"rendered":"<div class=\"e8lZp3\">\n<p class=\"QN2lPu\">\u0110\u1eb7c \u0111i\u1ec3m k\u1ef9 thu\u1eadt:<\/p>\n<p class=\"QN2lPu\">\n<p class=\"QN2lPu\">C\u00f3 th\u1ec3 n\u00f3i \u0111i\u1ec3m m\u1ea1nh nh\u1ea5t c\u1ee7a m\u1eabu MW-240 ch\u00ednh l\u00e0 \u0111\u1ed9 ch\u1ed1ng n\u01b0\u1edbc v\u00e0 \u0111\u1ed9 b\u1ec1n c\u1ee7a m\u00e1y m\u00f3c c\u00f9ng thi\u1ec7t k\u1ebf c\u1ef1c cool<\/p>\n<p class=\"QN2lPu\">\u0110\u00e2y l\u00e0 d\u00f2ng s\u1ea3n ph\u1ea9m l\u00e0m m\u01b0a gi\u00f3 tr\u00ean th\u1ecb tr\u01b0\u1eddng khi m\u1edbi \u0111\u01b0\u1ee3c ra m\u1eaft<\/p>\n<p class=\"QN2lPu\">\n<p class=\"QN2lPu\">V\u1eadt li\u1ec7u v\u1ecf \/ g\u1edd: Nh\u1ef1a<\/p>\n<p class=\"QN2lPu\">D\u00e2y \u0111eo b\u1eb1ng nh\u1ef1a<\/p>\n<p class=\"QN2lPu\">M\u1eb7t k\u00ednh nh\u1ef1a<\/p>\n<p class=\"QN2lPu\">Kh\u1ea3 n\u0103ng ch\u1ed1ng n\u01b0\u1edbc \u1edf \u0111\u1ed9 s\u00e2u 50 m\u00e9t ( T\u1eafm r\u1eeda, \u0111i b\u01a1i, \u0111i m\u01b0a tho\u1ea3i m\u00e1i)<\/p>\n<p class=\"QN2lPu\">Gi\u1edd hi\u1ec7n h\u00e0nh th\u00f4ng th\u01b0\u1eddng<\/p>\n<p class=\"QN2lPu\">\u0110\u1ed3ng h\u1ed3 kim: 3 kim (gi\u1edd, ph\u00fat, gi\u00e2y)<\/p>\n<p class=\"QN2lPu\">\u0110\u1ed9 ch\u00ednh x\u00e1c: \u00b120 gi\u00e2y m\u1ed9t th\u00e1ng<\/p>\n<p class=\"QN2lPu\">Tu\u1ed5i th\u1ecd pin x\u1ea5p x\u1ec9: 3 n\u0103m v\u1edbi pin SR626SW<\/p>\n<p class=\"QN2lPu\">\n<p class=\"QN2lPu\">K\u00edch th\u01b0\u1edbc v\u1ecf \/ T\u1ed5ng tr\u1ecdng l\u01b0\u1ee3ng<\/p>\n<p class=\"QN2lPu\">K\u00edch th\u01b0\u1edbc v\u1ecf : 48\u00d743,6\u00d710,3mm<\/p>\n<p class=\"QN2lPu\">T\u1ed5ng tr\u1ecdng l\u01b0\u1ee3ng : 35g<\/p>\n<p class=\"QN2lPu\">K\u00edch th\u01b0\u1edbc d\u00e2y: 20mm<\/p>\n<p class=\"QN2lPu\">\n<p class=\"QN2lPu\">B\u1ed9 s\u1ea3n ph\u1ea9m ch\u00ednh h\u00e3ng g\u1ed3m:<\/p>\n<p class=\"QN2lPu\">Fullbox \u0111\u1ed3ng h\u1ed3, h\u1ed9p \u0111\u1ef1ng<\/p>\n<p class=\"QN2lPu\">Th\u1ebb b\u1ea3o h\u00e0nh ch\u00ednh h\u00e3ng Casio<\/p>\n<p class=\"QN2lPu\">\n<p class=\"QN2lPu\">*CH\u00cdNH S\u00c1CH B\u1ea2O H\u00c0NH:<\/p>\n<p class=\"QN2lPu\">&#8211; B\u1ea3o h\u00e0nh 01 n\u0103m t\u1ea5t c\u1ea3 c\u00e1c l\u1ed7i v\u1ec1 m\u00e1y ch\u00ednh h\u00e3ng Casio to\u00e0n qu\u1ed1c<\/p>\n<p class=\"QN2lPu\">&#8211; B\u1ea3o h\u00e0nh pin tr\u1ecdn \u0111\u1eddi t\u1ea1i shop YouWatch <\/p>\n<p class=\"QN2lPu\">\n<p class=\"QN2lPu\">#casio #casiohuyenthoai #casioanhkhue #casioankhanh #ak #donghonam #donghonu #unisex #ae1200whd #casiochinhhang #casiogiare #g-shock #edifice #babyg #mtp #ltp #mq #lq<\/p>\n<\/div>\n","protected":false},"excerpt":{"rendered":"<p>\u0110\u1eb7c \u0111i\u1ec3m k\u1ef9 thu\u1eadt: C\u00f3 th\u1ec3 n\u00f3i \u0111i\u1ec3m m\u1ea1nh nh\u1ea5t c\u1ee7a m\u1eabu MW-240 ch\u00ednh l\u00e0 \u0111\u1ed9 ch\u1ed1ng n\u01b0\u1edbc v\u00e0 \u0111\u1ed9 b\u1ec1n c\u1ee7a m\u00e1y m\u00f3c c\u00f9ng thi\u1ec7t k\u1ebf c\u1ef1c cool \u0110\u00e2y l\u00e0 d\u00f2ng s\u1ea3n ph\u1ea9m l\u00e0m m\u01b0a gi\u00f3 tr\u00ean th\u1ecb tr\u01b0\u1eddng khi m\u1edbi \u0111\u01b0\u1ee3c ra m\u1eaft V\u1eadt li\u1ec7u v\u1ecf \/ g\u1edd: Nh\u1ef1a D\u00e2y \u0111eo b\u1eb1ng nh\u1ef1a&#8230;<\/p>\n","protected":false},"featured_media":13778,"comment_status":"open","ping_status":"closed","template":"","meta":[],"product_brand":[1215],"product_cat":[1211],"product_tag":[],"class_list":{"0":"post-13714","1":"product","2":"type-product","3":"status-publish","4":"has-post-thumbnail","6":"product_brand-longines","7":"product_cat-dong-ho-nam","9":"first","10":"instock","11":"sale","12":"featured","13":"shipping-taxable","14":"purchasable","15":"product-type-simple"},"_links":{"self":[{"href":"https:\/\/web-ban-le.mbws.vn\/dong-ho\/wp-json\/wp\/v2\/product\/13714","targetHints":{"allow":["GET"]}}],"collection":[{"href":"https:\/\/web-ban-le.mbws.vn\/dong-ho\/wp-json\/wp\/v2\/product"}],"about":[{"href":"https:\/\/web-ban-le.mbws.vn\/dong-ho\/wp-json\/wp\/v2\/types\/product"}],"replies":[{"embeddable":true,"href":"https:\/\/web-ban-le.mbws.vn\/dong-ho\/wp-json\/wp\/v2\/comments?post=13714"}],"wp:featuredmedia":[{"embeddable":true,"href":"https:\/\/web-ban-le.mbws.vn\/dong-ho\/wp-json\/wp\/v2\/media\/13778"}],"wp:attachment":[{"href":"https:\/\/web-ban-le.mbws.vn\/dong-ho\/wp-json\/wp\/v2\/media?parent=13714"}],"wp:term":[{"taxonomy":"product_brand","embeddable":true,"href":"https:\/\/web-ban-le.mbws.vn\/dong-ho\/wp-json\/wp\/v2\/product_brand?post=13714"},{"taxonomy":"product_cat","embeddable":true,"href":"https:\/\/web-ban-le.mbws.vn\/dong-ho\/wp-json\/wp\/v2\/product_cat?post=13714"},{"taxonomy":"product_tag","embeddable":true,"href":"https:\/\/web-ban-le.mbws.vn\/dong-ho\/wp-json\/wp\/v2\/product_tag?post=13714"}],"curies":[{"name":"wp","href":"https:\/\/api.w.org\/{rel}","templated":true}]}}