{"id":13715,"date":"2025-10-23T11:55:21","date_gmt":"2025-10-23T04:55:21","guid":{"rendered":"https:\/\/web-ban-le.mbws.vn\/dong-ho\/?post_type=product&#038;p=13715"},"modified":"2025-11-03T23:24:31","modified_gmt":"2025-11-03T16:24:31","slug":"dong-ho-casio-nu-day-nhua-standard-mq-24-1e-chinh-hang","status":"publish","type":"product","link":"https:\/\/web-ban-le.mbws.vn\/dong-ho\/san-pham\/dong-ho-casio-nu-day-nhua-standard-mq-24-1e-chinh-hang\/","title":{"rendered":"\u0110\u1ed3ng H\u1ed3 Casio N\u1eef D\u00e2y Nh\u1ef1a STANDARD MQ-24-1E Ch\u00ednh H\u00e3ng"},"content":{"rendered":"<div class=\"e8lZp3\">\n<p class=\"QN2lPu\">Th\u01b0\u01a1ng hi\u1ec7u: Casio\n<\/p>\n<p class=\"QN2lPu\">Xu\u1ea5t x\u1ee9 th\u01b0\u01a1ng hi\u1ec7u: Nh\u1eadt B\u1ea3n\n<\/p>\n<p class=\"QN2lPu\">H\u1ed9p v\u00e0 th\u1ebb b\u1ea3o h\u00e0nh ch\u00ednh h\u00e3ng Casio\n<\/p>\n<p class=\"QN2lPu\">\n<p class=\"QN2lPu\">\u0110\u1eb6C \u0110I\u1ec2M K\u1ef8 THU\u1eacT:\n<\/p>\n<p class=\"QN2lPu\">\n<p class=\"QN2lPu\">* V\u1eadt li\u1ec7u v\u1ecf \/ g\u1edd: Nh\u1ef1a\n<\/p>\n<p class=\"QN2lPu\">* D\u00e2y \u0111eo b\u1eb1ng nh\u1ef1a\n<\/p>\n<p class=\"QN2lPu\">* M\u1eb7t k\u00ednh nh\u1ef1a\n<\/p>\n<p class=\"QN2lPu\">* Ch\u1ed1ng n\u01b0\u1edbc 30m(3ATM)\n<\/p>\n<p class=\"QN2lPu\">* Gi\u1edd hi\u1ec7n h\u00e0nh th\u00f4ng th\u01b0\u1eddng\n<\/p>\n<p class=\"QN2lPu\">* \u0110\u1ed3ng h\u1ed3 kim: 3 kim (gi\u1edd, ph\u00fat, gi\u00e2y)\n<\/p>\n<p class=\"QN2lPu\">* \u0110\u1ed9 ch\u00ednh x\u00e1c: \u00b120 gi\u00e2y m\u1ed9t th\u00e1ng\n<\/p>\n<p class=\"QN2lPu\">* Tu\u1ed5i th\u1ecd pin x\u1ea5p x\u1ec9: 3 n\u0103m v\u1edbi pin SR626SW\n<\/p>\n<p class=\"QN2lPu\">\n<p class=\"QN2lPu\">K\u00cdCH TH\u01af\u1edaC V\u1ece \/ T\u1ed4NG TR\u1eccNG L\u01af\u1ee2NG\n<\/p>\n<p class=\"QN2lPu\">* K\u00edch th\u01b0\u1edbc v\u1ecf:\u200238,8mm x 34,9mm x 7,8mm\n<\/p>\n<p class=\"QN2lPu\">* T\u1ed5ng tr\u1ecdng l\u01b0\u1ee3ng: 20g\n<\/p>\n<p class=\"QN2lPu\">\n<p class=\"QN2lPu\">B\u1ed8 S\u1ea2N PH\u1ea8M\n<\/p>\n<p class=\"QN2lPu\">* 1 \u0111\u1ed3ng h\u1ed3\n<\/p>\n<p class=\"QN2lPu\">* 1 h\u1ed9p \u0111\u1ed3ng h\u1ed3\n<\/p>\n<p class=\"QN2lPu\">* 1 th\u1ebb b\u1ea3o h\u00e0nh ch\u00ednh h\u00e3ng\n<\/p>\n<p class=\"QN2lPu\">\n<p class=\"QN2lPu\">*CH\u00cdNH S\u00c1CH B\u1ea2O H\u00c0NH:\n<\/p>\n<p class=\"QN2lPu\">&#8211; B\u1ea3o h\u00e0nh 01 n\u0103m t\u1ea5t c\u1ea3 c\u00e1c l\u1ed7i v\u1ec1 m\u00e1y ch\u00ednh h\u00e3ng Casio to\u00e0n qu\u1ed1c\n<\/p>\n<p class=\"QN2lPu\">&#8211; B\u1ea3o h\u00e0nh pin tr\u1ecdn \u0111\u1eddi t\u1ea1i shop YouWatch\n<\/p>\n<p class=\"QN2lPu\">\n<p class=\"QN2lPu\">#casio #casiohuyenthoai #casioanhkhue #casioankhanh #ak #donghonam #donghonu #unisex #ae1200whd #casiochinhhang #casiogiare #g-shock #edifice #babyg #mtp #ltp #mq #lq<\/p>\n<\/div>\n","protected":false},"excerpt":{"rendered":"<p>Th\u01b0\u01a1ng hi\u1ec7u: Casio Xu\u1ea5t x\u1ee9 th\u01b0\u01a1ng hi\u1ec7u: Nh\u1eadt B\u1ea3n H\u1ed9p v\u00e0 th\u1ebb b\u1ea3o h\u00e0nh ch\u00ednh h\u00e3ng Casio \u0110\u1eb6C \u0110I\u1ec2M K\u1ef8 THU\u1eacT: * V\u1eadt li\u1ec7u v\u1ecf \/ g\u1edd: Nh\u1ef1a * D\u00e2y \u0111eo b\u1eb1ng nh\u1ef1a * M\u1eb7t k\u00ednh nh\u1ef1a * Ch\u1ed1ng n\u01b0\u1edbc 30m(3ATM) * Gi\u1edd hi\u1ec7n h\u00e0nh th\u00f4ng th\u01b0\u1eddng * \u0110\u1ed3ng h\u1ed3 kim: 3 kim (gi\u1edd, ph\u00fat,&#8230;<\/p>\n","protected":false},"featured_media":13784,"comment_status":"open","ping_status":"closed","template":"","meta":[],"product_brand":[1215],"product_cat":[1212],"product_tag":[],"class_list":{"0":"post-13715","1":"product","2":"type-product","3":"status-publish","4":"has-post-thumbnail","6":"product_brand-longines","7":"product_cat-dong-ho-nu","9":"first","10":"instock","11":"sale","12":"featured","13":"shipping-taxable","14":"purchasable","15":"product-type-simple"},"_links":{"self":[{"href":"https:\/\/web-ban-le.mbws.vn\/dong-ho\/wp-json\/wp\/v2\/product\/13715","targetHints":{"allow":["GET"]}}],"collection":[{"href":"https:\/\/web-ban-le.mbws.vn\/dong-ho\/wp-json\/wp\/v2\/product"}],"about":[{"href":"https:\/\/web-ban-le.mbws.vn\/dong-ho\/wp-json\/wp\/v2\/types\/product"}],"replies":[{"embeddable":true,"href":"https:\/\/web-ban-le.mbws.vn\/dong-ho\/wp-json\/wp\/v2\/comments?post=13715"}],"wp:featuredmedia":[{"embeddable":true,"href":"https:\/\/web-ban-le.mbws.vn\/dong-ho\/wp-json\/wp\/v2\/media\/13784"}],"wp:attachment":[{"href":"https:\/\/web-ban-le.mbws.vn\/dong-ho\/wp-json\/wp\/v2\/media?parent=13715"}],"wp:term":[{"taxonomy":"product_brand","embeddable":true,"href":"https:\/\/web-ban-le.mbws.vn\/dong-ho\/wp-json\/wp\/v2\/product_brand?post=13715"},{"taxonomy":"product_cat","embeddable":true,"href":"https:\/\/web-ban-le.mbws.vn\/dong-ho\/wp-json\/wp\/v2\/product_cat?post=13715"},{"taxonomy":"product_tag","embeddable":true,"href":"https:\/\/web-ban-le.mbws.vn\/dong-ho\/wp-json\/wp\/v2\/product_tag?post=13715"}],"curies":[{"name":"wp","href":"https:\/\/api.w.org\/{rel}","templated":true}]}}