{"id":13718,"date":"2025-10-23T11:55:22","date_gmt":"2025-10-23T04:55:22","guid":{"rendered":"https:\/\/web-ban-le.mbws.vn\/dong-ho\/?post_type=product&#038;p=13718"},"modified":"2025-11-03T23:24:31","modified_gmt":"2025-11-03T16:24:31","slug":"dong-ho-casio-nam-day-nhua-standard-f-91w-1-chinh-hang","status":"publish","type":"product","link":"https:\/\/web-ban-le.mbws.vn\/dong-ho\/san-pham\/dong-ho-casio-nam-day-nhua-standard-f-91w-1-chinh-hang\/","title":{"rendered":"\u0110\u1ed3ng H\u1ed3 Casio Nam D\u00e2y Nh\u1ef1a STANDARD F-91W-1 Ch\u00ednh H\u00e3ng"},"content":{"rendered":"<div class=\"e8lZp3\">\n<p class=\"QN2lPu\">\u0110\u1eb7c \u0111i\u1ec3m k\u1ef9 thu\u1eadt:<\/p>\n<p class=\"QN2lPu\">\n<p class=\"QN2lPu\">*****D\u00f2ng casio F-91 huy\u1ec1n tho\u1ea1i l\u00e0 tu\u1ed5i th\u01a1 d\u1eef d\u1ed9i c\u1ee7a c\u00e1c rich kid th\u1ebf h\u1ec7 7x, 8x ****<\/p>\n<p class=\"QN2lPu\">V\u1eadt li\u1ec7u v\u1ecf \/ v\u00e0nh bezel: Nh\u1ef1a<\/p>\n<p class=\"QN2lPu\">D\u00e2y \u0111eo b\u1eb1ng nh\u1ef1a<\/p>\n<p class=\"QN2lPu\">M\u1eb7t k\u00ednh nh\u1ef1a<\/p>\n<p class=\"QN2lPu\">Ch\u1ed1ng n\u01b0\u1edbc 3ATM ( T\u1eafm r\u1eeda, \u0111i m\u01b0a tho\u1ea3i m\u00e1i) <\/p>\n<p class=\"QN2lPu\">\u0110\u00e8n LED<\/p>\n<p class=\"QN2lPu\">\u0110\u1ed3ng h\u1ed3 b\u1ea5m gi\u1edd 1\/100 gi\u00e2y<\/p>\n<p class=\"QN2lPu\">Kh\u1ea3 n\u0103ng \u0111o: 59\u201959,99\u2033<\/p>\n<p class=\"QN2lPu\">Ch\u1ebf \u0111\u1ed9 \u0111o: Th\u1eddi gian th\u1ef1c, ng\u1eaft gi\u1edd, th\u1eddi gian v\u1ec1 \u0111\u00edch th\u1ee9 nh\u1ea5t \u2013 th\u1ee9 hai<\/p>\n<p class=\"QN2lPu\">B\u00e1o gi\u1edd h\u00e0ng ng\u00e0y<\/p>\n<p class=\"QN2lPu\">T\u00edn hi\u1ec7u th\u1eddi gian h\u00e0ng gi\u1edd<\/p>\n<p class=\"QN2lPu\">L\u1ecbch t\u1ef1 \u0111\u1ed9ng (\u0111\u01b0\u1ee3c \u0111\u1eb7t \u1edf 28 ng\u00e0y \u0111\u1ed1i v\u1edbi th\u00e1ng 2)<\/p>\n<p class=\"QN2lPu\">\u0110\u1ecbnh d\u1ea1ng gi\u1edd 12\/24<\/p>\n<p class=\"QN2lPu\">Th\u1eddi gian hi\u1ec7n h\u00e0nh th\u00f4ng th\u01b0\u1eddng: Gi\u1edd, ph\u00fat, gi\u00e2y, chi\u1ec1u, ng\u00e0y, th\u1ee9<\/p>\n<p class=\"QN2lPu\">\u0110\u1ed9 ch\u00ednh x\u00e1c: \u00b130 gi\u00e2y m\u1ed9t th\u00e1ng<\/p>\n<p class=\"QN2lPu\">Tu\u1ed5i th\u1ecd pin x\u1ea5p x\u1ec9: 7 n\u0103m v\u1edbi pin CR2016<\/p>\n<p class=\"QN2lPu\">K\u00edch th\u01b0\u1edbc v\u1ecf \/ T\u1ed5ng tr\u1ecdng l\u01b0\u1ee3ng<\/p>\n<p class=\"QN2lPu\">K\u00edch th\u01b0\u1edbc v\u1ecf : 38,2\u00d735,2\u00d78,5mm<\/p>\n<p class=\"QN2lPu\">T\u1ed5ng tr\u1ecdng l\u01b0\u1ee3ng : 21g<\/p>\n<p class=\"QN2lPu\">\n<p class=\"QN2lPu\">*CH\u00cdNH S\u00c1CH B\u1ea2O H\u00c0NH:<\/p>\n<p class=\"QN2lPu\">&#8211; B\u1ea3o h\u00e0nh 01 n\u0103m t\u1ea5t c\u1ea3 c\u00e1c l\u1ed7i v\u1ec1 m\u00e1y ch\u00ednh h\u00e3ng Casio to\u00e0n qu\u1ed1c<\/p>\n<p class=\"QN2lPu\">&#8211; B\u1ea3o h\u00e0nh pin tr\u1ecdn \u0111\u1eddi t\u1ea1i shop YouWatch <\/p>\n<p class=\"QN2lPu\">\n<p class=\"QN2lPu\">#casio #casiohuyenthoai #casioanhkhue #casioankhanh #ak #donghonam #donghonu #unisex #ae1200whd #casiochinhhang #casiogiare #g-shock #edifice #babyg #mtp #ltp #mq #lq<\/p>\n<\/div>\n","protected":false},"excerpt":{"rendered":"<p>\u0110\u1eb7c \u0111i\u1ec3m k\u1ef9 thu\u1eadt: *****D\u00f2ng casio F-91 huy\u1ec1n tho\u1ea1i l\u00e0 tu\u1ed5i th\u01a1 d\u1eef d\u1ed9i c\u1ee7a c\u00e1c rich kid th\u1ebf h\u1ec7 7x, 8x **** V\u1eadt li\u1ec7u v\u1ecf \/ v\u00e0nh bezel: Nh\u1ef1a D\u00e2y \u0111eo b\u1eb1ng nh\u1ef1a M\u1eb7t k\u00ednh nh\u1ef1a Ch\u1ed1ng n\u01b0\u1edbc 3ATM ( T\u1eafm r\u1eeda, \u0111i m\u01b0a tho\u1ea3i m\u00e1i) \u0110\u00e8n LED \u0110\u1ed3ng h\u1ed3 b\u1ea5m gi\u1edd 1\/100 gi\u00e2y&#8230;<\/p>\n","protected":false},"featured_media":13808,"comment_status":"open","ping_status":"closed","template":"","meta":[],"product_brand":[1215],"product_cat":[1211],"product_tag":[],"class_list":{"0":"post-13718","1":"product","2":"type-product","3":"status-publish","4":"has-post-thumbnail","6":"product_brand-longines","7":"product_cat-dong-ho-nam","9":"first","10":"instock","11":"sale","12":"featured","13":"shipping-taxable","14":"purchasable","15":"product-type-simple"},"_links":{"self":[{"href":"https:\/\/web-ban-le.mbws.vn\/dong-ho\/wp-json\/wp\/v2\/product\/13718","targetHints":{"allow":["GET"]}}],"collection":[{"href":"https:\/\/web-ban-le.mbws.vn\/dong-ho\/wp-json\/wp\/v2\/product"}],"about":[{"href":"https:\/\/web-ban-le.mbws.vn\/dong-ho\/wp-json\/wp\/v2\/types\/product"}],"replies":[{"embeddable":true,"href":"https:\/\/web-ban-le.mbws.vn\/dong-ho\/wp-json\/wp\/v2\/comments?post=13718"}],"wp:featuredmedia":[{"embeddable":true,"href":"https:\/\/web-ban-le.mbws.vn\/dong-ho\/wp-json\/wp\/v2\/media\/13808"}],"wp:attachment":[{"href":"https:\/\/web-ban-le.mbws.vn\/dong-ho\/wp-json\/wp\/v2\/media?parent=13718"}],"wp:term":[{"taxonomy":"product_brand","embeddable":true,"href":"https:\/\/web-ban-le.mbws.vn\/dong-ho\/wp-json\/wp\/v2\/product_brand?post=13718"},{"taxonomy":"product_cat","embeddable":true,"href":"https:\/\/web-ban-le.mbws.vn\/dong-ho\/wp-json\/wp\/v2\/product_cat?post=13718"},{"taxonomy":"product_tag","embeddable":true,"href":"https:\/\/web-ban-le.mbws.vn\/dong-ho\/wp-json\/wp\/v2\/product_tag?post=13718"}],"curies":[{"name":"wp","href":"https:\/\/api.w.org\/{rel}","templated":true}]}}