{"id":13728,"date":"2025-10-23T11:55:22","date_gmt":"2025-10-23T04:55:22","guid":{"rendered":"https:\/\/web-ban-le.mbws.vn\/dong-ho\/?post_type=product&#038;p=13728"},"modified":"2025-10-30T23:18:59","modified_gmt":"2025-10-30T16:18:59","slug":"dong-ho-nam-day-kim-loai-casio-mtp-vt01b-1b-chinh-hang","status":"publish","type":"product","link":"https:\/\/web-ban-le.mbws.vn\/dong-ho\/san-pham\/dong-ho-nam-day-kim-loai-casio-mtp-vt01b-1b-chinh-hang\/","title":{"rendered":"\u0110\u1ed3ng h\u1ed3 nam d\u00e2y kim lo\u1ea1i Casio MTP-VT01B-1B ch\u00ednh h\u00e3ng"},"content":{"rendered":"<div class=\"e8lZp3\">\n<p class=\"QN2lPu\">C\u00e1c t\u00ednh n\u0103ng<\/p>\n<p class=\"QN2lPu\">\n<p class=\"QN2lPu\">N\u00e2ng t\u1ea7m h\u00ecnh \u1ea3nh c\u1ee7a b\u1ea1n v\u1edbi phong c\u00e1ch m\u01b0\u1ee3t m\u00e0, \u0111\u01a1n gi\u1ea3n m\u00e0 v\u1eabn c\u00e1 t\u00ednh \u2014 ph\u1ee5 ki\u1ec7n l\u00fd t\u01b0\u1edfng b\u1ea5t k\u1ec3 b\u1ea1n \u0111i \u0111\u00e2u trong ng\u00e0y. T\u00ednh n\u0103ng ch\u1ed1ng n\u01b0\u1edbc gi\u00fap b\u1ea1n s\u1eed d\u1ee5ng h\u00e0ng ng\u00e0y m\u00e0 kh\u00f4ng ph\u1ea3i lo l\u1eafng ngay c\u1ea3 trong nh\u1eefng ng\u00e0y m\u01b0a. S\u1ef1 k\u1ebft h\u1ee3p gi\u1eefa s\u1ed1 v\u00e0 v\u1ea1ch ch\u1ec9 gi\u1edd l\u00e0 \u0111i\u1ec3m nh\u1ea5n n\u1ed5i b\u1eadt cho thi\u1ebft k\u1ebf t\u1ed1i gi\u1ea3n.<\/p>\n<p class=\"QN2lPu\">\n<p class=\"QN2lPu\">\u0110\u1eb7c \u0111i\u1ec3m k\u1ef9 thu\u1eadt:<\/p>\n<p class=\"QN2lPu\">\n<p class=\"QN2lPu\">D\u00e2y \u0111eo b\u1eb1ng th\u00e9p kh\u00f4ng g\u1ec9<\/p>\n<p class=\"QN2lPu\">Ch\u1ed1t g\u1ea5p ba<\/p>\n<p class=\"QN2lPu\">M\u1eb7t k\u00ednh kho\u00e1ng<\/p>\n<p class=\"QN2lPu\">V\u1ecf m\u1ea1 ion m\u00e0u \u0111en<\/p>\n<p class=\"QN2lPu\">D\u00e2y \u0111eo m\u1ea1 ion m\u00e0u \u0111en<\/p>\n<p class=\"QN2lPu\">Ch\u1ed1ng n\u01b0\u1edbc<\/p>\n<p class=\"QN2lPu\">Gi\u1edd hi\u1ec7n h\u00e0nh th\u00f4ng th\u01b0\u1eddng<\/p>\n<p class=\"QN2lPu\">\u0110\u1ed3ng h\u1ed3 kim: 3 kim (gi\u1edd, ph\u00fat, gi\u00e2y)<\/p>\n<p class=\"QN2lPu\">\u0110\u1ed9 ch\u00ednh x\u00e1c: \u00b120 gi\u00e2y m\u1ed9t th\u00e1ng<\/p>\n<p class=\"QN2lPu\">Tu\u1ed5i th\u1ecd pin x\u1ea5p x\u1ec9: 3 n\u0103m v\u1edbi pin SR626SW<\/p>\n<p class=\"QN2lPu\">&nbsp;<\/p>\n<p class=\"QN2lPu\">K\u00edch th\u01b0\u1edbc v\u1ecf \/ T\u1ed5ng tr\u1ecdng l\u01b0\u1ee3ng:<\/p>\n<p class=\"QN2lPu\">\n<p class=\"QN2lPu\">K\u00edch th\u01b0\u1edbc v\u1ecf : 46\u00d740\u00d78,2mm<\/p>\n<p class=\"QN2lPu\">T\u1ed5ng tr\u1ecdng l\u01b0\u1ee3ng : 92g<\/p>\n<p class=\"QN2lPu\">\n<p class=\"QN2lPu\">*CH\u00cdNH S\u00c1CH B\u1ea2O H\u00c0NH:<\/p>\n<p class=\"QN2lPu\">&#8211; B\u1ea3o h\u00e0nh 01 n\u0103m t\u1ea5t c\u1ea3 c\u00e1c l\u1ed7i v\u1ec1 m\u00e1y ch\u00ednh h\u00e3ng Casio to\u00e0n qu\u1ed1c<\/p>\n<p class=\"QN2lPu\">&#8211; B\u1ea3o h\u00e0nh pin tr\u1ecdn \u0111\u1eddi t\u1ea1i shop YouWatch <\/p>\n<p class=\"QN2lPu\">\n<p class=\"QN2lPu\">#casio #casiohuyenthoai #casioanhkhue #casioankhanh #ak #donghonam #donghonu #unisex #ae1200whd #casiochinhhang #casiogiare #g-shock #edifice #babyg #mtp #ltp #mq #lq<\/p>\n<\/div>\n","protected":false},"excerpt":{"rendered":"<p>C\u00e1c t\u00ednh n\u0103ng N\u00e2ng t\u1ea7m h\u00ecnh \u1ea3nh c\u1ee7a b\u1ea1n v\u1edbi phong c\u00e1ch m\u01b0\u1ee3t m\u00e0, \u0111\u01a1n gi\u1ea3n m\u00e0 v\u1eabn c\u00e1 t\u00ednh \u2014 ph\u1ee5 ki\u1ec7n l\u00fd t\u01b0\u1edfng b\u1ea5t k\u1ec3 b\u1ea1n \u0111i \u0111\u00e2u trong ng\u00e0y. T\u00ednh n\u0103ng ch\u1ed1ng n\u01b0\u1edbc gi\u00fap b\u1ea1n s\u1eed d\u1ee5ng h\u00e0ng ng\u00e0y m\u00e0 kh\u00f4ng ph\u1ea3i lo l\u1eafng ngay c\u1ea3 trong nh\u1eefng ng\u00e0y m\u01b0a. S\u1ef1 k\u1ebft&#8230;<\/p>\n","protected":false},"featured_media":13889,"comment_status":"open","ping_status":"closed","template":"","meta":[],"product_brand":[1215],"product_cat":[1211],"product_tag":[],"class_list":{"0":"post-13728","1":"product","2":"type-product","3":"status-publish","4":"has-post-thumbnail","6":"product_brand-longines","7":"product_cat-dong-ho-nam","9":"first","10":"instock","11":"sale","12":"shipping-taxable","13":"purchasable","14":"product-type-simple"},"_links":{"self":[{"href":"https:\/\/web-ban-le.mbws.vn\/dong-ho\/wp-json\/wp\/v2\/product\/13728","targetHints":{"allow":["GET"]}}],"collection":[{"href":"https:\/\/web-ban-le.mbws.vn\/dong-ho\/wp-json\/wp\/v2\/product"}],"about":[{"href":"https:\/\/web-ban-le.mbws.vn\/dong-ho\/wp-json\/wp\/v2\/types\/product"}],"replies":[{"embeddable":true,"href":"https:\/\/web-ban-le.mbws.vn\/dong-ho\/wp-json\/wp\/v2\/comments?post=13728"}],"wp:featuredmedia":[{"embeddable":true,"href":"https:\/\/web-ban-le.mbws.vn\/dong-ho\/wp-json\/wp\/v2\/media\/13889"}],"wp:attachment":[{"href":"https:\/\/web-ban-le.mbws.vn\/dong-ho\/wp-json\/wp\/v2\/media?parent=13728"}],"wp:term":[{"taxonomy":"product_brand","embeddable":true,"href":"https:\/\/web-ban-le.mbws.vn\/dong-ho\/wp-json\/wp\/v2\/product_brand?post=13728"},{"taxonomy":"product_cat","embeddable":true,"href":"https:\/\/web-ban-le.mbws.vn\/dong-ho\/wp-json\/wp\/v2\/product_cat?post=13728"},{"taxonomy":"product_tag","embeddable":true,"href":"https:\/\/web-ban-le.mbws.vn\/dong-ho\/wp-json\/wp\/v2\/product_tag?post=13728"}],"curies":[{"name":"wp","href":"https:\/\/api.w.org\/{rel}","templated":true}]}}