{"id":13730,"date":"2025-10-23T11:55:22","date_gmt":"2025-10-23T04:55:22","guid":{"rendered":"https:\/\/web-ban-le.mbws.vn\/dong-ho\/?post_type=product&#038;p=13730"},"modified":"2025-10-30T23:18:37","modified_gmt":"2025-10-30T16:18:37","slug":"dong-ho-casio-nam-day-kim-loai-mtp-1381d-1av-chinh-hang","status":"publish","type":"product","link":"https:\/\/web-ban-le.mbws.vn\/dong-ho\/san-pham\/dong-ho-casio-nam-day-kim-loai-mtp-1381d-1av-chinh-hang\/","title":{"rendered":"\u0110\u1ed3ng H\u1ed3 Casio Nam D\u00e2y Kim Lo\u1ea1i MTP-1381D-1AV Ch\u00ednh H\u00e3ng"},"content":{"rendered":"<div class=\"e8lZp3\">\n<p class=\"QN2lPu\">C\u00e1c t\u00ednh n\u0103ng:<\/p>\n<p class=\"QN2lPu\">\n<p class=\"QN2lPu\">\u2022 Kh\u1ea3 n\u0103ng ch\u1ed1ng n\u01b0\u1edbc \u1edf \u0111\u1ed9 s\u00e2u 50 m\u00e9t<\/p>\n<p class=\"QN2lPu\">\u2022 Hi\u1ec3n th\u1ecb th\u1ee9 v\u00e0 ng\u00e0y<\/p>\n<p class=\"QN2lPu\">\u2022 D\u00e2y \u0111eo b\u1eb1ng th\u00e9p kh\u00f4ng g\u1ec9<\/p>\n<p class=\"QN2lPu\">\u2022 Thi\u1ebft k\u1ebf \u0111\u01a1n gi\u1ea3n, d\u1ec5 s\u1eed d\u1ee5ng<\/p>\n<p class=\"QN2lPu\">\n<p class=\"QN2lPu\">\u0110\u1eb7c \u0111i\u1ec3m k\u1ef9 thu\u1eadt:<\/p>\n<p class=\"QN2lPu\">\n<p class=\"QN2lPu\">V\u1eadt li\u1ec7u v\u1ecf \/ g\u1edd: M\u1ea1 ion<\/p>\n<p class=\"QN2lPu\">Ch\u1ed1t g\u1eadp ba<\/p>\n<p class=\"QN2lPu\">D\u00e2y \u0111eo b\u1eb1ng th\u00e9p kh\u00f4ng g\u1ec9<\/p>\n<p class=\"QN2lPu\">M\u1eb7t k\u00ednh kho\u00e1ng<\/p>\n<p class=\"QN2lPu\">Kh\u1ea3 n\u0103ng ch\u1ed1ng n\u01b0\u1edbc \u1edf \u0111\u1ed9 s\u00e2u 50 m\u00e9t<\/p>\n<p class=\"QN2lPu\">M\u00e0n h\u00ecnh r\u1ed9ng hi\u1ec3n th\u1ecb th\u1ee9 trong tu\u1ea7n<\/p>\n<p class=\"QN2lPu\">Hi\u1ec3n th\u1ecb ng\u00e0y<\/p>\n<p class=\"QN2lPu\">Gi\u1edd hi\u1ec7n h\u00e0nh th\u00f4ng th\u01b0\u1eddng<\/p>\n<p class=\"QN2lPu\">\u0110\u1ed3ng h\u1ed3 kim: 3 kim (gi\u1edd, ph\u00fat, gi\u00e2y)<\/p>\n<p class=\"QN2lPu\">\u0110\u1ed9 ch\u00ednh x\u00e1c: \u00b120 gi\u00e2y m\u1ed9t th\u00e1ng<\/p>\n<p class=\"QN2lPu\">Tu\u1ed5i th\u1ecd pin x\u1ea5p x\u1ec9: 3 n\u0103m v\u1edbi pin SR920SW<\/p>\n<p class=\"QN2lPu\">K\u00edch th\u01b0\u1edbc v\u1ecf \/ T\u1ed5ng tr\u1ecdng l\u01b0\u1ee3ng<\/p>\n<p class=\"QN2lPu\">K\u00edch th\u01b0\u1edbc v\u1ecf : 46,6\u00d739,9\u00d78,9mm<\/p>\n<p class=\"QN2lPu\">B\u1ec1 r\u1ed9ng d\u00e2y: 20mm<\/p>\n<p class=\"QN2lPu\">T\u1ed5ng tr\u1ecdng l\u01b0\u1ee3ng : 104g<\/p>\n<p class=\"QN2lPu\">\n<p class=\"QN2lPu\">CH\u1ebe \u0110\u1ed8 B\u1ea2O H\u00c0NH:<\/p>\n<p class=\"QN2lPu\">-B\u1ea3o h\u00e0nh 01 n\u0103m v\u1ec1 m\u00e1y v\u00e0 18 th\u00e1ng v\u1ec1 pin ch\u00ednh h\u00e3ng Casio to\u00e0n qu\u1ed1c<\/p>\n<p class=\"QN2lPu\">-B\u1ea3o h\u00e0nh pin tr\u1ecdn \u0111\u1eddi t\u1ea1i shop YouWatch <\/p>\n<p class=\"QN2lPu\">#casio #casiohuyenthoai #casioanhkhue #casioankhanh #ak #donghonam #donghonu #unisex #ae1200whd #casiochinhhang #casiogiare #g-shock #edifice #babyg #mtp #ltp #mq #lq<\/p>\n<\/div>\n","protected":false},"excerpt":{"rendered":"<p>C\u00e1c t\u00ednh n\u0103ng: \u2022 Kh\u1ea3 n\u0103ng ch\u1ed1ng n\u01b0\u1edbc \u1edf \u0111\u1ed9 s\u00e2u 50 m\u00e9t \u2022 Hi\u1ec3n th\u1ecb th\u1ee9 v\u00e0 ng\u00e0y \u2022 D\u00e2y \u0111eo b\u1eb1ng th\u00e9p kh\u00f4ng g\u1ec9 \u2022 Thi\u1ebft k\u1ebf \u0111\u01a1n gi\u1ea3n, d\u1ec5 s\u1eed d\u1ee5ng \u0110\u1eb7c \u0111i\u1ec3m k\u1ef9 thu\u1eadt: V\u1eadt li\u1ec7u v\u1ecf \/ g\u1edd: M\u1ea1 ion Ch\u1ed1t g\u1eadp ba D\u00e2y \u0111eo b\u1eb1ng th\u00e9p kh\u00f4ng g\u1ec9 M\u1eb7t&#8230;<\/p>\n","protected":false},"featured_media":13907,"comment_status":"open","ping_status":"closed","template":"","meta":[],"product_brand":[1214],"product_cat":[1211],"product_tag":[],"class_list":{"0":"post-13730","1":"product","2":"type-product","3":"status-publish","4":"has-post-thumbnail","6":"product_brand-seiko","7":"product_cat-dong-ho-nam","9":"first","10":"instock","11":"sale","12":"shipping-taxable","13":"purchasable","14":"product-type-simple"},"_links":{"self":[{"href":"https:\/\/web-ban-le.mbws.vn\/dong-ho\/wp-json\/wp\/v2\/product\/13730","targetHints":{"allow":["GET"]}}],"collection":[{"href":"https:\/\/web-ban-le.mbws.vn\/dong-ho\/wp-json\/wp\/v2\/product"}],"about":[{"href":"https:\/\/web-ban-le.mbws.vn\/dong-ho\/wp-json\/wp\/v2\/types\/product"}],"replies":[{"embeddable":true,"href":"https:\/\/web-ban-le.mbws.vn\/dong-ho\/wp-json\/wp\/v2\/comments?post=13730"}],"wp:featuredmedia":[{"embeddable":true,"href":"https:\/\/web-ban-le.mbws.vn\/dong-ho\/wp-json\/wp\/v2\/media\/13907"}],"wp:attachment":[{"href":"https:\/\/web-ban-le.mbws.vn\/dong-ho\/wp-json\/wp\/v2\/media?parent=13730"}],"wp:term":[{"taxonomy":"product_brand","embeddable":true,"href":"https:\/\/web-ban-le.mbws.vn\/dong-ho\/wp-json\/wp\/v2\/product_brand?post=13730"},{"taxonomy":"product_cat","embeddable":true,"href":"https:\/\/web-ban-le.mbws.vn\/dong-ho\/wp-json\/wp\/v2\/product_cat?post=13730"},{"taxonomy":"product_tag","embeddable":true,"href":"https:\/\/web-ban-le.mbws.vn\/dong-ho\/wp-json\/wp\/v2\/product_tag?post=13730"}],"curies":[{"name":"wp","href":"https:\/\/api.w.org\/{rel}","templated":true}]}}