{"id":13731,"date":"2025-10-23T11:55:22","date_gmt":"2025-10-23T04:55:22","guid":{"rendered":"https:\/\/web-ban-le.mbws.vn\/dong-ho\/?post_type=product&#038;p=13731"},"modified":"2025-10-30T23:24:34","modified_gmt":"2025-10-30T16:24:34","slug":"dong-ho-nu-day-thep-khong-ghi-chinh-hang-casio-ltp-v009d-4e","status":"publish","type":"product","link":"https:\/\/web-ban-le.mbws.vn\/dong-ho\/san-pham\/dong-ho-nu-day-thep-khong-ghi-chinh-hang-casio-ltp-v009d-4e\/","title":{"rendered":"\u0110\u1ed3ng H\u1ed3 N\u1eef D\u00e2y Th\u00e9p Kh\u00f4ng Gh\u1ec9 Ch\u00ednh H\u00e3ng Casio LTP-V009D-4E"},"content":{"rendered":"<div class=\"e8lZp3\">\n<p class=\"QN2lPu\">Gi\u1edbi thi\u1ec7u:<\/p>\n<p class=\"QN2lPu\">\n<p class=\"QN2lPu\">L\u1ef1a ch\u1ecdn phong c\u00e1ch \u0111\u01a1n gi\u1ea3n m\u00e0 v\u1eabn s\u00e0nh \u0111i\u1ec7u v\u1edbi m\u1ed9t m\u1eabu \u0111\u1ed3ng h\u1ed3 kim c\u1ed5 \u0111i\u1ec3n c\u00f3 thi\u1ebft k\u1ebf kim gi\u1edd, ph\u00fat v\u00e0 gi\u00e2y \u0111\u01a1n gi\u1ea3n. Nh\u1eefng chi\u1ebfc \u0111\u1ed3ng h\u1ed3 n\u00e0y s\u1edf h\u1eefu kh\u1ea3 n\u0103ng ch\u1ed1ng n\u01b0\u1edbc, gi\u00fap b\u1ea1n s\u1eed d\u1ee5ng h\u00e0ng ng\u00e0y m\u00e0 kh\u00f4ng ph\u1ea3i lo l\u1eafng khi \u0111i ngo\u00e0i tr\u1eddi m\u01b0a ho\u1eb7c khi r\u1eeda d\u01b0\u1edbi v\u00f2i n\u01b0\u1edbc. V\u1edbi thi\u1ebft k\u1ebf \u0111\u01a1n gi\u1ea3n m\u00e0 \u0111a n\u0103ng, chi\u1ebfc \u0111\u1ed3ng h\u1ed3 n\u00e0y s\u1ebd \u0111\u01b0a b\u1ea1n \u0111\u1ebfn m\u1ecdi n\u01a1i b\u1ea1n mu\u1ed1n, c\u1ea3 trong l\u1eabn ngo\u00e0i gi\u1edd l\u00e0m vi\u1ec7c.<\/p>\n<p class=\"QN2lPu\">\n<p class=\"QN2lPu\">Th\u00f4ng tin c\u01a1 b\u1ea3n:<\/p>\n<p class=\"QN2lPu\">\n<p class=\"QN2lPu\">K\u00edch th\u01b0\u1edbc v\u1ecf (D\u00e0i \u00d7 R\u1ed9ng \u00d7 Cao)<\/p>\n<p class=\"QN2lPu\">37.7 \u00d7 20.7 \u00d7 7.7 mm<\/p>\n<p class=\"QN2lPu\">Tr\u1ecdng l\u01b0\u1ee3ng<\/p>\n<p class=\"QN2lPu\">45 g<\/p>\n<p class=\"QN2lPu\">D\u00e2y \u0111eo<\/p>\n<p class=\"QN2lPu\">D\u00e2y \u0111eo b\u1eb1ng th\u00e9p kh\u00f4ng g\u1ec9<\/p>\n<p class=\"QN2lPu\">N\u1eafp g\u1eadp ba<\/p>\n<p class=\"QN2lPu\">Ch\u1ed1ng n\u01b0\u1edbc<\/p>\n<p class=\"QN2lPu\">Ch\u1ed1ng n\u01b0\u1edbc<\/p>\n<p class=\"QN2lPu\">B\u1ed9 ngu\u1ed3n v\u00e0 tu\u1ed5i th\u1ecd pin<\/p>\n<p class=\"QN2lPu\">Tu\u1ed5i th\u1ecd pin x\u1ea5p x\u1ec9: 3 n\u0103m \u0111\u1ed1i v\u1edbi pin SR626SW<\/p>\n<p class=\"QN2lPu\">\n<p class=\"QN2lPu\">V\u1ecf ngo\u00e0i:<\/p>\n<p class=\"QN2lPu\">\n<p class=\"QN2lPu\">M\u1eb7t k\u00ednh<\/p>\n<p class=\"QN2lPu\">M\u1eb7t k\u00ednh kho\u00e1ng<\/p>\n<p class=\"QN2lPu\">\n<p class=\"QN2lPu\">C\u00e1c t\u00ednh n\u0103ng c\u1ee7a \u0111\u1ed3ng h\u1ed3:<\/p>\n<p class=\"QN2lPu\">\n<p class=\"QN2lPu\">\u0110\u1ed9 ch\u00ednh x\u00e1c<\/p>\n<p class=\"QN2lPu\">\u0110\u1ed9 ch\u00ednh x\u00e1c: \u00b120 gi\u00e2y m\u1ed9t th\u00e1ng<\/p>\n<p class=\"QN2lPu\">T\u00ednh n\u0103ng kh\u00e1c<\/p>\n<p class=\"QN2lPu\">Gi\u1edd hi\u1ec7n h\u00e0nh th\u00f4ng th\u01b0\u1eddng: \u0110\u1ed3ng h\u1ed3 kim: 3 kim (gi\u1edd, ph\u00fat, gi\u00e2y)<\/p>\n<p class=\"QN2lPu\">\n<p class=\"QN2lPu\">*CH\u00cdNH S\u00c1CH B\u1ea2O H\u00c0NH:<\/p>\n<p class=\"QN2lPu\">&#8211; B\u1ea3o h\u00e0nh 01 n\u0103m t\u1ea5t c\u1ea3 c\u00e1c l\u1ed7i v\u1ec1 m\u00e1y ch\u00ednh h\u00e3ng Casio to\u00e0n qu\u1ed1c<\/p>\n<p class=\"QN2lPu\">&#8211; B\u1ea3o h\u00e0nh pin tr\u1ecdn \u0111\u1eddi t\u1ea1i shop YouWatch <\/p>\n<p class=\"QN2lPu\">\n<p class=\"QN2lPu\">#casio #casiohuyenthoai #casioanhkhue #casioankhanh #ak #donghonam #donghonu #unisex #ae1200whd #casiochinhhang #casiogiare #g-shock #edifice #babyg #mtp #ltp #mq #lq<\/p>\n<\/div>\n","protected":false},"excerpt":{"rendered":"<p>Gi\u1edbi thi\u1ec7u: L\u1ef1a ch\u1ecdn phong c\u00e1ch \u0111\u01a1n gi\u1ea3n m\u00e0 v\u1eabn s\u00e0nh \u0111i\u1ec7u v\u1edbi m\u1ed9t m\u1eabu \u0111\u1ed3ng h\u1ed3 kim c\u1ed5 \u0111i\u1ec3n c\u00f3 thi\u1ebft k\u1ebf kim gi\u1edd, ph\u00fat v\u00e0 gi\u00e2y \u0111\u01a1n gi\u1ea3n. Nh\u1eefng chi\u1ebfc \u0111\u1ed3ng h\u1ed3 n\u00e0y s\u1edf h\u1eefu kh\u1ea3 n\u0103ng ch\u1ed1ng n\u01b0\u1edbc, gi\u00fap b\u1ea1n s\u1eed d\u1ee5ng h\u00e0ng ng\u00e0y m\u00e0 kh\u00f4ng ph\u1ea3i lo l\u1eafng khi \u0111i ngo\u00e0i&#8230;<\/p>\n","protected":false},"featured_media":13914,"comment_status":"open","ping_status":"closed","template":"","meta":[],"product_brand":[1214],"product_cat":[1212,15],"product_tag":[],"class_list":{"0":"post-13731","1":"product","2":"type-product","3":"status-publish","4":"has-post-thumbnail","6":"product_brand-seiko","7":"product_cat-dong-ho-nu","8":"product_cat-san-pham-noi-bat","10":"first","11":"instock","12":"sale","13":"shipping-taxable","14":"purchasable","15":"product-type-simple"},"_links":{"self":[{"href":"https:\/\/web-ban-le.mbws.vn\/dong-ho\/wp-json\/wp\/v2\/product\/13731","targetHints":{"allow":["GET"]}}],"collection":[{"href":"https:\/\/web-ban-le.mbws.vn\/dong-ho\/wp-json\/wp\/v2\/product"}],"about":[{"href":"https:\/\/web-ban-le.mbws.vn\/dong-ho\/wp-json\/wp\/v2\/types\/product"}],"replies":[{"embeddable":true,"href":"https:\/\/web-ban-le.mbws.vn\/dong-ho\/wp-json\/wp\/v2\/comments?post=13731"}],"wp:featuredmedia":[{"embeddable":true,"href":"https:\/\/web-ban-le.mbws.vn\/dong-ho\/wp-json\/wp\/v2\/media\/13914"}],"wp:attachment":[{"href":"https:\/\/web-ban-le.mbws.vn\/dong-ho\/wp-json\/wp\/v2\/media?parent=13731"}],"wp:term":[{"taxonomy":"product_brand","embeddable":true,"href":"https:\/\/web-ban-le.mbws.vn\/dong-ho\/wp-json\/wp\/v2\/product_brand?post=13731"},{"taxonomy":"product_cat","embeddable":true,"href":"https:\/\/web-ban-le.mbws.vn\/dong-ho\/wp-json\/wp\/v2\/product_cat?post=13731"},{"taxonomy":"product_tag","embeddable":true,"href":"https:\/\/web-ban-le.mbws.vn\/dong-ho\/wp-json\/wp\/v2\/product_tag?post=13731"}],"curies":[{"name":"wp","href":"https:\/\/api.w.org\/{rel}","templated":true}]}}