{"id":13732,"date":"2025-10-23T11:55:22","date_gmt":"2025-10-23T04:55:22","guid":{"rendered":"https:\/\/web-ban-le.mbws.vn\/dong-ho\/?post_type=product&#038;p=13732"},"modified":"2025-10-30T23:24:34","modified_gmt":"2025-10-30T16:24:34","slug":"dong-ho-nam-day-da-casio-mtp-vt01l-1b-chinh-hang","status":"publish","type":"product","link":"https:\/\/web-ban-le.mbws.vn\/dong-ho\/san-pham\/dong-ho-nam-day-da-casio-mtp-vt01l-1b-chinh-hang\/","title":{"rendered":"\u0110\u1ed3ng h\u1ed3 nam d\u00e2y da Casio MTP-VT01L-1B ch\u00ednh h\u00e3ng"},"content":{"rendered":"<div class=\"e8lZp3\">\n<p class=\"QN2lPu\">C\u00e1c t\u00ednh n\u0103ng c\u01a1 b\u1ea3n:<\/p>\n<p class=\"QN2lPu\">\n<p class=\"QN2lPu\">Ch\u1ed1ng n\u01b0\u1edbc 3ATM (30m)<\/p>\n<p class=\"QN2lPu\">D\u00e2y \u0111eo b\u1eb1ng da th\u1eadt<\/p>\n<p class=\"QN2lPu\">M\u1eb7t k\u00ednh kho\u00e1ng<\/p>\n<p class=\"QN2lPu\">\n<p class=\"QN2lPu\">\u0110\u1eb7c \u0111i\u1ec3m k\u1ef9 thu\u1eadt:<\/p>\n<p class=\"QN2lPu\">\n<p class=\"QN2lPu\">Ch\u1ed1ng n\u01b0\u1edbc<\/p>\n<p class=\"QN2lPu\">Gi\u1edd hi\u1ec7n h\u00e0nh th\u00f4ng th\u01b0\u1eddng<\/p>\n<p class=\"QN2lPu\">\u0110\u1ed3ng h\u1ed3 kim: 3 kim (gi\u1edd, ph\u00fat, gi\u00e2y)<\/p>\n<p class=\"QN2lPu\">\u0110\u1ed9 ch\u00ednh x\u00e1c: \u00b120 gi\u00e2y m\u1ed9t th\u00e1ng<\/p>\n<p class=\"QN2lPu\">Tu\u1ed5i th\u1ecd pin x\u1ea5p x\u1ec9: 3 n\u0103m v\u1edbi pin SR626SW<\/p>\n<p class=\"QN2lPu\">K\u00edch th\u01b0\u1edbc v\u1ecf \/ T\u1ed5ng tr\u1ecdng l\u01b0\u1ee3ng<\/p>\n<p class=\"QN2lPu\">K\u00edch th\u01b0\u1edbc v\u1ecf : 46\u00d740\u00d78,2mm<\/p>\n<p class=\"QN2lPu\">B\u1ec1 r\u1ed9ng d\u00e2y :20mm<\/p>\n<p class=\"QN2lPu\">T\u1ed5ng tr\u1ecdng l\u01b0\u1ee3ng : 41g<\/p>\n<p class=\"QN2lPu\">\n<p class=\"QN2lPu\">Ch\u00ednh s\u00e1ch b\u1ea3o h\u00e0nh:<\/p>\n<p class=\"QN2lPu\">\u0110\u1ed3ng h\u1ed3 CASIO ch\u00ednh h\u00e3ng \u0111\u01b0\u1ee3c b\u1ea3o h\u00e0nh 1 n\u0103m cho m\u00e1y v\u00e0 18 th\u00e1ng cho pin. M\u1ecdi h\u01b0 h\u1ecfng do h\u1ecfa ho\u1ea1n, thi\u00ean tai hay s\u1eed d\u1ee5ng b\u1ea5t c\u1ea9n ho\u1eb7c s\u1eed d\u1ee5ng sai h\u01b0\u1edbng d\u1eabn, b\u1ea5m c\u00e1c n\u00fat \u0111i\u1ec1u ch\u1ec9nh khi \u0111ang \u1edf d\u01b0\u1edbi n\u01b0\u1edbc v\u00e0 nh\u1eefng t\u1ed5n h\u1ea1i tr\u1ea7y x\u01b0\u1edbc c\u1ee7a d\u00e2y, v\u1ecf, m\u1eb7t k\u00ednh \u0111\u1ec1u kh\u00f4ng \u0111\u01b0\u1ee3c b\u1ea3o h\u00e0nh. M\u1ecdi h\u01b0 h\u1ecfng do s\u1eeda ch\u1eefa kh\u00f4ng \u0111\u00fang c\u00e1ch t\u1eeb nh\u1eefng d\u1ecbch v\u1ee5 kh\u00e1c kh\u00f4ng ph\u1ea3i do TTBH ch\u00ednh h\u00e3ng c\u0169ng kh\u00f4ng \u0111\u01b0\u1ee3c b\u1ea3o h\u00e0nh.<\/p>\n<p class=\"QN2lPu\">\n<p class=\"QN2lPu\">Ngo\u00e0i ra b\u1ea1n c\u00f3 th\u1ec3 mang \u0111\u1ed3ng h\u1ed3 ra c\u00e1c \u0111\u1ea1i l\u00fd \u0111\u1ed3ng h\u1ed3 Casio \u0111\u1ec3 nh\u1eadn \u0111\u01b0\u1ee3c s\u1ef1 t\u01b0 v\u1ea5n v\u00e0 b\u1ea3o h\u00e0nh t\u1ea1i trung t\u00e2m b\u1ea3o h\u00e0nh c\u1ee7a Casio.<\/p>\n<p class=\"QN2lPu\">#casio #casiohuyenthoai #casioanhkhue #casioankhanh #ak #donghonam #donghonu #unisex #ae1200whd #casiochinhhang #casiogiare #g-shock #edifice #babyg #mtp #ltp #mq #lq<\/p>\n<\/div>\n","protected":false},"excerpt":{"rendered":"<p>C\u00e1c t\u00ednh n\u0103ng c\u01a1 b\u1ea3n: Ch\u1ed1ng n\u01b0\u1edbc 3ATM (30m) D\u00e2y \u0111eo b\u1eb1ng da th\u1eadt M\u1eb7t k\u00ednh kho\u00e1ng \u0110\u1eb7c \u0111i\u1ec3m k\u1ef9 thu\u1eadt: Ch\u1ed1ng n\u01b0\u1edbc Gi\u1edd hi\u1ec7n h\u00e0nh th\u00f4ng th\u01b0\u1eddng \u0110\u1ed3ng h\u1ed3 kim: 3 kim (gi\u1edd, ph\u00fat, gi\u00e2y) \u0110\u1ed9 ch\u00ednh x\u00e1c: \u00b120 gi\u00e2y m\u1ed9t th\u00e1ng Tu\u1ed5i th\u1ecd pin x\u1ea5p x\u1ec9: 3 n\u0103m v\u1edbi pin SR626SW K\u00edch th\u01b0\u1edbc&#8230;<\/p>\n","protected":false},"featured_media":13923,"comment_status":"open","ping_status":"closed","template":"","meta":[],"product_brand":[1214],"product_cat":[1211,15],"product_tag":[],"class_list":{"0":"post-13732","1":"product","2":"type-product","3":"status-publish","4":"has-post-thumbnail","6":"product_brand-seiko","7":"product_cat-dong-ho-nam","8":"product_cat-san-pham-noi-bat","10":"first","11":"instock","12":"sale","13":"shipping-taxable","14":"purchasable","15":"product-type-simple"},"_links":{"self":[{"href":"https:\/\/web-ban-le.mbws.vn\/dong-ho\/wp-json\/wp\/v2\/product\/13732","targetHints":{"allow":["GET"]}}],"collection":[{"href":"https:\/\/web-ban-le.mbws.vn\/dong-ho\/wp-json\/wp\/v2\/product"}],"about":[{"href":"https:\/\/web-ban-le.mbws.vn\/dong-ho\/wp-json\/wp\/v2\/types\/product"}],"replies":[{"embeddable":true,"href":"https:\/\/web-ban-le.mbws.vn\/dong-ho\/wp-json\/wp\/v2\/comments?post=13732"}],"wp:featuredmedia":[{"embeddable":true,"href":"https:\/\/web-ban-le.mbws.vn\/dong-ho\/wp-json\/wp\/v2\/media\/13923"}],"wp:attachment":[{"href":"https:\/\/web-ban-le.mbws.vn\/dong-ho\/wp-json\/wp\/v2\/media?parent=13732"}],"wp:term":[{"taxonomy":"product_brand","embeddable":true,"href":"https:\/\/web-ban-le.mbws.vn\/dong-ho\/wp-json\/wp\/v2\/product_brand?post=13732"},{"taxonomy":"product_cat","embeddable":true,"href":"https:\/\/web-ban-le.mbws.vn\/dong-ho\/wp-json\/wp\/v2\/product_cat?post=13732"},{"taxonomy":"product_tag","embeddable":true,"href":"https:\/\/web-ban-le.mbws.vn\/dong-ho\/wp-json\/wp\/v2\/product_tag?post=13732"}],"curies":[{"name":"wp","href":"https:\/\/api.w.org\/{rel}","templated":true}]}}