{"id":13734,"date":"2025-10-23T11:55:23","date_gmt":"2025-10-23T04:55:23","guid":{"rendered":"https:\/\/web-ban-le.mbws.vn\/dong-ho\/?post_type=product&#038;p=13734"},"modified":"2025-10-30T23:24:34","modified_gmt":"2025-10-30T16:24:34","slug":"dong-ho-nam-casio-day-da-mtp-1375l-1avdf-chinh-hang","status":"publish","type":"product","link":"https:\/\/web-ban-le.mbws.vn\/dong-ho\/san-pham\/dong-ho-nam-casio-day-da-mtp-1375l-1avdf-chinh-hang\/","title":{"rendered":"\u0110\u1ed3ng H\u1ed3 Nam Casio D\u00e2y Da MTP-1375L-1AVDF Ch\u00ednh H\u00e3ng"},"content":{"rendered":"<div class=\"e8lZp3\">\n<p class=\"QN2lPu\">Ca\u0301c t\u00ednh n\u0103ng:<\/p>\n<p class=\"QN2lPu\">\n<p class=\"QN2lPu\">\u2022 Ch\u1ed1ng n\u01b0\u1edbc 50 m\u00e9t<\/p>\n<p class=\"QN2lPu\">\u2022 Ch\u1ec9 b\u00e1o ng\u00e0y v\u00e0 ng\u00e0y<\/p>\n<p class=\"QN2lPu\">\u2022 D\u00e2y da th\u1eadt<\/p>\n<p class=\"QN2lPu\">\n<p class=\"QN2lPu\">\u0110\u1eb7c \u0111i\u1ec3m k\u1ef9 thu\u1eadt:<\/p>\n<p class=\"QN2lPu\">\n<p class=\"QN2lPu\">V\u1ecf \/ khung: M\u1ea1 ion<\/p>\n<p class=\"QN2lPu\">D\u00e2y da th\u1eadt<\/p>\n<p class=\"QN2lPu\">M\u1eb7t k\u00ednh kho\u00e1ng<\/p>\n<p class=\"QN2lPu\">Ch\u1ed1ng n\u01b0\u1edbc 50 m\u00e9t<\/p>\n<p class=\"QN2lPu\">Gi\u1edd hi\u1ec7n h\u00e0nh th\u00f4ng th\u01b0\u1eddng Analog: 3 kim (gi\u1edd, ph\u00fat, gi\u00e2y),<\/p>\n<p class=\"QN2lPu\">Th\u00eam 03 kim s\u1ed1 (ng\u00e0y, th\u1ee9, \u0111\u1ed3ng h\u1ed3 24 gi\u1edd)<\/p>\n<p class=\"QN2lPu\">\u0110\u1ed9 ch\u00ednh x\u00e1c: \u00b1 20 gi\u00e2y m\u1ed7i th\u00e1ng<\/p>\n<p class=\"QN2lPu\">X\u1ea5p x\u1ec9 Tu\u1ed5i th\u1ecd pin: 3 n\u0103m tr\u00ean SR927SW<\/p>\n<p class=\"QN2lPu\">K\u00edch th\u01b0\u1edbc v\u1ecf \/ T\u1ed5ng tr\u1ecdng l\u01b0\u1ee3ng<\/p>\n<p class=\"QN2lPu\">K\u00edch th\u01b0\u1edbc v\u1ecf: 48,5 \u00d7 42 \u00d7 9,7mm<\/p>\n<p class=\"QN2lPu\">T\u1ed5ng tr\u1ecdng l\u01b0\u1ee3ng: 67g<\/p>\n<p class=\"QN2lPu\">\n<p class=\"QN2lPu\">CH\u1ebe \u0110\u1ed8 B\u1ea2O H\u00c0NH:<\/p>\n<p class=\"QN2lPu\">-B\u1ea3o h\u00e0nh 01 n\u0103m v\u1ec1 m\u00e1y ch\u00ednh h\u00e3ng Casio to\u00e0n qu\u1ed1c<\/p>\n<p class=\"QN2lPu\">-B\u1ea3o h\u00e0nh pin tr\u1ecdn \u0111\u1eddi t\u1ea1i shop YouWatch <\/p>\n<p class=\"QN2lPu\">#casio #casiohuyenthoai #casioanhkhue #casioankhanh #ak #donghonam #donghonu #unisex #ae1200whd #casiochinhhang #casiogiare #g-shock #edifice #babyg #mtp #ltp #mq #lq<\/p>\n<\/div>\n","protected":false},"excerpt":{"rendered":"<p>Ca\u0301c t\u00ednh n\u0103ng: \u2022 Ch\u1ed1ng n\u01b0\u1edbc 50 m\u00e9t \u2022 Ch\u1ec9 b\u00e1o ng\u00e0y v\u00e0 ng\u00e0y \u2022 D\u00e2y da th\u1eadt \u0110\u1eb7c \u0111i\u1ec3m k\u1ef9 thu\u1eadt: V\u1ecf \/ khung: M\u1ea1 ion D\u00e2y da th\u1eadt M\u1eb7t k\u00ednh kho\u00e1ng Ch\u1ed1ng n\u01b0\u1edbc 50 m\u00e9t Gi\u1edd hi\u1ec7n h\u00e0nh th\u00f4ng th\u01b0\u1eddng Analog: 3 kim (gi\u1edd, ph\u00fat, gi\u00e2y), Th\u00eam 03 kim s\u1ed1 (ng\u00e0y, th\u1ee9, \u0111\u1ed3ng&#8230;<\/p>\n","protected":false},"featured_media":13944,"comment_status":"open","ping_status":"closed","template":"","meta":[],"product_brand":[1214],"product_cat":[1211,15],"product_tag":[],"class_list":{"0":"post-13734","1":"product","2":"type-product","3":"status-publish","4":"has-post-thumbnail","6":"product_brand-seiko","7":"product_cat-dong-ho-nam","8":"product_cat-san-pham-noi-bat","10":"first","11":"instock","12":"sale","13":"shipping-taxable","14":"purchasable","15":"product-type-simple"},"_links":{"self":[{"href":"https:\/\/web-ban-le.mbws.vn\/dong-ho\/wp-json\/wp\/v2\/product\/13734","targetHints":{"allow":["GET"]}}],"collection":[{"href":"https:\/\/web-ban-le.mbws.vn\/dong-ho\/wp-json\/wp\/v2\/product"}],"about":[{"href":"https:\/\/web-ban-le.mbws.vn\/dong-ho\/wp-json\/wp\/v2\/types\/product"}],"replies":[{"embeddable":true,"href":"https:\/\/web-ban-le.mbws.vn\/dong-ho\/wp-json\/wp\/v2\/comments?post=13734"}],"wp:featuredmedia":[{"embeddable":true,"href":"https:\/\/web-ban-le.mbws.vn\/dong-ho\/wp-json\/wp\/v2\/media\/13944"}],"wp:attachment":[{"href":"https:\/\/web-ban-le.mbws.vn\/dong-ho\/wp-json\/wp\/v2\/media?parent=13734"}],"wp:term":[{"taxonomy":"product_brand","embeddable":true,"href":"https:\/\/web-ban-le.mbws.vn\/dong-ho\/wp-json\/wp\/v2\/product_brand?post=13734"},{"taxonomy":"product_cat","embeddable":true,"href":"https:\/\/web-ban-le.mbws.vn\/dong-ho\/wp-json\/wp\/v2\/product_cat?post=13734"},{"taxonomy":"product_tag","embeddable":true,"href":"https:\/\/web-ban-le.mbws.vn\/dong-ho\/wp-json\/wp\/v2\/product_tag?post=13734"}],"curies":[{"name":"wp","href":"https:\/\/api.w.org\/{rel}","templated":true}]}}