{"id":13774,"date":"2025-10-23T11:55:45","date_gmt":"2025-10-23T04:55:45","guid":{"rendered":"https:\/\/web-ban-le.mbws.vn\/dong-ho\/?post_type=product&#038;p=13774"},"modified":"2025-10-30T23:18:37","modified_gmt":"2025-10-30T16:18:37","slug":"dong-ho-nam-nhan-dong-ho-chinh-hang-casio-crw-001-1dr","status":"publish","type":"product","link":"https:\/\/web-ban-le.mbws.vn\/dong-ho\/san-pham\/dong-ho-nam-nhan-dong-ho-chinh-hang-casio-crw-001-1dr\/","title":{"rendered":"\u0110\u1ed3ng H\u1ed3 Nam Nh\u1eabn \u0110\u1ed3ng H\u1ed3 Ch\u00ednh H\u00e3ng Casio CRW-001-1DR"},"content":{"rendered":"<div class=\"e8lZp3\">\n<p class=\"QN2lPu\">Nh\u00e2n k\u1ef7 ni\u1ec7m 50 n\u0103m, CASIO t\u1ef1 h\u00e0o gi\u1edbi thi\u1ec7u chi\u1ebfc \u0111\u1ed3ng h\u1ed3 k\u1ef9 thu\u1eadt s\u1ed1 ki\u1ec3u d\u00e1ng chi\u1ebfc nh\u1eabn \u0111\u1ea7u ti\u00ean , k\u1ebft h\u1ee3p t\u00ednh n\u0103ng h\u1eefu d\u1ee5ng v\u1edbi s\u1ef1 th\u00fa v\u1ecb mang t\u00ednh gi\u1ea3i tr\u00ed, c\u00f9ng c\u00f4ng ngh\u1ec7 t\u1ea1o h\u00ecnh kim lo\u1ea1i tinh x\u1ea3o v\u00e0 vi\u1ec7c thu nh\u1ecf tinh t\u1ebf m\u00f4 \u0111un \u0111\u1ed3ng h\u1ed3<\/p>\n<p class=\"QN2lPu\">M\u00f4-\u0111un CRW-001 c\u00f3 k\u00edch th\u01b0\u1edbc b\u1eb1ng 1\/10 Mo-\u0111un chi\u1ebfc \u0111\u1ed3ng h\u1ed3 ti\u00eau chu\u1ea9n, v\u1edbi c\u00e1ch l\u1eafp \u0111\u1eb7t \u0111\u01b0\u1ee3c t\u1ed1i \u01b0u h\u00f3a, m\u1eadt \u0111\u1ed9 cao \u0111\u1ec3 t\u1ea1o ra m\u1ed9t chi\u1ebfc \u0111\u1ed3ng h\u1ed3 k\u1ef9 thu\u1eadt s\u1ed1 \u0111\u1ee7 nh\u1ecf \u0111\u1ec3 v\u1eeba v\u1edbi ng\u00f3n tay.<\/p>\n<p class=\"QN2lPu\">Vi\u1ec7c s\u1ea3n xu\u1ea5t phi\u00ean b\u1ea3n \u0111\u1ed3ng h\u1ed3 Casio Nh\u1eabn ho\u00e0n to\u00e0n b\u1eb1ng kim lo\u1ea1i \u0111\u00f2i h\u1ecfi ph\u1ea3i s\u1eed d\u1ee5ng ph\u01b0\u01a1ng ph\u00e1p \u00e9p phun kim lo\u1ea1i (MIM), trong \u0111\u00f3 b\u1ed9t kim lo\u1ea1i m\u1ecbn \u0111\u01b0\u1ee3c b\u01a1m v\u00e0o khu\u00f4n. V\u1ecf, m\u1eb7t sau v\u00e0 v\u00f2ng tr\u00f2n \u0111\u01b0\u1ee3c \u0111\u00fac th\u00e0nh m\u1ed9t kh\u1ed1i duy nh\u1ea5t, t\u00e1i t\u1ea1o trung th\u1ef1c h\u00ecnh d\u00e1ng ph\u1ee9c t\u1ea1p c\u1ee7a \u0111\u1ed3ng h\u1ed3 Casio, cho \u0111\u1ebfn thi\u1ebft k\u1ebf l\u00f5m tr\u00ean d\u00e2y \u0111eo. Vi\u1ec7c s\u1eed d\u1ee5ng k\u1ef9 thu\u1eadt d\u00e1n k\u00ednh \u0111\u1ea3m b\u1ea3o b\u1ecbt k\u00edn \u0111\u1ec3 \u0111\u1ed3ng h\u1ed3 c\u00f3 kh\u1ea3 n\u0103ng ch\u1ed1ng n\u01b0\u1edbc trong khi v\u1eabn gi\u1eef \u0111\u01b0\u01a1c thi\u1ebft k\u1ebf ba n\u00fat ch\u1ec9nh, vi\u1ec7c thi\u1ebft k\u1ebf m\u1ecdi chi ti\u1ebft cho k\u00edch th\u01b0\u1edbc nh\u1ecf r\u1ea5t tinh x\u1ea3o \u0111\u1ec3 c\u00f3 th\u1ec3 b\u1ea5m chuy\u1ec3n \u0111\u1ed5i c\u00e1c ch\u1ee9c n\u0103ng \u0111\u1ed3ng h\u1ed3.<\/p>\n<p class=\"QN2lPu\">\u0110\u1ed3ng h\u1ed3 Nh\u1eabn c\u00f3 \u0111\u01b0\u1eddng k\u00ednh trong 20 mm v\u00e0 chu vi 62,8 mm, t\u01b0\u01a1ng \u0111\u01b0\u01a1ng v\u1edbi c\u1ee1 nh\u1eabn s\u1ed1 22 (US 10,5, EU U). Hai mi\u1ebfng \u0111\u1ec7m \u0111\u1ec3 \u0111i\u1ec1u ch\u1ec9nh k\u00edch th\u01b0\u1edbc v\u1ec1 size s\u1ed1 19 (\u0111\u01b0\u1eddng k\u00ednh trong 19 mm) v\u00e0 s\u1ed1 16 (\u0111\u01b0\u1eddng k\u00ednh trong 18 mm)<\/p>\n<p class=\"QN2lPu\">\u0110\u01b0\u1ee3c trang b\u1ecb m\u00e0n h\u00ecnh LCD k\u1ef9 thu\u1eadt s\u1ed1 7 h\u1ed5 tr\u1ee3 v\u1ec1 gi\u1edd, ph\u00fat, gi\u00e2y, th\u00e1ng, ng\u00e0y, th\u1ee9, ch\u1ee9c n\u0103ng hi\u1ec3n th\u1ecb th\u1eddi gian k\u00e9p v\u00e0 \u0111\u1ed3ng h\u1ed3 b\u1ea5m gi\u1edd.<\/p>\n<p class=\"QN2lPu\">\u0110\u1eb7t tr\u01b0\u1edbc th\u1eddi gian b\u1ea1n ch\u1ecdn v\u00e0 chi\u1ebfc \u0111\u1ed3ng h\u1ed3 \u0111eo tay s\u1ebd t\u1ef1 nh\u1ea5p nh\u00e1y \u2014 kh\u00f4ng ch\u1ec9 ti\u1ec7n d\u00f9ng \u0111\u1ec3 xem gi\u1edd m\u00e0 c\u00f2n c\u00f3 \u00fd ngh\u0129a \u0111\u1eb7c bi\u1ec7t ghi d\u1ea5u th\u1eddi gian<\/p>\n<p class=\"QN2lPu\">Casio s\u00e1ng t\u1ea1o v\u00e0 \u0111\u1ed5i m\u1edbi ti\u1ebfp t\u1ee5c b\u1ed5 sung v\u00e0o danh s\u00e1ch \u201cnh\u1eefng s\u1ea3n ph\u1ea9m \u0111\u1ea7u ti\u00ean tr\u00ean th\u1ebf gi\u1edbi\u201d. T\u1ea5t c\u1ea3 b\u1eaft \u0111\u1ea7u v\u1edbi nh\u1eabn t\u1ea9u yubiwa, \u0111\u01b0\u1ee3c ph\u00e1t tri\u1ec3n v\u00e0o n\u0103m 1946 t\u1ea1i Kashio Seisakujo, ti\u1ec1n th\u00e2n c\u1ee7a Casio Computer Co., Ltd. Chi\u1ebfc nh\u1eabn mang t\u00ednh c\u00e1ch m\u1ea1ng \u0111\u00e3 g\u00e2y \u0111\u01b0\u1ee3c ti\u1ebfng vang l\u1edbn v\u00e0o th\u1eddi \u0111i\u1ec3m \u0111\u00f3, ngay sau Th\u1ebf chi\u1ebfn th\u1ee9 hai, khi h\u00e0ng h\u00f3a r\u1ea5t ph\u1ed5 bi\u1ebfn. hi\u1ebfm khi c\u00f4ng nh\u00e2n h\u00fat \u0111i\u1ec1u thu\u1ed1c l\u00e1 \u0111\u1ebfn t\u1eadn c\u00f9ng. L\u1ee3i nhu\u1eadn t\u1eeb c\u00fa h\u00edch l\u1edbn n\u00e0y \u0111\u00e3 \u0111\u00f3ng g\u00f3p v\u00e0o s\u1ed1 v\u1ed1n c\u1ea7n thi\u1ebft \u0111\u1ec3 ph\u00e1t tri\u1ec3n m\u1ed9t chi\u1ebfc m\u00e1y t\u00ednh mang t\u00ednh c\u00e1ch m\u1ea1ng.<\/p>\n<p class=\"QN2lPu\">\u0110\u1ed2NG H\u1ed2 CASIO RING m\u1edbi ph\u1ea3n \u00e1nh tinh th\u1ea7n t\u01b0\u01a1ng t\u1ef1 c\u1ee7a \u0111\u1ed5i m\u1edbi v\u00e0 s\u00e1ng t\u1ea1o, t\u1ea1o ra m\u1ed9t chi\u1ebfc \u0111\u1ed3ng h\u1ed3 th\u1ec3 hi\u1ec7n ngu\u1ed3n g\u1ed1c c\u1ee7a CASIO c\u0169ng nh\u01b0 cam k\u1ebft li\u00ean t\u1ee5c c\u1ee7a th\u01b0\u01a1ng hi\u1ec7u v\u1ec1 t\u00ednh \u0111\u1ed9t ph\u00e1<\/p>\n<p class=\"QN2lPu\">\n<p class=\"QN2lPu\">Th\u00f4ng tin c\u01a1 b\u1ea3n&nbsp;CRW-001-1DR:<\/p>\n<p class=\"QN2lPu\">\n<p class=\"QN2lPu\">K\u00edch th\u01b0\u1edbc v\u1ecf (D\u00e0i \u00d7 R\u1ed9ng \u00d7 Cao)<\/p>\n<p class=\"QN2lPu\">25.2 \u00d7 19.5 \u00d7 6.2 mm<\/p>\n<p class=\"QN2lPu\">Tr\u1ecdng l\u01b0\u1ee3ng<\/p>\n<p class=\"QN2lPu\">16 g<\/p>\n<p class=\"QN2lPu\">V\u1eadt li\u1ec7u v\u1ecf v\u00e0 g\u1edd<\/p>\n<p class=\"QN2lPu\">Th\u00e9p kh\u00f4ng g\u1ec9<\/p>\n<p class=\"QN2lPu\">Kh\u1ea3 n\u0103ng ch\u1ed1ng n\u01b0\u1edbc<\/p>\n<p class=\"QN2lPu\">Ch\u1ed1ng n\u01b0\u1edbc 3ATM<\/p>\n<p class=\"QN2lPu\">Ngu\u1ed3n \u0111i\u1ec7n v\u00e0 tu\u1ed5i th\u1ecd pin<\/p>\n<p class=\"QN2lPu\">Tu\u1ed5i th\u1ecd pin x\u1ea5p x\u1ec9: 2 n\u0103m \u0111\u1ed1i v\u1edbi SR621SW<\/p>\n<p class=\"QN2lPu\">M\u1eb7t k\u00ednh:&nbsp;K\u00ednh kho\u00e1ng<\/p>\n<p class=\"QN2lPu\">K\u00edch th\u01b0\u1edbc:&nbsp;Chi\u1ebfc nh\u1eabn c\u00f3 \u0111\u01b0\u1eddng k\u00ednh b\u00ean trong l\u00e0 20 mm v\u00e0 chu vi l\u00e0 62,8 mm, v\u1eeba v\u1edbi ng\u00f3n tay c\u1ee1 22 (US 10,5, EU U). C\u00f3 k\u00e8m theo hai mi\u1ebfng \u0111\u1ec7m \u0111i\u1ec1u ch\u1ec9nh k\u00edch th\u01b0\u1edbc c\u1ee1 19 (\u0111\u01b0\u1eddng k\u00ednh b\u00ean trong 19 mm) v\u00e0 16 (\u0111\u01b0\u1eddng k\u00ednh b\u00ean trong 18 mm).<\/p>\n<p class=\"QN2lPu\">\n<p class=\"QN2lPu\">C\u00e1c t\u00ednh n\u0103ng c\u1ee7a \u0111\u1ed3ng h\u1ed3&nbsp;CRW-001-1DR:<\/p>\n<p class=\"QN2lPu\">\n<p class=\"QN2lPu\">Gi\u1edd th\u1ebf gi\u1edbi<\/p>\n<p class=\"QN2lPu\">Th\u1eddi gian k\u00e9p<\/p>\n<p class=\"QN2lPu\">\u0110\u1ed3ng h\u1ed3 b\u1ea5m gi\u1edd<\/p>\n<p class=\"QN2lPu\">\u0110\u1ed3ng h\u1ed3 b\u1ea5m gi\u1edd 1\/100 gi\u00e2y Kh\u1ea3 n\u0103ng \u0111o: 00&#8217;00&#8221;00~59&#8217;59&#8221;99<\/p>\n<p class=\"QN2lPu\">B\u00e1o th\u1ee9c\/t\u00edn hi\u1ec7u th\u1eddi gian h\u00e0ng gi\u1edd<\/p>\n<p class=\"QN2lPu\">\u0110\u00e8n nh\u00e1y th\u1eddi gian (h\u00e0ng ng\u00e0y v\u00e0 m\u1ed7i gi\u1edd m\u1ed9t l\u1ea7n) * \u0110\u00e8n nh\u00e1y th\u1eddi gian c\u00f3 th\u1ec3 kh\u00f4ng hi\u1ec3n th\u1ecb khi \u00e1nh s\u00e1ng xung quanh qu\u00e1 m\u1ea1nh. * \u0110\u00e8n nh\u00e1y th\u1eddi gian d\u00f9ng cho m\u1ee5c \u0111\u00edch gi\u1ea3i tr\u00ed.<\/p>\n<p class=\"QN2lPu\">\u00c1nh s\u00e1ng<\/p>\n<p class=\"QN2lPu\">\u0110\u00e8n n\u1ec1n LED<\/p>\n<p class=\"QN2lPu\">C\u00f3 th\u1ec3 kh\u00f4ng nh\u00ecn th\u1ea5y \u0111\u01b0\u1ee3c d\u01b0\u1edbi \u00e1nh s\u00e1ng m\u1ea1nh.<\/p>\n<p class=\"QN2lPu\">M\u00e0u s\u00e1ng<\/p>\n<p class=\"QN2lPu\">\u0110\u00e8n LED: Tr\u1eafng<\/p>\n<p class=\"QN2lPu\">L\u1ecbch<\/p>\n<p class=\"QN2lPu\">L\u1ecbch t\u1ef1 \u0111\u1ed9ng (28 ng\u00e0y cho th\u00e1ng 2)<\/p>\n<p class=\"QN2lPu\">S\u1ef1 ch\u00ednh x\u00e1c<\/p>\n<p class=\"QN2lPu\">\u0110\u1ed9 ch\u00ednh x\u00e1c: \u00b130 gi\u00e2y m\u1ed7i th\u00e1ng<\/p>\n<p class=\"QN2lPu\">C\u00e1c t\u00ednh n\u0103ng kh\u00e1c<\/p>\n<p class=\"QN2lPu\">\u0110\u1ecbnh d\u1ea1ng 12\/24 gi\u1edd<\/p>\n<p class=\"QN2lPu\">Gi\u1edd chu\u1ea9n: K\u1ef9 thu\u1eadt s\u1ed1: Gi\u1edd, ph\u00fat, gi\u00e2y, chi\u1ec1u, th\u00e1ng, ng\u00e0y, th\u1ee9<\/p>\n<p class=\"QN2lPu\">\n<p class=\"QN2lPu\">*CH\u00cdNH S\u00c1CH B\u1ea2O H\u00c0NH:<\/p>\n<p class=\"QN2lPu\">&#8211; B\u1ea3o h\u00e0nh 05 n\u0103m t\u1ea5t c\u1ea3 c\u00e1c l\u1ed7i v\u1ec1 m\u00e1y ch\u00ednh h\u00e3ng Casio to\u00e0n qu\u1ed1c<\/p>\n<p class=\"QN2lPu\">&#8211; B\u1ea3o h\u00e0nh pin tr\u1ecdn \u0111\u1eddi t\u1ea1i shop YouWatch <\/p>\n<p class=\"QN2lPu\">\n<p class=\"QN2lPu\">#casio #casiohuyenthoai #casioanhkhue #casioankhanh #ak #donghonam #donghonu #unisex #ae1200whd #casiochinhhang #casiogiare #g-shock #edifice #babyg #mtp #ltp #mq #lq<\/p>\n<\/div>\n","protected":false},"excerpt":{"rendered":"<p>Nh\u00e2n k\u1ef7 ni\u1ec7m 50 n\u0103m, CASIO t\u1ef1 h\u00e0o gi\u1edbi thi\u1ec7u chi\u1ebfc \u0111\u1ed3ng h\u1ed3 k\u1ef9 thu\u1eadt s\u1ed1 ki\u1ec3u d\u00e1ng chi\u1ebfc nh\u1eabn \u0111\u1ea7u ti\u00ean , k\u1ebft h\u1ee3p t\u00ednh n\u0103ng h\u1eefu d\u1ee5ng v\u1edbi s\u1ef1 th\u00fa v\u1ecb mang t\u00ednh gi\u1ea3i tr\u00ed, c\u00f9ng c\u00f4ng ngh\u1ec7 t\u1ea1o h\u00ecnh kim lo\u1ea1i tinh x\u1ea3o v\u00e0 vi\u1ec7c thu nh\u1ecf tinh t\u1ebf m\u00f4 \u0111un \u0111\u1ed3ng&#8230;<\/p>\n","protected":false},"featured_media":13990,"comment_status":"open","ping_status":"closed","template":"","meta":[],"product_brand":[1214],"product_cat":[1211],"product_tag":[],"class_list":{"0":"post-13774","1":"product","2":"type-product","3":"status-publish","4":"has-post-thumbnail","6":"product_brand-seiko","7":"product_cat-dong-ho-nam","9":"first","10":"instock","11":"sale","12":"shipping-taxable","13":"purchasable","14":"product-type-simple"},"_links":{"self":[{"href":"https:\/\/web-ban-le.mbws.vn\/dong-ho\/wp-json\/wp\/v2\/product\/13774","targetHints":{"allow":["GET"]}}],"collection":[{"href":"https:\/\/web-ban-le.mbws.vn\/dong-ho\/wp-json\/wp\/v2\/product"}],"about":[{"href":"https:\/\/web-ban-le.mbws.vn\/dong-ho\/wp-json\/wp\/v2\/types\/product"}],"replies":[{"embeddable":true,"href":"https:\/\/web-ban-le.mbws.vn\/dong-ho\/wp-json\/wp\/v2\/comments?post=13774"}],"wp:featuredmedia":[{"embeddable":true,"href":"https:\/\/web-ban-le.mbws.vn\/dong-ho\/wp-json\/wp\/v2\/media\/13990"}],"wp:attachment":[{"href":"https:\/\/web-ban-le.mbws.vn\/dong-ho\/wp-json\/wp\/v2\/media?parent=13774"}],"wp:term":[{"taxonomy":"product_brand","embeddable":true,"href":"https:\/\/web-ban-le.mbws.vn\/dong-ho\/wp-json\/wp\/v2\/product_brand?post=13774"},{"taxonomy":"product_cat","embeddable":true,"href":"https:\/\/web-ban-le.mbws.vn\/dong-ho\/wp-json\/wp\/v2\/product_cat?post=13774"},{"taxonomy":"product_tag","embeddable":true,"href":"https:\/\/web-ban-le.mbws.vn\/dong-ho\/wp-json\/wp\/v2\/product_tag?post=13774"}],"curies":[{"name":"wp","href":"https:\/\/api.w.org\/{rel}","templated":true}]}}