{"id":13775,"date":"2025-10-23T11:55:45","date_gmt":"2025-10-23T04:55:45","guid":{"rendered":"https:\/\/web-ban-le.mbws.vn\/dong-ho\/?post_type=product&#038;p=13775"},"modified":"2025-10-30T23:18:37","modified_gmt":"2025-10-30T16:18:37","slug":"dong-ho-casio-nam-day-cao-su-standard-f-94wa-9dg-chinh-hang","status":"publish","type":"product","link":"https:\/\/web-ban-le.mbws.vn\/dong-ho\/san-pham\/dong-ho-casio-nam-day-cao-su-standard-f-94wa-9dg-chinh-hang\/","title":{"rendered":"\u0110\u1ed3ng H\u1ed3 Casio Nam D\u00e2y Cao Su STANDARD F-94WA-9DG Ch\u00ednh H\u00e3ng"},"content":{"rendered":"<div class=\"e8lZp3\">\n<p class=\"QN2lPu\">Th\u00f4ng s\u1ed1 k\u1ef9 thu\u1eadt v\u00e0 c\u00e1c t\u00ednh n\u0103ng c\u1ee7a m\u1eabu F-94WA-9DG<\/p>\n<p class=\"QN2lPu\">\n<p class=\"QN2lPu\">C\u0169ng l\u00e0 m\u1ed9t trong c\u00e1c d\u00f2ng F huy\u1ec1n tho\u1ea1i c\u1ee7a casio, ni\u1ec1m t\u1ef1 h\u00e0o Rich Kid th\u1ebf h\u1ec7 7X, 8X<\/p>\n<p class=\"QN2lPu\">Ch\u1ed1ng N\u01b0\u1edbc 3ATM ( T\u1eafm r\u1eeda, \u0111i m\u01b0a tho\u1ea3i m\u00e1i)<\/p>\n<p class=\"QN2lPu\">EL Backlight<\/p>\n<p class=\"QN2lPu\">B\u00e1o h\u00e0ng ng\u00e0y<\/p>\n<p class=\"QN2lPu\">1\/100 gi\u00e2y \u0111\u1ed3ng h\u1ed3 b\u1ea5m gi\u1edd k\u1ef9 thu\u1eadt s\u1ed1<\/p>\n<p class=\"QN2lPu\">c\u00f4ng su\u1ea5t \u0111o: 23&#8217;59.99 &#8220;<\/p>\n<p class=\"QN2lPu\">Ch\u1ebf \u0111\u1ed9 \u0111o: th\u1eddi gian Net, ph\u00e2n chia th\u1eddi gian, 1st-2 l\u1ea7n n\u01a1i<\/p>\n<p class=\"QN2lPu\">Hourly Time Signal<\/p>\n<p class=\"QN2lPu\">Auto Calendar<\/p>\n<p class=\"QN2lPu\">\u0110\u1ed9 ch\u00ednh x\u00e1c: +\/- 30 gi\u00e2y m\u1ed7i th\u00e1ng<\/p>\n<p class=\"QN2lPu\">Pin CR2016<\/p>\n<p class=\"QN2lPu\">Approx. Tu\u1ed5i th\u1ecd pin: 7 n\u0103m<\/p>\n<p class=\"QN2lPu\">Module 1275<\/p>\n<p class=\"QN2lPu\">K\u00edch th\u01b0\u1edbc c\u1ee7a tr\u01b0\u1eddng h\u1ee3p \/ t\u1ed5ng tr\u1ecdng l\u01b0\u1ee3ng<\/p>\n<p class=\"QN2lPu\">37,5 x 33,5 x 9,5 mm \/ 27g<\/p>\n<p class=\"QN2lPu\">\n<p class=\"QN2lPu\">*CH\u00cdNH S\u00c1CH B\u1ea2O H\u00c0NH:<\/p>\n<p class=\"QN2lPu\">&#8211; B\u1ea3o h\u00e0nh 01 n\u0103m t\u1ea5t c\u1ea3 c\u00e1c l\u1ed7i v\u1ec1 m\u00e1y ch\u00ednh h\u00e3ng Casio to\u00e0n qu\u1ed1c<\/p>\n<p class=\"QN2lPu\">&#8211; B\u1ea3o h\u00e0nh pin tr\u1ecdn \u0111\u1eddi t\u1ea1i shop YouWatch <\/p>\n<p class=\"QN2lPu\">\n<p class=\"QN2lPu\">#casio #casiohuyenthoai #casioanhkhue #casioankhanh #ak #donghonam #donghonu #unisex #ae1200whd #casiochinhhang #casiogiare #g-shock #edifice #babyg #mtp #ltp #mq #lq<\/p>\n<\/div>\n","protected":false},"excerpt":{"rendered":"<p>Th\u00f4ng s\u1ed1 k\u1ef9 thu\u1eadt v\u00e0 c\u00e1c t\u00ednh n\u0103ng c\u1ee7a m\u1eabu F-94WA-9DG C\u0169ng l\u00e0 m\u1ed9t trong c\u00e1c d\u00f2ng F huy\u1ec1n tho\u1ea1i c\u1ee7a casio, ni\u1ec1m t\u1ef1 h\u00e0o Rich Kid th\u1ebf h\u1ec7 7X, 8X Ch\u1ed1ng N\u01b0\u1edbc 3ATM ( T\u1eafm r\u1eeda, \u0111i m\u01b0a tho\u1ea3i m\u00e1i) EL Backlight B\u00e1o h\u00e0ng ng\u00e0y 1\/100 gi\u00e2y \u0111\u1ed3ng h\u1ed3 b\u1ea5m gi\u1edd k\u1ef9 thu\u1eadt s\u1ed1&#8230;<\/p>\n","protected":false},"featured_media":13999,"comment_status":"open","ping_status":"closed","template":"","meta":[],"product_brand":[1214],"product_cat":[1211],"product_tag":[],"class_list":{"0":"post-13775","1":"product","2":"type-product","3":"status-publish","4":"has-post-thumbnail","6":"product_brand-seiko","7":"product_cat-dong-ho-nam","9":"first","10":"instock","11":"sale","12":"shipping-taxable","13":"purchasable","14":"product-type-simple"},"_links":{"self":[{"href":"https:\/\/web-ban-le.mbws.vn\/dong-ho\/wp-json\/wp\/v2\/product\/13775","targetHints":{"allow":["GET"]}}],"collection":[{"href":"https:\/\/web-ban-le.mbws.vn\/dong-ho\/wp-json\/wp\/v2\/product"}],"about":[{"href":"https:\/\/web-ban-le.mbws.vn\/dong-ho\/wp-json\/wp\/v2\/types\/product"}],"replies":[{"embeddable":true,"href":"https:\/\/web-ban-le.mbws.vn\/dong-ho\/wp-json\/wp\/v2\/comments?post=13775"}],"wp:featuredmedia":[{"embeddable":true,"href":"https:\/\/web-ban-le.mbws.vn\/dong-ho\/wp-json\/wp\/v2\/media\/13999"}],"wp:attachment":[{"href":"https:\/\/web-ban-le.mbws.vn\/dong-ho\/wp-json\/wp\/v2\/media?parent=13775"}],"wp:term":[{"taxonomy":"product_brand","embeddable":true,"href":"https:\/\/web-ban-le.mbws.vn\/dong-ho\/wp-json\/wp\/v2\/product_brand?post=13775"},{"taxonomy":"product_cat","embeddable":true,"href":"https:\/\/web-ban-le.mbws.vn\/dong-ho\/wp-json\/wp\/v2\/product_cat?post=13775"},{"taxonomy":"product_tag","embeddable":true,"href":"https:\/\/web-ban-le.mbws.vn\/dong-ho\/wp-json\/wp\/v2\/product_tag?post=13775"}],"curies":[{"name":"wp","href":"https:\/\/api.w.org\/{rel}","templated":true}]}}