{"id":13853,"date":"2025-10-23T11:56:29","date_gmt":"2025-10-23T04:56:29","guid":{"rendered":"https:\/\/web-ban-le.mbws.vn\/dong-ho\/?post_type=product&#038;p=13853"},"modified":"2025-11-03T23:24:31","modified_gmt":"2025-11-03T16:24:31","slug":"dong-ho-nu-day-kim-loai-chinh-hang-casio-ltp-1302dd-4a1vdf","status":"publish","type":"product","link":"https:\/\/web-ban-le.mbws.vn\/dong-ho\/san-pham\/dong-ho-nu-day-kim-loai-chinh-hang-casio-ltp-1302dd-4a1vdf\/","title":{"rendered":"\u0110\u1ed3ng H\u1ed3 N\u1eef D\u00e2y Kim Lo\u1ea1i Ch\u00ednh H\u00e3ng Casio LTP-1302DD-4A1VDF"},"content":{"rendered":"<div class=\"e8lZp3\">\n<p class=\"QN2lPu\">Th\u00f4ng tin c\u01a1 b\u1ea3n:<\/p>\n<p class=\"QN2lPu\">\n<p class=\"QN2lPu\">K\u00edch th\u01b0\u1edbc v\u1ecf (D\u00e0i \u00d7 R\u1ed9ng \u00d7 Cao)<\/p>\n<p class=\"QN2lPu\">34,5 \u00d7 30,2 \u00d7 8,7mm<\/p>\n<p class=\"QN2lPu\">\n<p class=\"QN2lPu\">Tr\u1ecdng l\u01b0\u1ee3ng<\/p>\n<p class=\"QN2lPu\">69g<\/p>\n<p class=\"QN2lPu\">V\u1eadt li\u1ec7u v\u1ecf v\u00e0 g\u1edd<\/p>\n<p class=\"QN2lPu\">\n<p class=\"QN2lPu\">V\u1eadt li\u1ec7u v\u1ecf \/ g\u1edd: M\u1ea1 ion<\/p>\n<p class=\"QN2lPu\">\n<p class=\"QN2lPu\">D\u00e2y \u0111eo<\/p>\n<p class=\"QN2lPu\">\n<p class=\"QN2lPu\">D\u00e2y \u0111eo b\u1eb1ng th\u00e9p kh\u00f4ng g\u1ec9<\/p>\n<p class=\"QN2lPu\">Ch\u1ed1ng n\u01b0\u1edbc<\/p>\n<p class=\"QN2lPu\">Ch\u1ed1ng n\u01b0\u1edbc 50m<\/p>\n<p class=\"QN2lPu\">B\u1ed9 ngu\u1ed3n v\u00e0 tu\u1ed5i th\u1ecd pin<\/p>\n<p class=\"QN2lPu\">Tu\u1ed5i th\u1ecd pin x\u1ea5p x\u1ec9 3&nbsp;n\u0103m v\u1edbi pin SR920SW<\/p>\n<p class=\"QN2lPu\">\n<p class=\"QN2lPu\">V\u1ecf ngo\u00e0i<\/p>\n<p class=\"QN2lPu\">\n<p class=\"QN2lPu\">M\u1eb7t k\u00ednh<\/p>\n<p class=\"QN2lPu\">M\u1eb7t k\u00ednh kho\u00e1ng<\/p>\n<p class=\"QN2lPu\">C\u00e1c t\u00ednh n\u0103ng c\u1ee7a \u0111\u1ed3ng h\u1ed3<\/p>\n<p class=\"QN2lPu\">\u0110\u1ed9 ch\u00ednh x\u00e1c<\/p>\n<p class=\"QN2lPu\">\u0110\u1ed9 ch\u00ednh x\u00e1c: \u00b120 gi\u00e2y m\u1ed9t th\u00e1ng<\/p>\n<p class=\"QN2lPu\">T\u00ednh n\u0103ng kh\u00e1c<\/p>\n<p class=\"QN2lPu\">\u0110\u1ecbnh d\u1ea1ng gi\u1edd 12\/24<\/p>\n<p class=\"QN2lPu\">\u0110\u1ed3ng h\u1ed3 s\u1ed1: Gi\u1edd, ph\u00fat, gi\u00e2y, chi\u1ec1u, th\u00e1ng, th\u1ee9.<\/p>\n<p class=\"QN2lPu\">\n<p class=\"QN2lPu\">*CH\u00cdNH S\u00c1CH B\u1ea2O H\u00c0NH:<\/p>\n<p class=\"QN2lPu\">&#8211; B\u1ea3o h\u00e0nh 01 n\u0103m t\u1ea5t c\u1ea3 c\u00e1c l\u1ed7i v\u1ec1 m\u00e1y ch\u00ednh h\u00e3ng Casio to\u00e0n qu\u1ed1c<\/p>\n<p class=\"QN2lPu\">&#8211; B\u1ea3o h\u00e0nh pin tr\u1ecdn \u0111\u1eddi t\u1ea1i shop YouWatch <\/p>\n<p class=\"QN2lPu\">\n<p class=\"QN2lPu\">#casio #casiohuyenthoai #casioanhkhue #casioankhanh #ak #donghonam #donghonu #unisex #ae1200whd #casiochinhhang #casiogiare #g-shock #edifice #babyg #mtp #ltp #mq #lq<\/p>\n<\/div>\n","protected":false},"excerpt":{"rendered":"<p>Th\u00f4ng tin c\u01a1 b\u1ea3n: K\u00edch th\u01b0\u1edbc v\u1ecf (D\u00e0i \u00d7 R\u1ed9ng \u00d7 Cao) 34,5 \u00d7 30,2 \u00d7 8,7mm Tr\u1ecdng l\u01b0\u1ee3ng 69g V\u1eadt li\u1ec7u v\u1ecf v\u00e0 g\u1edd V\u1eadt li\u1ec7u v\u1ecf \/ g\u1edd: M\u1ea1 ion D\u00e2y \u0111eo D\u00e2y \u0111eo b\u1eb1ng th\u00e9p kh\u00f4ng g\u1ec9 Ch\u1ed1ng n\u01b0\u1edbc Ch\u1ed1ng n\u01b0\u1edbc 50m B\u1ed9 ngu\u1ed3n v\u00e0 tu\u1ed5i th\u1ecd pin Tu\u1ed5i th\u1ecd pin x\u1ea5p&#8230;<\/p>\n","protected":false},"featured_media":14051,"comment_status":"open","ping_status":"closed","template":"","meta":[],"product_brand":[1213],"product_cat":[1212],"product_tag":[],"class_list":{"0":"post-13853","1":"product","2":"type-product","3":"status-publish","4":"has-post-thumbnail","6":"product_brand-casio","7":"product_cat-dong-ho-nu","9":"first","10":"instock","11":"sale","12":"featured","13":"shipping-taxable","14":"purchasable","15":"product-type-simple"},"_links":{"self":[{"href":"https:\/\/web-ban-le.mbws.vn\/dong-ho\/wp-json\/wp\/v2\/product\/13853","targetHints":{"allow":["GET"]}}],"collection":[{"href":"https:\/\/web-ban-le.mbws.vn\/dong-ho\/wp-json\/wp\/v2\/product"}],"about":[{"href":"https:\/\/web-ban-le.mbws.vn\/dong-ho\/wp-json\/wp\/v2\/types\/product"}],"replies":[{"embeddable":true,"href":"https:\/\/web-ban-le.mbws.vn\/dong-ho\/wp-json\/wp\/v2\/comments?post=13853"}],"wp:featuredmedia":[{"embeddable":true,"href":"https:\/\/web-ban-le.mbws.vn\/dong-ho\/wp-json\/wp\/v2\/media\/14051"}],"wp:attachment":[{"href":"https:\/\/web-ban-le.mbws.vn\/dong-ho\/wp-json\/wp\/v2\/media?parent=13853"}],"wp:term":[{"taxonomy":"product_brand","embeddable":true,"href":"https:\/\/web-ban-le.mbws.vn\/dong-ho\/wp-json\/wp\/v2\/product_brand?post=13853"},{"taxonomy":"product_cat","embeddable":true,"href":"https:\/\/web-ban-le.mbws.vn\/dong-ho\/wp-json\/wp\/v2\/product_cat?post=13853"},{"taxonomy":"product_tag","embeddable":true,"href":"https:\/\/web-ban-le.mbws.vn\/dong-ho\/wp-json\/wp\/v2\/product_tag?post=13853"}],"curies":[{"name":"wp","href":"https:\/\/api.w.org\/{rel}","templated":true}]}}