{"id":13854,"date":"2025-10-23T11:56:29","date_gmt":"2025-10-23T04:56:29","guid":{"rendered":"https:\/\/web-ban-le.mbws.vn\/dong-ho\/?post_type=product&#038;p=13854"},"modified":"2025-11-03T23:24:30","modified_gmt":"2025-11-03T16:24:30","slug":"dong-ho-nam-day-kim-loai-casio-mtp-1302d-7a2-chinh-hang","status":"publish","type":"product","link":"https:\/\/web-ban-le.mbws.vn\/dong-ho\/san-pham\/dong-ho-nam-day-kim-loai-casio-mtp-1302d-7a2-chinh-hang\/","title":{"rendered":"\u0110\u1ed3ng h\u1ed3 nam d\u00e2y kim lo\u1ea1i Casio MTP-1302D-7A2 ch\u00ednh h\u00e3ng"},"content":{"rendered":"<div class=\"e8lZp3\">\n<p class=\"QN2lPu\">C\u00e1c t\u00ednh n\u0103ng:<\/p>\n<p class=\"QN2lPu\">\n<p class=\"QN2lPu\">Kh\u1ea3 n\u0103ng ch\u1ed1ng n\u01b0\u1edbc \u1edf \u0111\u1ed9 s\u00e2u 50 m\u00e9t<\/p>\n<p class=\"QN2lPu\">Hi\u1ec3n th\u1ecb ng\u00e0y \u1edf v\u1ecb tr\u00ed 3 gi\u1edd<\/p>\n<p class=\"QN2lPu\">&nbsp;<\/p>\n<p class=\"QN2lPu\">\u0110\u1eb7c \u0111i\u1ec3m k\u1ef9 thu\u1eadt:<\/p>\n<p class=\"QN2lPu\">\n<p class=\"QN2lPu\">V\u1eadt li\u1ec7u v\u1ecf \/ g\u1edd: M\u1ea1 ion<\/p>\n<p class=\"QN2lPu\">D\u00e2y \u0111eo b\u1eb1ng th\u00e9p kh\u00f4ng g\u1ec9<\/p>\n<p class=\"QN2lPu\">Ch\u1ed1t g\u1eadp ba<\/p>\n<p class=\"QN2lPu\">M\u1eb7t k\u00ednh kho\u00e1ng<\/p>\n<p class=\"QN2lPu\">Kh\u1ea3 n\u0103ng ch\u1ed1ng n\u01b0\u1edbc \u1edf \u0111\u1ed9 s\u00e2u 50 m\u00e9t<\/p>\n<p class=\"QN2lPu\">Hi\u1ec3n th\u1ecb ng\u00e0y<\/p>\n<p class=\"QN2lPu\">Gi\u1edd hi\u1ec7n h\u00e0nh th\u00f4ng th\u01b0\u1eddng<\/p>\n<p class=\"QN2lPu\">\u0110\u1ed3ng h\u1ed3 kim: 3 kim (Gi\u1edd, ph\u00fat, gi\u00e2y)<\/p>\n<p class=\"QN2lPu\">\u0110\u1ed9 ch\u00ednh x\u00e1c: \u00b120 gi\u00e2y m\u1ed9t th\u00e1ng<\/p>\n<p class=\"QN2lPu\">Tu\u1ed5i th\u1ecd pin x\u1ea5p x\u1ec9: 3 n\u0103m v\u1edbi pin SR626SW<\/p>\n<p class=\"QN2lPu\">&nbsp;<\/p>\n<p class=\"QN2lPu\">K\u00edch th\u01b0\u1edbc v\u1ecf \/ T\u1ed5ng&nbsp;tr\u1ecdng l\u01b0\u1ee3ng:<\/p>\n<p class=\"QN2lPu\">\n<p class=\"QN2lPu\">K\u00edch th\u01b0\u1edbc v\u1ecf : 44,2\u00d738,5\u00d79,2mm<\/p>\n<p class=\"QN2lPu\">T\u1ed5ng tr\u1ecdng l\u01b0\u1ee3ng : 105g<\/p>\n<p class=\"QN2lPu\">\n<p class=\"QN2lPu\">*CH\u00cdNH S\u00c1CH B\u1ea2O H\u00c0NH:<\/p>\n<p class=\"QN2lPu\">&#8211; B\u1ea3o h\u00e0nh 01 n\u0103m t\u1ea5t c\u1ea3 c\u00e1c l\u1ed7i v\u1ec1 m\u00e1y ch\u00ednh h\u00e3ng Casio to\u00e0n qu\u1ed1c<\/p>\n<p class=\"QN2lPu\">&#8211; B\u1ea3o h\u00e0nh pin tr\u1ecdn \u0111\u1eddi t\u1ea1i shop YouWatch <\/p>\n<p class=\"QN2lPu\">\n<p class=\"QN2lPu\">#casio #casiohuyenthoai #casioanhkhue #casioankhanh #ak #donghonam #donghonu #unisex #ae1200whd #casiochinhhang #casiogiare #g-shock #edifice #babyg #mtp #ltp #mq #lq<\/p>\n<\/div>\n","protected":false},"excerpt":{"rendered":"<p>C\u00e1c t\u00ednh n\u0103ng: Kh\u1ea3 n\u0103ng ch\u1ed1ng n\u01b0\u1edbc \u1edf \u0111\u1ed9 s\u00e2u 50 m\u00e9t Hi\u1ec3n th\u1ecb ng\u00e0y \u1edf v\u1ecb tr\u00ed 3 gi\u1edd &nbsp; \u0110\u1eb7c \u0111i\u1ec3m k\u1ef9 thu\u1eadt: V\u1eadt li\u1ec7u v\u1ecf \/ g\u1edd: M\u1ea1 ion D\u00e2y \u0111eo b\u1eb1ng th\u00e9p kh\u00f4ng g\u1ec9 Ch\u1ed1t g\u1eadp ba M\u1eb7t k\u00ednh kho\u00e1ng Kh\u1ea3 n\u0103ng ch\u1ed1ng n\u01b0\u1edbc \u1edf \u0111\u1ed9 s\u00e2u 50 m\u00e9t Hi\u1ec3n th\u1ecb&#8230;<\/p>\n","protected":false},"featured_media":14058,"comment_status":"open","ping_status":"closed","template":"","meta":[],"product_brand":[1213],"product_cat":[1211],"product_tag":[],"class_list":{"0":"post-13854","1":"product","2":"type-product","3":"status-publish","4":"has-post-thumbnail","6":"product_brand-casio","7":"product_cat-dong-ho-nam","9":"first","10":"instock","11":"sale","12":"featured","13":"shipping-taxable","14":"purchasable","15":"product-type-simple"},"_links":{"self":[{"href":"https:\/\/web-ban-le.mbws.vn\/dong-ho\/wp-json\/wp\/v2\/product\/13854","targetHints":{"allow":["GET"]}}],"collection":[{"href":"https:\/\/web-ban-le.mbws.vn\/dong-ho\/wp-json\/wp\/v2\/product"}],"about":[{"href":"https:\/\/web-ban-le.mbws.vn\/dong-ho\/wp-json\/wp\/v2\/types\/product"}],"replies":[{"embeddable":true,"href":"https:\/\/web-ban-le.mbws.vn\/dong-ho\/wp-json\/wp\/v2\/comments?post=13854"}],"wp:featuredmedia":[{"embeddable":true,"href":"https:\/\/web-ban-le.mbws.vn\/dong-ho\/wp-json\/wp\/v2\/media\/14058"}],"wp:attachment":[{"href":"https:\/\/web-ban-le.mbws.vn\/dong-ho\/wp-json\/wp\/v2\/media?parent=13854"}],"wp:term":[{"taxonomy":"product_brand","embeddable":true,"href":"https:\/\/web-ban-le.mbws.vn\/dong-ho\/wp-json\/wp\/v2\/product_brand?post=13854"},{"taxonomy":"product_cat","embeddable":true,"href":"https:\/\/web-ban-le.mbws.vn\/dong-ho\/wp-json\/wp\/v2\/product_cat?post=13854"},{"taxonomy":"product_tag","embeddable":true,"href":"https:\/\/web-ban-le.mbws.vn\/dong-ho\/wp-json\/wp\/v2\/product_tag?post=13854"}],"curies":[{"name":"wp","href":"https:\/\/api.w.org\/{rel}","templated":true}]}}