{"id":13855,"date":"2025-10-23T11:56:29","date_gmt":"2025-10-23T04:56:29","guid":{"rendered":"https:\/\/web-ban-le.mbws.vn\/dong-ho\/?post_type=product&#038;p=13855"},"modified":"2025-11-03T23:24:30","modified_gmt":"2025-11-03T16:24:30","slug":"dong-ho-nam-day-da-casio-mtp-vd01l-1ev-chinh-hang","status":"publish","type":"product","link":"https:\/\/web-ban-le.mbws.vn\/dong-ho\/san-pham\/dong-ho-nam-day-da-casio-mtp-vd01l-1ev-chinh-hang\/","title":{"rendered":"\u0110\u1ed3ng h\u1ed3 nam d\u00e2y da Casio MTP-VD01L-1EV ch\u00ednh h\u00e3ng"},"content":{"rendered":"<div class=\"e8lZp3\">\n<p class=\"QN2lPu\">Ca\u0301c t\u00ednh n\u0103ng:\n<\/p>\n<p class=\"QN2lPu\">\n<p class=\"QN2lPu\">Kh\u1ea3 n\u0103ng ch\u1ed1ng n\u01b0\u1edbc \u1edf \u0111\u1ed9 s\u00e2u 50 m\u00e9t\n<\/p>\n<p class=\"QN2lPu\">Hi\u1ec3n th\u1ecb ng\u00e0y gi\u1edd th\u00f4ng th\u01b0\u1eddng\n<\/p>\n<p class=\"QN2lPu\">\n<p class=\"QN2lPu\">\u0110\u1eb7c \u0111i\u1ec3m k\u1ef9 thu\u1eadt:\n<\/p>\n<p class=\"QN2lPu\">\n<p class=\"QN2lPu\">D\u00e2y \u0111eo b\u1eb1ng da\n<\/p>\n<p class=\"QN2lPu\">M\u1eb7t k\u00ednh kho\u00e1ng\n<\/p>\n<p class=\"QN2lPu\">Kh\u1ea3 n\u0103ng ch\u1ed1ng n\u01b0\u1edbc \u1edf \u0111\u1ed9 s\u00e2u 50 m\u00e9t\n<\/p>\n<p class=\"QN2lPu\">Hi\u1ec3n th\u1ecb ng\u00e0y\n<\/p>\n<p class=\"QN2lPu\">Gi\u1edd hi\u1ec7n h\u00e0nh th\u00f4ng th\u01b0\u1eddng\n<\/p>\n<p class=\"QN2lPu\">3 kim (gi\u1edd, ph\u00fat, gi\u00e2y)\n<\/p>\n<p class=\"QN2lPu\">\u0110\u1ed9 ch\u00ednh x\u00e1c: \u00b120 gi\u00e2y m\u1ed9t th\u00e1ng\n<\/p>\n<p class=\"QN2lPu\">Tu\u1ed5i th\u1ecd pin x\u1ea5p x\u1ec9: 3 n\u0103m v\u1edbi pin SR626SW\n<\/p>\n<p class=\"QN2lPu\">K\u00edch th\u01b0\u1edbc v\u1ecf \/ T\u1ed5ng tr\u1ecdng l\u01b0\u1ee3ng\n<\/p>\n<p class=\"QN2lPu\">K\u00edch th\u01b0\u1edbc v\u1ecf : 49\u00d745\u00d710,3mm\n<\/p>\n<p class=\"QN2lPu\">T\u1ed5ng tr\u1ecdng l\u01b0\u1ee3ng : 70g\n<\/p>\n<p class=\"QN2lPu\">\n<p class=\"QN2lPu\">CH\u00cdNH S\u00c1CH B\u1ea2O H\u00c0NH:\n<\/p>\n<p class=\"QN2lPu\">&#8211; B\u1ea3o h\u00e0nh 01 n\u0103m ch\u00ednh h\u00e3ng Casio to\u00e0n qu\u1ed1c\n<\/p>\n<p class=\"QN2lPu\">&#8211; B\u1ea3o h\u00e0nh pin tr\u1ecdn \u0111\u1eddi t\u1ea1i shop YouWatch\n<\/p>\n<p class=\"QN2lPu\">#casio #casiohuyenthoai #casioanhkhue #casioankhanh #ak #donghonam #donghonu #unisex #ae1200whd #casiochinhhang #casiogiare #g-shock #edifice #babyg #mtp #ltp #mq #lq<\/p>\n<\/div>\n","protected":false},"excerpt":{"rendered":"<p>Ca\u0301c t\u00ednh n\u0103ng: Kh\u1ea3 n\u0103ng ch\u1ed1ng n\u01b0\u1edbc \u1edf \u0111\u1ed9 s\u00e2u 50 m\u00e9t Hi\u1ec3n th\u1ecb ng\u00e0y gi\u1edd th\u00f4ng th\u01b0\u1eddng \u0110\u1eb7c \u0111i\u1ec3m k\u1ef9 thu\u1eadt: D\u00e2y \u0111eo b\u1eb1ng da M\u1eb7t k\u00ednh kho\u00e1ng Kh\u1ea3 n\u0103ng ch\u1ed1ng n\u01b0\u1edbc \u1edf \u0111\u1ed9 s\u00e2u 50 m\u00e9t Hi\u1ec3n th\u1ecb ng\u00e0y Gi\u1edd hi\u1ec7n h\u00e0nh th\u00f4ng th\u01b0\u1eddng 3 kim (gi\u1edd, ph\u00fat, gi\u00e2y) \u0110\u1ed9 ch\u00ednh x\u00e1c: \u00b120&#8230;<\/p>\n","protected":false},"featured_media":14064,"comment_status":"open","ping_status":"closed","template":"","meta":[],"product_brand":[1213],"product_cat":[1211],"product_tag":[],"class_list":{"0":"post-13855","1":"product","2":"type-product","3":"status-publish","4":"has-post-thumbnail","6":"product_brand-casio","7":"product_cat-dong-ho-nam","9":"first","10":"instock","11":"sale","12":"featured","13":"shipping-taxable","14":"purchasable","15":"product-type-simple"},"_links":{"self":[{"href":"https:\/\/web-ban-le.mbws.vn\/dong-ho\/wp-json\/wp\/v2\/product\/13855","targetHints":{"allow":["GET"]}}],"collection":[{"href":"https:\/\/web-ban-le.mbws.vn\/dong-ho\/wp-json\/wp\/v2\/product"}],"about":[{"href":"https:\/\/web-ban-le.mbws.vn\/dong-ho\/wp-json\/wp\/v2\/types\/product"}],"replies":[{"embeddable":true,"href":"https:\/\/web-ban-le.mbws.vn\/dong-ho\/wp-json\/wp\/v2\/comments?post=13855"}],"wp:featuredmedia":[{"embeddable":true,"href":"https:\/\/web-ban-le.mbws.vn\/dong-ho\/wp-json\/wp\/v2\/media\/14064"}],"wp:attachment":[{"href":"https:\/\/web-ban-le.mbws.vn\/dong-ho\/wp-json\/wp\/v2\/media?parent=13855"}],"wp:term":[{"taxonomy":"product_brand","embeddable":true,"href":"https:\/\/web-ban-le.mbws.vn\/dong-ho\/wp-json\/wp\/v2\/product_brand?post=13855"},{"taxonomy":"product_cat","embeddable":true,"href":"https:\/\/web-ban-le.mbws.vn\/dong-ho\/wp-json\/wp\/v2\/product_cat?post=13855"},{"taxonomy":"product_tag","embeddable":true,"href":"https:\/\/web-ban-le.mbws.vn\/dong-ho\/wp-json\/wp\/v2\/product_tag?post=13855"}],"curies":[{"name":"wp","href":"https:\/\/api.w.org\/{rel}","templated":true}]}}