{"id":13897,"date":"2025-10-23T11:56:55","date_gmt":"2025-10-23T04:56:55","guid":{"rendered":"https:\/\/web-ban-le.mbws.vn\/dong-ho\/?post_type=product&#038;p=13897"},"modified":"2025-11-03T23:24:30","modified_gmt":"2025-11-03T16:24:30","slug":"dong-ho-casio-nam-vintage-a168wa-1-chinh-hang","status":"publish","type":"product","link":"https:\/\/web-ban-le.mbws.vn\/dong-ho\/san-pham\/dong-ho-casio-nam-vintage-a168wa-1-chinh-hang\/","title":{"rendered":"\u0110\u1ed3ng h\u1ed3 Casio Nam Vintage A168WA-1 Ch\u00ednh H\u00e3ng"},"content":{"rendered":"<div class=\"e8lZp3\">\n<p class=\"QN2lPu\">M\u00f4 t\u1ea3:<\/p>\n<p class=\"QN2lPu\">\n<p class=\"QN2lPu\">CASIO STANDARD A168WA-1 &#8211; M\u1eb6T VU\u00d4NG B\u1ea0C C\u1ed4 \u0110I\u1ec2N<\/p>\n<p class=\"QN2lPu\">Kh\u1ea3 n\u0103ng ch\u1ed1ng n\u01b0\u1edbc 3ATM<\/p>\n<p class=\"QN2lPu\">B\u00e1o th\u1ee9c h\u00e0ng ng\u00e0y<\/p>\n<p class=\"QN2lPu\">\u0110\u1ed3ng h\u1ed3 b\u1ea5m gi\u1edd 1\/100 gi\u00e2y<\/p>\n<p class=\"QN2lPu\">\u0110\u00e8n LED n\u1ec1n ph\u00e1t quang<\/p>\n<p class=\"QN2lPu\">\n<p class=\"QN2lPu\">TH\u00d4NG S\u1ed0 K\u1ef8 THU\u1eacT CASIO STANDARD A168WA-1<\/p>\n<p class=\"QN2lPu\">V\u1eadt li\u1ec7u v\u1ecf \/ g\u1edd:  M\u1ea1 v\u00e0ng<\/p>\n<p class=\"QN2lPu\">D\u00e2y b\u1eb1ng th\u00e9p kh\u00f4ng g\u1ec9<\/p>\n<p class=\"QN2lPu\">M\u00f3c kh\u00f3a b\u1ea5m t\u00f9y ch\u1ec9nh<\/p>\n<p class=\"QN2lPu\">Kh\u1ea3 n\u0103ng ch\u1ed1ng n\u01b0\u1edbc 3ATM<\/p>\n<p class=\"QN2lPu\">\u0110\u00e8n LED n\u1ec1n ph\u00e1t quang<\/p>\n<p class=\"QN2lPu\">\u0110\u1ed3ng h\u1ed3 b\u1ea5m gi\u1edd 1\/100 gi\u00e2y<\/p>\n<p class=\"QN2lPu\">Kh\u1ea3 n\u0103ng \u0111o: 59&#8217;59.99&#8243;<\/p>\n<p class=\"QN2lPu\">Ch\u1ebf \u0111\u1ed9 \u0111o: Th\u1eddi gian \u0111\u00e3 tr\u00f4i qua, th\u1eddi gian v\u00f2ng ch\u1ea1y, ng\u1eaft gi\u1edd<\/p>\n<p class=\"QN2lPu\">B\u00e1o th\u1ee9c h\u00e0ng ng\u00e0y<\/p>\n<p class=\"QN2lPu\">T\u00edn hi\u1ec7u h\u00e0ng gi\u1edd<\/p>\n<p class=\"QN2lPu\">L\u1ecbch t\u1ef1 \u0111\u1ed9ng (28 ng\u00e0y trong th\u00e1ng 2)<\/p>\n<p class=\"QN2lPu\">\u0110\u1ecbnh d\u1ea1ng 12\/24 gi\u1edd<\/p>\n<p class=\"QN2lPu\">Gi\u1edd hi\u1ec7n h\u00e0nh th\u00f4ng th\u01b0\u1eddng:<\/p>\n<p class=\"QN2lPu\">\u0110\u1ed3ng h\u1ed3 s\u1ed1: Gi\u1edd, ph\u00fat, gi\u00e2y, chi\u1ec1u, th\u00e1ng, ng\u00e0y, th\u1ee9<\/p>\n<p class=\"QN2lPu\">\u0110\u1ed9 ch\u00ednh x\u00e1c: \u00b130 seconds per month<\/p>\n<p class=\"QN2lPu\">Tu\u1ed5i th\u1ecd pin x\u1ea5p x\u1ec9: 7 n\u0103m v\u1edbi pin CR2016<\/p>\n<p class=\"QN2lPu\">K\u00edch th\u01b0\u1edbc v\u1ecf \/ T\u1ed5ng tr\u1ecdng l\u01b0\u1ee3ng Casio Standard A168WA-1<\/p>\n<p class=\"QN2lPu\">K\u00edch th\u01b0\u1edbc v\u1ecf : 38.6\u00d736.3\u00d79.6mm<\/p>\n<p class=\"QN2lPu\">T\u1ed5ng tr\u1ecdng l\u01b0\u1ee3ng : 49g<\/p>\n<p class=\"QN2lPu\">\n<p class=\"QN2lPu\">*CH\u00cdNH S\u00c1CH B\u1ea2O H\u00c0NH:<\/p>\n<p class=\"QN2lPu\">&#8211; B\u1ea3o h\u00e0nh 01 n\u0103m ch\u00ednh h\u00e3ng Casio to\u00e0n qu\u1ed1c<\/p>\n<p class=\"QN2lPu\">&#8211; B\u1ea3o h\u00e0nh pin tr\u1ecdn \u0111\u1eddi t\u1ea1i shop YouWatch <\/p>\n<p class=\"QN2lPu\">\n<p class=\"QN2lPu\">#casio #casiohuyenthoai #casioanhkhue #casioankhanh #ak #donghonam #donghonu #unisex #ae1200whd #casiochinhhang #casiogiare #g-shock #edifice #babyg #mtp #ltp #mq #lq<\/p>\n<\/div>\n","protected":false},"excerpt":{"rendered":"<p>M\u00f4 t\u1ea3: CASIO STANDARD A168WA-1 &#8211; M\u1eb6T VU\u00d4NG B\u1ea0C C\u1ed4 \u0110I\u1ec2N Kh\u1ea3 n\u0103ng ch\u1ed1ng n\u01b0\u1edbc 3ATM B\u00e1o th\u1ee9c h\u00e0ng ng\u00e0y \u0110\u1ed3ng h\u1ed3 b\u1ea5m gi\u1edd 1\/100 gi\u00e2y \u0110\u00e8n LED n\u1ec1n ph\u00e1t quang TH\u00d4NG S\u1ed0 K\u1ef8 THU\u1eacT CASIO STANDARD A168WA-1 V\u1eadt li\u1ec7u v\u1ecf \/ g\u1edd: M\u1ea1 v\u00e0ng D\u00e2y b\u1eb1ng th\u00e9p kh\u00f4ng g\u1ec9 M\u00f3c kh\u00f3a b\u1ea5m t\u00f9y ch\u1ec9nh&#8230;<\/p>\n","protected":false},"featured_media":14092,"comment_status":"open","ping_status":"closed","template":"","meta":[],"product_brand":[1213],"product_cat":[1211],"product_tag":[],"class_list":{"0":"post-13897","1":"product","2":"type-product","3":"status-publish","4":"has-post-thumbnail","6":"product_brand-casio","7":"product_cat-dong-ho-nam","9":"first","10":"instock","11":"sale","12":"featured","13":"shipping-taxable","14":"purchasable","15":"product-type-simple"},"_links":{"self":[{"href":"https:\/\/web-ban-le.mbws.vn\/dong-ho\/wp-json\/wp\/v2\/product\/13897","targetHints":{"allow":["GET"]}}],"collection":[{"href":"https:\/\/web-ban-le.mbws.vn\/dong-ho\/wp-json\/wp\/v2\/product"}],"about":[{"href":"https:\/\/web-ban-le.mbws.vn\/dong-ho\/wp-json\/wp\/v2\/types\/product"}],"replies":[{"embeddable":true,"href":"https:\/\/web-ban-le.mbws.vn\/dong-ho\/wp-json\/wp\/v2\/comments?post=13897"}],"wp:featuredmedia":[{"embeddable":true,"href":"https:\/\/web-ban-le.mbws.vn\/dong-ho\/wp-json\/wp\/v2\/media\/14092"}],"wp:attachment":[{"href":"https:\/\/web-ban-le.mbws.vn\/dong-ho\/wp-json\/wp\/v2\/media?parent=13897"}],"wp:term":[{"taxonomy":"product_brand","embeddable":true,"href":"https:\/\/web-ban-le.mbws.vn\/dong-ho\/wp-json\/wp\/v2\/product_brand?post=13897"},{"taxonomy":"product_cat","embeddable":true,"href":"https:\/\/web-ban-le.mbws.vn\/dong-ho\/wp-json\/wp\/v2\/product_cat?post=13897"},{"taxonomy":"product_tag","embeddable":true,"href":"https:\/\/web-ban-le.mbws.vn\/dong-ho\/wp-json\/wp\/v2\/product_tag?post=13897"}],"curies":[{"name":"wp","href":"https:\/\/api.w.org\/{rel}","templated":true}]}}