{"id":13942,"date":"2025-10-23T11:57:20","date_gmt":"2025-10-23T04:57:20","guid":{"rendered":"https:\/\/web-ban-le.mbws.vn\/dong-ho\/?post_type=product&#038;p=13942"},"modified":"2025-10-30T23:24:33","modified_gmt":"2025-10-30T16:24:33","slug":"dong-ho-casio-nu-day-nhua-chinh-hang-la-20wh-4a1df","status":"publish","type":"product","link":"https:\/\/web-ban-le.mbws.vn\/dong-ho\/san-pham\/dong-ho-casio-nu-day-nhua-chinh-hang-la-20wh-4a1df\/","title":{"rendered":"\u0110\u1ed3ng H\u1ed3 Casio N\u1eef D\u00e2y Nh\u1ef1a Ch\u00ednh H\u00e3ng LA-20WH-4A1DF"},"content":{"rendered":"<div class=\"e8lZp3\">\n<p class=\"QN2lPu\">\u0110\u1eb7c \u0111i\u1ec3m k\u1ef9 thu\u1eadt:\n<\/p>\n<p class=\"QN2lPu\">\n<p class=\"QN2lPu\">V\u1eadt li\u1ec7u v\u1ecf \/ g\u1edd: Nh\u1ef1a\n<\/p>\n<p class=\"QN2lPu\">D\u00e2y \u0111eo b\u1eb1ng nh\u1ef1a\n<\/p>\n<p class=\"QN2lPu\">M\u1eb7t k\u00ednh nh\u1ef1a\n<\/p>\n<p class=\"QN2lPu\">Ch\u1ed1ng n\u01b0\u1edbc 3ATM ( T\u1eafm r\u1eeda, \u0111i m\u01b0a tho\u1ea3i m\u00e1i)\n<\/p>\n<p class=\"QN2lPu\">\u0110\u00e8n LED\n<\/p>\n<p class=\"QN2lPu\">\u0110\u1ed3ng h\u1ed3 b\u1ea5m gi\u1edd 1\/100 gi\u00e2y\n<\/p>\n<p class=\"QN2lPu\">\u0110\u1ed3ng h\u1ed3 \u0111\u1ebfm ng\u01b0\u1ee3c: 59\u201959,99\u2033\n<\/p>\n<p class=\"QN2lPu\">Ch\u00ea\u0301 \u0111\u00f4\u0323 \u0111o: Th\u01a1\u0300i gian \u0111a\u0303 tr\u00f4i qua, ng\u0103\u0301t gi\u01a1\u0300, th\u01a1\u0300i gian v\u00ea\u0300 \u0111i\u0301ch th\u01b0\u0301 nh\u00e2\u0301t \u2013 th\u01b0\u0301 hai\n<\/p>\n<p class=\"QN2lPu\">B\u00e1o th\u1ee9c h\u00e0ng ng\u00e0y\n<\/p>\n<p class=\"QN2lPu\">T\u00edn hi\u1ec7u th\u1eddi gian h\u00e0ng gi\u1edd\n<\/p>\n<p class=\"QN2lPu\">L\u1ecbch t\u1ef1 \u0111\u1ed9ng (l\u1ecbch t\u1ef1 \u0111\u1ed9ng \u0111\u01b0\u1ee3c \u0111\u1eb7t \u1edf 28 ng\u00e0y \u0111\u1ed1i v\u1edbi th\u00e1ng 2)\n<\/p>\n<p class=\"QN2lPu\">\u0110\u1ecbnh d\u1ea1ng gi\u1edd 12\/24\n<\/p>\n<p class=\"QN2lPu\">Gi\u1edd hi\u1ec7n h\u00e0nh th\u00f4ng th\u01b0\u1eddng: Gi\u1edd, ph\u00fat, gi\u00e2y, chi\u1ec1u, ng\u00e0y, th\u1ee9\n<\/p>\n<p class=\"QN2lPu\">\u0110\u1ed9 ch\u00ednh x\u00e1c: \u00b130 gi\u00e2y m\u1ed9t th\u00e1ng\n<\/p>\n<p class=\"QN2lPu\">Tu\u1ed5i th\u1ecd pin x\u1ea5p x\u1ec9: 5 n\u0103m v\u1edbi pin CR1616\n<\/p>\n<p class=\"QN2lPu\">\n<p class=\"QN2lPu\">K\u00edch th\u01b0\u1edbc v\u1ecf \/ T\u1ed5ng tr\u1ecdng l\u01b0\u1ee3ng\n<\/p>\n<p class=\"QN2lPu\">K\u00edch th\u01b0\u1edbc v\u1ecf : 34,5\u00d730,4\u00d78,6mm\n<\/p>\n<p class=\"QN2lPu\">T\u1ed5ng tr\u1ecdng l\u01b0\u1ee3ng : 16g\n<\/p>\n<p class=\"QN2lPu\">K\u00edch th\u01b0\u1edbc d\u00e2y: r\u1ed9ng 14mm, d\u00e0i 24cm\n<\/p>\n<p class=\"QN2lPu\">\n<p class=\"QN2lPu\">B\u1ed9 s\u1ea3n ph\u1ea9m ch\u00ednh h\u00e3ng g\u1ed3m:\n<\/p>\n<p class=\"QN2lPu\">Fullbox \u0111\u1ed3ng h\u1ed3, h\u1ed9p \u0111\u1ef1ng\n<\/p>\n<p class=\"QN2lPu\">Th\u1ebb b\u1ea3o h\u00e0nh ch\u00ednh h\u00e3ng Casio\n<\/p>\n<p class=\"QN2lPu\">\n<p class=\"QN2lPu\">*CH\u00cdNH S\u00c1CH B\u1ea2O H\u00c0NH:\n<\/p>\n<p class=\"QN2lPu\">&#8211; B\u1ea3o h\u00e0nh 01 n\u0103m t\u1ea5t c\u1ea3 c\u00e1c l\u1ed7i v\u1ec1 m\u00e1y ch\u00ednh h\u00e3ng Casio to\u00e0n qu\u1ed1c\n<\/p>\n<p class=\"QN2lPu\">&#8211; B\u1ea3o h\u00e0nh pin tr\u1ecdn \u0111\u1eddi t\u1ea1i shop YouWatch\n<\/p>\n<p class=\"QN2lPu\">\n<p class=\"QN2lPu\">#casio #casiohuyenthoai #casioanhkhue #casioankhanh #ak #donghonam #donghonu #unisex #ae1200whd #casiochinhhang #casiogiare #g-shock #edifice #babyg #mtp #ltp #mq #lq<\/p>\n<\/div>\n","protected":false},"excerpt":{"rendered":"<p>\u0110\u1eb7c \u0111i\u1ec3m k\u1ef9 thu\u1eadt: V\u1eadt li\u1ec7u v\u1ecf \/ g\u1edd: Nh\u1ef1a D\u00e2y \u0111eo b\u1eb1ng nh\u1ef1a M\u1eb7t k\u00ednh nh\u1ef1a Ch\u1ed1ng n\u01b0\u1edbc 3ATM ( T\u1eafm r\u1eeda, \u0111i m\u01b0a tho\u1ea3i m\u00e1i) \u0110\u00e8n LED \u0110\u1ed3ng h\u1ed3 b\u1ea5m gi\u1edd 1\/100 gi\u00e2y \u0110\u1ed3ng h\u1ed3 \u0111\u1ebfm ng\u01b0\u1ee3c: 59\u201959,99\u2033 Ch\u00ea\u0301 \u0111\u00f4\u0323 \u0111o: Th\u01a1\u0300i gian \u0111a\u0303 tr\u00f4i qua, ng\u0103\u0301t gi\u01a1\u0300, th\u01a1\u0300i gian v\u00ea\u0300 \u0111i\u0301ch th\u01b0\u0301&#8230;<\/p>\n","protected":false},"featured_media":14148,"comment_status":"open","ping_status":"closed","template":"","meta":[],"product_brand":[1213],"product_cat":[1212,15],"product_tag":[],"class_list":{"0":"post-13942","1":"product","2":"type-product","3":"status-publish","4":"has-post-thumbnail","6":"product_brand-casio","7":"product_cat-dong-ho-nu","8":"product_cat-san-pham-noi-bat","10":"first","11":"instock","12":"sale","13":"shipping-taxable","14":"purchasable","15":"product-type-simple"},"_links":{"self":[{"href":"https:\/\/web-ban-le.mbws.vn\/dong-ho\/wp-json\/wp\/v2\/product\/13942","targetHints":{"allow":["GET"]}}],"collection":[{"href":"https:\/\/web-ban-le.mbws.vn\/dong-ho\/wp-json\/wp\/v2\/product"}],"about":[{"href":"https:\/\/web-ban-le.mbws.vn\/dong-ho\/wp-json\/wp\/v2\/types\/product"}],"replies":[{"embeddable":true,"href":"https:\/\/web-ban-le.mbws.vn\/dong-ho\/wp-json\/wp\/v2\/comments?post=13942"}],"wp:featuredmedia":[{"embeddable":true,"href":"https:\/\/web-ban-le.mbws.vn\/dong-ho\/wp-json\/wp\/v2\/media\/14148"}],"wp:attachment":[{"href":"https:\/\/web-ban-le.mbws.vn\/dong-ho\/wp-json\/wp\/v2\/media?parent=13942"}],"wp:term":[{"taxonomy":"product_brand","embeddable":true,"href":"https:\/\/web-ban-le.mbws.vn\/dong-ho\/wp-json\/wp\/v2\/product_brand?post=13942"},{"taxonomy":"product_cat","embeddable":true,"href":"https:\/\/web-ban-le.mbws.vn\/dong-ho\/wp-json\/wp\/v2\/product_cat?post=13942"},{"taxonomy":"product_tag","embeddable":true,"href":"https:\/\/web-ban-le.mbws.vn\/dong-ho\/wp-json\/wp\/v2\/product_tag?post=13942"}],"curies":[{"name":"wp","href":"https:\/\/api.w.org\/{rel}","templated":true}]}}