{"id":13980,"date":"2025-10-23T11:57:44","date_gmt":"2025-10-23T04:57:44","guid":{"rendered":"https:\/\/web-ban-le.mbws.vn\/dong-ho\/?post_type=product&#038;p=13980"},"modified":"2025-10-30T23:18:08","modified_gmt":"2025-10-30T16:18:08","slug":"dong-ho-nu-day-da-chinh-hang-casio-ltp-v004l-1audf","status":"publish","type":"product","link":"https:\/\/web-ban-le.mbws.vn\/dong-ho\/san-pham\/dong-ho-nu-day-da-chinh-hang-casio-ltp-v004l-1audf\/","title":{"rendered":"\u0110\u1ed3ng h\u1ed3 n\u1eef d\u00e2y da ch\u00ednh h\u00e3ng Casio LTP-V004L-1AUDF"},"content":{"rendered":"<div class=\"e8lZp3\">\n<p class=\"QN2lPu\">Ca\u0301c t\u00ednh n\u0103ng:<\/p>\n<p class=\"QN2lPu\">\n<p class=\"QN2lPu\">\u2022 Ch\u1ed1ng n\u01b0\u1edbc 3ATM<\/p>\n<p class=\"QN2lPu\">\u2022 Hi\u1ec3n th\u1ecb ng\u00e0y<\/p>\n<p class=\"QN2lPu\">\u2022 Thi\u1ebft k\u1ebf \u0111\u01a1n gi\u1ea3n, d\u1ec5 s\u1eed d\u1ee5ng<\/p>\n<p class=\"QN2lPu\">\u2022 Japan movement<\/p>\n<p class=\"QN2lPu\">\n<p class=\"QN2lPu\">\u0110\u1eb7c \u0111i\u1ec3m k\u1ef9 thu\u1eadt:<\/p>\n<p class=\"QN2lPu\">\n<p class=\"QN2lPu\">D\u00e2y \u0111eo b\u1eb1ng da<\/p>\n<p class=\"QN2lPu\">M\u1eb7t k\u00ednh kho\u00e1ng<\/p>\n<p class=\"QN2lPu\">Ch\u1ed1ng n\u01b0\u1edbc<\/p>\n<p class=\"QN2lPu\">Hi\u1ec3n th\u1ecb ng\u00e0y<\/p>\n<p class=\"QN2lPu\">Gi\u1edd hi\u1ec7n h\u00e0nh th\u00f4ng th\u01b0\u1eddng<\/p>\n<p class=\"QN2lPu\">3 kim (gi\u1edd, ph\u00fat, gi\u00e2y)<\/p>\n<p class=\"QN2lPu\">\u0110\u1ed9 ch\u00ednh x\u00e1c: \u00b120 gi\u00e2y m\u1ed9t th\u00e1ng<\/p>\n<p class=\"QN2lPu\">Tu\u1ed5i th\u1ecd pin x\u1ea5p x\u1ec9: 3 n\u0103m v\u1edbi pin SR626SW<\/p>\n<p class=\"QN2lPu\">K\u00edch th\u01b0\u1edbc v\u1ecf \/ T\u1ed5ng tr\u1ecdng l\u01b0\u1ee3ng<\/p>\n<p class=\"QN2lPu\">K\u00edch th\u01b0\u1edbc v\u1ecf : 35,2\u00d730,2\u00d77,8mm<\/p>\n<p class=\"QN2lPu\">T\u1ed5ng tr\u1ecdng l\u01b0\u1ee3ng : 28g<\/p>\n<p class=\"QN2lPu\">\n<p class=\"QN2lPu\">*CH\u00cdNH S\u00c1CH B\u1ea2O H\u00c0NH:<\/p>\n<p class=\"QN2lPu\">&#8211; B\u1ea3o h\u00e0nh 01 n\u0103m t\u1ea5t c\u1ea3 c\u00e1c l\u1ed7i v\u1ec1 m\u00e1y ch\u00ednh h\u00e3ng Casio to\u00e0n qu\u1ed1c<\/p>\n<p class=\"QN2lPu\">&#8211; B\u1ea3o h\u00e0nh pin tr\u1ecdn \u0111\u1eddi t\u1ea1i shop YouWatch <\/p>\n<p class=\"QN2lPu\">\n<p class=\"QN2lPu\">#casio #casiohuyenthoai #casioanhkhue #casioankhanh #ak #donghonam #donghonu #unisex #ae1200whd #casiochinhhang #casiogiare #g-shock #edifice #babyg #mtp #ltp #mq #lq<\/p>\n<\/div>\n","protected":false},"excerpt":{"rendered":"<p>Ca\u0301c t\u00ednh n\u0103ng: \u2022 Ch\u1ed1ng n\u01b0\u1edbc 3ATM \u2022 Hi\u1ec3n th\u1ecb ng\u00e0y \u2022 Thi\u1ebft k\u1ebf \u0111\u01a1n gi\u1ea3n, d\u1ec5 s\u1eed d\u1ee5ng \u2022 Japan movement \u0110\u1eb7c \u0111i\u1ec3m k\u1ef9 thu\u1eadt: D\u00e2y \u0111eo b\u1eb1ng da M\u1eb7t k\u00ednh kho\u00e1ng Ch\u1ed1ng n\u01b0\u1edbc Hi\u1ec3n th\u1ecb ng\u00e0y Gi\u1edd hi\u1ec7n h\u00e0nh th\u00f4ng th\u01b0\u1eddng 3 kim (gi\u1edd, ph\u00fat, gi\u00e2y) \u0110\u1ed9 ch\u00ednh x\u00e1c: \u00b120 gi\u00e2y m\u1ed9t th\u00e1ng&#8230;<\/p>\n","protected":false},"featured_media":14171,"comment_status":"open","ping_status":"closed","template":"","meta":[],"product_brand":[1213],"product_cat":[1212],"product_tag":[],"class_list":{"0":"post-13980","1":"product","2":"type-product","3":"status-publish","4":"has-post-thumbnail","6":"product_brand-casio","7":"product_cat-dong-ho-nu","9":"first","10":"instock","11":"sale","12":"shipping-taxable","13":"purchasable","14":"product-type-simple"},"_links":{"self":[{"href":"https:\/\/web-ban-le.mbws.vn\/dong-ho\/wp-json\/wp\/v2\/product\/13980","targetHints":{"allow":["GET"]}}],"collection":[{"href":"https:\/\/web-ban-le.mbws.vn\/dong-ho\/wp-json\/wp\/v2\/product"}],"about":[{"href":"https:\/\/web-ban-le.mbws.vn\/dong-ho\/wp-json\/wp\/v2\/types\/product"}],"replies":[{"embeddable":true,"href":"https:\/\/web-ban-le.mbws.vn\/dong-ho\/wp-json\/wp\/v2\/comments?post=13980"}],"wp:featuredmedia":[{"embeddable":true,"href":"https:\/\/web-ban-le.mbws.vn\/dong-ho\/wp-json\/wp\/v2\/media\/14171"}],"wp:attachment":[{"href":"https:\/\/web-ban-le.mbws.vn\/dong-ho\/wp-json\/wp\/v2\/media?parent=13980"}],"wp:term":[{"taxonomy":"product_brand","embeddable":true,"href":"https:\/\/web-ban-le.mbws.vn\/dong-ho\/wp-json\/wp\/v2\/product_brand?post=13980"},{"taxonomy":"product_cat","embeddable":true,"href":"https:\/\/web-ban-le.mbws.vn\/dong-ho\/wp-json\/wp\/v2\/product_cat?post=13980"},{"taxonomy":"product_tag","embeddable":true,"href":"https:\/\/web-ban-le.mbws.vn\/dong-ho\/wp-json\/wp\/v2\/product_tag?post=13980"}],"curies":[{"name":"wp","href":"https:\/\/api.w.org\/{rel}","templated":true}]}}