{"id":13983,"date":"2025-10-23T11:57:44","date_gmt":"2025-10-23T04:57:44","guid":{"rendered":"https:\/\/web-ban-le.mbws.vn\/dong-ho\/?post_type=product&#038;p=13983"},"modified":"2025-10-30T23:18:08","modified_gmt":"2025-10-30T16:18:08","slug":"dong-ho-nu-day-nhua-chinh-hang-casio-mq-24-7el","status":"publish","type":"product","link":"https:\/\/web-ban-le.mbws.vn\/dong-ho\/san-pham\/dong-ho-nu-day-nhua-chinh-hang-casio-mq-24-7el\/","title":{"rendered":"\u0110\u1ed3ng H\u1ed3 N\u1eef D\u00e2y Nh\u1ef1a Ch\u00ednh H\u00e3ng Casio MQ-24-7EL"},"content":{"rendered":"<div class=\"e8lZp3\">\n<p class=\"QN2lPu\">C\u00e1c t\u00ednh n\u0103ng c\u01a1 b\u1ea3n v\u00e0 th\u00f4ng s\u1ed1 k\u0129 thu\u1eadt:\n<\/p>\n<p class=\"QN2lPu\">\n<p class=\"QN2lPu\">M\u00e1y Quartz (D\u00f9ng Pin)\n<\/p>\n<p class=\"QN2lPu\">M\u1eb7t K\u00ednh: Resin Glass (K\u00ednh Nh\u1ef1a)\n<\/p>\n<p class=\"QN2lPu\">Ch\u1ea5t Li\u1ec7u D\u00e2y: D\u00e2y Nh\u1ef1a\n<\/p>\n<p class=\"QN2lPu\">Ch\u1ea5t Li\u1ec7u V\u1ecf V\u1ecf Nh\u1ef1a\n<\/p>\n<p class=\"QN2lPu\">Hi\u1ec3n th\u1ecb gi\u1edd hi\u1ec7n h\u00e0nh th\u00f4ng th\u01b0\u1eddng\n<\/p>\n<p class=\"QN2lPu\">C\u00f3 th\u1ec3 n\u00f3i \u0111i\u1ec3m n\u1ed5i b\u1eadt c\u1ee7a m\u1eabu Casio MQ-24-7E ch\u00ednh l\u00e0 thi\u1ebft k\u1ebf \u0111\u01a1n gi\u1ea3n m\u00e0 kh\u00f4ng k\u00e9m ph\u1ea7n tinh t\u1ebf v\u1edbi k\u00edch th\u01b0\u1edbc:\n<\/p>\n<p class=\"QN2lPu\">\n<p class=\"QN2lPu\">\u0110\u01b0\u1eddng K\u00ednh M\u1eb7t: 34 mm\n<\/p>\n<p class=\"QN2lPu\">\u0110\u1ed9 D\u00e0y M\u1eb7t: 6 mm\n<\/p>\n<p class=\"QN2lPu\">Tr\u1ecdng L\u01b0\u1ee3ng: 28g\n<\/p>\n<p class=\"QN2lPu\">Ch\u1ed1ng N\u01b0\u1edbc: 3ATM (T\u1eafm r\u1eeda, \u0111i m\u01b0a tho\u1ea3i m\u00e1i)\n<\/p>\n<p class=\"QN2lPu\">\n<p class=\"QN2lPu\">*CH\u00cdNH S\u00c1CH B\u1ea2O H\u00c0NH:\n<\/p>\n<p class=\"QN2lPu\">&#8211; B\u1ea3o h\u00e0nh 01 n\u0103m t\u1ea5t c\u1ea3 c\u00e1c l\u1ed7i v\u1ec1 m\u00e1y ch\u00ednh h\u00e3ng Casio to\u00e0n qu\u1ed1c\n<\/p>\n<p class=\"QN2lPu\">&#8211; B\u1ea3o h\u00e0nh pin tr\u1ecdn \u0111\u1eddi t\u1ea1i shop YouWatch\n<\/p>\n<p class=\"QN2lPu\">\n<p class=\"QN2lPu\">#casio #casiohuyenthoai #casioanhkhue #casioankhanh #ak #donghonam #donghonu #unisex #ae1200whd #casiochinhhang #casiogiare #g-shock #edifice #babyg #mtp #ltp #mq #lq<\/p>\n<\/div>\n","protected":false},"excerpt":{"rendered":"<p>C\u00e1c t\u00ednh n\u0103ng c\u01a1 b\u1ea3n v\u00e0 th\u00f4ng s\u1ed1 k\u0129 thu\u1eadt: M\u00e1y Quartz (D\u00f9ng Pin) M\u1eb7t K\u00ednh: Resin Glass (K\u00ednh Nh\u1ef1a) Ch\u1ea5t Li\u1ec7u D\u00e2y: D\u00e2y Nh\u1ef1a Ch\u1ea5t Li\u1ec7u V\u1ecf V\u1ecf Nh\u1ef1a Hi\u1ec3n th\u1ecb gi\u1edd hi\u1ec7n h\u00e0nh th\u00f4ng th\u01b0\u1eddng C\u00f3 th\u1ec3 n\u00f3i \u0111i\u1ec3m n\u1ed5i b\u1eadt c\u1ee7a m\u1eabu Casio MQ-24-7E ch\u00ednh l\u00e0 thi\u1ebft k\u1ebf \u0111\u01a1n gi\u1ea3n m\u00e0 kh\u00f4ng&#8230;<\/p>\n","protected":false},"featured_media":14192,"comment_status":"open","ping_status":"closed","template":"","meta":[],"product_brand":[1213],"product_cat":[1212],"product_tag":[],"class_list":{"0":"post-13983","1":"product","2":"type-product","3":"status-publish","4":"has-post-thumbnail","6":"product_brand-casio","7":"product_cat-dong-ho-nu","9":"first","10":"instock","11":"sale","12":"shipping-taxable","13":"purchasable","14":"product-type-simple"},"_links":{"self":[{"href":"https:\/\/web-ban-le.mbws.vn\/dong-ho\/wp-json\/wp\/v2\/product\/13983","targetHints":{"allow":["GET"]}}],"collection":[{"href":"https:\/\/web-ban-le.mbws.vn\/dong-ho\/wp-json\/wp\/v2\/product"}],"about":[{"href":"https:\/\/web-ban-le.mbws.vn\/dong-ho\/wp-json\/wp\/v2\/types\/product"}],"replies":[{"embeddable":true,"href":"https:\/\/web-ban-le.mbws.vn\/dong-ho\/wp-json\/wp\/v2\/comments?post=13983"}],"wp:featuredmedia":[{"embeddable":true,"href":"https:\/\/web-ban-le.mbws.vn\/dong-ho\/wp-json\/wp\/v2\/media\/14192"}],"wp:attachment":[{"href":"https:\/\/web-ban-le.mbws.vn\/dong-ho\/wp-json\/wp\/v2\/media?parent=13983"}],"wp:term":[{"taxonomy":"product_brand","embeddable":true,"href":"https:\/\/web-ban-le.mbws.vn\/dong-ho\/wp-json\/wp\/v2\/product_brand?post=13983"},{"taxonomy":"product_cat","embeddable":true,"href":"https:\/\/web-ban-le.mbws.vn\/dong-ho\/wp-json\/wp\/v2\/product_cat?post=13983"},{"taxonomy":"product_tag","embeddable":true,"href":"https:\/\/web-ban-le.mbws.vn\/dong-ho\/wp-json\/wp\/v2\/product_tag?post=13983"}],"curies":[{"name":"wp","href":"https:\/\/api.w.org\/{rel}","templated":true}]}}