{"id":14510,"date":"2025-10-31T11:21:33","date_gmt":"2025-10-31T04:21:33","guid":{"rendered":"https:\/\/web-ban-le.mbws.vn\/dung-cu-tien-ich\/?post_type=product&#038;p=14510"},"modified":"2025-10-31T11:21:54","modified_gmt":"2025-10-31T04:21:54","slug":"%e2%9c%a8%ef%b8%8f%e2%9c%a8%ef%b8%8fset-100-tui-kich-thuoc-7x7-cm-tui-dung-banh-cookie-tra-hoa-hoa-tiet-hoat-hinh-dang-yeu-tiem-oc-sot","status":"publish","type":"product","link":"https:\/\/web-ban-le.mbws.vn\/dung-cu-tien-ich\/san-pham\/%e2%9c%a8%ef%b8%8f%e2%9c%a8%ef%b8%8fset-100-tui-kich-thuoc-7x7-cm-tui-dung-banh-cookie-tra-hoa-hoa-tiet-hoat-hinh-dang-yeu-tiem-oc-sot\/","title":{"rendered":"\u2728\ufe0f\u2728\ufe0fSet 100 t\u00fai k\u00edch th\u01b0\u1edbc 7&#215;7 cm T\u00fai \u0111\u1ef1ng b\u00e1nh cookie \/ tr\u00e0 hoa ho\u1ea1 ti\u1ebft ho\u1ea1t h\u00ecnh \u0111\u00e1ng y\u00eau Ti\u1ec7m \u1ed0c S\u1ed9t"},"content":{"rendered":"<div class=\"e8lZp3\">\n<p class=\"QN2lPu\"> Style Ni\u00eam phong T\u00fai B\u00e1nh quy Snack Ni\u00eam phong T\u00fai Qu\u00e0 t\u1eb7ng T\u00fai t\u1ef1 d\u00ednh \u0110\u1eb7c \u0111i\u1ec3m Nh\u1ef1a, H\u1ed9p \u0111\u1ef1ng, Ho\u1ea1t h\u00ecnh, Trong su\u1ed1t, <\/p>\n<p class=\"QN2lPu\">\n<p class=\"QN2lPu\">Ch\u1eafc ch\u1eafn v\u00e0 B\u1ec1n Ch\u1ea5t li\u1ec7u ch\u1ea5t l\u01b0\u1ee3ng cao: T\u00fai \u0111\u1ef1ng n\u00e0y \u0111\u01b0\u1ee3c l\u00e0m b\u1eb1ng nh\u1ef1a cao c\u1ea5p d\u00e0y, ch\u1eafc ch\u1eafn v\u00e0 b\u1ec1n.<\/p>\n<p class=\"QN2lPu\">\n<p class=\"QN2lPu\"> D\u1ec5 d\u00e0ng b\u1ea3o qu\u1ea3n: M\u1ed7i t\u00fai t\u1ef1 d\u00ednh c\u00f3 m\u1ed9t m\u1eabu kh\u00e1c nhau, v\u00ec v\u1eady khi ni\u00eam phong th\u1ef1c ph\u1ea9m ho\u1eb7c c\u00e1c v\u1eadt d\u1ee5ng kh\u00e1c, s\u1eed d\u1ee5ng t\u00fai t\u1ef1 d\u00ednh n\u00e0y c\u00f3 th\u1ec3 n\u00e2ng cao m\u1ee9c \u0111\u1ed9 th\u1eddi trang nh\u1ea5t \u0111\u1ecbnh v\u00e0 tr\u00f4ng r\u1ea5t tinh t\u1ebf. <\/p>\n<p class=\"QN2lPu\">\n<p class=\"QN2lPu\">Sau khi x\u00e9 d\u1ea3i t\u1ef1 d\u00ednh s\u1ebd tr\u1edf n\u00ean d\u00ednh, r\u1ea5t ti\u1ec7n l\u1ee3i. Ch\u1ea5t li\u1ec7u trong su\u1ed1t c\u00f3 th\u1ec3 nh\u00ecn r\u00f5 b\u00ean trong t\u00fai c\u00f3 g\u00ec. <\/p>\n<p class=\"QN2lPu\">\n<p class=\"QN2lPu\">\u0110\u01b0\u1ee3c s\u1eed d\u1ee5ng r\u1ed9ng r\u00e3i: Th\u00edch h\u1ee3p cho b\u00e1nh quy k\u00edn, b\u00e1nh ng\u1ecdt h\u00ecnh b\u00f4ng tuy\u1ebft v\u00e0 c\u00e1c m\u00f3n \u0103n nh\u1eb9 kh\u00e1c, b\u00f4ng tai, k\u1eb9p tai, d\u00e2y chuy\u1ec1n, v.v. <\/p>\n<p class=\"QN2lPu\">\n<p class=\"QN2lPu\">Th\u00f4ng tin chi ti\u1ebft Ch\u1ea5t li\u1ec7u: PP <\/p>\n<p class=\"QN2lPu\">\n<p class=\"QN2lPu\">S\u1ed1 l\u01b0\u1ee3ng: 100 pcs<\/p>\n<p class=\"QN2lPu\">\n<p class=\"QN2lPu\">C\u00c1I K\u00edch th\u01b0\u1edbc s\u1ea3n ph\u1ea9m: 7 x 7 x 0,1cm <\/p>\n<p class=\"QN2lPu\">\n<p class=\"QN2lPu\">G\u00f3i h\u00e0ng bao g\u1ed3m 1 x T\u00fai \u0111\u1ef1ng t\u00fai ni\u00eam phong Kh\u00f4ng c\u00f3 h\u1ed9p b\u00e1n l\u1ebb.<\/p>\n<p class=\"QN2lPu\">\n<p class=\"QN2lPu\"> \u0110\u00f3ng g\u00f3i An To\u00e0n trong T\u00fai OPP.<\/p>\n<p class=\"QN2lPu\">\n<p class=\"QN2lPu\"> L\u01b0u \u00fd: C\u00f3 th\u1ec3 c\u00f3 m\u1ed9t s\u1ed1 kh\u00e1c bi\u1ec7t nh\u1ecf v\u1ec1 t\u00f4ng m\u00e0u c\u1ee7a h\u00ecnh \u1ea3nh v\u00e0 s\u1ea3n ph\u1ea9m th\u1ef1c t\u1ebf. Vui l\u00f2ng cho ph\u00e9p sai s\u1ed1 1-2mm do \u0111o l\u01b0\u1eddng th\u1ee7 c\u00f4ng, c\u1ea3m \u01a1n.<\/p>\n<\/div>\n","protected":false},"excerpt":{"rendered":"<p>Style Ni\u00eam phong T\u00fai B\u00e1nh quy Snack Ni\u00eam phong T\u00fai Qu\u00e0 t\u1eb7ng T\u00fai t\u1ef1 d\u00ednh \u0110\u1eb7c \u0111i\u1ec3m Nh\u1ef1a, H\u1ed9p \u0111\u1ef1ng, Ho\u1ea1t h\u00ecnh, Trong su\u1ed1t, Ch\u1eafc ch\u1eafn v\u00e0 B\u1ec1n Ch\u1ea5t li\u1ec7u ch\u1ea5t l\u01b0\u1ee3ng cao: T\u00fai \u0111\u1ef1ng n\u00e0y \u0111\u01b0\u1ee3c l\u00e0m b\u1eb1ng nh\u1ef1a cao c\u1ea5p d\u00e0y, ch\u1eafc ch\u1eafn v\u00e0 b\u1ec1n. D\u1ec5 d\u00e0ng b\u1ea3o qu\u1ea3n: M\u1ed7i t\u00fai t\u1ef1 d\u00ednh&#8230;<\/p>\n","protected":false},"featured_media":14519,"comment_status":"open","ping_status":"closed","template":"","meta":[],"product_brand":[],"product_cat":[1382],"product_tag":[],"class_list":{"0":"post-14510","1":"product","2":"type-product","3":"status-publish","4":"has-post-thumbnail","6":"product_cat-tui-giay","8":"first","9":"instock","10":"sale","11":"shipping-taxable","12":"purchasable","13":"product-type-variable"},"_links":{"self":[{"href":"https:\/\/web-ban-le.mbws.vn\/dung-cu-tien-ich\/wp-json\/wp\/v2\/product\/14510","targetHints":{"allow":["GET"]}}],"collection":[{"href":"https:\/\/web-ban-le.mbws.vn\/dung-cu-tien-ich\/wp-json\/wp\/v2\/product"}],"about":[{"href":"https:\/\/web-ban-le.mbws.vn\/dung-cu-tien-ich\/wp-json\/wp\/v2\/types\/product"}],"replies":[{"embeddable":true,"href":"https:\/\/web-ban-le.mbws.vn\/dung-cu-tien-ich\/wp-json\/wp\/v2\/comments?post=14510"}],"wp:featuredmedia":[{"embeddable":true,"href":"https:\/\/web-ban-le.mbws.vn\/dung-cu-tien-ich\/wp-json\/wp\/v2\/media\/14519"}],"wp:attachment":[{"href":"https:\/\/web-ban-le.mbws.vn\/dung-cu-tien-ich\/wp-json\/wp\/v2\/media?parent=14510"}],"wp:term":[{"taxonomy":"product_brand","embeddable":true,"href":"https:\/\/web-ban-le.mbws.vn\/dung-cu-tien-ich\/wp-json\/wp\/v2\/product_brand?post=14510"},{"taxonomy":"product_cat","embeddable":true,"href":"https:\/\/web-ban-le.mbws.vn\/dung-cu-tien-ich\/wp-json\/wp\/v2\/product_cat?post=14510"},{"taxonomy":"product_tag","embeddable":true,"href":"https:\/\/web-ban-le.mbws.vn\/dung-cu-tien-ich\/wp-json\/wp\/v2\/product_tag?post=14510"}],"curies":[{"name":"wp","href":"https:\/\/api.w.org\/{rel}","templated":true}]}}