{"id":14511,"date":"2025-10-31T11:21:33","date_gmt":"2025-10-31T04:21:33","guid":{"rendered":"https:\/\/web-ban-le.mbws.vn\/dung-cu-tien-ich\/?post_type=product&#038;p=14511"},"modified":"2025-10-31T11:21:54","modified_gmt":"2025-10-31T04:21:54","slug":"%e2%9c%a8%e2%9c%a8tam-chan-nuoc-silicon-dung-cho-bon-rua-bat-ban-bep-ngan-ban-nuoc-dau-mo-ve-sinh-sach-se","status":"publish","type":"product","link":"https:\/\/web-ban-le.mbws.vn\/dung-cu-tien-ich\/san-pham\/%e2%9c%a8%e2%9c%a8tam-chan-nuoc-silicon-dung-cho-bon-rua-bat-ban-bep-ngan-ban-nuoc-dau-mo-ve-sinh-sach-se\/","title":{"rendered":"\u2728\u2728T\u1ea5m ch\u1eafn n\u01b0\u1edbc silicon d\u00f9ng cho b\u1ed3n r\u1eeda b\u00e1t b\u00e0n b\u1ebfp ng\u0103n b\u1eafn n\u01b0\u1edbc d\u1ea7u m\u1ee1 v\u1ec7 sinh s\u1ea1ch s\u1ebd"},"content":{"rendered":"<div class=\"e8lZp3\">\n<p class=\"QN2lPu\">Thanh ch\u1eafn th\u1eddi ti\u1ebft t\u00edch h\u1ee3p c\u00f3 c\u1ed1c h\u00fat, b\u1ed3n r\u1eeda m\u1eb7t, v\u00e1ch ng\u0103n n\u01b0\u1edbc, b\u1ebfp, ch\u1ed1ng b\u1eafn n\u01b0\u1edbc<\/p>\n<p class=\"QN2lPu\">\n<p class=\"QN2lPu\">\u0110\u1eb7c tr\u01b0ng<\/p>\n<p class=\"QN2lPu\">Ch\u1ed1ng b\u1eafn n\u01b0\u1edbc, C\u1ed1c h\u00fat, An to\u00e0n, Kh\u00f4ng m\u00f9i<\/p>\n<p class=\"QN2lPu\">Ch\u1ed1ng n\u01b0\u1edbc b\u1eafn: Th\u00e2n v\u00e1n cao 9cm gi\u00fap ng\u0103n n\u01b0\u1edbc b\u1eafn nhanh v\u00e0o qu\u1ea7n \u00e1o.<\/p>\n<p class=\"QN2lPu\">Ch\u1ea5t li\u1ec7u cao c\u1ea5p: \u0110\u01b0\u1ee3c l\u00e0m t\u1eeb ch\u1ea5t li\u1ec7u silicon cao c\u1ea5p, an to\u00e0n v\u00e0 t\u1ed1t cho s\u1ee9c kh\u1ecfe, th\u00e2n thi\u1ec7n v\u1edbi m\u00f4i tr\u01b0\u1eddng v\u00e0 kh\u00f4ng m\u00f9i, c\u00f3 \u0111\u1ed9 linh ho\u1ea1t t\u1ed1t, kh\u00f4ng b\u1ecb bi\u1ebfn d\u1ea1ng ngay c\u1ea3 khi u\u1ed1n cong t\u1ef1 do.<\/p>\n<p class=\"QN2lPu\">\u0110\u1ebf h\u00fat: C\u00f3 th\u1ec3 th\u00e1o r\u1eddi v\u00e0 g\u1eafn v\u00e0o linh ho\u1ea1t, b\u00e1m ch\u1eafc v\u00e0 kh\u00f4ng b\u1ecb r\u01a1i ra, mang l\u1ea1i c\u1ea3m gi\u00e1c an to\u00e0n tuy\u1ec7t \u0111\u1ed1i cho qu\u1ea7n \u00e1o v\u00e0 d\u1ec5 d\u00e0ng v\u1ec7 sinh.<\/p>\n<p class=\"QN2lPu\">\n<p class=\"QN2lPu\">\u0110\u1eb7c \u0111i\u1ec3m k\u1ef9 thu\u1eadt<\/p>\n<p class=\"QN2lPu\">Ch\u1ea5t li\u1ec7u: Silicone<\/p>\n<p class=\"QN2lPu\">K\u00edch th\u01b0\u1edbc s\u1ea3n ph\u1ea9m: 30 x 6,5 x 2cm<\/p>\n<p class=\"QN2lPu\">\n<p class=\"QN2lPu\">G\u00f3i bao g\u1ed3m<\/p>\n<p class=\"QN2lPu\">1 x T\u1ea5m ch\u1eafn n\u01b0\u1edbc<\/p>\n<p class=\"QN2lPu\">KH\u00d4NG C\u00d3 H\u1ed9p B\u00e1n L\u1ebb. \u0110\u00f3ng g\u00f3i an to\u00e0n trong T\u00fai.<\/p>\n<p class=\"QN2lPu\">\n<p class=\"QN2lPu\">Ghi ch\u00fa:<\/p>\n<p class=\"QN2lPu\">C\u00f3 th\u1ec3 c\u00f3 m\u1ed9t s\u1ed1 kh\u00e1c bi\u1ec7t nh\u1ecf v\u1ec1 t\u00f4ng m\u00e0u gi\u1eefa h\u00ecnh \u1ea3nh v\u00e0 s\u1ea3n ph\u1ea9m th\u1ef1c t\u1ebf.<\/p>\n<p class=\"QN2lPu\">Vui l\u00f2ng cho ph\u00e9p sai s\u1ed1 1-2mm do \u0111o l\u01b0\u1eddng th\u1ee7 c\u00f4ng, c\u1ea3m \u01a1n.<\/p>\n<\/div>\n","protected":false},"excerpt":{"rendered":"<p>Thanh ch\u1eafn th\u1eddi ti\u1ebft t\u00edch h\u1ee3p c\u00f3 c\u1ed1c h\u00fat, b\u1ed3n r\u1eeda m\u1eb7t, v\u00e1ch ng\u0103n n\u01b0\u1edbc, b\u1ebfp, ch\u1ed1ng b\u1eafn n\u01b0\u1edbc \u0110\u1eb7c tr\u01b0ng Ch\u1ed1ng b\u1eafn n\u01b0\u1edbc, C\u1ed1c h\u00fat, An to\u00e0n, Kh\u00f4ng m\u00f9i Ch\u1ed1ng n\u01b0\u1edbc b\u1eafn: Th\u00e2n v\u00e1n cao 9cm gi\u00fap ng\u0103n n\u01b0\u1edbc b\u1eafn nhanh v\u00e0o qu\u1ea7n \u00e1o. Ch\u1ea5t li\u1ec7u cao c\u1ea5p: \u0110\u01b0\u1ee3c l\u00e0m t\u1eeb ch\u1ea5t li\u1ec7u silicon&#8230;<\/p>\n","protected":false},"featured_media":14532,"comment_status":"open","ping_status":"closed","template":"","meta":[],"product_brand":[],"product_cat":[1384],"product_tag":[],"class_list":{"0":"post-14511","1":"product","2":"type-product","3":"status-publish","4":"has-post-thumbnail","6":"product_cat-ban-chai-ve-sinh","8":"first","9":"instock","10":"sale","11":"shipping-taxable","12":"purchasable","13":"product-type-variable"},"_links":{"self":[{"href":"https:\/\/web-ban-le.mbws.vn\/dung-cu-tien-ich\/wp-json\/wp\/v2\/product\/14511","targetHints":{"allow":["GET"]}}],"collection":[{"href":"https:\/\/web-ban-le.mbws.vn\/dung-cu-tien-ich\/wp-json\/wp\/v2\/product"}],"about":[{"href":"https:\/\/web-ban-le.mbws.vn\/dung-cu-tien-ich\/wp-json\/wp\/v2\/types\/product"}],"replies":[{"embeddable":true,"href":"https:\/\/web-ban-le.mbws.vn\/dung-cu-tien-ich\/wp-json\/wp\/v2\/comments?post=14511"}],"wp:featuredmedia":[{"embeddable":true,"href":"https:\/\/web-ban-le.mbws.vn\/dung-cu-tien-ich\/wp-json\/wp\/v2\/media\/14532"}],"wp:attachment":[{"href":"https:\/\/web-ban-le.mbws.vn\/dung-cu-tien-ich\/wp-json\/wp\/v2\/media?parent=14511"}],"wp:term":[{"taxonomy":"product_brand","embeddable":true,"href":"https:\/\/web-ban-le.mbws.vn\/dung-cu-tien-ich\/wp-json\/wp\/v2\/product_brand?post=14511"},{"taxonomy":"product_cat","embeddable":true,"href":"https:\/\/web-ban-le.mbws.vn\/dung-cu-tien-ich\/wp-json\/wp\/v2\/product_cat?post=14511"},{"taxonomy":"product_tag","embeddable":true,"href":"https:\/\/web-ban-le.mbws.vn\/dung-cu-tien-ich\/wp-json\/wp\/v2\/product_tag?post=14511"}],"curies":[{"name":"wp","href":"https:\/\/api.w.org\/{rel}","templated":true}]}}