{"id":14512,"date":"2025-10-31T11:21:34","date_gmt":"2025-10-31T04:21:34","guid":{"rendered":"https:\/\/web-ban-le.mbws.vn\/dung-cu-tien-ich\/?post_type=product&#038;p=14512"},"modified":"2025-10-31T11:22:15","modified_gmt":"2025-10-31T04:22:15","slug":"%e2%9c%a8%ef%b8%8f%e2%9c%a8%ef%b8%8fbang-keo-hai-mat-nano-luoi-day-1-mm-vat-lieu-acrylic-nano-co-the-giat-duoc-tai-su-dung-tu-dinh","status":"publish","type":"product","link":"https:\/\/web-ban-le.mbws.vn\/dung-cu-tien-ich\/san-pham\/%e2%9c%a8%ef%b8%8f%e2%9c%a8%ef%b8%8fbang-keo-hai-mat-nano-luoi-day-1-mm-vat-lieu-acrylic-nano-co-the-giat-duoc-tai-su-dung-tu-dinh\/","title":{"rendered":"\u2728\ufe0f\u2728\ufe0fB\u0103ng keo hai m\u1eb7t Nano l\u01b0\u1edbi d\u00e0y 1 mm, V\u1eadt li\u1ec7u Acrylic Nano, c\u00f3 th\u1ec3 gi\u1eb7t \u0111\u01b0\u1ee3c, t\u00e1i s\u1eed d\u1ee5ng, t\u1ef1 d\u00ednh"},"content":{"rendered":"<div class=\"e8lZp3\">\n<p class=\"QN2lPu\">B\u0103ng keo hai m\u1eb7t d\u1ea1ng l\u01b0\u1edbi Nano B\u0103ng keo li\u1ec1n m\u1ea1ch c\u00f3 \u0111\u1ed9 b\u00e1m d\u00ednh cao <\/p>\n<p class=\"QN2lPu\">\n<p class=\"QN2lPu\">B\u0103ng keo hai m\u1eb7t Acrylic c\u00f3 th\u1ec3 gi\u1eb7t \u0111\u01b0\u1ee3c T\u00ednh n\u0103ng Ch\u1ed1ng m\u00e0i m\u00f2n, d\u1ea1ng l\u01b0\u1edbi, hai m\u1eb7t, keo d\u00ednh ch\u1eafc, kh\u00f4ng \u0111\u1ec3 l\u1ea1i c\u1eb7n keo C\u1eaft<\/p>\n<p class=\"QN2lPu\">\n<p class=\"QN2lPu\">B\u1ea1n c\u00f3 th\u1ec3 d\u00f9ng k\u00e9o c\u1eaft b\u0103ng keo theo nhu c\u1ea7u. <\/p>\n<p class=\"QN2lPu\">Lo\u1ea1i b\u0103ng keo n\u00e0y c\u00f3 th\u1ec3 x\u00e9 v\u00e0 d\u00e1n c\u00f9ng l\u00fac. <\/p>\n<p class=\"QN2lPu\">\n<p class=\"QN2lPu\">D\u1ec5 d\u00e0ng v\u00e0 nhanh ch\u00f3ng s\u1eed d\u1ee5ng, kh\u00f4ng \u0111\u1ec3 l\u1ea1i d\u1ea5u v\u1ebft sau khi x\u00e9.<\/p>\n<p class=\"QN2lPu\">\n<p class=\"QN2lPu\">C\u00f3 th\u1ec3 k\u00e9o gi\u00e3n: Lo\u1ea1i b\u0103ng keo n\u00e0y c\u00f3 hi\u1ec7u \u1ee9ng k\u00e9o gi\u00e3n t\u1ed1t v\u00e0 c\u00f3 th\u1ec3 b\u00f3c ra m\u00e0 kh\u00f4ng \u0111\u1ec3 l\u1ea1i b\u1ea5t k\u1ef3 d\u1ea5u v\u1ebft n\u00e0o. <\/p>\n<p class=\"QN2lPu\">\n<p class=\"QN2lPu\">Kh\u00f4ng \u0111\u1ec3 l\u1ea1i c\u1eb7n keo: X\u1eed l\u00fd li\u00ean k\u1ebft \u0111\u1eb7c bi\u1ec7t, \u0111\u1ed9 b\u00e1m d\u00ednh ch\u1eafc, li\u00ean k\u1ebft l\u00e2u d\u00e0i, kh\u00f4ng \u0111\u1ec3 l\u1ea1i c\u1eb7n tr\u00ean b\u1ec1 m\u1eb7t sau khi x\u00e9. <\/p>\n<p class=\"QN2lPu\">\n<p class=\"QN2lPu\">Th\u00f4ng s\u1ed1 k\u1ef9 thu\u1eadt Ch\u1ea5t li\u1ec7u: Axit Acrylic, V\u1ea3i s\u1ee3i <\/p>\n<p class=\"QN2lPu\">\n<p class=\"QN2lPu\">K\u00edch th\u01b0\u1edbc s\u1ea3n ph\u1ea9m: Chi\u1ec1u r\u1ed9ng: 2cm, \u0110\u1ed9 d\u00e0y: 1mm, Chi\u1ec1u d\u00e0i: 1\/3\/5m <\/p>\n<p class=\"QN2lPu\">\n<p class=\"QN2lPu\">G\u00f3i h\u00e0ng bao g\u1ed3m 1 cu\u1ed9n b\u0103ng keo hai m\u1eb7t KH\u00d4NG c\u00f3 h\u1ed9p b\u00e1n l\u1ebb. \u0110\u00f3ng g\u00f3i an to\u00e0n trong t\u00fai OPP. <\/p>\n<p class=\"QN2lPu\">\n<p class=\"QN2lPu\">L\u01b0u \u00fd: C\u00f3 th\u1ec3 c\u00f3 m\u1ed9t s\u1ed1 kh\u00e1c bi\u1ec7t nh\u1ecf trong t\u00f4ng m\u00e0u c\u1ee7a h\u00ecnh \u1ea3nh v\u00e0 s\u1ea3n ph\u1ea9m th\u1ef1c t\u1ebf. <\/p>\n<p class=\"QN2lPu\">Vui l\u00f2ng cho ph\u00e9p ch\u00eanh l\u1ec7ch 1-2mm do \u0111o l\u01b0\u1eddng th\u1ee7 c\u00f4ng, xin c\u1ea3m \u01a1n.<\/p>\n<\/div>\n","protected":false},"excerpt":{"rendered":"<p>B\u0103ng keo hai m\u1eb7t d\u1ea1ng l\u01b0\u1edbi Nano B\u0103ng keo li\u1ec1n m\u1ea1ch c\u00f3 \u0111\u1ed9 b\u00e1m d\u00ednh cao B\u0103ng keo hai m\u1eb7t Acrylic c\u00f3 th\u1ec3 gi\u1eb7t \u0111\u01b0\u1ee3c T\u00ednh n\u0103ng Ch\u1ed1ng m\u00e0i m\u00f2n, d\u1ea1ng l\u01b0\u1edbi, hai m\u1eb7t, keo d\u00ednh ch\u1eafc, kh\u00f4ng \u0111\u1ec3 l\u1ea1i c\u1eb7n keo C\u1eaft B\u1ea1n c\u00f3 th\u1ec3 d\u00f9ng k\u00e9o c\u1eaft b\u0103ng keo theo nhu c\u1ea7u. Lo\u1ea1i&#8230;<\/p>\n","protected":false},"featured_media":14550,"comment_status":"open","ping_status":"closed","template":"","meta":[],"product_brand":[],"product_cat":[1387],"product_tag":[],"class_list":{"0":"post-14512","1":"product","2":"type-product","3":"status-publish","4":"has-post-thumbnail","6":"product_cat-keo-chat-ket-dinh-cong-nghiep","8":"first","9":"instock","10":"sale","11":"shipping-taxable","12":"purchasable","13":"product-type-variable"},"_links":{"self":[{"href":"https:\/\/web-ban-le.mbws.vn\/dung-cu-tien-ich\/wp-json\/wp\/v2\/product\/14512","targetHints":{"allow":["GET"]}}],"collection":[{"href":"https:\/\/web-ban-le.mbws.vn\/dung-cu-tien-ich\/wp-json\/wp\/v2\/product"}],"about":[{"href":"https:\/\/web-ban-le.mbws.vn\/dung-cu-tien-ich\/wp-json\/wp\/v2\/types\/product"}],"replies":[{"embeddable":true,"href":"https:\/\/web-ban-le.mbws.vn\/dung-cu-tien-ich\/wp-json\/wp\/v2\/comments?post=14512"}],"wp:featuredmedia":[{"embeddable":true,"href":"https:\/\/web-ban-le.mbws.vn\/dung-cu-tien-ich\/wp-json\/wp\/v2\/media\/14550"}],"wp:attachment":[{"href":"https:\/\/web-ban-le.mbws.vn\/dung-cu-tien-ich\/wp-json\/wp\/v2\/media?parent=14512"}],"wp:term":[{"taxonomy":"product_brand","embeddable":true,"href":"https:\/\/web-ban-le.mbws.vn\/dung-cu-tien-ich\/wp-json\/wp\/v2\/product_brand?post=14512"},{"taxonomy":"product_cat","embeddable":true,"href":"https:\/\/web-ban-le.mbws.vn\/dung-cu-tien-ich\/wp-json\/wp\/v2\/product_cat?post=14512"},{"taxonomy":"product_tag","embeddable":true,"href":"https:\/\/web-ban-le.mbws.vn\/dung-cu-tien-ich\/wp-json\/wp\/v2\/product_tag?post=14512"}],"curies":[{"name":"wp","href":"https:\/\/api.w.org\/{rel}","templated":true}]}}