{"id":14513,"date":"2025-10-31T11:21:34","date_gmt":"2025-10-31T04:21:34","guid":{"rendered":"https:\/\/web-ban-le.mbws.vn\/dung-cu-tien-ich\/?post_type=product&#038;p=14513"},"modified":"2025-10-31T11:22:15","modified_gmt":"2025-10-31T04:22:15","slug":"%e2%9c%a8%ef%b8%8f%e2%9c%a8%ef%b8%8fxeng-cao-vet-ban-inox-ve-sinh-tu-lanh-xoong-noi-may-giat-da-nang-thep-khong-gi-cao-day-noi-mang-bam-bep","status":"publish","type":"product","link":"https:\/\/web-ban-le.mbws.vn\/dung-cu-tien-ich\/san-pham\/%e2%9c%a8%ef%b8%8f%e2%9c%a8%ef%b8%8fxeng-cao-vet-ban-inox-ve-sinh-tu-lanh-xoong-noi-may-giat-da-nang-thep-khong-gi-cao-day-noi-mang-bam-bep\/","title":{"rendered":"\u2728\ufe0f\u2728\ufe0fX\u1ebbng C\u1ea1o V\u1ebft B\u1ea9n INOX &#8211; V\u1ec7 Sinh T\u1ee7 L\u1ea1nh Xoong N\u1ed3i , M\u00e1y Gi\u1eb7t \u0110a N\u0103ng Th\u00e9p Kh\u00f4ng G\u1ec9 &#8211; C\u1ea1o \u0110\u00e1y N\u1ed3i &#8211; M\u1ea3ng B\u00e1m B\u1ebfp"},"content":{"rendered":"<div class=\"e8lZp3\">\n<p class=\"QN2lPu\">430 Th\u00e9p kh\u00f4ng g\u1ec9 \u0110a m\u1ee5c \u0111\u00edch l\u00e0m s\u1ea1ch m\u00e1y c\u1ea1o s\u00e0n v\u1eefa c\u1ea1o g\u1ea1ch c\u1ea1o<\/p>\n<p class=\"QN2lPu\">\n<p class=\"QN2lPu\">T\u00ednh n\u0103ng<\/p>\n<p class=\"QN2lPu\">\u0110a ch\u1ee9c n\u0103ng, Lo\u1ea1i b\u1ecf b\u1ee5i b\u1ea9n, In offset, Th\u00e9p kh\u00f4ng g\u1ec9, L\u00e0m d\u00e0y<\/p>\n<p class=\"QN2lPu\">Ch\u1ea5t li\u1ec7u ch\u1ea5t l\u01b0\u1ee3ng cao: X\u1ebbng n\u00e0y \u0111\u01b0\u1ee3c l\u00e0m b\u1eb1ng v\u1eadt li\u1ec7u th\u00e9p kh\u00f4ng g\u1ec9 ch\u1ea5t l\u01b0\u1ee3ng cao, v\u1eadt li\u1ec7u d\u00e0y, c\u00f3 \u0111\u1ed9 c\u1ee9ng cao v\u00e0 kh\u00f4ng d\u1ec5 b\u1ecb ph\u00e1 v\u1ee1.<\/p>\n<p class=\"QN2lPu\">Tay c\u1ea7m tho\u1ea3i m\u00e1i: ph\u00f9 h\u1ee3p v\u1edbi h\u00ecnh d\u1ea1ng c\u1ee7a b\u00e0n tay, cung c\u1ea5p m\u1ed9t s\u1ef1 c\u1ea7m tho\u1ea3i m\u00e1i, v\u00e0 c\u00f3 m\u1ed9t thi\u1ebft k\u1ebf l\u1ed7 treo \u1edf cu\u1ed1i \u0111\u1ec3 d\u1ec5 d\u00e0ng treo v\u00e0 l\u01b0u tr\u1eef.<\/p>\n<p class=\"QN2lPu\">\u0110a ch\u1ee9c n\u0103ng: C\u1ea1nh l\u01b0\u1ee1i tr\u00f2n v\u00e0 s\u1eafc n\u00e9t, d\u1ec5 l\u00e0m s\u1ea1ch d\u1ea7u stuorn sta, c\u00f3 th\u1ec3 lo\u1ea1i b\u1ecf b\u1ee5i b\u1ea9n, d\u1ea7u sta, in offset, vv, N\u00f3 c\u0169ng c\u00f3 th\u1ec3 \u0111\u01b0\u1ee3c s\u1eed d\u1ee5ng nh\u01b0 m\u1ed9t c\u00e2y x\u1ebbng l\u00e0m v\u01b0\u1eddn.<\/p>\n<p class=\"QN2lPu\">\n<p class=\"QN2lPu\">\u0110\u1eb7c \u0111i\u1ec3m k\u1ef9 thu\u1eadt<\/p>\n<p class=\"QN2lPu\">Ch\u1ea5t li\u1ec7u: Th\u00e9p kh\u00f4ng g\u1ec9 430<\/p>\n<p class=\"QN2lPu\">K\u00edch th\u01b0\u1edbc s\u1ea3n ph\u1ea9m: 16,5 x 4,5 x 1,5cm<\/p>\n<p class=\"QN2lPu\">\n<p class=\"QN2lPu\">G\u00f3i bao g\u1ed3m<\/p>\n<p class=\"QN2lPu\">1 x Scraper<\/p>\n<p class=\"QN2lPu\">Kh\u00f4ng c\u00f3 h\u1ed9p b\u00e1n l\u1ebb.\u0110\u00f3ng g\u00f3i an to\u00e0n trong t\u00fai.<\/p>\n<p class=\"QN2lPu\">\n<p class=\"QN2lPu\">L\u01b0u \u00fd:<\/p>\n<p class=\"QN2lPu\">C\u00f3 th\u1ec3 c\u00f3 m\u1ed9t s\u1ed1 s\u1ef1 kh\u00e1c bi\u1ec7t nh\u1ecf trong t\u00f4ng m\u00e0u c\u1ee7a h\u00ecnh \u1ea3nh v\u00e0 m\u1eb7t h\u00e0ng th\u1ef1c t\u1ebf.<\/p>\n<p class=\"QN2lPu\">Xin cho ph\u00e9p 1-2mm kh\u00e1c nhau do \u0111o b\u1eb1ng tay, c\u1ea3m \u01a1n.<\/p>\n<\/div>\n","protected":false},"excerpt":{"rendered":"<p>430 Th\u00e9p kh\u00f4ng g\u1ec9 \u0110a m\u1ee5c \u0111\u00edch l\u00e0m s\u1ea1ch m\u00e1y c\u1ea1o s\u00e0n v\u1eefa c\u1ea1o g\u1ea1ch c\u1ea1o T\u00ednh n\u0103ng \u0110a ch\u1ee9c n\u0103ng, Lo\u1ea1i b\u1ecf b\u1ee5i b\u1ea9n, In offset, Th\u00e9p kh\u00f4ng g\u1ec9, L\u00e0m d\u00e0y Ch\u1ea5t li\u1ec7u ch\u1ea5t l\u01b0\u1ee3ng cao: X\u1ebbng n\u00e0y \u0111\u01b0\u1ee3c l\u00e0m b\u1eb1ng v\u1eadt li\u1ec7u th\u00e9p kh\u00f4ng g\u1ec9 ch\u1ea5t l\u01b0\u1ee3ng cao, v\u1eadt li\u1ec7u d\u00e0y, c\u00f3 \u0111\u1ed9&#8230;<\/p>\n","protected":false},"featured_media":14565,"comment_status":"open","ping_status":"closed","template":"","meta":[],"product_brand":[],"product_cat":[1384],"product_tag":[],"class_list":{"0":"post-14513","1":"product","2":"type-product","3":"status-publish","4":"has-post-thumbnail","6":"product_cat-ban-chai-ve-sinh","8":"first","9":"instock","10":"sale","11":"shipping-taxable","12":"purchasable","13":"product-type-simple"},"_links":{"self":[{"href":"https:\/\/web-ban-le.mbws.vn\/dung-cu-tien-ich\/wp-json\/wp\/v2\/product\/14513","targetHints":{"allow":["GET"]}}],"collection":[{"href":"https:\/\/web-ban-le.mbws.vn\/dung-cu-tien-ich\/wp-json\/wp\/v2\/product"}],"about":[{"href":"https:\/\/web-ban-le.mbws.vn\/dung-cu-tien-ich\/wp-json\/wp\/v2\/types\/product"}],"replies":[{"embeddable":true,"href":"https:\/\/web-ban-le.mbws.vn\/dung-cu-tien-ich\/wp-json\/wp\/v2\/comments?post=14513"}],"wp:featuredmedia":[{"embeddable":true,"href":"https:\/\/web-ban-le.mbws.vn\/dung-cu-tien-ich\/wp-json\/wp\/v2\/media\/14565"}],"wp:attachment":[{"href":"https:\/\/web-ban-le.mbws.vn\/dung-cu-tien-ich\/wp-json\/wp\/v2\/media?parent=14513"}],"wp:term":[{"taxonomy":"product_brand","embeddable":true,"href":"https:\/\/web-ban-le.mbws.vn\/dung-cu-tien-ich\/wp-json\/wp\/v2\/product_brand?post=14513"},{"taxonomy":"product_cat","embeddable":true,"href":"https:\/\/web-ban-le.mbws.vn\/dung-cu-tien-ich\/wp-json\/wp\/v2\/product_cat?post=14513"},{"taxonomy":"product_tag","embeddable":true,"href":"https:\/\/web-ban-le.mbws.vn\/dung-cu-tien-ich\/wp-json\/wp\/v2\/product_tag?post=14513"}],"curies":[{"name":"wp","href":"https:\/\/api.w.org\/{rel}","templated":true}]}}