{"id":14514,"date":"2025-10-31T11:21:34","date_gmt":"2025-10-31T04:21:34","guid":{"rendered":"https:\/\/web-ban-le.mbws.vn\/dung-cu-tien-ich\/?post_type=product&#038;p=14514"},"modified":"2025-10-31T18:49:52","modified_gmt":"2025-10-31T11:49:52","slug":"%e2%9c%a8%ef%b8%8f%e2%9c%a8%ef%b8%8f1-cai-moc-treo-tuong-khong-danh-dau-dinh-khoa-dam-gia-nap-bep-de-thuong-nhieu-mau-sac-gia-de-do-khan-tay","status":"publish","type":"product","link":"https:\/\/web-ban-le.mbws.vn\/dung-cu-tien-ich\/san-pham\/%e2%9c%a8%ef%b8%8f%e2%9c%a8%ef%b8%8f1-cai-moc-treo-tuong-khong-danh-dau-dinh-khoa-dam-gia-nap-bep-de-thuong-nhieu-mau-sac-gia-de-do-khan-tay\/","title":{"rendered":"\u2728\ufe0f\u2728\ufe0f1 C\u00e1i M\u00f3c Treo T\u01b0\u1eddng Kh\u00f4ng \u0110\u00e1nh D\u1ea5u D\u00ednh Kh\u00f3a \u0110\u1ea5m Gi\u00e1 N\u1eafp B\u1ebfp D\u1ec5 Th\u01b0\u01a1ng Nhi\u1ec1u M\u00e0u S\u1eafc Gi\u00e1 \u0110\u1ec3 \u0110\u1ed3 Kh\u0103n Tay"},"content":{"rendered":"<div class=\"e8lZp3\">\n<p class=\"QN2lPu\">Dopamine Hair Rope Headband Storage Rack Bathroom Hair Accessories Hook Jewelry Storage Rack<\/p>\n<p class=\"QN2lPu\">\n<p class=\"QN2lPu\">Features<\/p>\n<p class=\"QN2lPu\">Strong\uff0c Creative\uff0c Nail-free\uff0c Simple\uff0c Seamless<\/p>\n<p class=\"QN2lPu\">High quality: This nail free hook is exquisitely crafted\uff0c waterproof\uff0c lightweight\uff0c and durable. The edge of the hook is smooth to ensure that the clothes are not scratched or peeled off.<\/p>\n<p class=\"QN2lPu\">Easy to tall: This hook does not require drilling. After cleaning the surface of the object\uff0c simply peel off the protective film on the back of the practical hook and stick it to walls\uff0c doors\uff0c refrigerators\uff0c and other places.<\/p>\n<p class=\"QN2lPu\">Multipurpose: This hook is widely used on various surfaces such as ceramics\uff0c tiles\uff0c metals\uff0c and wood. Used for hanging hair rings\uff0c hair clips\uff0c etc. in bedrooms\uff0c living rooms\uff0c bathrooms\uff0c and other places.<\/p>\n<p class=\"QN2lPu\">\n<p class=\"QN2lPu\">Specification<\/p>\n<p class=\"QN2lPu\">Material: Plastic<\/p>\n<p class=\"QN2lPu\">Product Size: 14 x 4.5 x 1cm<\/p>\n<p class=\"QN2lPu\">\n<p class=\"QN2lPu\">Package Included<\/p>\n<p class=\"QN2lPu\">1 x Hook<\/p>\n<p class=\"QN2lPu\">NO Retail Box. Packed Safely in OPP Bag.<\/p>\n<p class=\"QN2lPu\">\n<p class=\"QN2lPu\">Note:<\/p>\n<p class=\"QN2lPu\">There could be some slight differences in the color tone of the pictures and the actual item.<\/p>\n<p class=\"QN2lPu\">Please allow 1-2mm differs due to manual measurement\uff0c thanks.<\/p>\n<\/div>\n","protected":false},"excerpt":{"rendered":"<p>Dopamine Hair Rope Headband Storage Rack Bathroom Hair Accessories Hook Jewelry Storage Rack Features Strong\uff0c Creative\uff0c Nail-free\uff0c Simple\uff0c Seamless High quality: This nail free hook is exquisitely crafted\uff0c waterproof\uff0c lightweight\uff0c and durable. The edge of the hook is smooth to ensure that the clothes are not scratched or peeled off. Easy to tall: This hook&#8230;<\/p>\n","protected":false},"featured_media":14575,"comment_status":"open","ping_status":"closed","template":"","meta":[],"product_brand":[1539],"product_cat":[1389],"product_tag":[],"class_list":{"0":"post-14514","1":"product","2":"type-product","3":"status-publish","4":"has-post-thumbnail","6":"product_brand-3m","7":"product_cat-moc-treo-chot-va-moc","9":"first","10":"instock","11":"sale","12":"shipping-taxable","13":"purchasable","14":"product-type-variable"},"_links":{"self":[{"href":"https:\/\/web-ban-le.mbws.vn\/dung-cu-tien-ich\/wp-json\/wp\/v2\/product\/14514","targetHints":{"allow":["GET"]}}],"collection":[{"href":"https:\/\/web-ban-le.mbws.vn\/dung-cu-tien-ich\/wp-json\/wp\/v2\/product"}],"about":[{"href":"https:\/\/web-ban-le.mbws.vn\/dung-cu-tien-ich\/wp-json\/wp\/v2\/types\/product"}],"replies":[{"embeddable":true,"href":"https:\/\/web-ban-le.mbws.vn\/dung-cu-tien-ich\/wp-json\/wp\/v2\/comments?post=14514"}],"wp:featuredmedia":[{"embeddable":true,"href":"https:\/\/web-ban-le.mbws.vn\/dung-cu-tien-ich\/wp-json\/wp\/v2\/media\/14575"}],"wp:attachment":[{"href":"https:\/\/web-ban-le.mbws.vn\/dung-cu-tien-ich\/wp-json\/wp\/v2\/media?parent=14514"}],"wp:term":[{"taxonomy":"product_brand","embeddable":true,"href":"https:\/\/web-ban-le.mbws.vn\/dung-cu-tien-ich\/wp-json\/wp\/v2\/product_brand?post=14514"},{"taxonomy":"product_cat","embeddable":true,"href":"https:\/\/web-ban-le.mbws.vn\/dung-cu-tien-ich\/wp-json\/wp\/v2\/product_cat?post=14514"},{"taxonomy":"product_tag","embeddable":true,"href":"https:\/\/web-ban-le.mbws.vn\/dung-cu-tien-ich\/wp-json\/wp\/v2\/product_tag?post=14514"}],"curies":[{"name":"wp","href":"https:\/\/api.w.org\/{rel}","templated":true}]}}