{"id":14516,"date":"2025-10-31T11:21:34","date_gmt":"2025-10-31T04:21:34","guid":{"rendered":"https:\/\/web-ban-le.mbws.vn\/dung-cu-tien-ich\/?post_type=product&#038;p=14516"},"modified":"2025-10-31T18:49:52","modified_gmt":"2025-10-31T11:49:52","slug":"%e2%9c%a8%ef%b8%8f%e2%9c%a8%ef%b8%8fsang-tao-day-buoc-toc-dau-moc-phong-tam-treo-tuong-dam-toc-mien-phi-dau-day-luoc-trang-suc-gia-de-do","status":"publish","type":"product","link":"https:\/\/web-ban-le.mbws.vn\/dung-cu-tien-ich\/san-pham\/%e2%9c%a8%ef%b8%8f%e2%9c%a8%ef%b8%8fsang-tao-day-buoc-toc-dau-moc-phong-tam-treo-tuong-dam-toc-mien-phi-dau-day-luoc-trang-suc-gia-de-do\/","title":{"rendered":"\u2728\ufe0f\u2728\ufe0fS\u00e1ng T\u1ea1o D\u00e2y Bu\u1ed9c T\u00f3c \u0110\u1ea7u M\u00f3c Ph\u00f2ng T\u1eafm Treo T\u01b0\u1eddng \u0110\u1ea5m T\u00f3c Mi\u1ec5n Ph\u00ed \u0110\u1ea7u D\u00e2y L\u01b0\u1ee3c Trang S\u1ee9c Gi\u00e1 \u0110\u1ec3 \u0110\u1ed3"},"content":{"rendered":"<div class=\"e8lZp3\">\n<p class=\"QN2lPu\">D\u00e2y bu\u1ed9c t\u00f3c B\u0103ng \u0111\u00f4 trang s\u1ee9c M\u00f3c treo ph\u00f2ng t\u1eafm Gi\u00e1 l\u01b0u tr\u1eef treo t\u01b0\u1eddng Gi\u00e1 l\u01b0u tr\u1eef l\u01b0\u1ee3c kh\u00f4ng \u0111\u1ee5c l\u1ed7<\/p>\n<p class=\"QN2lPu\">\n<p class=\"QN2lPu\">t\u00ednh n\u0103ng<\/p>\n<p class=\"QN2lPu\">M\u1ea1nh m\u1ebd, S\u00e1ng t\u1ea1o, Kh\u00f4ng c\u00f3 m\u00f3ng tay, \u0110\u01a1n gi\u1ea3n, Li\u1ec1n m\u1ea1ch<\/p>\n<p class=\"QN2lPu\">Ch\u1ea5t l\u01b0\u1ee3ng cao: M\u00f3c kh\u00f4ng c\u00f3 \u0111inh n\u00e0y \u0111\u01b0\u1ee3c l\u00e0m th\u1ee7 c\u00f4ng tinh x\u1ea3o, kh\u00f4ng th\u1ea5m n\u01b0\u1edbc, nh\u1eb9 v\u00e0 b\u1ec1n. C\u1ea1nh m\u00f3c nh\u1eb5n \u0111\u1ea3m b\u1ea3o qu\u1ea7n \u00e1o kh\u00f4ng b\u1ecb tr\u1ea7y x\u01b0\u1edbc, bong tr\u00f3c.<\/p>\n<p class=\"QN2lPu\">D\u1ec5 cao: M\u00f3c n\u00e0y kh\u00f4ng c\u1ea7n khoan. Sau khi l\u00e0m s\u1ea1ch b\u1ec1 m\u1eb7t c\u1ee7a v\u1eadt th\u1ec3, ch\u1ec9 c\u1ea7n b\u00f3c l\u1edbp m\u00e0ng b\u1ea3o v\u1ec7 \u1edf m\u1eb7t sau c\u1ee7a m\u00f3c th\u1ef1c t\u1ebf v\u00e0 d\u00e1n n\u00f3 v\u00e0o t\u01b0\u1eddng, c\u1eeda ra v\u00e0o, t\u1ee7 l\u1ea1nh v\u00e0 nh\u1eefng n\u01a1i kh\u00e1c.<\/p>\n<p class=\"QN2lPu\">\u0110a n\u0103ng: M\u00f3c n\u00e0y \u0111\u01b0\u1ee3c s\u1eed d\u1ee5ng r\u1ed9ng r\u00e3i tr\u00ean c\u00e1c b\u1ec1 m\u1eb7t kh\u00e1c nhau nh\u01b0 g\u1ed1m s\u1ee9, g\u1ea1ch, kim lo\u1ea1i v\u00e0 g\u1ed7. \u0110\u01b0\u1ee3c s\u1eed d\u1ee5ng \u0111\u1ec3 treo v\u00f2ng t\u00f3c, k\u1eb9p t\u00f3c,&#8230; trong ph\u00f2ng ng\u1ee7, ph\u00f2ng kh\u00e1ch, ph\u00f2ng t\u1eafm v\u00e0 nh\u1eefng n\u01a1i kh\u00e1c.<\/p>\n<p class=\"QN2lPu\">\n<p class=\"QN2lPu\">\u0110\u1eb7c \u0111i\u1ec3m k\u1ef9 thu\u1eadt<\/p>\n<p class=\"QN2lPu\">Ch\u1ea5t li\u1ec7u: Nh\u1ef1a<\/p>\n<p class=\"QN2lPu\">K\u00edch th\u01b0\u1edbc s\u1ea3n ph\u1ea9m: 11,5 x 7,5 x 1cm<\/p>\n<p class=\"QN2lPu\">\n<p class=\"QN2lPu\">G\u00f3i bao g\u1ed3m<\/p>\n<p class=\"QN2lPu\">1 x M\u00f3c (M\u00e0u ng\u1eabu nhi\u00ean)<\/p>\n<p class=\"QN2lPu\">Kh\u00f4ng c\u00f3 h\u1ed9p b\u00e1n l\u1ebb. \u0110\u00f3ng g\u00f3i an to\u00e0n trong t\u00fai OPP.<\/p>\n<p class=\"QN2lPu\">\n<p class=\"QN2lPu\">L\u01b0u \u00fd:<\/p>\n<p class=\"QN2lPu\">C\u00f3 th\u1ec3 c\u00f3 m\u1ed9t s\u1ed1 kh\u00e1c bi\u1ec7t nh\u1ecf trong t\u00f4ng m\u00e0u c\u1ee7a h\u00ecnh \u1ea3nh v\u00e0 m\u1eb7t h\u00e0ng th\u1ef1c t\u1ebf.<\/p>\n<p class=\"QN2lPu\">Vui l\u00f2ng cho ph\u00e9p ch\u00eanh l\u1ec7ch 1-2mm do \u0111o l\u01b0\u1eddng th\u1ee7 c\u00f4ng, c\u1ea3m \u01a1n.<\/p>\n<\/div>\n","protected":false},"excerpt":{"rendered":"<p>D\u00e2y bu\u1ed9c t\u00f3c B\u0103ng \u0111\u00f4 trang s\u1ee9c M\u00f3c treo ph\u00f2ng t\u1eafm Gi\u00e1 l\u01b0u tr\u1eef treo t\u01b0\u1eddng Gi\u00e1 l\u01b0u tr\u1eef l\u01b0\u1ee3c kh\u00f4ng \u0111\u1ee5c l\u1ed7 t\u00ednh n\u0103ng M\u1ea1nh m\u1ebd, S\u00e1ng t\u1ea1o, Kh\u00f4ng c\u00f3 m\u00f3ng tay, \u0110\u01a1n gi\u1ea3n, Li\u1ec1n m\u1ea1ch Ch\u1ea5t l\u01b0\u1ee3ng cao: M\u00f3c kh\u00f4ng c\u00f3 \u0111inh n\u00e0y \u0111\u01b0\u1ee3c l\u00e0m th\u1ee7 c\u00f4ng tinh x\u1ea3o, kh\u00f4ng th\u1ea5m n\u01b0\u1edbc, nh\u1eb9&#8230;<\/p>\n","protected":false},"featured_media":14609,"comment_status":"open","ping_status":"closed","template":"","meta":[],"product_brand":[1539],"product_cat":[1389],"product_tag":[],"class_list":{"0":"post-14516","1":"product","2":"type-product","3":"status-publish","4":"has-post-thumbnail","6":"product_brand-3m","7":"product_cat-moc-treo-chot-va-moc","9":"first","10":"instock","11":"sale","12":"shipping-taxable","13":"purchasable","14":"product-type-simple"},"_links":{"self":[{"href":"https:\/\/web-ban-le.mbws.vn\/dung-cu-tien-ich\/wp-json\/wp\/v2\/product\/14516","targetHints":{"allow":["GET"]}}],"collection":[{"href":"https:\/\/web-ban-le.mbws.vn\/dung-cu-tien-ich\/wp-json\/wp\/v2\/product"}],"about":[{"href":"https:\/\/web-ban-le.mbws.vn\/dung-cu-tien-ich\/wp-json\/wp\/v2\/types\/product"}],"replies":[{"embeddable":true,"href":"https:\/\/web-ban-le.mbws.vn\/dung-cu-tien-ich\/wp-json\/wp\/v2\/comments?post=14516"}],"wp:featuredmedia":[{"embeddable":true,"href":"https:\/\/web-ban-le.mbws.vn\/dung-cu-tien-ich\/wp-json\/wp\/v2\/media\/14609"}],"wp:attachment":[{"href":"https:\/\/web-ban-le.mbws.vn\/dung-cu-tien-ich\/wp-json\/wp\/v2\/media?parent=14516"}],"wp:term":[{"taxonomy":"product_brand","embeddable":true,"href":"https:\/\/web-ban-le.mbws.vn\/dung-cu-tien-ich\/wp-json\/wp\/v2\/product_brand?post=14516"},{"taxonomy":"product_cat","embeddable":true,"href":"https:\/\/web-ban-le.mbws.vn\/dung-cu-tien-ich\/wp-json\/wp\/v2\/product_cat?post=14516"},{"taxonomy":"product_tag","embeddable":true,"href":"https:\/\/web-ban-le.mbws.vn\/dung-cu-tien-ich\/wp-json\/wp\/v2\/product_tag?post=14516"}],"curies":[{"name":"wp","href":"https:\/\/api.w.org\/{rel}","templated":true}]}}