{"id":14604,"date":"2025-10-31T11:22:37","date_gmt":"2025-10-31T04:22:37","guid":{"rendered":"https:\/\/web-ban-le.mbws.vn\/dung-cu-tien-ich\/?post_type=product&#038;p=14604"},"modified":"2025-10-31T18:49:52","modified_gmt":"2025-10-31T11:49:52","slug":"%e2%9c%a8%e2%9c%a8moc-luu-tru-mu-moc-treo-mu-vong-tron-chong-danh-dau-khan-quang-co-chong-truot-thoi-trang-gia-treo-khan","status":"publish","type":"product","link":"https:\/\/web-ban-le.mbws.vn\/dung-cu-tien-ich\/san-pham\/%e2%9c%a8%e2%9c%a8moc-luu-tru-mu-moc-treo-mu-vong-tron-chong-danh-dau-khan-quang-co-chong-truot-thoi-trang-gia-treo-khan\/","title":{"rendered":"\u2728\u2728M\u00f3c l\u01b0u tr\u1eef m\u0169 , M\u00f3c treo m\u0169 v\u00f2ng tr\u00f2n ch\u1ed1ng \u0111\u00e1nh d\u1ea5u, Kh\u0103n qu\u00e0ng c\u1ed5 ch\u1ed1ng tr\u01b0\u1ee3t th\u1eddi trang Gi\u00e1 treo kh\u0103n"},"content":{"rendered":"<div class=\"e8lZp3\">\n<p class=\"QN2lPu\">Home Scarf Holder Bedroom Multifunctional Rotatable Hook Circular Hat Holder<\/p>\n<p class=\"QN2lPu\">\n<p class=\"QN2lPu\">Features<\/p>\n<p class=\"QN2lPu\">Sturdy, Nail Free, Anti Slip, Multifunctional<\/p>\n<p class=\"QN2lPu\">High Quality: This nail free hook is exquisitely crafted, waterproof, lightweight, and durable. The smooth circular hook ensures that the clothes will not be scratched or peeled off.<\/p>\n<p class=\"QN2lPu\">Easy to tall: This hook does not require drilling. Can be directly fixed and easy to disassemble. Can be fixed behind doors, cabinet doors, etc., saving space.<\/p>\n<p class=\"QN2lPu\">Multi Purpose: A hanger shaped hook that is easy to hang and retrieve, can store scarves, hats, camisoles, and more.<\/p>\n<p class=\"QN2lPu\">\n<p class=\"QN2lPu\">Specification<\/p>\n<p class=\"QN2lPu\">Material: Plastic<\/p>\n<p class=\"QN2lPu\">Product Size: 10 x 8 x 0.6cm<\/p>\n<p class=\"QN2lPu\">\n<p class=\"QN2lPu\">Package Included<\/p>\n<p class=\"QN2lPu\">1 x Hook<\/p>\n<p class=\"QN2lPu\">NO Retail Box. Packed Safely in OPP Bag.<\/p>\n<p class=\"QN2lPu\">\n<p class=\"QN2lPu\">Note:<\/p>\n<p class=\"QN2lPu\">There could be some slight differences in the color tone of the pictures and the actual item.<\/p>\n<p class=\"QN2lPu\">Please allow 1-2mm differs due to manual measurement, thanks.<\/p>\n<\/div>\n","protected":false},"excerpt":{"rendered":"<p>Home Scarf Holder Bedroom Multifunctional Rotatable Hook Circular Hat Holder Features Sturdy, Nail Free, Anti Slip, Multifunctional High Quality: This nail free hook is exquisitely crafted, waterproof, lightweight, and durable. The smooth circular hook ensures that the clothes will not be scratched or peeled off. Easy to tall: This hook does not require drilling. Can&#8230;<\/p>\n","protected":false},"featured_media":14686,"comment_status":"open","ping_status":"closed","template":"","meta":[],"product_brand":[1539],"product_cat":[1389],"product_tag":[],"class_list":{"0":"post-14604","1":"product","2":"type-product","3":"status-publish","4":"has-post-thumbnail","6":"product_brand-3m","7":"product_cat-moc-treo-chot-va-moc","9":"first","10":"instock","11":"sale","12":"shipping-taxable","13":"purchasable","14":"product-type-variable"},"_links":{"self":[{"href":"https:\/\/web-ban-le.mbws.vn\/dung-cu-tien-ich\/wp-json\/wp\/v2\/product\/14604","targetHints":{"allow":["GET"]}}],"collection":[{"href":"https:\/\/web-ban-le.mbws.vn\/dung-cu-tien-ich\/wp-json\/wp\/v2\/product"}],"about":[{"href":"https:\/\/web-ban-le.mbws.vn\/dung-cu-tien-ich\/wp-json\/wp\/v2\/types\/product"}],"replies":[{"embeddable":true,"href":"https:\/\/web-ban-le.mbws.vn\/dung-cu-tien-ich\/wp-json\/wp\/v2\/comments?post=14604"}],"wp:featuredmedia":[{"embeddable":true,"href":"https:\/\/web-ban-le.mbws.vn\/dung-cu-tien-ich\/wp-json\/wp\/v2\/media\/14686"}],"wp:attachment":[{"href":"https:\/\/web-ban-le.mbws.vn\/dung-cu-tien-ich\/wp-json\/wp\/v2\/media?parent=14604"}],"wp:term":[{"taxonomy":"product_brand","embeddable":true,"href":"https:\/\/web-ban-le.mbws.vn\/dung-cu-tien-ich\/wp-json\/wp\/v2\/product_brand?post=14604"},{"taxonomy":"product_cat","embeddable":true,"href":"https:\/\/web-ban-le.mbws.vn\/dung-cu-tien-ich\/wp-json\/wp\/v2\/product_cat?post=14604"},{"taxonomy":"product_tag","embeddable":true,"href":"https:\/\/web-ban-le.mbws.vn\/dung-cu-tien-ich\/wp-json\/wp\/v2\/product_tag?post=14604"}],"curies":[{"name":"wp","href":"https:\/\/api.w.org\/{rel}","templated":true}]}}