{"id":14606,"date":"2025-10-31T11:22:38","date_gmt":"2025-10-31T04:22:38","guid":{"rendered":"https:\/\/web-ban-le.mbws.vn\/dung-cu-tien-ich\/?post_type=product&#038;p=14606"},"modified":"2025-10-31T11:24:08","modified_gmt":"2025-10-31T04:24:08","slug":"%e2%9c%a8%ef%b8%8f%e2%9c%a8%ef%b8%8fda-mai-dao-keo-khaison-mai-kim-loai-day-6mm-gan-may-mai-goc-may-cat-cam-tay","status":"publish","type":"product","link":"https:\/\/web-ban-le.mbws.vn\/dung-cu-tien-ich\/san-pham\/%e2%9c%a8%ef%b8%8f%e2%9c%a8%ef%b8%8fda-mai-dao-keo-khaison-mai-kim-loai-day-6mm-gan-may-mai-goc-may-cat-cam-tay\/","title":{"rendered":"\u2728\ufe0f\u2728\ufe0f\u0110\u00e1 m\u00e0i dao k\u00e9o KHAISON, m\u00e0i kim lo\u1ea1i d\u00e0y 6mm g\u1eafn m\u00e1y m\u00e0i g\u00f3c, m\u00e1y c\u1eaft c\u1ea7m tay"},"content":{"rendered":"<div class=\"e8lZp3\">\n<p class=\"QN2lPu\">\u0110\u1ec3 \u00fd:C\u00e1c s\u1ea3n ph\u1ea9m c\u00f3 c\u00f9ng k\u00edch th\u01b0\u1edbc nh\u01b0ng \u0111\u1ed9 d\u00e0y kh\u00e1c nhau. S\u1ed1 c\u00e0ng l\u1edbn th\u00ec s\u1ea3n ph\u1ea9m c\u00e0ng d\u00e0y.<\/p>\n<p class=\"QN2lPu\">\n<p class=\"QN2lPu\">M\u00e1y m\u00e0i g\u00f3c \u0110\u00e1 m\u00e0i \u0110\u1ed3 d\u00f9ng nh\u00e0 b\u1ebfp \u0110\u00e1 m\u00e0i Kim lo\u1ea1i d\u00e0y T\u00ednh n\u0103ng \u0110\u00e1 m\u00e0i C\u1ea1nh m\u00e0i, B\u1ec1n, Ch\u1ed1ng \u0111\u1ed9ng \u0111\u1ea5t<\/p>\n<p class=\"QN2lPu\">\n<p class=\"QN2lPu\">\u1ee8ng d\u1ee5ng r\u1ed9ng r\u00e3i trong nh\u00e0: \u0110\u0129a \u0111\u00e1nh b\u00f3ng n\u00e0y c\u00f3 th\u1ec3 \u0111\u01b0\u1ee3c s\u1eed d\u1ee5ng k\u1ebft h\u1ee3p v\u1edbi m\u00e1y m\u00e0i g\u00f3c, m\u00e1y khoan \u0111i\u1ec7n v\u00e0 c\u00e1c d\u1ee5ng c\u1ee5 kh\u00e1c, ph\u00f9 h\u1ee3p \u0111\u1ec3 \u0111\u00e1nh b\u00f3ng nhi\u1ec1u lo\u1ea1i kim lo\u1ea1i v\u00e0 \u0111\u00e1. <\/p>\n<p class=\"QN2lPu\">\n<p class=\"QN2lPu\">Ch\u1ed1ng \u0111\u1ed9ng \u0111\u1ea5t: \u0110\u01b0\u1ee3c l\u00e0m b\u1eb1ng tay ngh\u1ec1 th\u1ee7 c\u00f4ng tinh x\u1ea3o v\u00e0 v\u1eadt li\u1ec7u ch\u1ea5t l\u01b0\u1ee3ng cao, c\u00f3 hi\u1ec7u su\u1ea5t ch\u1ecbu k\u00e9o, va \u0111\u1eadp v\u00e0 u\u1ed1n cong cao, kh\u00f4ng b\u1ecb bi\u1ebfn d\u1ea1ng ho\u1eb7c g\u00e3y trong qu\u00e1 tr\u00ecnh s\u1eed d\u1ee5ng, gi\u1ea3m nguy c\u01a1 m\u1ea5t an to\u00e0n. <\/p>\n<p class=\"QN2lPu\">\n<p class=\"QN2lPu\">B\u1ec1n: Nguy\u00ean li\u1ec7u th\u00f4 ch\u1ea5t l\u01b0\u1ee3ng cao, m\u1eadt \u0111\u1ed9 cao, \u0111\u00e1nh b\u00f3ng d\u1ec5 h\u01a1n, tu\u1ed5i th\u1ecd cao v\u00e0 b\u1ec1n h\u01a1n. <\/p>\n<p class=\"QN2lPu\">\n<p class=\"QN2lPu\">Quy tr\u00ecnh h\u00e0n m\u1edbi c\u00f3 th\u1ec3 c\u1ed1 \u0111\u1ecbnh ch\u1eafc ch\u1eafn c\u00e1c h\u1ea1t tr\u00ean ch\u1ea5t n\u1ec1n, gi\u00fap ch\u00fang b\u1ec1n h\u01a1n v\u00e0 \u00edt b\u1ecb bong ra h\u01a1n. <\/p>\n<p class=\"QN2lPu\">\n<p class=\"QN2lPu\">\u0110\u1eb7c \u0111i\u1ec3m k\u1ef9 thu\u1eadt Ch\u1ea5t li\u1ec7u: Nh\u1ef1a nh\u00f4m nung ch\u1ea3y m\u00e0u tr\u1eafng <\/p>\n<p class=\"QN2lPu\">\n<p class=\"QN2lPu\">K\u00edch th\u01b0\u1edbc s\u1ea3n ph\u1ea9m: 10 x 10 x 0,6cm <\/p>\n<p class=\"QN2lPu\">\n<p class=\"QN2lPu\">G\u00f3i h\u00e0ng bao g\u1ed3m 1 x \u0110\u00e1 m\u00e0i KH\u00d4NG C\u00d3 H\u1ed9p b\u00e1n l\u1ebb. <\/p>\n<p class=\"QN2lPu\">\u0110\u00f3ng g\u00f3i an to\u00e0n trong T\u00fai.<\/p>\n<p class=\"QN2lPu\">\n<p class=\"QN2lPu\">L\u01b0u \u00fd: C\u00f3 th\u1ec3 c\u00f3 m\u1ed9t s\u1ed1 kh\u00e1c bi\u1ec7t nh\u1ecf trong t\u00f4ng m\u00e0u c\u1ee7a h\u00ecnh \u1ea3nh v\u00e0 s\u1ea3n ph\u1ea9m th\u1ef1c t\u1ebf. <\/p>\n<p class=\"QN2lPu\">Vui l\u00f2ng cho ph\u00e9p ch\u00eanh l\u1ec7ch 1-2mm do \u0111o th\u1ee7 c\u00f4ng, c\u1ea3m \u01a1n.<\/p>\n<\/div>\n","protected":false},"excerpt":{"rendered":"<p>\u0110\u1ec3 \u00fd:C\u00e1c s\u1ea3n ph\u1ea9m c\u00f3 c\u00f9ng k\u00edch th\u01b0\u1edbc nh\u01b0ng \u0111\u1ed9 d\u00e0y kh\u00e1c nhau. S\u1ed1 c\u00e0ng l\u1edbn th\u00ec s\u1ea3n ph\u1ea9m c\u00e0ng d\u00e0y. M\u00e1y m\u00e0i g\u00f3c \u0110\u00e1 m\u00e0i \u0110\u1ed3 d\u00f9ng nh\u00e0 b\u1ebfp \u0110\u00e1 m\u00e0i Kim lo\u1ea1i d\u00e0y T\u00ednh n\u0103ng \u0110\u00e1 m\u00e0i C\u1ea1nh m\u00e0i, B\u1ec1n, Ch\u1ed1ng \u0111\u1ed9ng \u0111\u1ea5t \u1ee8ng d\u1ee5ng r\u1ed9ng r\u00e3i trong nh\u00e0: \u0110\u0129a \u0111\u00e1nh b\u00f3ng n\u00e0y&#8230;<\/p>\n","protected":false},"featured_media":14713,"comment_status":"open","ping_status":"closed","template":"","meta":[],"product_brand":[],"product_cat":[1409,1408],"product_tag":[],"class_list":{"0":"post-14606","1":"product","2":"type-product","3":"status-publish","4":"has-post-thumbnail","6":"product_cat-may-cat-va-may-mai","7":"product_cat-cua","9":"first","10":"instock","11":"sale","12":"shipping-taxable","13":"purchasable","14":"product-type-variable"},"_links":{"self":[{"href":"https:\/\/web-ban-le.mbws.vn\/dung-cu-tien-ich\/wp-json\/wp\/v2\/product\/14606","targetHints":{"allow":["GET"]}}],"collection":[{"href":"https:\/\/web-ban-le.mbws.vn\/dung-cu-tien-ich\/wp-json\/wp\/v2\/product"}],"about":[{"href":"https:\/\/web-ban-le.mbws.vn\/dung-cu-tien-ich\/wp-json\/wp\/v2\/types\/product"}],"replies":[{"embeddable":true,"href":"https:\/\/web-ban-le.mbws.vn\/dung-cu-tien-ich\/wp-json\/wp\/v2\/comments?post=14606"}],"wp:featuredmedia":[{"embeddable":true,"href":"https:\/\/web-ban-le.mbws.vn\/dung-cu-tien-ich\/wp-json\/wp\/v2\/media\/14713"}],"wp:attachment":[{"href":"https:\/\/web-ban-le.mbws.vn\/dung-cu-tien-ich\/wp-json\/wp\/v2\/media?parent=14606"}],"wp:term":[{"taxonomy":"product_brand","embeddable":true,"href":"https:\/\/web-ban-le.mbws.vn\/dung-cu-tien-ich\/wp-json\/wp\/v2\/product_brand?post=14606"},{"taxonomy":"product_cat","embeddable":true,"href":"https:\/\/web-ban-le.mbws.vn\/dung-cu-tien-ich\/wp-json\/wp\/v2\/product_cat?post=14606"},{"taxonomy":"product_tag","embeddable":true,"href":"https:\/\/web-ban-le.mbws.vn\/dung-cu-tien-ich\/wp-json\/wp\/v2\/product_tag?post=14606"}],"curies":[{"name":"wp","href":"https:\/\/api.w.org\/{rel}","templated":true}]}}