{"id":14676,"date":"2025-10-31T11:23:24","date_gmt":"2025-10-31T04:23:24","guid":{"rendered":"https:\/\/web-ban-le.mbws.vn\/dung-cu-tien-ich\/?post_type=product&#038;p=14676"},"modified":"2025-10-31T11:24:07","modified_gmt":"2025-10-31T04:24:07","slug":"%e2%9c%a8%ef%b8%8f%e2%9c%a8%ef%b8%8fdung-cu-cao-vay-ca-bang-thep-khong-gi-co-moc-dung-cu-nha-bep-gia-dung-dung-cu-mo-rong-va-cao-ca-va-giet-ca","status":"publish","type":"product","link":"https:\/\/web-ban-le.mbws.vn\/dung-cu-tien-ich\/san-pham\/%e2%9c%a8%ef%b8%8f%e2%9c%a8%ef%b8%8fdung-cu-cao-vay-ca-bang-thep-khong-gi-co-moc-dung-cu-nha-bep-gia-dung-dung-cu-mo-rong-va-cao-ca-va-giet-ca\/","title":{"rendered":"\u2728\ufe0f\u2728\ufe0fD\u1ee5ng c\u1ee5 c\u1ea1o v\u1ea3y c\u00e1 b\u1eb1ng th\u00e9p kh\u00f4ng g\u1ec9 c\u00f3 m\u00f3c D\u1ee5ng c\u1ee5 nh\u00e0 b\u1ebfp gia d\u1ee5ng D\u1ee5ng c\u1ee5 m\u1edf r\u1ed9ng v\u00e0 c\u1ea1o c\u00e1 v\u00e0 gi\u1ebft c\u00e1"},"content":{"rendered":"<div class=\"e8lZp3\">\n<p class=\"QN2lPu\">D\u1ee5ng c\u1ee5 b\u00e0o v\u1ea3y c\u00e1 b\u1eb1ng th\u00e9p kh\u00f4ng g\u1ec9 D\u1ee5ng c\u1ee5 c\u1ea1o v\u1ea3y c\u00e1 th\u1ee7 c\u00f4ng gia d\u1ee5ng D\u1ee5ng c\u1ee5 c\u1ea1o v\u1ea3y c\u00e1 s\u1eafc b\u00e9n<\/p>\n<p class=\"QN2lPu\">\n<p class=\"QN2lPu\">\u0110\u1eb7c tr\u01b0ng<\/p>\n<p class=\"QN2lPu\">Th\u00e9p kh\u00f4ng g\u1ec9, s\u1eafc b\u00e9n, b\u1ec1n b\u1ec9, d\u1ec5 v\u1ec7 sinh<\/p>\n<p class=\"QN2lPu\">Ch\u1ea5t li\u1ec7u cao c\u1ea5p: D\u1ee5ng c\u1ee5 c\u1ea1o v\u1ea3y c\u00e1 n\u00e0y \u0111\u01b0\u1ee3c l\u00e0m b\u1eb1ng th\u00e9p kh\u00f4ng g\u1ec9 ch\u1ea5t l\u01b0\u1ee3ng cao, c\u00f3 c\u00e1c c\u1ea1nh bo tr\u00f2n kh\u00f4ng c\u00f3 g\u1edd, ch\u1eafc ch\u1eafn v\u00e0 b\u1ec1n, ch\u1ed1ng m\u00e0i m\u00f2n v\u00e0 kh\u00f4ng d\u1ec5 b\u1ecb g\u1ec9 s\u00e9t, d\u1ec5 v\u1ec7 sinh.<\/p>\n<p class=\"QN2lPu\">S\u1eafc b\u00e9n: D\u1ee5ng c\u1ee5 c\u1ea1o v\u1ea3y c\u00e1 c\u00f3 thi\u1ebft k\u1ebf r\u0103ng c\u01b0a r\u1ed9ng, s\u1eafc b\u00e9n, ti\u1ec7n l\u1ee3i v\u00e0 c\u00f3 th\u1ec3 nhanh ch\u00f3ng lo\u1ea1i b\u1ecf v\u1ea3y c\u00e1 m\u00e0 kh\u00f4ng l\u00e0m t\u1ed5n th\u01b0\u01a1ng th\u00e2n c\u00e1.<\/p>\n<p class=\"QN2lPu\">\n<p class=\"QN2lPu\">\u0110\u1eb7c \u0111i\u1ec3m k\u1ef9 thu\u1eadt<\/p>\n<p class=\"QN2lPu\">Ch\u1ea5t li\u1ec7u: Th\u00e9p kh\u00f4ng g\u1ec9<\/p>\n<p class=\"QN2lPu\">K\u00edch th\u01b0\u1edbc s\u1ea3n ph\u1ea9m: 17 x 5,8 x 1cm<\/p>\n<p class=\"QN2lPu\">\n<p class=\"QN2lPu\">G\u00f3i bao g\u1ed3m<\/p>\n<p class=\"QN2lPu\">1 x D\u1ee5ng c\u1ee5 c\u1ea1o v\u1ea3y c\u00e1<\/p>\n<p class=\"QN2lPu\">KH\u00d4NG C\u00d3 H\u1ed9p B\u00e1n L\u1ebb. \u0110\u00f3ng g\u00f3i an to\u00e0n trong T\u00fai.<\/p>\n<p class=\"QN2lPu\">\n<p class=\"QN2lPu\">Ghi ch\u00fa:<\/p>\n<p class=\"QN2lPu\">C\u00f3 th\u1ec3 c\u00f3 m\u1ed9t s\u1ed1 kh\u00e1c bi\u1ec7t nh\u1ecf v\u1ec1 t\u00f4ng m\u00e0u gi\u1eefa h\u00ecnh \u1ea3nh v\u00e0 s\u1ea3n ph\u1ea9m th\u1ef1c t\u1ebf.<\/p>\n<p class=\"QN2lPu\">Vui l\u00f2ng cho ph\u00e9p sai s\u1ed1 1-2mm do \u0111o l\u01b0\u1eddng th\u1ee7 c\u00f4ng, c\u1ea3m \u01a1n.<\/p>\n<\/div>\n","protected":false},"excerpt":{"rendered":"<p>D\u1ee5ng c\u1ee5 b\u00e0o v\u1ea3y c\u00e1 b\u1eb1ng th\u00e9p kh\u00f4ng g\u1ec9 D\u1ee5ng c\u1ee5 c\u1ea1o v\u1ea3y c\u00e1 th\u1ee7 c\u00f4ng gia d\u1ee5ng D\u1ee5ng c\u1ee5 c\u1ea1o v\u1ea3y c\u00e1 s\u1eafc b\u00e9n \u0110\u1eb7c tr\u01b0ng Th\u00e9p kh\u00f4ng g\u1ec9, s\u1eafc b\u00e9n, b\u1ec1n b\u1ec9, d\u1ec5 v\u1ec7 sinh Ch\u1ea5t li\u1ec7u cao c\u1ea5p: D\u1ee5ng c\u1ee5 c\u1ea1o v\u1ea3y c\u00e1 n\u00e0y \u0111\u01b0\u1ee3c l\u00e0m b\u1eb1ng th\u00e9p kh\u00f4ng g\u1ec9 ch\u1ea5t l\u01b0\u1ee3ng&#8230;<\/p>\n","protected":false},"featured_media":14738,"comment_status":"open","ping_status":"closed","template":"","meta":[],"product_brand":[],"product_cat":[1423],"product_tag":[],"class_list":{"0":"post-14676","1":"product","2":"type-product","3":"status-publish","4":"has-post-thumbnail","6":"product_cat-phu-kien-va-do-dung-nha-bep","8":"first","9":"instock","10":"sale","11":"shipping-taxable","12":"purchasable","13":"product-type-simple"},"_links":{"self":[{"href":"https:\/\/web-ban-le.mbws.vn\/dung-cu-tien-ich\/wp-json\/wp\/v2\/product\/14676","targetHints":{"allow":["GET"]}}],"collection":[{"href":"https:\/\/web-ban-le.mbws.vn\/dung-cu-tien-ich\/wp-json\/wp\/v2\/product"}],"about":[{"href":"https:\/\/web-ban-le.mbws.vn\/dung-cu-tien-ich\/wp-json\/wp\/v2\/types\/product"}],"replies":[{"embeddable":true,"href":"https:\/\/web-ban-le.mbws.vn\/dung-cu-tien-ich\/wp-json\/wp\/v2\/comments?post=14676"}],"wp:featuredmedia":[{"embeddable":true,"href":"https:\/\/web-ban-le.mbws.vn\/dung-cu-tien-ich\/wp-json\/wp\/v2\/media\/14738"}],"wp:attachment":[{"href":"https:\/\/web-ban-le.mbws.vn\/dung-cu-tien-ich\/wp-json\/wp\/v2\/media?parent=14676"}],"wp:term":[{"taxonomy":"product_brand","embeddable":true,"href":"https:\/\/web-ban-le.mbws.vn\/dung-cu-tien-ich\/wp-json\/wp\/v2\/product_brand?post=14676"},{"taxonomy":"product_cat","embeddable":true,"href":"https:\/\/web-ban-le.mbws.vn\/dung-cu-tien-ich\/wp-json\/wp\/v2\/product_cat?post=14676"},{"taxonomy":"product_tag","embeddable":true,"href":"https:\/\/web-ban-le.mbws.vn\/dung-cu-tien-ich\/wp-json\/wp\/v2\/product_tag?post=14676"}],"curies":[{"name":"wp","href":"https:\/\/api.w.org\/{rel}","templated":true}]}}