{"id":14677,"date":"2025-10-31T11:23:24","date_gmt":"2025-10-31T04:23:24","guid":{"rendered":"https:\/\/web-ban-le.mbws.vn\/dung-cu-tien-ich\/?post_type=product&#038;p=14677"},"modified":"2025-10-31T11:24:31","modified_gmt":"2025-10-31T04:24:31","slug":"%e2%9c%a8%ef%b8%8f%e2%9c%a8%ef%b8%8fnen-so-anh-kim-cam-banh-sinh-nhat-cho-moi-lua-tuoi","status":"publish","type":"product","link":"https:\/\/web-ban-le.mbws.vn\/dung-cu-tien-ich\/san-pham\/%e2%9c%a8%ef%b8%8f%e2%9c%a8%ef%b8%8fnen-so-anh-kim-cam-banh-sinh-nhat-cho-moi-lua-tuoi\/","title":{"rendered":"\u2728\ufe0f\u2728\ufe0fN\u1ebfn s\u1ed1 \u00e1nh kim c\u1eafm b\u00e1nh sinh nh\u1eadt cho m\u1ecdi l\u1ee9a tu\u1ed5i"},"content":{"rendered":"<div class=\"e8lZp3\">\n<p class=\"QN2lPu\">Crown Bow Number Candle Birthday Cake Trang tr\u00ed Plugin Trang tr\u00ed ti\u1ec7c sinh nh\u1eadt T\u00ednh n\u0103ng H\u00ecnh d\u1ea1ng k\u1ef9 thu\u1eadt s\u1ed1 m\u00e0u v\u00e0ng, \u0111a n\u0103ng, s\u00e1ng t\u1ea1o<\/p>\n<p class=\"QN2lPu\">\n<p class=\"QN2lPu\">Kh\u00f4ng \u0111\u1ed9c h\u1ea1i Thi\u1ebft k\u1ebf s\u00e1ng t\u1ea1o: Nh\u1eefng ng\u1ecdn n\u1ebfn n\u00e0y c\u00f3 h\u00ecnh d\u1ea1ng s\u1ed1 v\u00e0ng b\u1eaft ch\u01b0\u1edbc \u0111\u01b0\u1eddng c\u1eaft kim c\u01b0\u01a1ng tinh t\u1ebf v\u00e0 cao c\u1ea5p v\u00e0 \u0111\u01b0\u1ee3c thi\u1ebft k\u1ebf b\u1eb1ng n\u1ebfn k\u1ef9 thu\u1eadt s\u1ed1 .<\/p>\n<p class=\"QN2lPu\">\n<p class=\"QN2lPu\"> Lo\u1ea1i n\u1ebfn n\u00e0y c\u00f3 th\u1ec3 \u0111\u01b0\u1ee3c s\u1eed d\u1ee5ng trong nh\u1eefng d\u1ecbp t\u1ee5 t\u1eadp kh\u00e1c nhau, mang \u0111\u1ebfn nh\u1eefng b\u1ea7u kh\u00f4ng kh\u00ed kh\u00e1c nhau.<\/p>\n<p class=\"QN2lPu\">\n<p class=\"QN2lPu\"> V\u1eadt li\u1ec7u an to\u00e0n: Nh\u1eefng ng\u1ecdn n\u1ebfn k\u1ef9 thu\u1eadt s\u1ed1 n\u00e0y \u0111\u01b0\u1ee3c l\u00e0m t\u1eeb ch\u1ea5t li\u1ec7u parafin ch\u1ea5t l\u01b0\u1ee3ng cao, d\u1ec5 b\u1eaft l\u1eeda, kh\u00f4ng m\u00f9i v\u00e0 kh\u00f4ng kh\u00f3i.<\/p>\n<p class=\"QN2lPu\">\n<p class=\"QN2lPu\"> V\u00e0 n\u00f3 kh\u00f4ng \u0111\u1ed9c h\u1ea1i v\u00e0 s\u1ebd kh\u00f4ng l\u00e0m m\u1ea5t \u0111i h\u01b0\u01a1ng v\u1ecb c\u1ee7a b\u00e1nh. T\u1eadn h\u01b0\u1edfng m\u1ed9t cu\u1ed9c t\u1ee5 t\u1eadp vui v\u1ebb m\u1ed9t c\u00e1ch tr\u1ecdn v\u1eb9n nh\u1ea5t. <\/p>\n<p class=\"QN2lPu\">\n<p class=\"QN2lPu\">B\u1ec1n b\u1ec9: Lo\u1ea1i n\u1ebfn n\u00e0y r\u1ea5t ch\u1eafc ch\u1eafn, c\u00f3 th\u1ec3 ch\u00e1y r\u1ea5t l\u00e2u v\u00e0 c\u00f3 ng\u1ecdn l\u1eeda \u1ed5n \u0111\u1ecbnh. L\u00e0m cho b\u1ea7u kh\u00f4ng kh\u00ed t\u1ee5 t\u1eadp c\u1ee7a b\u1ea1n lu\u00f4n vui v\u1ebb, \u0111\u1ed3ng th\u1eddi, n\u00f3 c\u0169ng c\u00f3 th\u1ec3 n\u00e2ng cao t\u00ecnh b\u1ea1n gi\u1eefa c\u00e1c b\u1ea1n. <\/p>\n<p class=\"QN2lPu\">\n<p class=\"QN2lPu\">\u0110\u1eb7c \u0111i\u1ec3m k\u1ef9 thu\u1eadt Ch\u1ea5t li\u1ec7u: Paraffin<\/p>\n<p class=\"QN2lPu\">\n<p class=\"QN2lPu\">K\u00edch th\u01b0\u1edbc s\u1ea3n ph\u1ea9m: 16 x 6,5 x 0,5cm <\/p>\n<p class=\"QN2lPu\">g\u00f3i bao g\u1ed3m 1 x n\u1ebfn Kh\u00f4ng c\u00f3 h\u1ed9p b\u00e1n l\u1ebb. <\/p>\n<p class=\"QN2lPu\">\u0110\u00f3ng g\u00f3i An To\u00e0n trong T\u00fai OPP. <\/p>\n<p class=\"QN2lPu\">\n<p class=\"QN2lPu\">L\u01b0u \u00fd: C\u00f3 th\u1ec3 c\u00f3 m\u1ed9t s\u1ed1 kh\u00e1c bi\u1ec7t nh\u1ecf v\u1ec1 t\u00f4ng m\u00e0u c\u1ee7a h\u00ecnh \u1ea3nh v\u00e0 s\u1ea3n ph\u1ea9m th\u1ef1c t\u1ebf. Vui l\u00f2ng cho ph\u00e9p sai s\u1ed1 1-2mm do \u0111o l\u01b0\u1eddng th\u1ee7 c\u00f4ng, c\u1ea3m \u01a1n.<\/p>\n<\/div>\n","protected":false},"excerpt":{"rendered":"<p>Crown Bow Number Candle Birthday Cake Trang tr\u00ed Plugin Trang tr\u00ed ti\u1ec7c sinh nh\u1eadt T\u00ednh n\u0103ng H\u00ecnh d\u1ea1ng k\u1ef9 thu\u1eadt s\u1ed1 m\u00e0u v\u00e0ng, \u0111a n\u0103ng, s\u00e1ng t\u1ea1o Kh\u00f4ng \u0111\u1ed9c h\u1ea1i Thi\u1ebft k\u1ebf s\u00e1ng t\u1ea1o: Nh\u1eefng ng\u1ecdn n\u1ebfn n\u00e0y c\u00f3 h\u00ecnh d\u1ea1ng s\u1ed1 v\u00e0ng b\u1eaft ch\u01b0\u1edbc \u0111\u01b0\u1eddng c\u1eaft kim c\u01b0\u01a1ng tinh t\u1ebf v\u00e0 cao c\u1ea5p v\u00e0&#8230;<\/p>\n","protected":false},"featured_media":14750,"comment_status":"open","ping_status":"closed","template":"","meta":[],"product_brand":[],"product_cat":[1424],"product_tag":[],"class_list":{"0":"post-14677","1":"product","2":"type-product","3":"status-publish","4":"has-post-thumbnail","6":"product_cat-nen-va-phu-kien","8":"first","9":"instock","10":"sale","11":"shipping-taxable","12":"purchasable","13":"product-type-variable"},"_links":{"self":[{"href":"https:\/\/web-ban-le.mbws.vn\/dung-cu-tien-ich\/wp-json\/wp\/v2\/product\/14677","targetHints":{"allow":["GET"]}}],"collection":[{"href":"https:\/\/web-ban-le.mbws.vn\/dung-cu-tien-ich\/wp-json\/wp\/v2\/product"}],"about":[{"href":"https:\/\/web-ban-le.mbws.vn\/dung-cu-tien-ich\/wp-json\/wp\/v2\/types\/product"}],"replies":[{"embeddable":true,"href":"https:\/\/web-ban-le.mbws.vn\/dung-cu-tien-ich\/wp-json\/wp\/v2\/comments?post=14677"}],"wp:featuredmedia":[{"embeddable":true,"href":"https:\/\/web-ban-le.mbws.vn\/dung-cu-tien-ich\/wp-json\/wp\/v2\/media\/14750"}],"wp:attachment":[{"href":"https:\/\/web-ban-le.mbws.vn\/dung-cu-tien-ich\/wp-json\/wp\/v2\/media?parent=14677"}],"wp:term":[{"taxonomy":"product_brand","embeddable":true,"href":"https:\/\/web-ban-le.mbws.vn\/dung-cu-tien-ich\/wp-json\/wp\/v2\/product_brand?post=14677"},{"taxonomy":"product_cat","embeddable":true,"href":"https:\/\/web-ban-le.mbws.vn\/dung-cu-tien-ich\/wp-json\/wp\/v2\/product_cat?post=14677"},{"taxonomy":"product_tag","embeddable":true,"href":"https:\/\/web-ban-le.mbws.vn\/dung-cu-tien-ich\/wp-json\/wp\/v2\/product_tag?post=14677"}],"curies":[{"name":"wp","href":"https:\/\/api.w.org\/{rel}","templated":true}]}}