{"id":14712,"date":"2025-10-31T11:23:46","date_gmt":"2025-10-31T04:23:46","guid":{"rendered":"https:\/\/web-ban-le.mbws.vn\/dung-cu-tien-ich\/?post_type=product&#038;p=14712"},"modified":"2025-10-31T11:24:53","modified_gmt":"2025-10-31T04:24:53","slug":"%e2%9c%a8%ef%b8%8f%e2%9c%a8%ef%b8%8fdong-ho-dien-tu-mini-de-thuong-loopy-qua-tang-hoc-sinh","status":"publish","type":"product","link":"https:\/\/web-ban-le.mbws.vn\/dung-cu-tien-ich\/san-pham\/%e2%9c%a8%ef%b8%8f%e2%9c%a8%ef%b8%8fdong-ho-dien-tu-mini-de-thuong-loopy-qua-tang-hoc-sinh\/","title":{"rendered":"\u2728\ufe0f\u2728\ufe0f\u0110\u1ed3ng H\u1ed3 \u0110i\u1ec7n T\u1eed \u200bMini D\u1ec5 Th\u01b0\u01a1ng Loopy Qu\u00e0 T\u1eb7ng H\u1ecdc Sinh"},"content":{"rendered":"<div class=\"e8lZp3\">\n<p class=\"QN2lPu\">\u0110\u1ed3ng h\u1ed3 \u0111i\u1ec7n t\u1eed mini ho\u1ea1t h\u00ecnh d\u1ec5 th\u01b0\u01a1ng cho h\u1ecdc sinh thi \u0111\u1ed3ng h\u1ed3 b\u1ecf t\u00fai nh\u1ecf \u0111\u1ed3ng h\u1ed3 b\u1ea5m gi\u1edd im l\u1eb7ng<\/p>\n<p class=\"QN2lPu\">\u0110\u1eb7c tr\u01b0ng<\/p>\n<p class=\"QN2lPu\">Portable\uff0c Mini\uff0c H\u1eb9n gi\u1edd\uff0c \u0110\u1ed3ng h\u1ed3\uff0c D\u1ec5 th\u01b0\u01a1ng<\/p>\n<p class=\"QN2lPu\">Di \u0111\u1ed9ng: B\u1ed9 h\u1eb9n gi\u1edd n\u00e0y \u0111i k\u00e8m v\u1edbi m\u1ed9t chi\u1ebfc kh\u00f3a c\u00f3 th\u1ec3 treo tr\u00ean t\u00fai x\u00e1ch, h\u1ed9p \u0111\u1ef1ng b\u00fat ch\u00ec ho\u1eb7c c\u00e1c v\u1eadt d\u1ee5ng kh\u00e1c. N\u00f3 c\u00f3 k\u00edch th\u01b0\u1edbc nh\u1ecf g\u1ecdn v\u00e0 d\u1ec5 mang theo. N\u00f3 c\u00f3 h\u00ecnh tam gi\u00e1c v\u00e0 c\u00f3 th\u1ec3 s\u1eed d\u1ee5ng tr\u00ean m\u00e1y t\u00ednh \u0111\u1ec3 b\u00e0n.<\/p>\n<p class=\"QN2lPu\">Ba ch\u1ebf \u0111\u1ed9: \u0110\u1ed3ng h\u1ed3 treo n\u00e0y c\u00f3 th\u1ec3 chuy\u1ec3n \u0111\u1ed5i th\u1eddi gian, ng\u00e0y th\u00e1ng v\u00e0 \u0111\u1ed3ng h\u1ed3 b\u1ea5m gi\u1edd th\u00f4ng qua c\u00e1c n\u00fat b\u1ea5m.<\/p>\n<p class=\"QN2lPu\">\u0110\u1eb7c \u0111i\u1ec3m k\u1ef9 thu\u1eadt<\/p>\n<p class=\"QN2lPu\">Ch\u1ea5t li\u1ec7u: Nh\u1ef1a, Nh\u1ef1a Resin<\/p>\n<p class=\"QN2lPu\">K\u00edch th\u01b0\u1edbc s\u1ea3n ph\u1ea9m: 8 x 6x 1cm<\/p>\n<p class=\"QN2lPu\">G\u00f3i h\u00e0ng bao g\u1ed3m<\/p>\n<p class=\"QN2lPu\">1 x \u0110\u1ed3ng h\u1ed3 b\u1ecf t\u00fai<\/p>\n<p class=\"QN2lPu\">KH\u00d4NG c\u00f3 h\u1ed9p b\u00e1n l\u1ebb. \u0110\u00f3ng g\u00f3i an to\u00e0n trong t\u00fai OPP.<\/p>\n<p class=\"QN2lPu\">Ghi ch\u00fa:<\/p>\n<p class=\"QN2lPu\">C\u00f3 th\u1ec3 c\u00f3 m\u1ed9t s\u1ed1 kh\u00e1c bi\u1ec7t nh\u1ecf v\u1ec1 t\u00f4ng m\u00e0u gi\u1eefa h\u00ecnh \u1ea3nh v\u00e0 s\u1ea3n ph\u1ea9m th\u1ef1c t\u1ebf.<\/p>\n<p class=\"QN2lPu\">Xin vui l\u00f2ng cho ph\u00e9p sai s\u1ed1 k\u00edch th\u01b0\u1edbc trong kho\u1ea3ng 1-2mm do \u0111o l\u01b0\u1eddng th\u1ee7 c\u00f4ng, c\u1ea3m \u01a1n.<\/p>\n<\/div>\n","protected":false},"excerpt":{"rendered":"<p>\u0110\u1ed3ng h\u1ed3 \u0111i\u1ec7n t\u1eed mini ho\u1ea1t h\u00ecnh d\u1ec5 th\u01b0\u01a1ng cho h\u1ecdc sinh thi \u0111\u1ed3ng h\u1ed3 b\u1ecf t\u00fai nh\u1ecf \u0111\u1ed3ng h\u1ed3 b\u1ea5m gi\u1edd im l\u1eb7ng \u0110\u1eb7c tr\u01b0ng Portable\uff0c Mini\uff0c H\u1eb9n gi\u1edd\uff0c \u0110\u1ed3ng h\u1ed3\uff0c D\u1ec5 th\u01b0\u01a1ng Di \u0111\u1ed9ng: B\u1ed9 h\u1eb9n gi\u1edd n\u00e0y \u0111i k\u00e8m v\u1edbi m\u1ed9t chi\u1ebfc kh\u00f3a c\u00f3 th\u1ec3 treo tr\u00ean t\u00fai x\u00e1ch, h\u1ed9p \u0111\u1ef1ng b\u00fat&#8230;<\/p>\n","protected":false},"featured_media":14804,"comment_status":"open","ping_status":"closed","template":"","meta":[],"product_brand":[],"product_cat":[1392],"product_tag":[],"class_list":{"0":"post-14712","1":"product","2":"type-product","3":"status-publish","4":"has-post-thumbnail","6":"product_cat-trang-tri-tuong","8":"first","9":"instock","10":"sale","11":"shipping-taxable","12":"purchasable","13":"product-type-variable"},"_links":{"self":[{"href":"https:\/\/web-ban-le.mbws.vn\/dung-cu-tien-ich\/wp-json\/wp\/v2\/product\/14712","targetHints":{"allow":["GET"]}}],"collection":[{"href":"https:\/\/web-ban-le.mbws.vn\/dung-cu-tien-ich\/wp-json\/wp\/v2\/product"}],"about":[{"href":"https:\/\/web-ban-le.mbws.vn\/dung-cu-tien-ich\/wp-json\/wp\/v2\/types\/product"}],"replies":[{"embeddable":true,"href":"https:\/\/web-ban-le.mbws.vn\/dung-cu-tien-ich\/wp-json\/wp\/v2\/comments?post=14712"}],"wp:featuredmedia":[{"embeddable":true,"href":"https:\/\/web-ban-le.mbws.vn\/dung-cu-tien-ich\/wp-json\/wp\/v2\/media\/14804"}],"wp:attachment":[{"href":"https:\/\/web-ban-le.mbws.vn\/dung-cu-tien-ich\/wp-json\/wp\/v2\/media?parent=14712"}],"wp:term":[{"taxonomy":"product_brand","embeddable":true,"href":"https:\/\/web-ban-le.mbws.vn\/dung-cu-tien-ich\/wp-json\/wp\/v2\/product_brand?post=14712"},{"taxonomy":"product_cat","embeddable":true,"href":"https:\/\/web-ban-le.mbws.vn\/dung-cu-tien-ich\/wp-json\/wp\/v2\/product_cat?post=14712"},{"taxonomy":"product_tag","embeddable":true,"href":"https:\/\/web-ban-le.mbws.vn\/dung-cu-tien-ich\/wp-json\/wp\/v2\/product_tag?post=14712"}],"curies":[{"name":"wp","href":"https:\/\/api.w.org\/{rel}","templated":true}]}}