{"id":14748,"date":"2025-10-31T11:24:09","date_gmt":"2025-10-31T04:24:09","guid":{"rendered":"https:\/\/web-ban-le.mbws.vn\/dung-cu-tien-ich\/?post_type=product&#038;p=14748"},"modified":"2025-10-31T11:25:20","modified_gmt":"2025-10-31T04:25:20","slug":"%e2%9c%a8%e2%9c%a8da-mai-cua-xichda-rua-cua-xich-dung-cu-mai-cua-xich-lap-may-mai-mini-cam-tay-truc-3mm-dau-4-4-8-5-5mm","status":"publish","type":"product","link":"https:\/\/web-ban-le.mbws.vn\/dung-cu-tien-ich\/san-pham\/%e2%9c%a8%e2%9c%a8da-mai-cua-xichda-rua-cua-xich-dung-cu-mai-cua-xich-lap-may-mai-mini-cam-tay-truc-3mm-dau-4-4-8-5-5mm\/","title":{"rendered":"\u2728\u2728\u0110\u00e1 m\u00e0i c\u01b0a x\u00edch,\u0111\u00e1 r\u1eeda c\u01b0a x\u00edch, d\u1ee5ng c\u1ee5 m\u00e0i c\u01b0a x\u00edch l\u1eafp m\u00e1y m\u00e0i mini c\u1ea7m tay tr\u1ee5c 3mm \u0111\u1ea7u 4\/4.8\/5.5mm"},"content":{"rendered":"<div class=\"e8lZp3\">\n<p class=\"QN2lPu\">\u0110\u1ea7u \u0111\u00e1nh b\u00f3ng x\u00edch Carborundum \u0110\u1ea7u \u0111\u00e1nh b\u00f3ng \u0111i\u1ec7n M\u00e1y m\u00e0i x\u00edch<\/p>\n<p class=\"QN2lPu\">\n<p class=\"QN2lPu\">\u0110\u1eb7c \u0111i\u1ec3m<\/p>\n<p class=\"QN2lPu\">S\u1eeda ch\u1eefa, \u0110\u00e1nh b\u00f3ng, B\u1ec1n b\u1ec9, Hi\u1ec7u qu\u1ea3<\/p>\n<p class=\"QN2lPu\">\u0110\u00e1nh b\u00f3ng x\u00edch: Nhanh ch\u00f3ng s\u1eeda ch\u1eefa c\u00e1c v\u1ebft r\u0103ng c\u01b0a c\u1ee7a x\u00edch, c\u1ea3i thi\u1ec7n hi\u1ec7u su\u1ea5t c\u1eaft v\u00e0 k\u00e9o d\u00e0i tu\u1ed5i th\u1ecd c\u1ee7a x\u00edch.<\/p>\n<p class=\"QN2lPu\">H\u1ea1t c\u00e1t \u0111\u1ed3ng \u0111\u1ec1u: \u0110\u01b0\u1ee3c l\u00e0m t\u1eeb c\u00e1c h\u1ea1t c\u00e1t kim c\u01b0\u01a1ng, \u0111\u01b0\u1ee3c \u0111\u00e1nh b\u00f3ng m\u1ecbn v\u00e0 \u0111\u1ec1u, v\u1edbi k\u1ebft c\u1ea5u c\u1ee9ng v\u00e0 kh\u1ea3 n\u0103ng \u0111\u00e1nh b\u00f3ng hi\u1ec7u qu\u1ea3.<\/p>\n<p class=\"QN2lPu\">\u0110\u00e1nh b\u00f3ng: \u0110\u1ea7u \u0111\u00e1nh b\u00f3ng n\u00e0y kh\u00f4ng ch\u1ec9 c\u00f3 th\u1ec3 \u0111\u01b0\u1ee3c s\u1eed d\u1ee5ng \u0111\u1ec3 s\u1eeda ch\u1eefa c\u00e1c v\u1ebft r\u0103ng c\u01b0a c\u1ee7a x\u00edch m\u00e0 c\u00f2n c\u00f3 th\u1ec3 \u0111\u00e1nh b\u00f3ng c\u00e1c v\u1eadt li\u1ec7u nh\u01b0 ng\u1ecdc b\u00edch.<\/p>\n<p class=\"QN2lPu\">\n<p class=\"QN2lPu\">Th\u00f4ng s\u1ed1 k\u1ef9 thu\u1eadt<\/p>\n<p class=\"QN2lPu\">Ch\u1ea5t li\u1ec7u: Th\u00e9p A08, Carborundum<\/p>\n<p class=\"QN2lPu\">K\u00edch th\u01b0\u1edbc s\u1ea3n ph\u1ea9m:<\/p>\n<p class=\"QN2lPu\">\n<p class=\"QN2lPu\">4.0mm: 4.5 x 0.4 x 0.4cm<\/p>\n<p class=\"QN2lPu\">\n<p class=\"QN2lPu\">4.8mm: 4.5 x 0.48 x 0.48cm<\/p>\n<p class=\"QN2lPu\">\n<p class=\"QN2lPu\">5.5mm: 4.5 x 0.55 x 0.55cm<\/p>\n<p class=\"QN2lPu\">\n<p class=\"QN2lPu\">G\u00f3i h\u00e0ng bao g\u1ed3m<\/p>\n<p class=\"QN2lPu\">1 x \u0110\u1ea7u \u0111\u00e1nh b\u00f3ng<\/p>\n<p class=\"QN2lPu\">KH\u00d4NG C\u00d3 H\u1ed9p b\u00e1n l\u1ebb. \u0110\u00f3ng g\u00f3i an to\u00e0n trong T\u00fai.<\/p>\n<p class=\"QN2lPu\">\n<p class=\"QN2lPu\">L\u01b0u \u00fd:<\/p>\n<p class=\"QN2lPu\">C\u00f3 th\u1ec3 c\u00f3 m\u1ed9t s\u1ed1 kh\u00e1c bi\u1ec7t nh\u1ecf gi\u1eefa t\u00f4ng m\u00e0u c\u1ee7a h\u00ecnh \u1ea3nh v\u00e0 s\u1ea3n ph\u1ea9m th\u1ef1c t\u1ebf.<\/p>\n<p class=\"QN2lPu\">Vui l\u00f2ng cho ph\u00e9p sai s\u1ed1 1-2mm do \u0111o l\u01b0\u1eddng th\u1ee7 c\u00f4ng, xin c\u1ea3m \u01a1n.<\/p>\n<\/div>\n","protected":false},"excerpt":{"rendered":"<p>\u0110\u1ea7u \u0111\u00e1nh b\u00f3ng x\u00edch Carborundum \u0110\u1ea7u \u0111\u00e1nh b\u00f3ng \u0111i\u1ec7n M\u00e1y m\u00e0i x\u00edch \u0110\u1eb7c \u0111i\u1ec3m S\u1eeda ch\u1eefa, \u0110\u00e1nh b\u00f3ng, B\u1ec1n b\u1ec9, Hi\u1ec7u qu\u1ea3 \u0110\u00e1nh b\u00f3ng x\u00edch: Nhanh ch\u00f3ng s\u1eeda ch\u1eefa c\u00e1c v\u1ebft r\u0103ng c\u01b0a c\u1ee7a x\u00edch, c\u1ea3i thi\u1ec7n hi\u1ec7u su\u1ea5t c\u1eaft v\u00e0 k\u00e9o d\u00e0i tu\u1ed5i th\u1ecd c\u1ee7a x\u00edch. H\u1ea1t c\u00e1t \u0111\u1ed3ng \u0111\u1ec1u: \u0110\u01b0\u1ee3c l\u00e0m t\u1eeb c\u00e1c&#8230;<\/p>\n","protected":false},"featured_media":14833,"comment_status":"open","ping_status":"closed","template":"","meta":[],"product_brand":[],"product_cat":[1406],"product_tag":[],"class_list":{"0":"post-14748","1":"product","2":"type-product","3":"status-publish","4":"has-post-thumbnail","6":"product_cat-hop-dung-cu-cam-tay","8":"first","9":"instock","10":"sale","11":"shipping-taxable","12":"purchasable","13":"product-type-variable"},"_links":{"self":[{"href":"https:\/\/web-ban-le.mbws.vn\/dung-cu-tien-ich\/wp-json\/wp\/v2\/product\/14748","targetHints":{"allow":["GET"]}}],"collection":[{"href":"https:\/\/web-ban-le.mbws.vn\/dung-cu-tien-ich\/wp-json\/wp\/v2\/product"}],"about":[{"href":"https:\/\/web-ban-le.mbws.vn\/dung-cu-tien-ich\/wp-json\/wp\/v2\/types\/product"}],"replies":[{"embeddable":true,"href":"https:\/\/web-ban-le.mbws.vn\/dung-cu-tien-ich\/wp-json\/wp\/v2\/comments?post=14748"}],"wp:featuredmedia":[{"embeddable":true,"href":"https:\/\/web-ban-le.mbws.vn\/dung-cu-tien-ich\/wp-json\/wp\/v2\/media\/14833"}],"wp:attachment":[{"href":"https:\/\/web-ban-le.mbws.vn\/dung-cu-tien-ich\/wp-json\/wp\/v2\/media?parent=14748"}],"wp:term":[{"taxonomy":"product_brand","embeddable":true,"href":"https:\/\/web-ban-le.mbws.vn\/dung-cu-tien-ich\/wp-json\/wp\/v2\/product_brand?post=14748"},{"taxonomy":"product_cat","embeddable":true,"href":"https:\/\/web-ban-le.mbws.vn\/dung-cu-tien-ich\/wp-json\/wp\/v2\/product_cat?post=14748"},{"taxonomy":"product_tag","embeddable":true,"href":"https:\/\/web-ban-le.mbws.vn\/dung-cu-tien-ich\/wp-json\/wp\/v2\/product_tag?post=14748"}],"curies":[{"name":"wp","href":"https:\/\/api.w.org\/{rel}","templated":true}]}}